{"id":2359,"date":"2024-05-29T13:46:36","date_gmt":"2024-05-29T11:46:36","guid":{"rendered":"https:\/\/mon.uvic.cat\/nitrecerca\/?page_id=2359"},"modified":"2024-05-29T13:46:36","modified_gmt":"2024-05-29T11:46:36","slug":"crossroads","status":"publish","type":"page","link":"https:\/\/mon.uvic.cat\/nitrecerca\/crossroads\/","title":{"rendered":"Crossroads"},"content":{"rendered":"<div class=\"fusion-fullwidth fullwidth-box fusion-builder-row-1 fusion-flex-container nonhundred-percent-fullwidth non-hundred-percent-height-scrolling\" style=\"--awb-border-radius-top-left:0px;--awb-border-radius-top-right:0px;--awb-border-radius-bottom-right:0px;--awb-border-radius-bottom-left:0px;--awb-flex-wrap:wrap;\" ><div class=\"fusion-builder-row fusion-row fusion-flex-align-items-flex-start fusion-flex-content-wrap\" style=\"max-width:1248px;margin-left: calc(-4% \/ 2 );margin-right: calc(-4% \/ 2 );\"><div class=\"fusion-layout-column fusion_builder_column fusion-builder-column-0 fusion_builder_column_1_1 1_1 fusion-flex-column\" style=\"--awb-bg-size:cover;--awb-width-large:100%;--awb-margin-top-large:0px;--awb-spacing-right-large:1.92%;--awb-margin-bottom-large:0px;--awb-spacing-left-large:1.92%;--awb-width-medium:100%;--awb-spacing-right-medium:1.92%;--awb-spacing-left-medium:1.92%;--awb-width-small:100%;--awb-spacing-right-small:1.92%;--awb-spacing-left-small:1.92%;\"><div class=\"fusion-column-wrapper fusion-flex-justify-content-flex-start fusion-content-layout-column\"><div class=\"fusion-text fusion-text-1\"><h3>Qu\u00e8 \u00e9s Crossroads?<\/h3>\n<p><a href=\"https:\/\/mon.uvic.cat\/crossroads\/\">Crossroads<\/a> \u00e9s un projecte europeu basat en l\u2019intercanvi de bones pr\u00e0ctiques per capacitar els joves a continuar la seva educaci\u00f3 postobligat\u00f2ria des d\u2019una perspectiva interseccional. Concretament, l\u2019objectiu general \u00e9s desenvolupar eines i metodologies innovadores perqu\u00e8 el professorat redueixi l\u2019abandonament escolar prematur causat per l\u2019impacte de la intersecci\u00f3 de diferents eixos de desigualtat en el per\u00edode compr\u00e8s entre l\u2019educaci\u00f3 secund\u00e0ria obligat\u00f2ria i la postobligat\u00f2ria.<\/p>\n<p>El projecte, coordinat pel <a href=\"https:\/\/mon.uvic.cat\/ceig\/ca\/\">Centre d\u2019Estudis Interdisciplinaris de G\u00e8nere (CEIG)<\/a> de la UVic-UCC i finan\u00e7at per la convocat\u00f2ria d\u2019Erasmus +, es desenvolupar\u00e0 entre l\u2019octubre de 2019 i l\u2019octubre de 2021. Aquest \u00e9s el projecte que continua amb la traject\u00f2ria del projecte de mentoring \u2018<a href=\"https:\/\/mon.uvic.cat\/camins\/\">Camins<\/a>\u2019, que neix amb el desig de fer p\u00fabliques les conclusions i tamb\u00e9 de nodrir altres persones amb experi\u00e8ncies similars en altres pa\u00efsos europeus.<\/p>\n<h3>Objectius<\/h3>\n<ul>\n<li>Incrementar la visibilitat de les necessitats dels grups amb risc d\u2019abandonament escolar des d\u2019una perspectiva interseccional.<\/li>\n<li>Sensibilitzar la comunitat docent sobre les desigualtats en educaci\u00f3.<\/li>\n<li>Millorar el coneixement i les compet\u00e8ncies de la comunitat docent.<\/li>\n<li>Refor\u00e7ar una xarxa transnacional d\u2019organitzacions implicades en la prevenci\u00f3 de l\u2019abandonament escolar.<\/li>\n<\/ul>\n<h3>Partners<\/h3>\n<p><img decoding=\"async\" class=\"alignleft wp-image-901\" src=\"http:\/\/mon.uvic.cat\/nitrecerca\/files\/2020\/11\/Logo_Belgium.jpg\" alt=\"\" width=\"265\" height=\"101\" srcset=\"https:\/\/mon.uvic.cat\/nitrecerca\/files\/2020\/11\/Logo_Belgium-300x114.jpg 300w, https:\/\/mon.uvic.cat\/nitrecerca\/files\/2020\/11\/Logo_Belgium.jpg 512w\" sizes=\"(max-width: 265px) 100vw, 265px\" \/> <img decoding=\"async\" class=\"alignleft wp-image-902\" src=\"http:\/\/mon.uvic.cat\/nitrecerca\/files\/2020\/11\/Logo_Poland-e1592474876646.png\" alt=\"\" width=\"104\" height=\"113\" \/> <img decoding=\"async\" class=\"alignleft wp-image-903\" src=\"http:\/\/mon.uvic.cat\/nitrecerca\/files\/2020\/11\/Logo_Croatia.png\" alt=\"\" width=\"125\" height=\"101\" \/><\/p>\n<p><img decoding=\"async\" class=\"size-full wp-image-904 alignnone\" src=\"http:\/\/mon.uvic.cat\/nitrecerca\/files\/2020\/11\/Captura-de-pantalla-2020-07-14-a-les-12.02.57.png\" alt=\"\" width=\"851\" height=\"118\" srcset=\"https:\/\/mon.uvic.cat\/nitrecerca\/files\/2020\/11\/Captura-de-pantalla-2020-07-14-a-les-12.02.57-300x42.png 300w, https:\/\/mon.uvic.cat\/nitrecerca\/files\/2020\/11\/Captura-de-pantalla-2020-07-14-a-les-12.02.57-768x106.png 768w, https:\/\/mon.uvic.cat\/nitrecerca\/files\/2020\/11\/Captura-de-pantalla-2020-07-14-a-les-12.02.57.png 851w\" sizes=\"(max-width: 851px) 100vw, 851px\" \/><\/p>\n<p><img decoding=\"async\" class=\"alignleft wp-image-839\" src=\"http:\/\/mon.uvic.cat\/nitrecerca\/files\/2020\/11\/cropped-cofunded-erasmus-right_en_0.jpg\" alt=\"\" width=\"484\" height=\"135\" srcset=\"https:\/\/mon.uvic.cat\/nitrecerca\/files\/2020\/11\/cropped-cofunded-erasmus-right_en_0-300x84.jpg 300w, https:\/\/mon.uvic.cat\/nitrecerca\/files\/2020\/11\/cropped-cofunded-erasmus-right_en_0-768x214.jpg 768w, https:\/\/mon.uvic.cat\/nitrecerca\/files\/2020\/11\/cropped-cofunded-erasmus-right_en_0.jpg 836w\" sizes=\"(max-width: 484px) 100vw, 484px\" \/><\/p>\n<p style=\"text-align: right;\"><strong>Xarxes socials:<\/strong><\/p>\n<p><a href=\"https:\/\/twitter.com\/uvic_ceig\"><img decoding=\"async\" class=\"alignright wp-image-90 size-full\" src=\"http:\/\/mon.uvic.cat\/nitrecerca\/files\/2020\/10\/twitter-logo-6-e1602843185286.png\" alt=\"\" width=\"61\" height=\"50\" \/><\/a> <a href=\"https:\/\/www.youtube.com\/channel\/UC6b4U3CR2tBe1MiLMIInA2A\"><img decoding=\"async\" class=\"alignright wp-image-91 size-full\" src=\"http:\/\/mon.uvic.cat\/nitrecerca\/files\/2020\/10\/youtube-bona-e1602843206303.jpg\" alt=\"\" width=\"71\" height=\"50\" \/><\/a> <a href=\"https:\/\/mon.uvic.cat\/crossroads\/\"><img decoding=\"async\" class=\"alignright wp-image-84 size-full\" src=\"http:\/\/mon.uvic.cat\/nitrecerca\/files\/2020\/10\/www-e1602843105399.png\" alt=\"\" width=\"50\" height=\"50\" \/><\/a><\/p>\n<\/div><\/div><\/div><\/div><\/div>\n","protected":false},"excerpt":{"rendered":"","protected":false},"author":613,"featured_media":0,"parent":0,"menu_order":0,"comment_status":"closed","ping_status":"closed","template":"","meta":{"footnotes":""},"class_list":["post-2359","page","type-page","status-publish","hentry"],"jetpack_sharing_enabled":true,"_links":{"self":[{"href":"https:\/\/mon.uvic.cat\/nitrecerca\/wp-json\/wp\/v2\/pages\/2359","targetHints":{"allow":["GET"]}}],"collection":[{"href":"https:\/\/mon.uvic.cat\/nitrecerca\/wp-json\/wp\/v2\/pages"}],"about":[{"href":"https:\/\/mon.uvic.cat\/nitrecerca\/wp-json\/wp\/v2\/types\/page"}],"author":[{"embeddable":true,"href":"https:\/\/mon.uvic.cat\/nitrecerca\/wp-json\/wp\/v2\/users\/613"}],"replies":[{"embeddable":true,"href":"https:\/\/mon.uvic.cat\/nitrecerca\/wp-json\/wp\/v2\/comments?post=2359"}],"version-history":[{"count":2,"href":"https:\/\/mon.uvic.cat\/nitrecerca\/wp-json\/wp\/v2\/pages\/2359\/revisions"}],"predecessor-version":[{"id":2577,"href":"https:\/\/mon.uvic.cat\/nitrecerca\/wp-json\/wp\/v2\/pages\/2359\/revisions\/2577"}],"wp:attachment":[{"href":"https:\/\/mon.uvic.cat\/nitrecerca\/wp-json\/wp\/v2\/media?parent=2359"}],"curies":[{"name":"wp","href":"https:\/\/api.w.org\/{rel}","templated":true}]}}