{"id":2353,"date":"2024-05-30T11:02:22","date_gmt":"2024-05-30T09:02:22","guid":{"rendered":"https:\/\/mon.uvic.cat\/nitrecerca\/?page_id=2353"},"modified":"2024-05-30T11:02:22","modified_gmt":"2024-05-30T09:02:22","slug":"eduvac","status":"publish","type":"page","link":"https:\/\/mon.uvic.cat\/nitrecerca\/eduvac\/","title":{"rendered":"EDUVAC"},"content":{"rendered":"<h3>Qu\u00e8 \u00e9s EDUVAC?<\/h3>\n<p><a href=\"http:\/\/www.eduvac.eu\/\">EDUVAC<\/a>, &#8220;Educating Vaccination Competence&#8221; \u00e9s un projecte que t\u00e9 com a objectiu la producci\u00f3 de material d\u2019aprenentatge per tal de desenvolupar les compet\u00e8ncies de vacunaci\u00f3.<\/p>\n<p>La vacunaci\u00f3 \u00e9s, a nivell mundial, una de les innovacions en salut preventiva m\u00e9s rendibles. Requereix educaci\u00f3 especial i els professionals de la vacunaci\u00f3 han de ser professionals competents i qualificats per proporcionar una atenci\u00f3 d\u2019alta qualitat.<\/p>\n<p>El projecte se centra a augmentar les habilitats dels estudiants d&#8217;infermeria en mat\u00e8ria de vacunaci\u00f3. Per fer-ho, vam desenvolupar un curs web sobre l&#8217;atenci\u00f3 a la vacunaci\u00f3 de 3 ECTS i un curs internacional intensiu de 2 ECTS. El seu prop\u00f2sit \u00e9s millorar la qualitat i la rellev\u00e0ncia de l\u2019aprenentatge de les vacunes i enfortir els coneixements, les habilitats i les actituds dels estudiants en vacunar els pacients. Tot el material estar\u00e0 disponible per a \u00fas internacional.<\/p>\n<p>Per part de la UVic-UCC, la IP del projecte \u00e9s Paola Galbany, i l\u2019equip de recerca est\u00e0 format pels professors d\u2019investigaci\u00f3 N\u00faria Gorchs, Joan Carles Casas, Xavier Palomar, Montse Romero, del <a href=\"http:\/\/urecerca.uvic.cat\/CawDOS?id=acfd365295014c18&amp;idioma=ca&amp;tipo=grupo\" target=\"_blank\" rel=\"noopener noreferrer\">Methodology, Methods, Models and Health and Social Outcomes (M3O)<\/a>, i Carme Roure<em>.<\/em><\/p>\n<p>\u00c9s un projecte de tres anys que inclou institucions acad\u00e8miques de 5 pa\u00efsos:<\/p>\n<ul>\n<li>Gr\u00e8cia, University of West Attica (coordinador)<\/li>\n<li>Finl\u00e0ndia, Universitat de Ci\u00e8ncies Aplicades de Metropolia<\/li>\n<li>Eslov\u00e0quia, Universitat de Trnava<\/li>\n<li>Espanya, Universitat de Vic &#8211; Universitat Central de Catalunya<\/li>\n<li>It\u00e0lia, Universitat de M\u00f2dena i Reggio Emilia<\/li>\n<\/ul>\n<h3>Material divulgatiu i not\u00edcies<\/h3>\n<p>Trobareu totes les not\u00edcies sobre el projecte a la <a href=\"http:\/\/www.eduvac.eu\/eduvac-news\/\">secci\u00f3 de NEWS<\/a> del projecte.<\/p>\n<p><img decoding=\"async\" class=\"size-full wp-image-924 alignnone\" src=\"http:\/\/mon.uvic.cat\/nitrecerca\/files\/2020\/11\/partners-4.png\" alt=\"\" width=\"942\" height=\"287\" srcset=\"https:\/\/mon.uvic.cat\/nitrecerca\/files\/2020\/11\/partners-4-300x91.png 300w, https:\/\/mon.uvic.cat\/nitrecerca\/files\/2020\/11\/partners-4-768x234.png 768w, https:\/\/mon.uvic.cat\/nitrecerca\/files\/2020\/11\/partners-4.png 942w\" sizes=\"(max-width: 942px) 100vw, 942px\" \/><\/p>\n<p>&nbsp;<\/p>\n<p><img decoding=\"async\" class=\"wp-image-839 alignnone\" src=\"http:\/\/mon.uvic.cat\/nitrecerca\/files\/2020\/11\/cropped-cofunded-erasmus-right_en_0.jpg\" alt=\"\" width=\"459\" height=\"128\" srcset=\"https:\/\/mon.uvic.cat\/nitrecerca\/files\/2020\/11\/cropped-cofunded-erasmus-right_en_0-300x84.jpg 300w, https:\/\/mon.uvic.cat\/nitrecerca\/files\/2020\/11\/cropped-cofunded-erasmus-right_en_0-768x214.jpg 768w, https:\/\/mon.uvic.cat\/nitrecerca\/files\/2020\/11\/cropped-cofunded-erasmus-right_en_0.jpg 836w\" sizes=\"(max-width: 459px) 100vw, 459px\" \/><\/p>\n<p style=\"text-align: right;\"><strong>Xarxes socials:<\/strong><\/p>\n<p><a href=\"https:\/\/twitter.com\/Eduvac2021\"><img decoding=\"async\" class=\"alignright wp-image-90 size-full\" src=\"http:\/\/mon.uvic.cat\/nitrecerca\/files\/2020\/10\/twitter-logo-6-e1602843185286.png\" alt=\"\" width=\"61\" height=\"50\" \/><\/a> <a href=\"https:\/\/www.facebook.com\/Eduvac-2021-1175697582598614\/\"><img decoding=\"async\" class=\"alignright wp-image-109 size-full\" src=\"http:\/\/mon.uvic.cat\/nitrecerca\/files\/2020\/10\/kisspng-facebook-inc-logo-computer-icons-facebook-messen-5af555fc052f34.7337436815260277720212-e1603710075588.png\" alt=\"\" width=\"50\" height=\"50\" \/><\/a> <a href=\"http:\/\/www.eduvac.eu\/\"><img decoding=\"async\" class=\"alignright wp-image-84 size-full\" src=\"http:\/\/mon.uvic.cat\/nitrecerca\/files\/2020\/10\/www-e1602843105399.png\" alt=\"\" width=\"50\" height=\"50\" \/><\/a><\/p>\n","protected":false},"excerpt":{"rendered":"<p>Qu\u00e8 \u00e9s EDUVAC? EDUVAC, &#8220;Educating Vaccination Competence&#8221; \u00e9s un projecte  [&#8230;]<\/p>\n","protected":false},"author":613,"featured_media":0,"parent":0,"menu_order":0,"comment_status":"closed","ping_status":"closed","template":"","meta":{"footnotes":""},"class_list":["post-2353","page","type-page","status-publish","hentry"],"jetpack_sharing_enabled":true,"_links":{"self":[{"href":"https:\/\/mon.uvic.cat\/nitrecerca\/wp-json\/wp\/v2\/pages\/2353","targetHints":{"allow":["GET"]}}],"collection":[{"href":"https:\/\/mon.uvic.cat\/nitrecerca\/wp-json\/wp\/v2\/pages"}],"about":[{"href":"https:\/\/mon.uvic.cat\/nitrecerca\/wp-json\/wp\/v2\/types\/page"}],"author":[{"embeddable":true,"href":"https:\/\/mon.uvic.cat\/nitrecerca\/wp-json\/wp\/v2\/users\/613"}],"replies":[{"embeddable":true,"href":"https:\/\/mon.uvic.cat\/nitrecerca\/wp-json\/wp\/v2\/comments?post=2353"}],"version-history":[{"count":2,"href":"https:\/\/mon.uvic.cat\/nitrecerca\/wp-json\/wp\/v2\/pages\/2353\/revisions"}],"predecessor-version":[{"id":2592,"href":"https:\/\/mon.uvic.cat\/nitrecerca\/wp-json\/wp\/v2\/pages\/2353\/revisions\/2592"}],"wp:attachment":[{"href":"https:\/\/mon.uvic.cat\/nitrecerca\/wp-json\/wp\/v2\/media?parent=2353"}],"curies":[{"name":"wp","href":"https:\/\/api.w.org\/{rel}","templated":true}]}}