{"id":2347,"date":"2024-05-30T11:16:06","date_gmt":"2024-05-30T09:16:06","guid":{"rendered":"https:\/\/mon.uvic.cat\/nitrecerca\/?page_id=2347"},"modified":"2024-05-30T11:16:10","modified_gmt":"2024-05-30T09:16:10","slug":"igualtatsconnect","status":"publish","type":"page","link":"https:\/\/mon.uvic.cat\/nitrecerca\/igualtatsconnect\/","title":{"rendered":"IGUALTATSCONNECT"},"content":{"rendered":"<div class=\"fusion-fullwidth fullwidth-box fusion-builder-row-1 fusion-flex-container nonhundred-percent-fullwidth non-hundred-percent-height-scrolling\" style=\"--awb-border-radius-top-left:0px;--awb-border-radius-top-right:0px;--awb-border-radius-bottom-right:0px;--awb-border-radius-bottom-left:0px;--awb-flex-wrap:wrap;\" ><div class=\"fusion-builder-row fusion-row fusion-flex-align-items-flex-start fusion-flex-content-wrap\" style=\"max-width:1248px;margin-left: calc(-4% \/ 2 );margin-right: calc(-4% \/ 2 );\"><div class=\"fusion-layout-column fusion_builder_column fusion-builder-column-0 fusion_builder_column_1_1 1_1 fusion-flex-column\" style=\"--awb-bg-size:cover;--awb-width-large:100%;--awb-margin-top-large:0px;--awb-spacing-right-large:1.92%;--awb-margin-bottom-large:0px;--awb-spacing-left-large:1.92%;--awb-width-medium:100%;--awb-spacing-right-medium:1.92%;--awb-spacing-left-medium:1.92%;--awb-width-small:100%;--awb-spacing-right-small:1.92%;--awb-spacing-left-small:1.92%;\"><div class=\"fusion-column-wrapper fusion-flex-justify-content-flex-start fusion-content-layout-column\"><div class=\"fusion-text fusion-text-1\"><h3>Qu\u00e8 \u00e9s IGUALTATSCONNECT?<\/h3>\n<div class=\"vc_row wpb_row section vc_row-fluid vc_inner \">\n<div class=\" full_section_inner clearfix\">\n<div class=\"wpb_column vc_column_container vc_col-sm-6\">\n<div class=\"vc_column-inner\">\n<div class=\"wpb_wrapper\">\n<div class=\"wpb_text_column wpb_content_element vc_custom_1524217952532\">\n<div class=\"wpb_wrapper\">\n<p><strong>\u201cI<a href=\"http:\/\/igualtatsconnect.cat\/\">gualtats Connectades<\/a>\u201d \u00e9s un projecte pioner que planteja com aplicar l\u2019enfocament interseccional en les pol\u00edtiques p\u00fabliques locals de no discriminaci\u00f3.<\/strong> Amb aquesta experi\u00e8ncia pilot es vol avan\u00e7ar en la implementaci\u00f3 de la interseccionalitat, ja que \u00e9s una perspectiva que ha estat molt teoritzada per\u00f2 hi ha poca experi\u00e8ncia de com es posa en pr\u00e0ctica en pol\u00edtiques concretes.<\/p>\n<p><strong>Es tracta d\u2019un abordatge que t\u00e9 en compte la interacci\u00f3 entre els eixos de desigualtat com el g\u00e8nere, l\u2019origen, la classe social, la sexualitat, entre d\u2019altres.<\/strong> Habitualment, aquests eixos s\u2019analitzen de manera a\u00efllada, sense tenir en compte que la posici\u00f3 de les persones \u00e9s el resultat del creuament dels diferents eixos de desigualtat. De fet, la intersecci\u00f3 de diferents eixos genera noves situacions de discriminaci\u00f3 i desigualtat que van m\u00e9s enll\u00e0 de la simple suma d\u2019aquests. Per aix\u00f2, \u00e9s necessari atendre aquesta complexitat a l\u2019hora de desenvolupar pol\u00edtiques m\u00e9s inclusives.<\/p>\n<\/div>\n<\/div>\n<\/div>\n<\/div>\n<\/div>\n<div class=\"wpb_column vc_column_container vc_col-sm-6\">\n<div class=\"vc_column-inner\">\n<div class=\"wpb_wrapper\">\n<div class=\"wpb_text_column wpb_content_element vc_custom_1524495654341\">\n<div class=\"wpb_wrapper\">\n<p>El projecte es va iniciar l\u20191 de gener de 2018 i va culminar amb la <a href=\"http:\/\/igualtatsconnect.cat\/congres\/\">confer\u00e8ncia internacional<\/a> al febrer de 2019. La iniciativa, que es va desenvolupar entre el gener de 2018 i el primer semestre de 2019, \u00e9s cofinan\u00e7ada pel Programa de Just\u00edcia, Drets, Igualtat i Ciutadania de la Comissi\u00f3 Europea i implementada per l\u2019Ajuntament de Terrassa, la Universitat de Vic \u2013 Universitat Central de Catalunya (UVic-UCC) i CEPS Projectes Socials.<\/p>\n<h3>Objectius<\/h3>\n<p>Aquest projecte t\u00e9 l\u2019objectiu, precisament, d\u2019indagar en les possibilitats d\u2019aplicar el principi d\u2019igualtat i no discriminaci\u00f3 de manera interseccional en el context d\u2019una administraci\u00f3 local, en aquest cas l\u2019Ajuntament de Terrassa, i en di\u00e0leg amb la societat civil. La metodologia inclou la recollida d\u2019experi\u00e8ncies internacionals, la formaci\u00f3 al personal municipal i a la ciutadania, aix\u00ed com una confer\u00e8ncia internacional en qu\u00e8 es posaran en com\u00fa els aprenentatges assolits. Tot plegat permetr\u00e0 un proc\u00e9s de reflexi\u00f3, que es materialitzar\u00e0 en una guia de recursos, amb la idea que l\u2019experi\u00e8ncia sigui transferible a altres administracions i ciutats europees.<\/p>\n<h3>Material divulgatiu<\/h3>\n<p><img decoding=\"async\" class=\"alignleft wp-image-935 size-large\" src=\"http:\/\/mon.uvic.cat\/nitrecerca\/files\/2020\/11\/Igualtats-Flyer-A4-cat-719x1024.png\" alt=\"\" width=\"719\" height=\"1024\" srcset=\"https:\/\/mon.uvic.cat\/nitrecerca\/files\/2020\/11\/Igualtats-Flyer-A4-cat-211x300.png 211w, https:\/\/mon.uvic.cat\/nitrecerca\/files\/2020\/11\/Igualtats-Flyer-A4-cat-719x1024.png 719w, https:\/\/mon.uvic.cat\/nitrecerca\/files\/2020\/11\/Igualtats-Flyer-A4-cat-768x1093.png 768w, https:\/\/mon.uvic.cat\/nitrecerca\/files\/2020\/11\/Igualtats-Flyer-A4-cat-1079x1536.png 1079w, https:\/\/mon.uvic.cat\/nitrecerca\/files\/2020\/11\/Igualtats-Flyer-A4-cat-1439x2048.png 1439w, https:\/\/mon.uvic.cat\/nitrecerca\/files\/2020\/11\/Igualtats-Flyer-A4-cat.png 2481w\" sizes=\"(max-width: 719px) 100vw, 719px\" \/><\/p>\n<\/div>\n<\/div>\n<\/div>\n<\/div>\n<\/div>\n<\/div>\n<\/div>\n<div class=\"wpb_column vc_column_container vc_col-sm-6\">\n<div class=\"vc_column-inner\">\n<div class=\"wpb_wrapper\">\n<div class=\"wpb_text_column wpb_content_element vc_custom_1526915467744\">\n<div class=\"wpb_wrapper\">\n<ul>\n<li><a href=\"http:\/\/igualtatsconnect.cat\/wp-content\/uploads\/2018\/05\/Igualtats-Flyer-A5-cat.pdf\">Igualtats \u2013 Flyer A5<\/a><\/li>\n<li><a href=\"http:\/\/igualtatsconnect.cat\/wp-content\/uploads\/2018\/05\/Igualtats-Flyer-A4-cat.pdf\">Igualtats \u2013 Flyer A4<\/a><\/li>\n<\/ul>\n<div class=\"wpb_text_column wpb_content_element \">\n<div class=\"wpb_wrapper\">\n<p>El projecte #igualtatsconnect ha perm\u00e8s un proc\u00e9s de reflexi\u00f3 aplicada i els resultats es recullen en una <strong>Guia de Recursos<\/strong> amb la idea que l\u2019experi\u00e8ncia sigui transferible a altres ciutats europees.<\/p>\n<p><strong>Pots descarregar la guia completa en castell\u00e0 <a href=\"http:\/\/igualtatsconnect.cat\/wp-content\/uploads\/2019\/09\/Publicacion-Igualtats-Connect-ES.pdf\">aqu\u00ed<\/a>.<\/strong><\/p>\n<p><strong>Pots descarregar la guia completa en angl\u00e8s<a href=\"http:\/\/igualtatsconnect.cat\/wp-content\/uploads\/2019\/09\/Publicacion-Igualtats-Connect-ENG-1.pdf\"> aqu\u00ed.<\/a><\/strong><\/p>\n<\/div>\n<div class=\"video-shortcode\"><iframe title=\"L&#039;Ajuntament de Terrassa lidera un projecte europeu per lluitar contra les discriminacions\" width=\"1200\" height=\"675\" src=\"https:\/\/www.youtube.com\/embed\/887Gsi-N9BA?feature=oembed\" frameborder=\"0\" allow=\"accelerometer; autoplay; clipboard-write; encrypted-media; gyroscope; picture-in-picture; web-share\" referrerpolicy=\"strict-origin-when-cross-origin\" allowfullscreen><\/iframe><\/div>\n<div class=\"wpb_wrapper\">\n<h3>Partners<\/h3>\n<p><img decoding=\"async\" class=\"size-full wp-image-937 alignnone\" src=\"http:\/\/mon.uvic.cat\/nitrecerca\/files\/2020\/11\/partners-6.png\" alt=\"\" width=\"906\" height=\"152\" srcset=\"https:\/\/mon.uvic.cat\/nitrecerca\/files\/2020\/11\/partners-6-300x50.png 300w, https:\/\/mon.uvic.cat\/nitrecerca\/files\/2020\/11\/partners-6-768x129.png 768w, https:\/\/mon.uvic.cat\/nitrecerca\/files\/2020\/11\/partners-6.png 906w\" sizes=\"(max-width: 906px) 100vw, 906px\" \/><\/p>\n<\/div>\n<\/div>\n<p><img decoding=\"async\" class=\"size-full wp-image-938 alignnone\" src=\"http:\/\/mon.uvic.cat\/nitrecerca\/files\/2020\/11\/EU_2X_solo-300x83-1.png\" alt=\"\" width=\"300\" height=\"83\" \/><\/p>\n<\/div>\n<\/div>\n<\/div>\n<\/div>\n<\/div>\n<\/div><\/div><\/div><\/div><\/div>\n","protected":false},"excerpt":{"rendered":"","protected":false},"author":613,"featured_media":0,"parent":0,"menu_order":0,"comment_status":"closed","ping_status":"closed","template":"","meta":{"footnotes":""},"class_list":["post-2347","page","type-page","status-publish","hentry"],"jetpack_sharing_enabled":true,"_links":{"self":[{"href":"https:\/\/mon.uvic.cat\/nitrecerca\/wp-json\/wp\/v2\/pages\/2347","targetHints":{"allow":["GET"]}}],"collection":[{"href":"https:\/\/mon.uvic.cat\/nitrecerca\/wp-json\/wp\/v2\/pages"}],"about":[{"href":"https:\/\/mon.uvic.cat\/nitrecerca\/wp-json\/wp\/v2\/types\/page"}],"author":[{"embeddable":true,"href":"https:\/\/mon.uvic.cat\/nitrecerca\/wp-json\/wp\/v2\/users\/613"}],"replies":[{"embeddable":true,"href":"https:\/\/mon.uvic.cat\/nitrecerca\/wp-json\/wp\/v2\/comments?post=2347"}],"version-history":[{"count":2,"href":"https:\/\/mon.uvic.cat\/nitrecerca\/wp-json\/wp\/v2\/pages\/2347\/revisions"}],"predecessor-version":[{"id":2607,"href":"https:\/\/mon.uvic.cat\/nitrecerca\/wp-json\/wp\/v2\/pages\/2347\/revisions\/2607"}],"wp:attachment":[{"href":"https:\/\/mon.uvic.cat\/nitrecerca\/wp-json\/wp\/v2\/media?parent=2347"}],"curies":[{"name":"wp","href":"https:\/\/api.w.org\/{rel}","templated":true}]}}