{"id":2345,"date":"2024-05-30T11:30:21","date_gmt":"2024-05-30T09:30:21","guid":{"rendered":"https:\/\/mon.uvic.cat\/nitrecerca\/?page_id=2345"},"modified":"2024-05-30T11:30:21","modified_gmt":"2024-05-30T09:30:21","slug":"life-demine","status":"publish","type":"page","link":"https:\/\/mon.uvic.cat\/nitrecerca\/life-demine\/","title":{"rendered":"Life DEMINE"},"content":{"rendered":"<div class=\"fusion-fullwidth fullwidth-box fusion-builder-row-1 fusion-flex-container nonhundred-percent-fullwidth non-hundred-percent-height-scrolling\" style=\"--awb-border-radius-top-left:0px;--awb-border-radius-top-right:0px;--awb-border-radius-bottom-right:0px;--awb-border-radius-bottom-left:0px;--awb-flex-wrap:wrap;\" ><div class=\"fusion-builder-row fusion-row fusion-flex-align-items-flex-start fusion-flex-content-wrap\" style=\"max-width:1248px;margin-left: calc(-4% \/ 2 );margin-right: calc(-4% \/ 2 );\"><div class=\"fusion-layout-column fusion_builder_column fusion-builder-column-0 fusion_builder_column_1_1 1_1 fusion-flex-column\" style=\"--awb-bg-size:cover;--awb-width-large:100%;--awb-margin-top-large:0px;--awb-spacing-right-large:1.92%;--awb-margin-bottom-large:0px;--awb-spacing-left-large:1.92%;--awb-width-medium:100%;--awb-spacing-right-medium:1.92%;--awb-spacing-left-medium:1.92%;--awb-width-small:100%;--awb-spacing-right-small:1.92%;--awb-spacing-left-small:1.92%;\"><div class=\"fusion-column-wrapper fusion-flex-justify-content-flex-start fusion-content-layout-column\"><div class=\"fusion-text fusion-text-1\"><h3>Qu\u00e8 \u00e9s Life DEMINE?<\/h3>\n<p>Els efluents procedents de mines abandonades poden contenir altes concentracions de metalls pesants o de sals, que es filtren a trav\u00e9s del s\u00f2l i van a parar als rius, on provoquen un fort impacte en la biodiversitat i funcionament d\u2019aquests ecosistemes. El projecte europeu <a href=\"https:\/\/uvic.us9.list-manage.com\/track\/click?u=826891b962344362410865989&amp;id=f67f164510&amp;e=ab9f227f34\" target=\"_blank\" rel=\"noopener noreferrer\">Life DEMINE<\/a> t\u00e9 com a principal objectiu reduir l\u2019impacte d\u2019aquests efluents miners a partir de l\u2019aplicaci\u00f3 d\u2019un nou tractament que es dur\u00e0 a terme abans que desemboquin al riu. El projecte el lidera i coordina el <a href=\"https:\/\/uvic.us9.list-manage.com\/track\/click?u=826891b962344362410865989&amp;id=c1cc66e4dd&amp;e=ab9f227f34\" target=\"_blank\" rel=\"noopener noreferrer\">Centre Tecnol\u00f2gic BETA (Biodiversitat, Ecologia i Tecnologia i Gesti\u00f3 Ambiental i Aliment\u00e0ria)<\/a>.<br \/>\nLife DEMINE compta amb el finan\u00e7ament de la Uni\u00f3 Europea a trav\u00e9s del seu programa Life i t\u00e9 un pressupost global de 2.184.632 euros. A m\u00e9s del Centre Tecnol\u00f2gic BETA hi participen quatre socis m\u00e9s: la <a href=\"https:\/\/uvic.us9.list-manage.com\/track\/click?u=826891b962344362410865989&amp;id=2bcc2c434d&amp;e=ab9f227f34\" target=\"_blank\" rel=\"noopener noreferrer\">Universitat de Swansea<\/a> (Regne Unit), l\u2019empresa especialitzada en tecnologies de tractament d\u2019aigua <a href=\"https:\/\/uvic.us9.list-manage.com\/track\/click?u=826891b962344362410865989&amp;id=e2d41c9bf8&amp;e=ab9f227f34\" target=\"_blank\" rel=\"noopener noreferrer\">ELENTEC LTD<\/a> (Regne Unit), el <a href=\"https:\/\/uvic.us9.list-manage.com\/track\/click?u=826891b962344362410865989&amp;id=416f2942a6&amp;e=ab9f227f34\" target=\"_blank\" rel=\"noopener noreferrer\">Centre d\u2019Estudis d\u2019Aig\u00fces Subterr\u00e0nies de Dresden <\/a>(Alemanya) i el <a href=\"https:\/\/uvic.us9.list-manage.com\/track\/click?u=826891b962344362410865989&amp;id=0fb46c6012&amp;e=ab9f227f34\" target=\"_blank\" rel=\"noopener noreferrer\">Govern del Principat d\u2019Ast\u00faries <\/a>(Espanya).<br \/>\nEn territori de la Uni\u00f3 Europea hi ha actualment al voltant de 3.460 instal\u00b7lacions de residus miners tancades i abandonades, segons dades de la Comissi\u00f3 Europea. De fet, els residus d\u2019extracci\u00f3 i processament de recursos minerals s\u00f3n uns dels m\u00e9s importants a la UE: la quantitat va ser, el 2014, de 28,1 milions de tones, xifra que suposa gaireb\u00e9 el 30% del total de residus generats a Europa.<\/p>\n<h3>Objectius<\/h3>\n<p>L\u2019objectiu principal del projecte LIFE DEMINE \u00e9s demostrar i difondre la viabilitat t\u00e8cnica i econ\u00f2mica de disminuir l\u2019impacte ambiental global causat pels efluents miners abandonats a les masses d\u2019aigua. Aix\u00f2 es far\u00e0 adoptant un proc\u00e9s de tractament innovador i vers\u00e0til que inclour\u00e0 tecnologies existents i \u00e0mpliament conegudes basades en processos de membrana i electrocoagulaci\u00f3, amb l&#8217;objectiu global d&#8217;obtenir un efluent final no contaminant.<\/p>\n<p>Els objectius espec\u00edfics del projecte s\u00f3n:<\/p>\n<ul>\n<li>Obtenir un vers\u00e0til proc\u00e9s de tractament de efluents miners (Mining Effluent Treatment Process &#8211; METP) per tractar els efluents miners generats en diferents activitats mineres.<\/li>\n<li>Demostrar la viabilitat ambiental i t\u00e8cnica i promoure la implementaci\u00f3 del proc\u00e9s de tractament innovador per eliminar els contaminants dels efluents miners abandonats, en l\u00ednia amb la Directiva Marc de l&#8217;Aigua (Water Framework Directive).<\/li>\n<li>Difondre els resultats obtinguts i transferir els coneixements adquirits sobre composicions d\u2019efluents miners, els seus efectes en ecosistemes aqu\u00e0tics i els seus tractaments amb el nou proc\u00e9s desenvolupat.<\/li>\n<li>Desenvolupar una eina que permeti a organismes p\u00fablics, reguladors, responsables pol\u00edtics i altres parts interessades ser conscients del rendiment i dels beneficis ambientals de la nova tecnologia desenvolupada.<\/li>\n<li>Quantificar i difondre els beneficis ambientals i l&#8217;impacte econ\u00f2mic de la nova metodologia en comparaci\u00f3 amb la situaci\u00f3 actual.<\/li>\n<li>Incrementar la consci\u00e8ncia relacionada amb el problema ambiental causat per les aig\u00fces residuals de les mines abandonades.<\/li>\n<li>Contribuir a la restauraci\u00f3 de les masses d\u2019aigua afectades actualment per activitats mineres, ajudant a preservar la biodiversitat d\u2019aigua dol\u00e7a i a garantir els b\u00e9ns i serveis ecosist\u00e8mics que proporcionen els ecosistemes d\u2019aigua dol\u00e7a, en l\u00ednia amb l\u2019Estrat\u00e8gia de biodiversitat de la UE.<\/li>\n<li>Promoure la implementaci\u00f3 de les pol\u00edtiques i estrat\u00e8gies ambientals per quantificar i minimitzar l\u2019impacte ambiental causat per les activitats mineres a les masses d\u2019aigua.<\/li>\n<\/ul>\n<p><strong>Demostrar l\u2019efectivitat d\u2019un tractament innovador<\/strong><br \/>\nLa investigaci\u00f3 va arrencar el juliol del 2017 i s\u2019allargar\u00e0 fins al 2021. Durant quatre anys es treballar\u00e0 per demostrar l\u2019efectivitat d\u2019aquest tractament innovador i vers\u00e0til, basat en la combinaci\u00f3 de tecnologies d\u2019electrocoagulaci\u00f3 i membranes, que ja s\u2019utilitzen per separat amb diverses finalitats. Per primer cop es testar\u00e0 si la seva combinaci\u00f3 permet millorar l\u2019efici\u00e8ncia del tractament d\u2019efluents miners, i si el m\u00e8tode pot ser replicable per a residus procedents de mines de diferents caracter\u00edstiques.<br \/>\nAmb aquest nou m\u00e8tode, l\u2019aigua es tractar\u00e0 inicialment amb un sistema de membranes amb diferents capacitats de filtraci\u00f3 i, per tant, de retenci\u00f3 de part\u00edcules contaminants. La finalitat del proc\u00e9s \u00e9s concentrar l\u2019efluent contaminant que posteriorment passar\u00e0 per un proc\u00e9s d\u2019electrocoagulaci\u00f3 on encara s\u2019aconseguir\u00e0 un grau de concentraci\u00f3 superior. De manera global, el sistema permetr\u00e0 reduir en m\u00e9s d\u2019un 95% el contingut en sals i metalls dels efluents miners, obtenint una aigua tractada que es podr\u00e0 abocar al riu sense risc per a l\u2019ecosistema, respectant els l\u00edmits legals establerts per la legislaci\u00f3 i garantint un baix impacte ambiental.<\/p>\n<p><strong>Una soluci\u00f3 aplicable arreu<\/strong><br \/>\nActualment s\u2019est\u00e0 treballant en l&#8217;optimitzaci\u00f3 del nou proc\u00e9s de tractament d\u2019efluents miners a escala de laboratori per, posteriorment, fer un disseny de la planta pilot que es testar\u00e0 en ambient real. La instal\u00b7laci\u00f3 es provar\u00e0 primer a Frongoch (Regne Unit), per tractar els efluents generats per una mina de plom i de zinc abandonada, i en segon lloc a Menteroda (Alemanya), per tractar els efluents amb alt contingut de sal procedents d\u2019una mina d\u2019extracci\u00f3 de potassa, tamb\u00e9 en des\u00fas. A mesura que s\u2019obtinguin resultats, la sostenibilitat del nou sistema s\u2019avaluar\u00e0 mitjan\u00e7ant la tecnologia d\u2019An\u00e0lisi de Cicle de Vida i l\u2019An\u00e0lisi de Cicle de Costos. Tamb\u00e9 es duran a terme diversos experiments per valorar la reducci\u00f3 de l\u2019impacte ecol\u00f2gic que suposa l\u2019aplicaci\u00f3 de la nova tecnologia.<br \/>\nL\u2019objectiu \u00e9s demostrar i validar l\u2019\u00e8xit de la soluci\u00f3 perqu\u00e8 pugui ser f\u00e0cilment replicable a qualsevol entorn amb la mateixa problem\u00e0tica ambiental. Per exemple, a Catalunya existeixen els casos de les mines de sal i potassa de Cardona, S\u00faria i Sallent, amb entorns greument afectats per aquesta problem\u00e0tica i on \u00e9s urgent trobar una soluci\u00f3 eficient. A l\u2019Estat espanyol tamb\u00e9 existeixen nombrosos casos de mines abandonades, com el cas de les de carb\u00f3 d\u2019Ast\u00faries.<br \/>\nPer promoure i incrementar l\u2019impacte del projecte es duran a terme accions de difusi\u00f3 i es desenvolupar\u00e0 una eina inform\u00e0tica que permetr\u00e0 fer un primer c\u00e0lcul dels beneficis d\u2019aplicar la soluci\u00f3 de Life DEMINE per al tractament d\u2019un efluent miner determinat. D\u2019aquesta manera es pret\u00e9n que qualsevol administraci\u00f3 p\u00fablica o empresa interessada en la tecnologia pugui calcular el rendiment que n\u2019obtindria en eliminar els compostos contaminants i quin seria el seu impacte ambiental i econ\u00f2mic real.<\/p>\n<h3>Material divulgatiu<\/h3>\n<div class=\"video-shortcode\"><iframe title=\"LIFE DEMINE | Decreasing the impact of abandoned mines (UVic-UCC)\" width=\"1200\" height=\"675\" src=\"https:\/\/www.youtube.com\/embed\/FGhsBMkYrw4?feature=oembed\" frameborder=\"0\" allow=\"accelerometer; autoplay; clipboard-write; encrypted-media; gyroscope; picture-in-picture; web-share\" referrerpolicy=\"strict-origin-when-cross-origin\" allowfullscreen><\/iframe><\/div>\n<p><a href=\"https:\/\/mon.uvic.cat\/life-demine\/files\/2020\/01\/Brochures_Life-Demine.pdf\"><strong>D\u00edptic pdf.<\/strong><\/a><\/p>\n<p><strong><a href=\"http:\/\/mon.uvic.cat\/life-demine\/files\/2020\/01\/Roll-up-Life-Demine_BETA.pdf\">Roll-up Life Demine_BETA<\/a><\/strong><\/p>\n<p><strong><a href=\"http:\/\/mon.uvic.cat\/life-demine\/files\/2020\/01\/Roll-up-Life-Demine-DGRC.pdf\">Roll-up Life Demine DGRC<\/a><\/strong><\/p>\n<p><strong><a href=\"http:\/\/mon.uvic.cat\/life-demine\/files\/2020\/01\/Roll-up-Life-Demine-PRAS.pdf\">Roll-up Life Demine PRAS<\/a><\/strong><\/p>\n<p><strong><a href=\"http:\/\/mon.uvic.cat\/life-demine\/files\/2020\/01\/Roll-up-Life-Demine-Elentec.pdf\">Roll-up Life Demine Elentec<\/a><\/strong><\/p>\n<p><strong><a href=\"http:\/\/mon.uvic.cat\/life-demine\/files\/2020\/04\/Roll-up-Life-Demine-Swansea-University.pdf\">Roll-up Life Demine Swansea University<\/a><\/strong><\/p>\n<p><img decoding=\"async\" class=\"size-full wp-image-941 alignnone\" src=\"http:\/\/mon.uvic.cat\/nitrecerca\/files\/2020\/11\/Screenshot_2020-11-21-Life-Demine.png\" alt=\"\" width=\"1292\" height=\"276\" srcset=\"https:\/\/mon.uvic.cat\/nitrecerca\/files\/2020\/11\/Screenshot_2020-11-21-Life-Demine-300x64.png 300w, https:\/\/mon.uvic.cat\/nitrecerca\/files\/2020\/11\/Screenshot_2020-11-21-Life-Demine-768x164.png 768w, https:\/\/mon.uvic.cat\/nitrecerca\/files\/2020\/11\/Screenshot_2020-11-21-Life-Demine-1024x219.png 1024w, https:\/\/mon.uvic.cat\/nitrecerca\/files\/2020\/11\/Screenshot_2020-11-21-Life-Demine.png 1292w\" sizes=\"(max-width: 1292px) 100vw, 1292px\" \/><\/p>\n<p style=\"text-align: right;\"><strong>Xarxes socials:<\/strong><\/p>\n<p><a href=\"https:\/\/twitter.com\/life_demine\/\"><img decoding=\"async\" class=\"alignright wp-image-90 size-full\" src=\"http:\/\/mon.uvic.cat\/nitrecerca\/files\/2020\/10\/twitter-logo-6-e1602843185286.png\" alt=\"\" width=\"61\" height=\"50\" \/><\/a> <a href=\"https:\/\/www.linkedin.com\/groups\/12078855\/\"><img decoding=\"async\" class=\"alignright wp-image-106 size-full\" src=\"http:\/\/mon.uvic.cat\/nitrecerca\/files\/2020\/10\/Linkedin-simbolo-e1603709646542.png\" alt=\"\" width=\"51\" height=\"50\" \/><\/a> <a href=\"https:\/\/mon.uvic.cat\/life-demine\/\"><img decoding=\"async\" class=\"alignright wp-image-84 size-full\" src=\"http:\/\/mon.uvic.cat\/nitrecerca\/files\/2020\/10\/www-e1602843105399.png\" alt=\"\" width=\"50\" height=\"50\" \/><\/a><\/p>\n<\/div><\/div><\/div><\/div><\/div>\n","protected":false},"excerpt":{"rendered":"","protected":false},"author":613,"featured_media":0,"parent":0,"menu_order":0,"comment_status":"closed","ping_status":"closed","template":"","meta":{"footnotes":""},"class_list":["post-2345","page","type-page","status-publish","hentry"],"jetpack_sharing_enabled":true,"_links":{"self":[{"href":"https:\/\/mon.uvic.cat\/nitrecerca\/wp-json\/wp\/v2\/pages\/2345","targetHints":{"allow":["GET"]}}],"collection":[{"href":"https:\/\/mon.uvic.cat\/nitrecerca\/wp-json\/wp\/v2\/pages"}],"about":[{"href":"https:\/\/mon.uvic.cat\/nitrecerca\/wp-json\/wp\/v2\/types\/page"}],"author":[{"embeddable":true,"href":"https:\/\/mon.uvic.cat\/nitrecerca\/wp-json\/wp\/v2\/users\/613"}],"replies":[{"embeddable":true,"href":"https:\/\/mon.uvic.cat\/nitrecerca\/wp-json\/wp\/v2\/comments?post=2345"}],"version-history":[{"count":2,"href":"https:\/\/mon.uvic.cat\/nitrecerca\/wp-json\/wp\/v2\/pages\/2345\/revisions"}],"predecessor-version":[{"id":2624,"href":"https:\/\/mon.uvic.cat\/nitrecerca\/wp-json\/wp\/v2\/pages\/2345\/revisions\/2624"}],"wp:attachment":[{"href":"https:\/\/mon.uvic.cat\/nitrecerca\/wp-json\/wp\/v2\/media?parent=2345"}],"curies":[{"name":"wp","href":"https:\/\/api.w.org\/{rel}","templated":true}]}}