{"id":2343,"date":"2024-05-30T11:31:06","date_gmt":"2024-05-30T09:31:06","guid":{"rendered":"https:\/\/mon.uvic.cat\/nitrecerca\/?page_id=2343"},"modified":"2024-05-30T11:31:06","modified_gmt":"2024-05-30T09:31:06","slug":"life-migratoebre","status":"publish","type":"page","link":"https:\/\/mon.uvic.cat\/nitrecerca\/life-migratoebre\/","title":{"rendered":"Life MIGRATOEBRE"},"content":{"rendered":"<div class=\"fusion-fullwidth fullwidth-box fusion-builder-row-1 fusion-flex-container nonhundred-percent-fullwidth non-hundred-percent-height-scrolling\" style=\"--awb-border-radius-top-left:0px;--awb-border-radius-top-right:0px;--awb-border-radius-bottom-right:0px;--awb-border-radius-bottom-left:0px;--awb-flex-wrap:wrap;\" ><div class=\"fusion-builder-row fusion-row fusion-flex-align-items-flex-start fusion-flex-content-wrap\" style=\"max-width:1248px;margin-left: calc(-4% \/ 2 );margin-right: calc(-4% \/ 2 );\"><div class=\"fusion-layout-column fusion_builder_column fusion-builder-column-0 fusion_builder_column_1_1 1_1 fusion-flex-column\" style=\"--awb-bg-size:cover;--awb-width-large:100%;--awb-margin-top-large:0px;--awb-spacing-right-large:1.92%;--awb-margin-bottom-large:0px;--awb-spacing-left-large:1.92%;--awb-width-medium:100%;--awb-spacing-right-medium:1.92%;--awb-spacing-left-medium:1.92%;--awb-width-small:100%;--awb-spacing-right-small:1.92%;--awb-spacing-left-small:1.92%;\"><div class=\"fusion-column-wrapper fusion-flex-justify-content-flex-start fusion-content-layout-column\"><div class=\"fusion-text fusion-text-1\"><h3>Qu\u00e8 \u00e9s Life MIGRATOEBRE?<\/h3>\n<p><a href=\"https:\/\/www.migratoebre.eu\/\">Life MIGRATOEBRE<\/a>, &#8220;Recuperaci\u00f3 de peixos migradors i millora de la gesti\u00f3 al tram final del Riu Ebre&#8221;, \u00e9s un projecte europeu de recuperaci\u00f3 d&#8217;esp\u00e8cies de peixos migradors amena\u00e7ades i de millora de la gesti\u00f3 al tram final del riu Ebre, de FIix fins a la desembocadura al Delta. Aquest projecte, en el tram final del riu Ebre, vol ser un exemple de bones pr\u00e0ctiques per aplicar a d\u2019altres trams finals de rius europeus. El projecte s&#8217;ha executat entre setembre de 2016 i juny de 2018. En el projecte hi ha partricipar el <a href=\"https:\/\/mon.uvic.cat\/cerm\/\">Centre d&#8217;Estudis Mediterranis (CERM)<\/a>.<\/p>\n<p>S&#8217;han\u00a0 un conjunt de mesures pal\u00b7liatives per a contribuir a la millora de l\u2019hidromorfologia del riu, potenciant la connectivitat ecol\u00f2gica del mateix per als peixos migradors (aspectes recollits a la Directiva d\u2019Infraestructures Aqu\u00e0tiques i al Pla de recuperaci\u00f3 de l\u2019Anguila europea (Regualci\u00f3 1100\/2007).<\/p>\n<p>En paral\u00b7lel, les inversions es realitzaran sobre Espais natura 2000 i en esp\u00e8cies i h\u00e0bitats prioritaris de conservaci\u00f3 d\u2019acord a la Directiva d\u2019H\u00e0bitats tant a nivell local com regional.<\/p>\n<h3>Objectius<\/h3>\n<ul>\n<li>Recuperar poblacions sanes i sostenibles d&#8217;esturions, anguiles, sabogues i llamprees en un termini de 20-30 anys a l&#8217;Ebre inferior.<\/li>\n<li>Millorar significativament la connectivitat ecol\u00f2gica de la part baixa del riu Ebre, adaptant els obstacles actuals del tram final (assut de Xerta, assut d&#8217;Asc\u00f3 i presa de Flix) per permetre la migraci\u00f3 dels peixos (tant aigua amunt com aigua avall), augmentar en m\u00e9s de deu vegades la disponibilitat d&#8217;h\u00e0bitats de fresa per l&#8217;esturi\u00f3 europeu, la saboga i la llampresa i incrementar l&#8217;\u00e0rea de distribuci\u00f3 (i la millora de les possibilitats de creixement) de l&#8217;anguila.<\/li>\n<li>Involucrar la comunitat aix\u00ed com una xarxa \u00e0mplia de gestors de la natura, pagesos, pescadors, gestors de l&#8217;aigua, companyies el\u00e8ctriques, agents tur\u00edstics i autoritats d\u2019\u00e0mbits diversos per treballar junts en la recuperaci\u00f3 dels peixos migratoris i en la millora de la gesti\u00f3 ecol\u00f2gica al tram final del riu Ebre.<\/li>\n<li>Ser un projecte de refer\u00e8ncia i promoure, de manera integral, la millora de la connectivitat ecol\u00f2gica a la conca del riu Ebre.<\/li>\n<\/ul>\n<p>El projecte ha tingut un pressupost total de 1.565.070\u20ac i una durada de 4 anys. La iniciativa va estar promoguda per l\u2019IDECE (amb seu a Tortosa) amb la participaci\u00f3 del Departament d&#8217;Agricultura, Ramaderia i Pesca de la Generalitat de Catalunya (des de la seva Direcci\u00f3 General de Pesca i Afers Mar\u00edtims), l&#8217;IRTA (Centre d&#8217;Investigaci\u00f3 i Tecnologia Agroaliment\u00e0ries), la Fundaci\u00f3 Catalunya &#8211; La Pedrera i el Centre d&#8217;Estudis dels Rius Mediterranis (CERM). Tamb\u00e9 hi col\u00b7laboraren el Parc Natural del Delta de l\u2019Ebre, el Museu de les Terres de l\u2019Ebre (Amposta) i el Grup de Natura Freixe (Flix).<\/p>\n<h3>Material divulgatiu<\/h3>\n<h3><img decoding=\"async\" class=\"size-full alignnone\" src=\"https:\/\/www.migratoebre.eu\/wp-content\/uploads\/2015\/05\/Infograf_Migrato_1_CAT_Modif1.jpg\" width=\"1105\" height=\"1300\" \/><\/h3>\n<p>Us podeu descarregar el <strong><a href=\"http:\/\/www.migratoebre.eu\/pdf\/resum_projecte_life_nature_migratoebre.pdf\">resum del projecte<\/a>.<\/strong><\/p>\n<p><strong>Videos<\/strong><\/p>\n<div class=\"video-shortcode\"><iframe title=\"LIFE Migratoebre\" width=\"1200\" height=\"675\" src=\"https:\/\/www.youtube.com\/embed\/videoseries?list=PL4ynyIvSrxQshiBKyEWGSazn1vLhR5S8V\" frameborder=\"0\" allow=\"accelerometer; autoplay; clipboard-write; encrypted-media; gyroscope; picture-in-picture; web-share\" referrerpolicy=\"strict-origin-when-cross-origin\" allowfullscreen><\/iframe><\/div>\n<h3><\/h3>\n<h3>Materials Educatius<\/h3>\n<p><a class=\"btn custom-button-color\" href=\"http:\/\/www.migratoebre.eu\/pdf\/Quadern%20professor%202.pdf\" target=\"_blank\" rel=\"noopener noreferrer\">Quadern Professor<\/a><\/p>\n<p><a class=\"btn custom-button-color\" href=\"http:\/\/www.migratoebre.eu\/pdf\/Quadern%20alumne.pdf\" target=\"_blank\" rel=\"noopener noreferrer\">Quadern Alumne<\/a><\/p>\n<h3>Partners<\/h3>\n<p><img decoding=\"async\" class=\"size-full wp-image-946 alignleft\" src=\"http:\/\/mon.uvic.cat\/nitrecerca\/files\/2020\/11\/Screenshot_2020-11-21-MIGRATOEBRE.png\" alt=\"\" width=\"1133\" height=\"386\" srcset=\"https:\/\/mon.uvic.cat\/nitrecerca\/files\/2020\/11\/Screenshot_2020-11-21-MIGRATOEBRE-300x102.png 300w, https:\/\/mon.uvic.cat\/nitrecerca\/files\/2020\/11\/Screenshot_2020-11-21-MIGRATOEBRE-768x262.png 768w, https:\/\/mon.uvic.cat\/nitrecerca\/files\/2020\/11\/Screenshot_2020-11-21-MIGRATOEBRE-1024x349.png 1024w, https:\/\/mon.uvic.cat\/nitrecerca\/files\/2020\/11\/Screenshot_2020-11-21-MIGRATOEBRE.png 1133w\" sizes=\"(max-width: 1133px) 100vw, 1133px\" \/><img decoding=\"async\" class=\"size-full wp-image-947 alignnone\" src=\"http:\/\/mon.uvic.cat\/nitrecerca\/files\/2020\/11\/lolife.png\" alt=\"\" width=\"71\" height=\"53\" \/> <img decoding=\"async\" class=\"size-full wp-image-948 alignnone\" src=\"http:\/\/mon.uvic.cat\/nitrecerca\/files\/2020\/11\/lonatura_tamany.jpg\" alt=\"\" width=\"75\" height=\"57\" \/><\/p>\n<p style=\"text-align: right;\"><strong>Xarxes socials:<\/strong><\/p>\n<p><a href=\"https:\/\/www.facebook.com\/migratoebre\"><img decoding=\"async\" class=\"alignright wp-image-109 size-full\" src=\"http:\/\/mon.uvic.cat\/nitrecerca\/files\/2020\/10\/kisspng-facebook-inc-logo-computer-icons-facebook-messen-5af555fc052f34.7337436815260277720212-e1603710075588.png\" alt=\"\" width=\"50\" height=\"50\" \/><\/a> <a href=\"https:\/\/twitter.com\/migratoebre\"><img decoding=\"async\" class=\"alignright wp-image-90 size-full\" src=\"http:\/\/mon.uvic.cat\/nitrecerca\/files\/2020\/10\/twitter-logo-6-e1602843185286.png\" alt=\"\" width=\"61\" height=\"50\" \/><\/a> <a href=\"https:\/\/www.instagram.com\/migratoebre\/\"><img decoding=\"async\" class=\"alignright wp-image-111 size-full\" src=\"http:\/\/mon.uvic.cat\/nitrecerca\/files\/2020\/10\/instagram-e1603711009226.png\" alt=\"\" width=\"50\" height=\"50\" \/><\/a> <a href=\"https:\/\/www.youtube.com\/channel\/UC2X77UbQjFyKNvsAkDW_Gcg\"><img decoding=\"async\" class=\"alignright wp-image-91 size-full\" src=\"http:\/\/mon.uvic.cat\/nitrecerca\/files\/2020\/10\/youtube-bona-e1602843206303.jpg\" alt=\"\" width=\"71\" height=\"50\" \/><\/a> <a href=\"https:\/\/www.migratoebre.eu\/\"><img decoding=\"async\" class=\"alignright wp-image-84 size-full\" src=\"http:\/\/mon.uvic.cat\/nitrecerca\/files\/2020\/10\/www-e1602843105399.png\" alt=\"\" width=\"50\" height=\"50\" \/><\/a><\/p>\n<\/div><\/div><\/div><\/div><\/div>\n","protected":false},"excerpt":{"rendered":"","protected":false},"author":613,"featured_media":0,"parent":0,"menu_order":0,"comment_status":"closed","ping_status":"closed","template":"","meta":{"footnotes":""},"class_list":["post-2343","page","type-page","status-publish","hentry"],"jetpack_sharing_enabled":true,"_links":{"self":[{"href":"https:\/\/mon.uvic.cat\/nitrecerca\/wp-json\/wp\/v2\/pages\/2343","targetHints":{"allow":["GET"]}}],"collection":[{"href":"https:\/\/mon.uvic.cat\/nitrecerca\/wp-json\/wp\/v2\/pages"}],"about":[{"href":"https:\/\/mon.uvic.cat\/nitrecerca\/wp-json\/wp\/v2\/types\/page"}],"author":[{"embeddable":true,"href":"https:\/\/mon.uvic.cat\/nitrecerca\/wp-json\/wp\/v2\/users\/613"}],"replies":[{"embeddable":true,"href":"https:\/\/mon.uvic.cat\/nitrecerca\/wp-json\/wp\/v2\/comments?post=2343"}],"version-history":[{"count":2,"href":"https:\/\/mon.uvic.cat\/nitrecerca\/wp-json\/wp\/v2\/pages\/2343\/revisions"}],"predecessor-version":[{"id":2626,"href":"https:\/\/mon.uvic.cat\/nitrecerca\/wp-json\/wp\/v2\/pages\/2343\/revisions\/2626"}],"wp:attachment":[{"href":"https:\/\/mon.uvic.cat\/nitrecerca\/wp-json\/wp\/v2\/media?parent=2343"}],"curies":[{"name":"wp","href":"https:\/\/api.w.org\/{rel}","templated":true}]}}