{"id":2341,"date":"2024-05-30T11:35:35","date_gmt":"2024-05-30T09:35:35","guid":{"rendered":"https:\/\/mon.uvic.cat\/nitrecerca\/?page_id=2341"},"modified":"2024-05-30T11:35:35","modified_gmt":"2024-05-30T09:35:35","slug":"pactores","status":"publish","type":"page","link":"https:\/\/mon.uvic.cat\/nitrecerca\/pactores\/","title":{"rendered":"PACTORES"},"content":{"rendered":"<div class=\"fusion-fullwidth fullwidth-box fusion-builder-row-1 fusion-flex-container nonhundred-percent-fullwidth non-hundred-percent-height-scrolling\" style=\"--awb-border-radius-top-left:0px;--awb-border-radius-top-right:0px;--awb-border-radius-bottom-right:0px;--awb-border-radius-bottom-left:0px;--awb-flex-wrap:wrap;\" ><div class=\"fusion-builder-row fusion-row fusion-flex-align-items-flex-start fusion-flex-content-wrap\" style=\"max-width:1248px;margin-left: calc(-4% \/ 2 );margin-right: calc(-4% \/ 2 );\"><div class=\"fusion-layout-column fusion_builder_column fusion-builder-column-0 fusion_builder_column_1_1 1_1 fusion-flex-column\" style=\"--awb-bg-size:cover;--awb-width-large:100%;--awb-margin-top-large:0px;--awb-spacing-right-large:1.92%;--awb-margin-bottom-large:0px;--awb-spacing-left-large:1.92%;--awb-width-medium:100%;--awb-spacing-right-medium:1.92%;--awb-spacing-left-medium:1.92%;--awb-width-small:100%;--awb-spacing-right-small:1.92%;--awb-spacing-left-small:1.92%;\"><div class=\"fusion-column-wrapper fusion-flex-justify-content-flex-start fusion-content-layout-column\"><div class=\"fusion-text fusion-text-1\"><h3>Qu\u00e8 \u00e9s PACTORES?<\/h3>\n<p><a href=\"http:\/\/www.pactores.eu\/\">PACTORES<\/a>, &#8220;<span lang=\"EN-US\">Ecosystem services and Society as key elements of agro-pastoral systems in the Mediterranean&#8221; \u00e9s un projecte europeu (ERANET2017-2020) que <\/span>adopta un enfocament de sistemes socioecol\u00f2gics (SES) per examinar els APS mediterranis, considerant que les persones i la natura interactuen rec\u00edprocament mitjan\u00e7ant complexos bucles de retroalimentaci\u00f3. Per tant, el projecte considerar\u00e0 components tant ecol\u00f2gics com humans, integrant ci\u00e8ncies ecol\u00f2giques i socials per millorar la comprensi\u00f3 de l\u2019APS a la Mediterr\u00e0nia.<\/p>\n<p>El projecte PACTORES \u00e9s una col\u00b7laboraci\u00f3 entre un consorci interdisciplinari, amb 10 centres de recerca que treballen col\u00b7lectivament en 7 estudis de casos que abasten 6 pa\u00efsos de la conca mediterr\u00e0nia. El car\u00e0cter internacional i transversal de la investigaci\u00f3 no nom\u00e9s es beneficiar\u00e0 d\u2019una perspectiva i experi\u00e8ncia \u00e0mplies, sin\u00f3 que fomentar\u00e0 encara m\u00e9s la comunicaci\u00f3 entre els pa\u00efsos participants i donar\u00e0 suport al desenvolupament d\u2019un marc cient\u00edfic i pol\u00edtic coherent.<\/p>\n<p>Per part de la UVic-UCC hi participen en el projecte Marta Guadalupe Rivera i Feliu L\u00f3pez, membres de la <a href=\"https:\/\/mon.uvic.cat\/catedra-agroecologia\/es\/\">C\u00e0tedra d&#8217;Agroecologia i Sistemes Alimentaris<\/a>.<\/p>\n<p>Les interaccions efectives entre \u00e0mbits sociopol\u00edtics, econ\u00f2mics i mediambientals seran una fortalesa clau del projecte. Aplicant una combinaci\u00f3 d\u2019eines d\u2019\u00faltima generaci\u00f3 i convencionals que inclouen enfocaments qualitatius i quantitatius basats en enquestes, el car\u00e0cter complex i multifuncional de l\u2019APS mediterr\u00e0nia s\u2019aclarir\u00e0 a trav\u00e9s dels estudis de casos.<\/p>\n<p>Un component b\u00e0sic del projecte \u00e9s la presentaci\u00f3 de resultats clau a les parts interessades i parts de la societat, amb un component altament participatiu. Amb aquest objectiu s\u2019entrella\u00e7a la promoci\u00f3 del treball en xarxa entre actors i l\u2019establiment d\u2019un marc com\u00fa per a col\u00b7laboracions actuals i futures.<\/p>\n<p>El projecte va comen\u00e7ar al desembre de 2017 i finalitzar\u00e0 al desembre del 2020.<\/p>\n<h3>Objectius<\/h3>\n<p>PACTORES t\u00e9 com a objectiu examinar les coincid\u00e8ncies entre comunitats pastorals i expectatives socials, utilitzant un enfocament multidisciplinari per veure els APS mediterranis com a sistemes socioecol\u00f2gics complexos. Aquest objectiu es duu a terme mitjan\u00e7ant dos objectius principals:<\/p>\n<ol>\n<li>Identificaci\u00f3 dels principals colls d&#8217;ampolla que dificulten la viabilitat de les comunitats agropastorals, amb un enfocament en les millors pr\u00e0ctiques en termes de consideracions ambientals, socioecon\u00f2miques i pol\u00edtiques.<\/li>\n<li>La transmissi\u00f3 d&#8217;informaci\u00f3 a p\u00fablics clau sobre la capacitat real de l&#8217;APS mediterr\u00e0nia per proporcionar nombrosos beneficis socials.<\/li>\n<\/ol>\n<h3>Material divulgatiu<\/h3>\n<p>Aquest v\u00eddeo, produ\u00eft per la C\u00e0tedra d&#8217;Agroecologia i Sistemes Alimentaris de la UVIC-UCC en col\u00b7laboraci\u00f3 amb el CREDA, pret\u00e9n contribuir a la discussi\u00f3 sobre el canvi clim\u00e0tic i la producci\u00f3 ramadera arribant a un p\u00fablic m\u00e9s ampli i proporcionant informaci\u00f3 clara i concisa. El v\u00eddeo, basat en investigacions sobre sistemes agro-pastorals a la Mediterr\u00e0nia, demostra com la ramaderia extensiva es veu afectada pel canvi clim\u00e0tic i com tamb\u00e9 pot ajudar a mitigar algunes de les conseq\u00fc\u00e8ncies negatives associades a aquests canvis. A m\u00e9s, identifica algunes de les q\u00fcestions que limiten la viabilitat de les pr\u00e0ctiques de gesti\u00f3 ramadera extensiva, com la intensificaci\u00f3 excessiva dels sistemes de producci\u00f3, la compet\u00e8ncia d\u2019\u00fas del s\u00f2l i els canvis en els patrons socioecon\u00f2mics.<\/p>\n<div class=\"video-shortcode\"><iframe title=\"La ganader\u00eda extensiva: una oportunidad frente al cambio clim\u00e1tico\" width=\"1200\" height=\"675\" src=\"https:\/\/www.youtube.com\/embed\/2ViTg4D15CA?feature=oembed\" frameborder=\"0\" allow=\"accelerometer; autoplay; clipboard-write; encrypted-media; gyroscope; picture-in-picture; web-share\" referrerpolicy=\"strict-origin-when-cross-origin\" allowfullscreen><\/iframe><\/div>\n<h3>Partners<\/h3>\n<p><img decoding=\"async\" class=\"size-full wp-image-952 alignnone\" src=\"http:\/\/mon.uvic.cat\/nitrecerca\/files\/2020\/11\/partners-7.png\" alt=\"\" width=\"1249\" height=\"150\" srcset=\"https:\/\/mon.uvic.cat\/nitrecerca\/files\/2020\/11\/partners-7-300x36.png 300w, https:\/\/mon.uvic.cat\/nitrecerca\/files\/2020\/11\/partners-7-768x92.png 768w, https:\/\/mon.uvic.cat\/nitrecerca\/files\/2020\/11\/partners-7-1024x123.png 1024w, https:\/\/mon.uvic.cat\/nitrecerca\/files\/2020\/11\/partners-7.png 1249w\" sizes=\"(max-width: 1249px) 100vw, 1249px\" \/><\/p>\n<p><img decoding=\"async\" class=\"alignleft size-full wp-image-953\" src=\"http:\/\/mon.uvic.cat\/nitrecerca\/files\/2020\/11\/eranetSevenLogo-3.png\" alt=\"\" width=\"200\" height=\"26\" \/> <img decoding=\"async\" class=\"size-full wp-image-954 alignnone\" src=\"http:\/\/mon.uvic.cat\/nitrecerca\/files\/2020\/11\/ministerio-economia-logo.png\" alt=\"\" width=\"151\" height=\"39\" \/><\/p>\n<p style=\"text-align: right;\"><strong>Xarxes socials:<\/strong><\/p>\n<p><a href=\"https:\/\/www.facebook.com\/PACTORES.EU\"><img decoding=\"async\" class=\"alignright wp-image-109 size-full\" src=\"http:\/\/mon.uvic.cat\/nitrecerca\/files\/2020\/10\/kisspng-facebook-inc-logo-computer-icons-facebook-messen-5af555fc052f34.7337436815260277720212-e1603710075588.png\" alt=\"\" width=\"50\" height=\"50\" \/><\/a>\u00a0 <a href=\"http:\/\/www.pactores.eu\/\"><img decoding=\"async\" class=\"alignright wp-image-84 size-full\" src=\"http:\/\/mon.uvic.cat\/nitrecerca\/files\/2020\/10\/www-e1602843105399.png\" alt=\"\" width=\"50\" height=\"50\" \/><\/a><\/p>\n<\/div><\/div><\/div><\/div><\/div>\n","protected":false},"excerpt":{"rendered":"","protected":false},"author":613,"featured_media":0,"parent":0,"menu_order":0,"comment_status":"closed","ping_status":"closed","template":"","meta":{"footnotes":""},"class_list":["post-2341","page","type-page","status-publish","hentry"],"jetpack_sharing_enabled":true,"_links":{"self":[{"href":"https:\/\/mon.uvic.cat\/nitrecerca\/wp-json\/wp\/v2\/pages\/2341","targetHints":{"allow":["GET"]}}],"collection":[{"href":"https:\/\/mon.uvic.cat\/nitrecerca\/wp-json\/wp\/v2\/pages"}],"about":[{"href":"https:\/\/mon.uvic.cat\/nitrecerca\/wp-json\/wp\/v2\/types\/page"}],"author":[{"embeddable":true,"href":"https:\/\/mon.uvic.cat\/nitrecerca\/wp-json\/wp\/v2\/users\/613"}],"replies":[{"embeddable":true,"href":"https:\/\/mon.uvic.cat\/nitrecerca\/wp-json\/wp\/v2\/comments?post=2341"}],"version-history":[{"count":2,"href":"https:\/\/mon.uvic.cat\/nitrecerca\/wp-json\/wp\/v2\/pages\/2341\/revisions"}],"predecessor-version":[{"id":2634,"href":"https:\/\/mon.uvic.cat\/nitrecerca\/wp-json\/wp\/v2\/pages\/2341\/revisions\/2634"}],"wp:attachment":[{"href":"https:\/\/mon.uvic.cat\/nitrecerca\/wp-json\/wp\/v2\/media?parent=2341"}],"curies":[{"name":"wp","href":"https:\/\/api.w.org\/{rel}","templated":true}]}}