{"id":2339,"date":"2024-05-30T11:44:01","date_gmt":"2024-05-30T09:44:01","guid":{"rendered":"https:\/\/mon.uvic.cat\/nitrecerca\/?page_id=2339"},"modified":"2024-05-30T11:44:01","modified_gmt":"2024-05-30T09:44:01","slug":"reflow","status":"publish","type":"page","link":"https:\/\/mon.uvic.cat\/nitrecerca\/reflow\/","title":{"rendered":"REFLOW"},"content":{"rendered":"<div class=\"fusion-fullwidth fullwidth-box fusion-builder-row-1 fusion-flex-container nonhundred-percent-fullwidth non-hundred-percent-height-scrolling\" style=\"--awb-border-radius-top-left:0px;--awb-border-radius-top-right:0px;--awb-border-radius-bottom-right:0px;--awb-border-radius-bottom-left:0px;--awb-flex-wrap:wrap;\" ><div class=\"fusion-builder-row fusion-row fusion-flex-align-items-flex-start fusion-flex-content-wrap\" style=\"max-width:1248px;margin-left: calc(-4% \/ 2 );margin-right: calc(-4% \/ 2 );\"><div class=\"fusion-layout-column fusion_builder_column fusion-builder-column-0 fusion_builder_column_1_1 1_1 fusion-flex-column\" style=\"--awb-bg-size:cover;--awb-width-large:100%;--awb-margin-top-large:0px;--awb-spacing-right-large:1.92%;--awb-margin-bottom-large:0px;--awb-spacing-left-large:1.92%;--awb-width-medium:100%;--awb-spacing-right-medium:1.92%;--awb-spacing-left-medium:1.92%;--awb-width-small:100%;--awb-spacing-right-small:1.92%;--awb-spacing-left-small:1.92%;\"><div class=\"fusion-column-wrapper fusion-flex-justify-content-flex-start fusion-content-layout-column\"><div class=\"fusion-text fusion-text-1\"><h3>Qu\u00e8 \u00e9s REFLOW?<\/h3>\n<p><a href=\"https:\/\/etn-reflow.eu\/\">REFLOW<\/a>, &#8220;Phosphorus recovery for fertilisers from Dairy Waste&#8221;, \u00e9s una xarxa interdisciplin\u00e0ria de formaci\u00f3 europea intersectorial que combina cient\u00edfics l\u00edders mundials i grups d&#8217;inter\u00e8s clau en processament de productes lactis, producci\u00f3 de fertilitzants i reciclatge de f\u00f2sfor amb investigadors en fase inicial per abordar importants reptes t\u00e8cnics i socioecon\u00f2mics associats a la recuperaci\u00f3 de f\u00f2sfor de productes lactis el processament de les aig\u00fces residuals i el seu reciclatge en productes fertilitzants que permetin una expansi\u00f3 sostenible de la ind\u00fastria l\u00e0ctia a Europa.<\/p>\n<p>REFLOW est\u00e0 liderat per la Universitat de Limerick (Irlanda) i el consorci est\u00e0 format per 10 socis beneficiaris, entre els quals hi ha el CT BETA, i 14 entitats associades. Entre d\u2019altres, el projecte compta amb la participaci\u00f3 de la Universitat de Wageningen, el Teagasc d\u2019Irlanda, la Universitat de Ghent, la Universitat d\u2019Aarhus, el Joint Research Centre (JRC) de la Comissi\u00f3 Europea i empreses com Prayon i Strane. De forma conjunta impulsaran, entre altres iniciatives, projectes d\u2019investigaci\u00f3 individualitzats, estades de recerca internacionals i intersectorials, cursos i tallers impartits per socis industrials i professorat acad\u00e8mic.<\/p>\n<p>El projecte tindr\u00e0 una durada de 4 anys (2019-2022). El pressupost i finan\u00e7ament total del REFLOW \u00e9s de 3.469.774 euros, dels quals 501.809 estan destinats al CT BETA-UVic-UCC. Es tracta d\u2019una Acci\u00f3 Marie Sklodowska-Curie, en el marc del programa H2020.<\/p>\n<h3>Objectius<\/h3>\n<ul>\n<li>Mitigar l\u2019impacte mediambiental dels residus de processament de productes lactis sobre el s\u00f2l i l\u2019aigua.<\/li>\n<li>Proporcionar solucions segures del medi ambient sostenibles i rendibles en bucle tancat per a la gesti\u00f3 dels nutrients dels cultius.<\/li>\n<li>Satisfer la demanda de professionals qualificats per donar suport a la t\u00e8cnica, desenvolupament regulador i comercial del mercat de productes fertilitzants reciclats de f\u00f2sfor d&#8217;acord amb els lliuraments del paquet d&#8217;economia circular.<\/li>\n<\/ul>\n<h3>Material divulgatiu<\/h3>\n<div class=\"video-shortcode\"><iframe title=\"REFLOW: Network Overview\" width=\"1200\" height=\"675\" src=\"https:\/\/www.youtube.com\/embed\/A7G_eCqTv_w?feature=oembed\" frameborder=\"0\" allow=\"accelerometer; autoplay; clipboard-write; encrypted-media; gyroscope; picture-in-picture; web-share\" referrerpolicy=\"strict-origin-when-cross-origin\" allowfullscreen><\/iframe><\/div>\n<p><a href=\"https:\/\/mailchi.mp\/162dd6479664\/reflow-newsletter-1\" target=\"_blank\" rel=\"noreferrer noopener\">REFLOW Project Newsletter Nr 01 (May 2020)<\/a><\/p>\n<p><a href=\"https:\/\/mailchi.mp\/9943a60e5faa\/reflow-project-newsletter-2\" target=\"_blank\" rel=\"noreferrer noopener\">REFLOW Project Newsletter Nr 02 (February 2021)<\/a><\/p>\n<p><a href=\"https:\/\/mailchi.mp\/f9bad5d4f764\/reflow-project-newsletter-3\" target=\"_blank\" rel=\"noopener\">REFLOW Project Newsletter Nr 03 (June 2021)<\/a><\/p>\n<h3>Partners<\/h3>\n<p><img decoding=\"async\" class=\"size-full wp-image-960 alignnone\" src=\"http:\/\/mon.uvic.cat\/nitrecerca\/files\/2020\/11\/f5c05561-47ec-4f6c-9f44-76a2b943973d.png\" alt=\"\" width=\"820\" height=\"312\" srcset=\"https:\/\/mon.uvic.cat\/nitrecerca\/files\/2020\/11\/f5c05561-47ec-4f6c-9f44-76a2b943973d-300x114.png 300w, https:\/\/mon.uvic.cat\/nitrecerca\/files\/2020\/11\/f5c05561-47ec-4f6c-9f44-76a2b943973d-768x292.png 768w, https:\/\/mon.uvic.cat\/nitrecerca\/files\/2020\/11\/f5c05561-47ec-4f6c-9f44-76a2b943973d.png 820w\" sizes=\"(max-width: 820px) 100vw, 820px\" \/><\/p>\n<p style=\"text-align: right;\"><strong>Xarxes socials:<\/strong><\/p>\n<p><a href=\"https:\/\/www.facebook.com\/ETNReflow\"><img decoding=\"async\" class=\"alignright wp-image-109 size-full\" src=\"http:\/\/mon.uvic.cat\/nitrecerca\/files\/2020\/10\/kisspng-facebook-inc-logo-computer-icons-facebook-messen-5af555fc052f34.7337436815260277720212-e1603710075588.png\" alt=\"\" width=\"50\" height=\"50\" \/><\/a> <a href=\"https:\/\/twitter.com\/ETNReflow\"><img decoding=\"async\" class=\"alignright wp-image-90 size-full\" src=\"http:\/\/mon.uvic.cat\/nitrecerca\/files\/2020\/10\/twitter-logo-6-e1602843185286.png\" alt=\"\" width=\"61\" height=\"50\" \/><\/a> <a href=\"https:\/\/www.instagram.com\/etnreflow\/\"><img decoding=\"async\" class=\"alignright wp-image-111 size-full\" src=\"http:\/\/mon.uvic.cat\/nitrecerca\/files\/2020\/10\/instagram-e1603711009226.png\" alt=\"\" width=\"50\" height=\"50\" \/><\/a> <a href=\"https:\/\/www.linkedin.com\/company\/reflow-etn\/\"><img decoding=\"async\" class=\"alignright wp-image-106 size-full\" src=\"http:\/\/mon.uvic.cat\/nitrecerca\/files\/2020\/10\/Linkedin-simbolo-e1603709646542.png\" alt=\"\" width=\"51\" height=\"50\" \/><\/a> <a href=\"https:\/\/www.youtube.com\/channel\/UCrtrMb_PW4LlmyGg_P3tcGA\"><img decoding=\"async\" class=\"alignright wp-image-91 size-full\" src=\"http:\/\/mon.uvic.cat\/nitrecerca\/files\/2020\/10\/youtube-bona-e1602843206303.jpg\" alt=\"\" width=\"71\" height=\"50\" \/><\/a> <a href=\"https:\/\/etn-reflow.eu\/\"><img decoding=\"async\" class=\"alignright wp-image-84 size-full\" src=\"http:\/\/mon.uvic.cat\/nitrecerca\/files\/2020\/10\/www-e1602843105399.png\" alt=\"\" width=\"50\" height=\"50\" \/><\/a><\/p>\n<\/div><\/div><\/div><\/div><\/div>\n","protected":false},"excerpt":{"rendered":"","protected":false},"author":613,"featured_media":0,"parent":0,"menu_order":0,"comment_status":"closed","ping_status":"closed","template":"","meta":{"footnotes":""},"class_list":["post-2339","page","type-page","status-publish","hentry"],"jetpack_sharing_enabled":true,"_links":{"self":[{"href":"https:\/\/mon.uvic.cat\/nitrecerca\/wp-json\/wp\/v2\/pages\/2339","targetHints":{"allow":["GET"]}}],"collection":[{"href":"https:\/\/mon.uvic.cat\/nitrecerca\/wp-json\/wp\/v2\/pages"}],"about":[{"href":"https:\/\/mon.uvic.cat\/nitrecerca\/wp-json\/wp\/v2\/types\/page"}],"author":[{"embeddable":true,"href":"https:\/\/mon.uvic.cat\/nitrecerca\/wp-json\/wp\/v2\/users\/613"}],"replies":[{"embeddable":true,"href":"https:\/\/mon.uvic.cat\/nitrecerca\/wp-json\/wp\/v2\/comments?post=2339"}],"version-history":[{"count":2,"href":"https:\/\/mon.uvic.cat\/nitrecerca\/wp-json\/wp\/v2\/pages\/2339\/revisions"}],"predecessor-version":[{"id":2645,"href":"https:\/\/mon.uvic.cat\/nitrecerca\/wp-json\/wp\/v2\/pages\/2339\/revisions\/2645"}],"wp:attachment":[{"href":"https:\/\/mon.uvic.cat\/nitrecerca\/wp-json\/wp\/v2\/media?parent=2339"}],"curies":[{"name":"wp","href":"https:\/\/api.w.org\/{rel}","templated":true}]}}