{"id":2313,"date":"2024-05-30T11:21:30","date_gmt":"2024-05-30T09:21:30","guid":{"rendered":"https:\/\/mon.uvic.cat\/nitrecerca\/?page_id=2313"},"modified":"2024-05-30T11:21:30","modified_gmt":"2024-05-30T09:21:30","slug":"innotranslact","status":"publish","type":"page","link":"https:\/\/mon.uvic.cat\/nitrecerca\/innotranslact\/","title":{"rendered":"INNOTRANSLACT"},"content":{"rendered":"<div class=\"fusion-fullwidth fullwidth-box fusion-builder-row-1 fusion-flex-container nonhundred-percent-fullwidth non-hundred-percent-height-scrolling\" style=\"--awb-border-radius-top-left:0px;--awb-border-radius-top-right:0px;--awb-border-radius-bottom-right:0px;--awb-border-radius-bottom-left:0px;--awb-flex-wrap:wrap;\" ><div class=\"fusion-builder-row fusion-row fusion-flex-align-items-flex-start fusion-flex-content-wrap\" style=\"max-width:1248px;margin-left: calc(-4% \/ 2 );margin-right: calc(-4% \/ 2 );\"><div class=\"fusion-layout-column fusion_builder_column fusion-builder-column-0 fusion_builder_column_1_1 1_1 fusion-flex-column\" style=\"--awb-bg-size:cover;--awb-width-large:100%;--awb-margin-top-large:0px;--awb-spacing-right-large:1.92%;--awb-margin-bottom-large:0px;--awb-spacing-left-large:1.92%;--awb-width-medium:100%;--awb-spacing-right-medium:1.92%;--awb-spacing-left-medium:1.92%;--awb-width-small:100%;--awb-spacing-right-small:1.92%;--awb-spacing-left-small:1.92%;\"><div class=\"fusion-column-wrapper fusion-flex-justify-content-flex-start fusion-content-layout-column\"><div class=\"fusion-text fusion-text-1\"><h3>Qu\u00e8 \u00e9s INNOTRANSLACT?<\/h3>\n<p><a href=\"https:\/\/www.innotranslact.com\/ca\/inici\/\">INNOTRANSLACT<\/a> \u00e9s un projecte europeu, co-finan\u00e7at pel programa\u00a0<a href=\"https:\/\/www.poctefa.eu\/\">Programa Interreg POCTEFA<\/a>\u00a0dins del\u00a0<a href=\"http:\/\/ec.europa.eu\/regional_policy\/en\/funding\/erdf\/\">Fons Europeu de Desenvolupament Regional (FEDER)<\/a>. Aquest projecte, que tindr\u00e0 una durada de 3 anys, t\u00e9 com a objectiu estimular i impulsar la innovaci\u00f3 i la competitivitat del sector lleter tradicional transfronterer. A trav\u00e9s de la col\u00b7laboraci\u00f3 dels agents a ambd\u00f3s costats de la frontera entre Espanya i Fran\u00e7a, \u00e9s vol oferir formaci\u00f3 al sector lleter i desenvolupar conjuntament productes comercialitzables i solucions innovadores adaptades a les necessitats i capacitats del sector.<\/p>\n<h3>Objectius<\/h3>\n<p>Els objectius generals del projecte INNOTRANSLACT s\u00f3n diversos. D\u2019una banda, \u00e9s indispensable impulsar la col\u00b7laboraci\u00f3 entre centres tecnol\u00f2gics i petites empreses del sector lleter tradicional, treballant per a adaptar la demanda i les capacitats del teixit productiu. L\u2019assoliment d\u2019aquest objectiu, l\u2019impuls de la innovaci\u00f3 i diversificaci\u00f3 de nous productes per les petites empreses del sector lleter tradicional, \u00e9s absolutament necessari i ha de permetre afavorir la millora de la competitivitat de les empreses.<\/p>\n<p>La col\u00b7laboraci\u00f3 \u00e9s un dels pilars d\u2019aquest projecte i en concret la cooperaci\u00f3 transfronterera entre els centres tecnol\u00f2gics i de recerca ser\u00e0 un altre objectiu a complir per facilitar la transfer\u00e8ncia de coneixement a les empreses. A la vegada tamb\u00e9 es pret\u00e9n intensificar les relacions entre les empreses d\u2019aquest sector per tal d\u2019obrir vies de col\u00b7laboraci\u00f3 amb la finalitat de potenciar la comercialitzaci\u00f3 de productes i promoure el posicionament dels productes lactis tradicionals en el mercat.<\/p>\n<p>El medi ambient tamb\u00e9 jugar\u00e0 un paper important en INNOTRANSLACT. Enfortir les compet\u00e8ncies professionals en el sector, donant especial import\u00e0ncia als aspectes de respecte i protecci\u00f3 ambientals a trav\u00e9s de la innovaci\u00f3 en un sentit ampli, ser\u00e0 un altre punt clau a tenir en compte pel creixement sostenible i el desenvolupament.<\/p>\n<h4 data-fontsize=\"35\" data-lineheight=\"45\">Innovaci\u00f3 i comercialitzaci\u00f3 de nous productes<\/h4>\n<p>El projecte pret\u00e9n promoure la innovaci\u00f3 en el sector l\u00e0ctic tradicional transfronterer desenvolupant un ventall de nous productes lactis que siguin f\u00e0cilment transferibles i assumibles des del punt de vista t\u00e8cnic i econ\u00f2mic i que permeti almenys a 50 productors\/transformadors diversificar la seva activitat.<\/p>\n<h4 data-fontsize=\"35\" data-lineheight=\"45\">Transfer\u00e8ncia de coneixement i formaci\u00f3 del sector lleter tradicional<\/h4>\n<p>Durant els 3 anys de durada del projecte INNOTRANSLACT, es duran a terme diversos seminaris i accions formatives dirigides a productors lactis tradicionals relacionades amb els temes seg\u00fcents:<\/p>\n<ul>\n<li>Gesti\u00f3 i producci\u00f3 sostenible de llet<\/li>\n<li>Tecnologies de processament de productes lactis<\/li>\n<li>Transfer\u00e8ncia de tecnologia sobre el desenvolupament de nous productes lactis<\/li>\n<li>Formaci\u00f3 de comercialitzaci\u00f3 de productes lactis<\/li>\n<li>T\u00e8cniques de revaloraci\u00f3 de s\u00e8rum de llet<\/li>\n<li>Import\u00e0ncia de la producci\u00f3 i desenvolupament sostenible dels centres de producci\u00f3<\/li>\n<\/ul>\n<h4 data-fontsize=\"35\" data-lineheight=\"45\">Col\u00b7laboraci\u00f3 transfronterera<\/h4>\n<p>Totes les accions del projecte es duran a terme en col\u00b7laboraci\u00f3 entre els diferents socis del projecte (centres tecnol\u00f2gics, universitats, agents del sector lleter tradicional), essent\u00a0\u00a0 els productors lactis artesanals d\u2019 Euskadi, Catalunya i Fran\u00e7a els principals beneficiaris d\u2019aquesta col\u00b7laboraci\u00f3.<br \/>\nEs pret\u00e9n establir una associaci\u00f3 transfronterera dels productors de llet, que afavoreixi les accions de cooperaci\u00f3 entre els agents d\u2019ambd\u00f3s costats de la frontera i permeti donar continu\u00eftat al projecte Innolact m\u00e9s enll\u00e0 dels 3 anys de durada prevista ara per ara.<\/p>\n<h4 data-fontsize=\"35\" data-lineheight=\"45\">Producci\u00f3n y crecimiento sostenible<\/h4>\n<p>Durant el projecte es desenvolupar\u00e0 una eina per a la sostenibilitat ambiental i econ\u00f2mica que qualsevol productor del sector l\u00e0ctic artesanal podr\u00e0 d\u2019utilitzar per identificar punts millorables i prendre mesures per a promoure la sostenibilitat del medi ambient en les seves unitats productives, contribuint a millorar l\u2019efici\u00e8ncia en el consum d\u2019aigua, energia, etc.<\/p>\n<p>Podeu seguir les not\u00edcies del projecte <a href=\"https:\/\/www.innotranslact.com\/ca\/noticies\/\">aqu\u00ed<\/a>.<\/p>\n<p><a href=\"http:\/\/mon.uvic.cat\/nitrecerca\/portfolio\/innotranslact\/innotranslact\/\" rel=\"attachment wp-att-994\"><img decoding=\"async\" class=\"size-full wp-image-994 aligncenter\" src=\"http:\/\/mon.uvic.cat\/nitrecerca\/files\/2020\/11\/Innotranslact.png\" alt=\"\" width=\"1148\" height=\"1068\" srcset=\"https:\/\/mon.uvic.cat\/nitrecerca\/files\/2020\/11\/Innotranslact-300x279.png 300w, https:\/\/mon.uvic.cat\/nitrecerca\/files\/2020\/11\/Innotranslact-768x714.png 768w, https:\/\/mon.uvic.cat\/nitrecerca\/files\/2020\/11\/Innotranslact-1024x953.png 1024w, https:\/\/mon.uvic.cat\/nitrecerca\/files\/2020\/11\/Innotranslact.png 1148w\" sizes=\"(max-width: 1148px) 100vw, 1148px\" \/><\/a><\/p>\n<p style=\"text-align: right;\"><strong>Xarxes socials:<\/strong><\/p>\n<p><a href=\"https:\/\/www.facebook.com\/InterregPOCTEFA\/\"><img decoding=\"async\" class=\"alignright wp-image-109 size-full\" src=\"http:\/\/mon.uvic.cat\/nitrecerca\/files\/2020\/10\/kisspng-facebook-inc-logo-computer-icons-facebook-messen-5af555fc052f34.7337436815260277720212-e1603710075588.png\" alt=\"\" width=\"50\" height=\"50\" \/><\/a> <a href=\"https:\/\/twitter.com\/ctppoctefa\"><img decoding=\"async\" class=\"alignright wp-image-90 size-full\" src=\"http:\/\/mon.uvic.cat\/nitrecerca\/files\/2020\/10\/twitter-logo-6-e1602843185286.png\" alt=\"\" width=\"61\" height=\"50\" \/><\/a> <a href=\"https:\/\/www.youtube.com\/user\/CTPyPOCTEFA\"><img decoding=\"async\" class=\"alignright wp-image-91 size-full\" src=\"http:\/\/mon.uvic.cat\/nitrecerca\/files\/2020\/10\/youtube-bona-e1602843206303.jpg\" alt=\"\" width=\"71\" height=\"50\" \/><\/a> <a href=\"https:\/\/www.innotranslact.com\/ca\/inici\/\"><img decoding=\"async\" class=\"alignright wp-image-84 size-full\" src=\"http:\/\/mon.uvic.cat\/nitrecerca\/files\/2020\/10\/www-e1602843105399.png\" alt=\"\" width=\"50\" height=\"50\" \/><\/a><\/p>\n<\/div><\/div><\/div><\/div><\/div>\n","protected":false},"excerpt":{"rendered":"","protected":false},"author":613,"featured_media":0,"parent":0,"menu_order":0,"comment_status":"closed","ping_status":"closed","template":"","meta":{"footnotes":""},"class_list":["post-2313","page","type-page","status-publish","hentry"],"jetpack_sharing_enabled":true,"_links":{"self":[{"href":"https:\/\/mon.uvic.cat\/nitrecerca\/wp-json\/wp\/v2\/pages\/2313","targetHints":{"allow":["GET"]}}],"collection":[{"href":"https:\/\/mon.uvic.cat\/nitrecerca\/wp-json\/wp\/v2\/pages"}],"about":[{"href":"https:\/\/mon.uvic.cat\/nitrecerca\/wp-json\/wp\/v2\/types\/page"}],"author":[{"embeddable":true,"href":"https:\/\/mon.uvic.cat\/nitrecerca\/wp-json\/wp\/v2\/users\/613"}],"replies":[{"embeddable":true,"href":"https:\/\/mon.uvic.cat\/nitrecerca\/wp-json\/wp\/v2\/comments?post=2313"}],"version-history":[{"count":2,"href":"https:\/\/mon.uvic.cat\/nitrecerca\/wp-json\/wp\/v2\/pages\/2313\/revisions"}],"predecessor-version":[{"id":2613,"href":"https:\/\/mon.uvic.cat\/nitrecerca\/wp-json\/wp\/v2\/pages\/2313\/revisions\/2613"}],"wp:attachment":[{"href":"https:\/\/mon.uvic.cat\/nitrecerca\/wp-json\/wp\/v2\/media?parent=2313"}],"curies":[{"name":"wp","href":"https:\/\/api.w.org\/{rel}","templated":true}]}}