{"id":2307,"date":"2024-05-30T11:50:02","date_gmt":"2024-05-30T09:50:02","guid":{"rendered":"https:\/\/mon.uvic.cat\/nitrecerca\/?page_id=2307"},"modified":"2024-05-30T11:50:02","modified_gmt":"2024-05-30T09:50:02","slug":"sequal","status":"publish","type":"page","link":"https:\/\/mon.uvic.cat\/nitrecerca\/sequal\/","title":{"rendered":"SEQUAL"},"content":{"rendered":"<div class=\"fusion-fullwidth fullwidth-box fusion-builder-row-1 fusion-flex-container nonhundred-percent-fullwidth non-hundred-percent-height-scrolling\" style=\"--awb-border-radius-top-left:0px;--awb-border-radius-top-right:0px;--awb-border-radius-bottom-right:0px;--awb-border-radius-bottom-left:0px;--awb-flex-wrap:wrap;\" ><div class=\"fusion-builder-row fusion-row fusion-flex-align-items-flex-start fusion-flex-content-wrap\" style=\"max-width:1248px;margin-left: calc(-4% \/ 2 );margin-right: calc(-4% \/ 2 );\"><div class=\"fusion-layout-column fusion_builder_column fusion-builder-column-0 fusion_builder_column_1_1 1_1 fusion-flex-column\" style=\"--awb-bg-size:cover;--awb-width-large:100%;--awb-margin-top-large:0px;--awb-spacing-right-large:1.92%;--awb-margin-bottom-large:0px;--awb-spacing-left-large:1.92%;--awb-width-medium:100%;--awb-spacing-right-medium:1.92%;--awb-spacing-left-medium:1.92%;--awb-width-small:100%;--awb-spacing-right-small:1.92%;--awb-spacing-left-small:1.92%;\"><div class=\"fusion-column-wrapper fusion-flex-justify-content-flex-start fusion-content-layout-column\"><div class=\"fusion-text fusion-text-1\"><h3>Qu\u00e8 \u00e9s SEQUAL?<\/h3>\n<p><a href=\"http:\/\/gender-net-plus.eu\/joint-call\/funded-projects\/sequal\/\">SEQUAL<\/a>, &#8220;Social-ecological relations and gender equality: Dynamics and processes for transformational change across scales&#8221;, \u00e9s un projecte que investiga les difer\u00e8ncies de g\u00e8nere en la participaci\u00f3 i el lideratge en processos relacionats amb el clima (pr\u00e0ctiques quotidianes, presa de decisions i estrat\u00e8gies d\u2019adaptaci\u00f3) a tots els nivells de la societat.<\/p>\n<p>L\u2019objectiu del projecte \u00e9s entendre les connexions i els fluxos de poder per aprofundir en els processos de canvi clim\u00e0tic i les relacions de g\u00e8nere i abordar aquestes q\u00fcestions com a processos socials, ecol\u00f2gics i pol\u00edtics a trav\u00e9s de les fronteres i a escala.<\/p>\n<p>El projecte d\u2019investigaci\u00f3 SEQUAL tracta la dimensi\u00f3 de g\u00e8nere en el comportament clim\u00e0tic i la presa de decisions. Centrant-nos en el sector de la gesti\u00f3 dels recursos naturals, investigem les difer\u00e8ncies de g\u00e8nere en la participaci\u00f3 i el lideratge en processos relacionats amb el clima (pr\u00e0ctiques quotidianes, presa de decisions i estrat\u00e8gies d\u2019adaptaci\u00f3) a tots els nivells de la societat. Defensem que la gesti\u00f3 dels recursos naturals \u00e9s un sector especialment adequat per explorar les interseccions i interdepend\u00e8ncies del canvi clim\u00e0tic i el g\u00e8nere d\u2019una manera innovadora. Aqu\u00ed els conflictes relacionats amb la pol\u00edtica clim\u00e0tica s\u00f3n transversals en termes: estrat\u00e8gies d&#8217;adaptaci\u00f3 i mesures de mitigaci\u00f3 efectives; per a la subsist\u00e8ncia i el benestar; i per a la salut dels ecosistemes i la biodiversitat. Els grups vulnerables depenen molt dels recursos naturals i, en comparaci\u00f3 amb els homes, les dones solen ser les m\u00e9s afectades pel canvi ambiental. No obstant aix\u00f2, el g\u00e8nere ha estat \u00e0mpliament descuidat en la gesti\u00f3 dels recursos naturals i l&#8217;acci\u00f3 clim\u00e0tica.<\/p>\n<p>Estenem les fronteres de la investigaci\u00f3 en aquest camp per centrar-nos en per qu\u00e8 es produeixen les difer\u00e8ncies de g\u00e8nere, com es produeixen i es reprodueixen i la seva ubicaci\u00f3 social (on). Realitzem an\u00e0lisis de discursos de dalt a baix sobre la pol\u00edtica sobre el canvi clim\u00e0tic i la igualtat de g\u00e8nere en la gesti\u00f3 dels recursos naturals a tres pa\u00efsos, Noruega, Su\u00e8cia i Espanya. Basem la veritat en l\u2019an\u00e0lisi de les nostres pol\u00edtiques mitjan\u00e7ant estudis de casos qualitatius a trav\u00e9s de les fronteres nacionals sobre ramaderia de rens a l\u2019\u00c0rtic, agricultura comunit\u00e0ria als Pirineus i comunitats de boscos secs a Burkina Faso. A continuaci\u00f3, ens centrem en les interaccions entre nivells mitjan\u00e7ant an\u00e0lisis comparatives entre casos i pol\u00edtiques. La visi\u00f3 general del projecte d\u2019investigaci\u00f3 SEQUAL \u00e9s entendre les connexions i els fluxos de poder per aprofundir en els processos de canvi clim\u00e0tic i les relacions de g\u00e8nere i abordar aquestes q\u00fcestions com a processos socials, ecol\u00f2gics i pol\u00edtics a trav\u00e9s de les fronteres i a escala. La nostra investigaci\u00f3 s\u2019emmarca conceptualment com a investigacions del discurs (pol\u00edtica i poder) i processos (la din\u00e0mica i els efectes dels fluxos de poder) entre i a escala, que operen en sistemes socio-ecol\u00f2gics.<\/p>\n<p>El projecte s&#8217;executa en el per\u00edode 01\/09\/2019 &#8211; 31\/08\/2022.<\/p>\n<p>Per part de la UVic-UCC hi participen Marta Rivera Ferr\u00e9, Federica Ravera i Mar\u00eda Borras, investigadores de la <a href=\"https:\/\/mon.uvic.cat\/catedra-agroecologia\/\">C\u00e0tedra d&#8217;Agroecologia i Sistemes Alimentaris<\/a>.<\/p>\n<h3>PARTNERS<\/h3>\n<p>Stockholm Resilience Centre (SRC), Stockholm University; Nordland Research Institute (NRI); University of Vic-Central University of Catalonia (UVic), University of Helsinki.<\/p>\n<p><img decoding=\"async\" class=\"alignleft wp-image-1001\" src=\"http:\/\/mon.uvic.cat\/nitrecerca\/files\/2020\/11\/Screenshot_2020-11-23-SEQUAL.png\" alt=\"\" width=\"446\" height=\"113\" srcset=\"https:\/\/mon.uvic.cat\/nitrecerca\/files\/2020\/11\/Screenshot_2020-11-23-SEQUAL-300x76.png 300w, https:\/\/mon.uvic.cat\/nitrecerca\/files\/2020\/11\/Screenshot_2020-11-23-SEQUAL.png 529w\" sizes=\"(max-width: 446px) 100vw, 446px\" \/><\/p>\n<div id=\"attachment_893\" style=\"width: 228px\" class=\"wp-caption alignleft\"><img decoding=\"async\" aria-describedby=\"caption-attachment-893\" class=\"wp-image-893\" src=\"http:\/\/mon.uvic.cat\/nitrecerca\/files\/2020\/11\/European-Union.jpg\" alt=\"\" width=\"218\" height=\"118\" srcset=\"https:\/\/mon.uvic.cat\/nitrecerca\/files\/2020\/11\/European-Union-300x162.jpg 300w, https:\/\/mon.uvic.cat\/nitrecerca\/files\/2020\/11\/European-Union-768x415.jpg 768w, https:\/\/mon.uvic.cat\/nitrecerca\/files\/2020\/11\/European-Union.jpg 940w\" sizes=\"(max-width: 218px) 100vw, 218px\" \/><p id=\"caption-attachment-893\" class=\"wp-caption-text\">GENDER-NET Plus has received funding from the European Union\u2019s Horizon 2020 research and innovation programme<\/p><\/div>\n<\/div><\/div><\/div><\/div><\/div>\n","protected":false},"excerpt":{"rendered":"","protected":false},"author":613,"featured_media":0,"parent":0,"menu_order":0,"comment_status":"closed","ping_status":"closed","template":"","meta":{"footnotes":""},"class_list":["post-2307","page","type-page","status-publish","hentry"],"jetpack_sharing_enabled":true,"_links":{"self":[{"href":"https:\/\/mon.uvic.cat\/nitrecerca\/wp-json\/wp\/v2\/pages\/2307","targetHints":{"allow":["GET"]}}],"collection":[{"href":"https:\/\/mon.uvic.cat\/nitrecerca\/wp-json\/wp\/v2\/pages"}],"about":[{"href":"https:\/\/mon.uvic.cat\/nitrecerca\/wp-json\/wp\/v2\/types\/page"}],"author":[{"embeddable":true,"href":"https:\/\/mon.uvic.cat\/nitrecerca\/wp-json\/wp\/v2\/users\/613"}],"replies":[{"embeddable":true,"href":"https:\/\/mon.uvic.cat\/nitrecerca\/wp-json\/wp\/v2\/comments?post=2307"}],"version-history":[{"count":2,"href":"https:\/\/mon.uvic.cat\/nitrecerca\/wp-json\/wp\/v2\/pages\/2307\/revisions"}],"predecessor-version":[{"id":2653,"href":"https:\/\/mon.uvic.cat\/nitrecerca\/wp-json\/wp\/v2\/pages\/2307\/revisions\/2653"}],"wp:attachment":[{"href":"https:\/\/mon.uvic.cat\/nitrecerca\/wp-json\/wp\/v2\/media?parent=2307"}],"curies":[{"name":"wp","href":"https:\/\/api.w.org\/{rel}","templated":true}]}}