{"id":2305,"date":"2024-05-30T11:54:16","date_gmt":"2024-05-30T09:54:16","guid":{"rendered":"https:\/\/mon.uvic.cat\/nitrecerca\/?page_id=2305"},"modified":"2024-05-30T11:54:16","modified_gmt":"2024-05-30T09:54:16","slug":"synggi","status":"publish","type":"page","link":"https:\/\/mon.uvic.cat\/nitrecerca\/synggi\/","title":{"rendered":"SYNGGI"},"content":{"rendered":"<div class=\"fusion-fullwidth fullwidth-box fusion-builder-row-1 fusion-flex-container nonhundred-percent-fullwidth non-hundred-percent-height-scrolling\" style=\"--awb-border-radius-top-left:0px;--awb-border-radius-top-right:0px;--awb-border-radius-bottom-right:0px;--awb-border-radius-bottom-left:0px;--awb-flex-wrap:wrap;\" ><div class=\"fusion-builder-row fusion-row fusion-flex-align-items-flex-start fusion-flex-content-wrap\" style=\"max-width:1248px;margin-left: calc(-4% \/ 2 );margin-right: calc(-4% \/ 2 );\"><div class=\"fusion-layout-column fusion_builder_column fusion-builder-column-0 fusion_builder_column_1_1 1_1 fusion-flex-column\" style=\"--awb-bg-size:cover;--awb-width-large:100%;--awb-margin-top-large:0px;--awb-spacing-right-large:1.92%;--awb-margin-bottom-large:0px;--awb-spacing-left-large:1.92%;--awb-width-medium:100%;--awb-spacing-right-medium:1.92%;--awb-spacing-left-medium:1.92%;--awb-width-small:100%;--awb-spacing-right-small:1.92%;--awb-spacing-left-small:1.92%;\"><div class=\"fusion-column-wrapper fusion-flex-justify-content-flex-start fusion-content-layout-column\"><div class=\"fusion-text fusion-text-1\"><h3>Qu\u00e8 \u00e9s SYNGGI?<\/h3>\n<p><a href=\"https:\/\/mon.uvic.cat\/ct-beta\/main-projects\/#synggi\">SYNGGI<\/a>, \u201c<em>Synergies for Green Growth Initiative \u2013 Energising the Impact of Innovation in the Mediterranean\u201d<\/em>\u00a0 \u00e9s un projecte horitzontal Interreg Med dissenyat com una eina \u00e0gil que unifica els resultats del projecte modular, d\u00f3na suport a les parts interessades en MED i crea un entorn fruct\u00edfer i col\u00b7laboratiu per a tots els organismes implicats.<\/p>\n<p>El projecte s&#8217;ha dut a terme en el per\u00edode 01\/11\/2016 &#8211; 31\/10\/2019.<\/p>\n<h3>Objectius<\/h3>\n<ol>\n<li>Donar suport als projectes modulars presentats sota l\u2019objectiu Creixement Verd de l\u2019eix prioritari 1. Innovaci\u00f3 del programa MED Interreg amb l\u2019objectiu de refor\u00e7ar les capacitats d\u2019innovaci\u00f3 dels actors p\u00fablics i privats de les regions MED, dotant-los d\u2019una dimensi\u00f3 transnacional d\u2019acord amb els objectius i les estrat\u00e8gies de les autoritats de gesti\u00f3 de l\u2019\u00e0rea MED. L\u2019objectiu principal \u00e9s construir una xarxa comunit\u00e0ria, recolzada per una eina \u00e0gil de comunicaci\u00f3 i capitalitzaci\u00f3, que ajudi tots els grups d&#8217;inter\u00e8s de la zona MED i extra-MED a gaudir de l&#8217;experi\u00e8ncia i els resultats fets durant la implementaci\u00f3 dels projectes i fins i tot despr\u00e9s de la seva finalitzaci\u00f3. Es fa un esfor\u00e7 important per refor\u00e7ar el &#8220;Projecte de plataforma&#8221; i arribar als funcionaris de la UE i produir pol\u00edtiques innovadores.<\/li>\n<li>Actuar com una xarxa din\u00e0mica entre projectes innovadors centrats en les energies renovables, l&#8217;efici\u00e8ncia energ\u00e8tica, la gesti\u00f3-reciclatge de residus, les ciutats intel\u00b7ligents i l&#8217;ecoinnovaci\u00f3.<\/li>\n<\/ol>\n<p>Objectius espec\u00edfics:<\/p>\n<ul>\n<li>Millorar la capacitat d&#8217;innovaci\u00f3 dels grups d&#8217;inter\u00e8s de MED amb els quals interactuar\u00e0.<\/li>\n<li>Refor\u00e7ar el seu paper a les xarxes internacionals i comunit\u00e0ries.<\/li>\n<li>Adaptar els resultats per produir pol\u00edtiques territorials, m\u00e9s eficients i rellevants amb les necessitats de cada territori.<\/li>\n<\/ul>\n<h3>Partners<\/h3>\n<ul>\n<li>LP \u2013\u00a0<span class=\"itemExtraFieldsValue\"><strong><a class=\"external\" href=\"https:\/\/www.uvic.cat\/fundacio-universitaria-balmes\" target=\"_blank\" rel=\"noopener noreferrer\">UVic-UCC, <\/a><\/strong>Fundaci\u00f3 Universit\u00e0ria Balmes \u2013 Universitat de Vic\/ Universitat Central de Catalunya (Spain) (CT BETA).<br \/>\n<\/span><\/li>\n<li>PP \u2013<a class=\"external\" href=\"http:\/\/www.qarkudurres.gov.al\/\" target=\"_blank\" rel=\"noopener noreferrer\">\u00a0<strong>KQD<\/strong><\/a><strong>,\u00a0<\/strong>Regional Council of Durres (Albania)<\/li>\n<li>PP \u2013\u00a0<strong><a class=\"external\" href=\"http:\/\/dynamicvision.gr\/\" target=\"_blank\" rel=\"noopener noreferrer\">Dynamic Vision<\/a>,<\/strong> (Greece)<\/li>\n<li>PP \u2013\u00a0<strong><a class=\"external\" href=\"https:\/\/www.fondazioneecosistemi.org\/\" target=\"_blank\" rel=\"noopener noreferrer\">Fondazione Ecosistemi<\/a>,<\/strong> (Italy)<\/li>\n<li>PP \u2013\u00a0<strong><a href=\"https:\/\/www.cueim.org\/en\/\" target=\"_blank\" rel=\"noopener noreferrer\">CUEIM<\/a>,<\/strong> University Consortium of Industrial and Managerial Economics (Italy)<\/li>\n<\/ul>\n<h3>Materal divulgatiu<\/h3>\n<div class=\"video-shortcode\"><iframe title=\"Get to know the results of the Interreg MED Green Growth community!\" width=\"1200\" height=\"675\" src=\"https:\/\/www.youtube.com\/embed\/Sfhl28ohoDo?feature=oembed\" frameborder=\"0\" allow=\"accelerometer; autoplay; clipboard-write; encrypted-media; gyroscope; picture-in-picture; web-share\" referrerpolicy=\"strict-origin-when-cross-origin\" allowfullscreen><\/iframe><\/div>\n<div class=\"video-shortcode\"><iframe title=\"MED Green Growth Community launch\" width=\"1200\" height=\"675\" src=\"https:\/\/www.youtube.com\/embed\/PZffkjI3u7Q?feature=oembed\" frameborder=\"0\" allow=\"accelerometer; autoplay; clipboard-write; encrypted-media; gyroscope; picture-in-picture; web-share\" referrerpolicy=\"strict-origin-when-cross-origin\" allowfullscreen><\/iframe><\/div>\n<p>Projecte cofinan\u00e7at al 85% pel Fons Europeu de Desenvolupament Regional (FEDER) a trav\u00e9s del Programa Interreg Med Horitzontal.<\/p>\n<p><img decoding=\"async\" class=\"alignleft size-full wp-image-1006\" src=\"http:\/\/mon.uvic.cat\/nitrecerca\/files\/2020\/11\/LOGO_COLOUR_GREEN-GROWTH-300x119-1.png\" alt=\"\" width=\"300\" height=\"119\" \/> <img decoding=\"async\" class=\"alignleft size-full wp-image-1005\" src=\"http:\/\/mon.uvic.cat\/nitrecerca\/files\/2020\/11\/COLOR-ERDF-En-300x68-1.png\" alt=\"\" width=\"300\" height=\"68\" \/><\/p>\n<\/div><\/div><\/div><\/div><\/div>\n","protected":false},"excerpt":{"rendered":"","protected":false},"author":613,"featured_media":0,"parent":0,"menu_order":0,"comment_status":"closed","ping_status":"closed","template":"","meta":{"footnotes":""},"class_list":["post-2305","page","type-page","status-publish","hentry"],"jetpack_sharing_enabled":true,"_links":{"self":[{"href":"https:\/\/mon.uvic.cat\/nitrecerca\/wp-json\/wp\/v2\/pages\/2305","targetHints":{"allow":["GET"]}}],"collection":[{"href":"https:\/\/mon.uvic.cat\/nitrecerca\/wp-json\/wp\/v2\/pages"}],"about":[{"href":"https:\/\/mon.uvic.cat\/nitrecerca\/wp-json\/wp\/v2\/types\/page"}],"author":[{"embeddable":true,"href":"https:\/\/mon.uvic.cat\/nitrecerca\/wp-json\/wp\/v2\/users\/613"}],"replies":[{"embeddable":true,"href":"https:\/\/mon.uvic.cat\/nitrecerca\/wp-json\/wp\/v2\/comments?post=2305"}],"version-history":[{"count":2,"href":"https:\/\/mon.uvic.cat\/nitrecerca\/wp-json\/wp\/v2\/pages\/2305\/revisions"}],"predecessor-version":[{"id":2661,"href":"https:\/\/mon.uvic.cat\/nitrecerca\/wp-json\/wp\/v2\/pages\/2305\/revisions\/2661"}],"wp:attachment":[{"href":"https:\/\/mon.uvic.cat\/nitrecerca\/wp-json\/wp\/v2\/media?parent=2305"}],"curies":[{"name":"wp","href":"https:\/\/api.w.org\/{rel}","templated":true}]}}