{"id":2301,"date":"2024-05-30T11:56:05","date_gmt":"2024-05-30T09:56:05","guid":{"rendered":"https:\/\/mon.uvic.cat\/nitrecerca\/?page_id=2301"},"modified":"2024-05-30T11:56:05","modified_gmt":"2024-05-30T09:56:05","slug":"transvisibles","status":"publish","type":"page","link":"https:\/\/mon.uvic.cat\/nitrecerca\/transvisibles\/","title":{"rendered":"TRANSVISIBLES"},"content":{"rendered":"<div class=\"fusion-fullwidth fullwidth-box fusion-builder-row-1 fusion-flex-container nonhundred-percent-fullwidth non-hundred-percent-height-scrolling\" style=\"--awb-border-radius-top-left:0px;--awb-border-radius-top-right:0px;--awb-border-radius-bottom-right:0px;--awb-border-radius-bottom-left:0px;--awb-flex-wrap:wrap;\" ><div class=\"fusion-builder-row fusion-row fusion-flex-align-items-flex-start fusion-flex-content-wrap\" style=\"max-width:1248px;margin-left: calc(-4% \/ 2 );margin-right: calc(-4% \/ 2 );\"><div class=\"fusion-layout-column fusion_builder_column fusion-builder-column-0 fusion_builder_column_1_1 1_1 fusion-flex-column\" style=\"--awb-bg-size:cover;--awb-width-large:100%;--awb-margin-top-large:0px;--awb-spacing-right-large:1.92%;--awb-margin-bottom-large:0px;--awb-spacing-left-large:1.92%;--awb-width-medium:100%;--awb-spacing-right-medium:1.92%;--awb-spacing-left-medium:1.92%;--awb-width-small:100%;--awb-spacing-right-small:1.92%;--awb-spacing-left-small:1.92%;\"><div class=\"fusion-column-wrapper fusion-flex-justify-content-flex-start fusion-content-layout-column\"><div class=\"fusion-text fusion-text-1\"><div class=\"et_pb_module et_pb_text et_pb_text_1 et_pb_text_align_left et_pb_bg_layout_light\">\n<div class=\"et_pb_text_inner\">\n<h3>Qu\u00e8 \u00e9s TRANSVISIBLES?<\/h3>\n<p><strong><a href=\"https:\/\/transvisible.org\/ca\/inici\/\">TRANSVISIBLES<\/a>, <\/strong>coordinat per la Fundaci\u00f3 Surt, \u00e9s un projecte que es desenvolupa a partir de l\u2019associaci\u00f3 estrat\u00e8gica de 5 organitzacions de 4 regions d\u2019Europa (Catalunya-Espanya, Irlanda, Alemanya i Hongria), que aportaran experi\u00e8ncies i perspectives complement\u00e0ries per al desenvolupament del projecte.<\/p>\n<p>Aquesta associaci\u00f3 estrat\u00e8gica es proposa, a trav\u00e9s de l\u2019intercanvi de bones pr\u00e0ctiques a escala europea, desenvolupar materials innovadors i divulgatius que recullin diverses experi\u00e8ncies i multipliquin el seu impacte en diferents territoris.<\/p>\n<p>M\u00e9s concretament, el projecte pret\u00e9n augmentar la sensibilitzaci\u00f3 dels i de les professionals en l\u2019\u00e0mbit de la formaci\u00f3 i l\u2019orientaci\u00f3 laboral i promoure el disseny de programes d\u2019acompanyament individualitzats per a dones trans en els seus processos d\u2019empoderament, especialment, en termes econ\u00f2mics.<\/p>\n<p>Aquesta sensibilitzaci\u00f3 ha d\u2019anar acompanyada de conscienciaci\u00f3 per prevenir i detectar vulneracions dels drets de les persones LGBTI en el seu lloc de feina i fomentar d\u2019accions per avan\u00e7ar en la igualtat de tracte i d\u2019oportunitats, inclosa la intermediaci\u00f3 amb les empreses perqu\u00e8 a que garanteixin processos d\u2019inserci\u00f3 efectius i duradors.<\/p>\n<p>El projecte actua des d\u2019un enfocament integral en tres \u00e0mbits interconnectats entre si:<\/p>\n<ol>\n<li>Visibilitat de les dones trans, posant en valor els seus talents i identitats;<\/li>\n<li>Incid\u00e8ncia en el context laboral (sensibilitzaci\u00f3) per a l\u2019erradicaci\u00f3 de pr\u00e0ctiques transf\u00f2biques i per a la protecci\u00f3 dels drets de les persones LGBTI;<\/li>\n<li>Empoderament de les dones trans perqu\u00e8 enforteixin les seves capacitats i coneixements per a fer front a un context altament hostil i discriminatori.<\/li>\n<\/ol>\n<h3>Objectius<\/h3>\n<ul>\n<li>Elaborar una guia per a professionals amb recomanacions per al disseny de programes d\u2019orientaci\u00f3 laboral i d\u2019intermediaci\u00f3 amb empreses adre\u00e7ats a dones trans. Podeu descarregar-vos la <a href=\"https:\/\/www.surt.org\/wp-content\/uploads\/2020\/09\/guia-transvisibles_cat.pdf\"><strong>guia en catal\u00e0<\/strong><\/a>.<\/li>\n<li>Organitzar un seminari d&#8217;intercanvi internacional a Berlin amb la participaci\u00f3 de representants de diferents organitzacions i serveis especialitzats d\u2019arreu d\u2019Europa.<\/li>\n<li>Organitzar tres seminaris nacionals i un seminari internacional per a fer difusi\u00f3 dels resultats del projecte i debatre la seva aplicabilitat en el context local.<\/li>\n<li>Dissenyar un model d\u2019atenci\u00f3 i acompanyament a les dones trans, adaptat espec\u00edficament al context de les 4 regions europees.<\/li>\n<\/ul>\n<p>Les activitats del projecte permeten a les organitzacions s\u00f2cies que ofereixen serveis d\u2019orientaci\u00f3 laboral integrar i aplicar la metodologia de treball desenvolupada i, com a resultat, augmentar la seva efic\u00e0cia en l\u2019acompanyament a dones trans per a la seva inclusi\u00f3 sociolaboral, empoderament i ascens social.<\/p>\n<p>De la mateixa manera, associacions, serveis p\u00fablics i privats,\u00a0c\u00e0rrecs pol\u00edtics o altres grups d\u2019inter\u00e8s que desenvolupin programes de formaci\u00f3 per a adults i orientaci\u00f3 sociolaboral tindran acc\u00e9s gratu\u00eft als materials creats en el marc del projecte. L\u2019aplicaci\u00f3 de les recomanacions i m\u00e8todes desenvolupats s\u2019espera que tinguin com a resultat un augment de l\u2019empoderament econ\u00f2mic i de la inclusi\u00f3 sociolaboral de les dones trans.<\/p>\n<\/div>\n<p>El projecte est\u00e0 format per cinc organitzacions de quatre regions europees que estan compromeses amb la promoci\u00f3 dels drets de les persones trans i la igualtat de g\u00e8nere. Les cinc organitzacions s\u00f3n: <a href=\"https:\/\/www.surt.org\/es\/\">SURT<\/a> (organitzadora coordinadora del projecte), <a href=\"https:\/\/www.teni.ie\">Transgender Equality Network Ireland \u2013 TENI<\/a>, <a href=\"http:\/\/en.hatter.hu\">H\u00e1tter Society<\/a>; <a href=\"https:\/\/www.bundesverband-trans.de\/home-2\/\">Bundesverband Trans* \u2013 BVT<\/a>; i el<a href=\"https:\/\/mon.uvic.cat\/ceig\/ca\/\"> Centre d&#8217;Estudis Interdisciplinaris de G\u00e8nere (CEIG)<\/a> de la UVic-UCC.<\/p>\n<div class=\"et_pb_text_inner\">\n<p>El projecte ha estat finan\u00e7at per la Uni\u00f3 Europea en el marc del programa Erasmus+, ha tingut una durada de 2 anys, finalitzant al setembre de 2020.<\/p>\n<h3><img decoding=\"async\" class=\"size-full wp-image-1017 alignnone\" src=\"http:\/\/mon.uvic.cat\/nitrecerca\/files\/2020\/11\/Transvisibles-370x246-1.jpg\" alt=\"\" width=\"370\" height=\"246\" srcset=\"https:\/\/mon.uvic.cat\/nitrecerca\/files\/2020\/11\/Transvisibles-370x246-1-300x199.jpg 300w, https:\/\/mon.uvic.cat\/nitrecerca\/files\/2020\/11\/Transvisibles-370x246-1.jpg 370w\" sizes=\"(max-width: 370px) 100vw, 370px\" \/><\/h3>\n<h3>Recursos<\/h3>\n<div id=\"attachment_1018\" style=\"width: 277px\" class=\"wp-caption alignnone\"><a href=\"https:\/\/www.surt.org\/wp-content\/uploads\/2020\/09\/guia-transvisibles_cat.pdf\"><img decoding=\"async\" aria-describedby=\"caption-attachment-1018\" class=\"wp-image-1018 \" src=\"http:\/\/mon.uvic.cat\/nitrecerca\/files\/2020\/11\/guia.png\" alt=\"\" width=\"267\" height=\"162\" srcset=\"https:\/\/mon.uvic.cat\/nitrecerca\/files\/2020\/11\/guia-300x182.png 300w, https:\/\/mon.uvic.cat\/nitrecerca\/files\/2020\/11\/guia.png 394w\" sizes=\"(max-width: 267px) 100vw, 267px\" \/><\/a><p id=\"caption-attachment-1018\" class=\"wp-caption-text\">Una guia professional per a la inclusi\u00f3 laboral i l&#8217;empoderament econ\u00f2mic de les dones trans.<\/p><\/div>\n<p><img decoding=\"async\" class=\"alignleft wp-image-839\" src=\"http:\/\/mon.uvic.cat\/nitrecerca\/files\/2020\/11\/cropped-cofunded-erasmus-right_en_0.jpg\" alt=\"\" width=\"341\" height=\"95\" srcset=\"https:\/\/mon.uvic.cat\/nitrecerca\/files\/2020\/11\/cropped-cofunded-erasmus-right_en_0-300x84.jpg 300w, https:\/\/mon.uvic.cat\/nitrecerca\/files\/2020\/11\/cropped-cofunded-erasmus-right_en_0-768x214.jpg 768w, https:\/\/mon.uvic.cat\/nitrecerca\/files\/2020\/11\/cropped-cofunded-erasmus-right_en_0.jpg 836w\" sizes=\"(max-width: 341px) 100vw, 341px\" \/><\/p>\n<\/div>\n<\/div>\n<\/div><\/div><\/div><\/div><\/div>\n","protected":false},"excerpt":{"rendered":"","protected":false},"author":613,"featured_media":0,"parent":0,"menu_order":0,"comment_status":"closed","ping_status":"closed","template":"","meta":{"footnotes":""},"class_list":["post-2301","page","type-page","status-publish","hentry"],"jetpack_sharing_enabled":true,"_links":{"self":[{"href":"https:\/\/mon.uvic.cat\/nitrecerca\/wp-json\/wp\/v2\/pages\/2301","targetHints":{"allow":["GET"]}}],"collection":[{"href":"https:\/\/mon.uvic.cat\/nitrecerca\/wp-json\/wp\/v2\/pages"}],"about":[{"href":"https:\/\/mon.uvic.cat\/nitrecerca\/wp-json\/wp\/v2\/types\/page"}],"author":[{"embeddable":true,"href":"https:\/\/mon.uvic.cat\/nitrecerca\/wp-json\/wp\/v2\/users\/613"}],"replies":[{"embeddable":true,"href":"https:\/\/mon.uvic.cat\/nitrecerca\/wp-json\/wp\/v2\/comments?post=2301"}],"version-history":[{"count":2,"href":"https:\/\/mon.uvic.cat\/nitrecerca\/wp-json\/wp\/v2\/pages\/2301\/revisions"}],"predecessor-version":[{"id":2665,"href":"https:\/\/mon.uvic.cat\/nitrecerca\/wp-json\/wp\/v2\/pages\/2301\/revisions\/2665"}],"wp:attachment":[{"href":"https:\/\/mon.uvic.cat\/nitrecerca\/wp-json\/wp\/v2\/media?parent=2301"}],"curies":[{"name":"wp","href":"https:\/\/api.w.org\/{rel}","templated":true}]}}