{"id":2299,"date":"2024-05-30T11:57:10","date_gmt":"2024-05-30T09:57:10","guid":{"rendered":"https:\/\/mon.uvic.cat\/nitrecerca\/?page_id=2299"},"modified":"2024-05-30T11:57:10","modified_gmt":"2024-05-30T09:57:10","slug":"unintegra","status":"publish","type":"page","link":"https:\/\/mon.uvic.cat\/nitrecerca\/unintegra\/","title":{"rendered":"UNINTEGRA"},"content":{"rendered":"<div class=\"fusion-fullwidth fullwidth-box fusion-builder-row-1 fusion-flex-container nonhundred-percent-fullwidth non-hundred-percent-height-scrolling\" style=\"--awb-border-radius-top-left:0px;--awb-border-radius-top-right:0px;--awb-border-radius-bottom-right:0px;--awb-border-radius-bottom-left:0px;--awb-flex-wrap:wrap;\" ><div class=\"fusion-builder-row fusion-row fusion-flex-align-items-flex-start fusion-flex-content-wrap\" style=\"max-width:1248px;margin-left: calc(-4% \/ 2 );margin-right: calc(-4% \/ 2 );\"><div class=\"fusion-layout-column fusion_builder_column fusion-builder-column-0 fusion_builder_column_1_1 1_1 fusion-flex-column\" style=\"--awb-bg-size:cover;--awb-width-large:100%;--awb-margin-top-large:0px;--awb-spacing-right-large:1.92%;--awb-margin-bottom-large:0px;--awb-spacing-left-large:1.92%;--awb-width-medium:100%;--awb-spacing-right-medium:1.92%;--awb-spacing-left-medium:1.92%;--awb-width-small:100%;--awb-spacing-right-small:1.92%;--awb-spacing-left-small:1.92%;\"><div class=\"fusion-column-wrapper fusion-flex-justify-content-flex-start fusion-content-layout-column\"><div class=\"fusion-text fusion-text-1\"><h3>Qu\u00e8 \u00e9s UNINTEGRA?<\/h3>\n<p><a href=\"https:\/\/unintegra.usc.es\/\">UNINTEGRA<\/a>, &#8220;University leading full and stepwise approach to the integration of refugees&#8221;, \u00e9s un projecte per la integraci\u00f3 de les persones refugiades a Europa. Ha estat liderat per la Universitat de Santiago de Compostel\u00b7la (Espanya) amb la participaci\u00f3 de la Universitat Nacional i Kapodistriana d\u2019Atenes (Gr\u00e8cia), la Universidade do Minho (Portugal), la Fundaci\u00f3 Acsar (Espanya), la UVic-UCC (Espanya) i el Concello de Santiago de Compostel\u00b7la (Espanya).<\/p>\n<p>El projecte UNINTEGRA ha estat cofinan\u00e7at pel Fons d\u2019Asil, Migraci\u00f3 i Integraci\u00f3 (AMIF) de la Comissi\u00f3 Europea, amb una contribuci\u00f3 financera de 744.638,78 EUR.<\/p>\n<p>La durada del projecte ha estat de 24 mesos i el seu per\u00edode d\u2019implementaci\u00f3 va anar de l\u20191 de desembre de 2017 al 30 de novembre de 2019.<\/p>\n<p>La reuni\u00f3 d\u2019inici de l\u2019associaci\u00f3 UNINTEGRA va tenir lloc a Atenes del 22 al 23 de gener de 2018.<\/p>\n<p>Els membres del grup de recerca en <a href=\"http:\/\/urecerca.uvic.cat\/CawDOS?id=4588a8c3e1bf53f5&amp;idioma=ca&amp;tipo=grupo\">Salut Mental i Innovaci\u00f3 Social de la UVic-UCC<\/a>, Salvador Sim\u00f3 i Jordi Tolr\u00e0, han participat en el projecte i han fet de coordinadors en la part del projecte que va assumir la UVic-UCC, tant de l\u2019avaluaci\u00f3 externa com del disseny de programes d\u2019atenci\u00f3 psicosocial per a les persones refugiades. L\u2019atenci\u00f3 a les persones refugiades \u00e9s una de les l\u00ednies de coneixement del grup de recerca SaMIS, que ha desenvolupat projectes previs a B\u00f2snia, Guatemala i Kosovo.<\/p>\n<p>El projecte ha comptat amb la participaci\u00f3 d\u2019estudiants de Ter\u00e0pia Ocupacional de la Facultat de Ci\u00e8ncies de la Salut i el Benestar, que han fet pr\u00e0ctiques a Atenes amb les comunitats de persones refugiades.<\/p>\n<h3>Objectius<\/h3>\n<p>UNINTEGRA ha tingut com a objectiu gestionar de manera eficient les poblacions d\u2019immigrants i respondre a les necessitats de les persones que necessiten protecci\u00f3, en dos nivells:<\/p>\n<ol>\n<li>treballant directament amb els nouvinguts per atendre les necessitats b\u00e0siques d\u2019inclusi\u00f3, conjuntament amb el foment d\u2019actituds receptives a les comunitats destinat\u00e0ries,<\/li>\n<li>establint un marc normatiu en cada comunitat d\u2019acollida.<\/li>\n<\/ol>\n<p>Objectius espec\u00edfics:<\/p>\n<ul>\n<li>Actuar com una etapa d\u2019intervenci\u00f3 primerenca en el proc\u00e9s migratori proporcionant als refugiats dels centres i centres de refugiats els recursos psicol\u00f2gics, emocionals i educatius necessaris per empoderar-los (amb especial \u00e8mfasi en els joves, les mares i les dones joves) per abordar i processar els reptes relacionats amb el trasllat.<\/li>\n<li>Millorar les oportunitats i el desenvolupament de capacitats dels refugiats oferint-los a ells i als professionals de les comunitats d\u2019acollida oportunitats de formaci\u00f3 espec\u00edfiques.<\/li>\n<li>Facilitar el proc\u00e9s de trasllat proporcionant suport de seguiment conjuntament amb l\u2019assist\u00e8ncia de sectors institucionals i socials a afrontar amb \u00e8xit els reptes sovint associats a la integraci\u00f3 cultural, social i reguladora.<\/li>\n<li>Fomentant la participaci\u00f3 social i econ\u00f2mica de refugiats de tercers pa\u00efsos a la comunitat d&#8217;acollida mitjan\u00e7ant mesures dissenyades per eliminar els estereotips en aquestes comunitats, obrint el cam\u00ed per combatre la segregaci\u00f3 cultural i racial i l&#8217;exclusi\u00f3 social.<\/li>\n<li>Fomentar la integraci\u00f3 acad\u00e8mica dels refugiats a nivell educatiu superior.<\/li>\n<\/ul>\n<h3>Materials divulgatius<\/h3>\n<p><a href=\"http:\/\/play.cadenaser.com\/audio\/ser_galicia_hoyporhoysantiago_20180119_122500_140000\">Entrevista telef\u00f2nica amb la coordinadora del projecte Sonia Cordido, realitzada per la r\u00e0dio SER, minut 44.<\/a><\/p>\n<p><strong>P\u00f2ster<\/strong><\/p>\n<p><img decoding=\"async\" class=\"size-full wp-image-1023 alignnone\" src=\"http:\/\/mon.uvic.cat\/nitrecerca\/files\/2020\/11\/1550224173_Unintegra-Poster_EN.png\" alt=\"\" width=\"3508\" height=\"4961\" srcset=\"https:\/\/mon.uvic.cat\/nitrecerca\/files\/2020\/11\/1550224173_Unintegra-Poster_EN-212x300.png 212w, https:\/\/mon.uvic.cat\/nitrecerca\/files\/2020\/11\/1550224173_Unintegra-Poster_EN-724x1024.png 724w, https:\/\/mon.uvic.cat\/nitrecerca\/files\/2020\/11\/1550224173_Unintegra-Poster_EN-768x1086.png 768w, https:\/\/mon.uvic.cat\/nitrecerca\/files\/2020\/11\/1550224173_Unintegra-Poster_EN-1086x1536.png 1086w, https:\/\/mon.uvic.cat\/nitrecerca\/files\/2020\/11\/1550224173_Unintegra-Poster_EN-1448x2048.png 1448w, https:\/\/mon.uvic.cat\/nitrecerca\/files\/2020\/11\/1550224173_Unintegra-Poster_EN.png 3508w\" sizes=\"(max-width: 3508px) 100vw, 3508px\" \/><\/p>\n<p><strong>Tr\u00edptic<\/strong><\/p>\n<p><img decoding=\"async\" class=\"wp-image-1025 size-large alignnone\" src=\"http:\/\/mon.uvic.cat\/nitrecerca\/files\/2020\/11\/Unintegra_Triptico_Pagina_1-1024x724.png\" alt=\"\" width=\"1024\" height=\"724\" srcset=\"https:\/\/mon.uvic.cat\/nitrecerca\/files\/2020\/11\/Unintegra_Triptico_Pagina_1-300x212.png 300w, https:\/\/mon.uvic.cat\/nitrecerca\/files\/2020\/11\/Unintegra_Triptico_Pagina_1-768x543.png 768w, https:\/\/mon.uvic.cat\/nitrecerca\/files\/2020\/11\/Unintegra_Triptico_Pagina_1-1024x724.png 1024w, https:\/\/mon.uvic.cat\/nitrecerca\/files\/2020\/11\/Unintegra_Triptico_Pagina_1-1536x1086.png 1536w, https:\/\/mon.uvic.cat\/nitrecerca\/files\/2020\/11\/Unintegra_Triptico_Pagina_1.png 3508w\" sizes=\"(max-width: 1024px) 100vw, 1024px\" \/><\/p>\n<p><img decoding=\"async\" class=\"wp-image-1024 size-large alignnone\" src=\"http:\/\/mon.uvic.cat\/nitrecerca\/files\/2020\/11\/Unintegra_Triptico_Pagina_2-1024x724.png\" alt=\"\" width=\"1024\" height=\"724\" srcset=\"https:\/\/mon.uvic.cat\/nitrecerca\/files\/2020\/11\/Unintegra_Triptico_Pagina_2-300x212.png 300w, https:\/\/mon.uvic.cat\/nitrecerca\/files\/2020\/11\/Unintegra_Triptico_Pagina_2-768x543.png 768w, https:\/\/mon.uvic.cat\/nitrecerca\/files\/2020\/11\/Unintegra_Triptico_Pagina_2-1024x724.png 1024w, https:\/\/mon.uvic.cat\/nitrecerca\/files\/2020\/11\/Unintegra_Triptico_Pagina_2-1536x1086.png 1536w, https:\/\/mon.uvic.cat\/nitrecerca\/files\/2020\/11\/Unintegra_Triptico_Pagina_2.png 3508w\" sizes=\"(max-width: 1024px) 100vw, 1024px\" \/><\/p>\n<p><strong>V\u00eddeo<\/strong><\/p>\n<div class=\"video-shortcode\"><iframe title=\"MasterUnintegra_2020\" width=\"1200\" height=\"675\" src=\"https:\/\/www.youtube.com\/embed\/OzDHOGi6_Bs?feature=oembed\" frameborder=\"0\" allow=\"accelerometer; autoplay; clipboard-write; encrypted-media; gyroscope; picture-in-picture; web-share\" referrerpolicy=\"strict-origin-when-cross-origin\" allowfullscreen><\/iframe><\/div>\n<p>Podeu descarregar-vos tot el material resultant del projecte a l&#8217;<a href=\"https:\/\/unintegra.usc.es\/descargas.php\">apartat de recursos de la seva web<\/a>.<\/p>\n<h3>Partners<\/h3>\n<p><img decoding=\"async\" class=\"wp-image-1026 size-full alignnone\" src=\"http:\/\/mon.uvic.cat\/nitrecerca\/files\/2020\/11\/PARTNERS-9.png\" alt=\"\" width=\"1127\" height=\"174\" srcset=\"https:\/\/mon.uvic.cat\/nitrecerca\/files\/2020\/11\/PARTNERS-9-300x46.png 300w, https:\/\/mon.uvic.cat\/nitrecerca\/files\/2020\/11\/PARTNERS-9-768x119.png 768w, https:\/\/mon.uvic.cat\/nitrecerca\/files\/2020\/11\/PARTNERS-9-1024x158.png 1024w, https:\/\/mon.uvic.cat\/nitrecerca\/files\/2020\/11\/PARTNERS-9.png 1127w\" sizes=\"(max-width: 1127px) 100vw, 1127px\" \/><\/p>\n<p><img decoding=\"async\" class=\"alignleft size-medium wp-image-1027\" src=\"http:\/\/mon.uvic.cat\/nitrecerca\/files\/2020\/11\/ueFUNDING-300x112.png\" alt=\"\" width=\"300\" height=\"112\" srcset=\"https:\/\/mon.uvic.cat\/nitrecerca\/files\/2020\/11\/ueFUNDING-300x112.png 300w, https:\/\/mon.uvic.cat\/nitrecerca\/files\/2020\/11\/ueFUNDING.png 320w\" sizes=\"(max-width: 300px) 100vw, 300px\" \/><\/p>\n<\/div><\/div><\/div><\/div><\/div>\n","protected":false},"excerpt":{"rendered":"","protected":false},"author":613,"featured_media":0,"parent":0,"menu_order":0,"comment_status":"closed","ping_status":"closed","template":"","meta":{"footnotes":""},"class_list":["post-2299","page","type-page","status-publish","hentry"],"jetpack_sharing_enabled":true,"_links":{"self":[{"href":"https:\/\/mon.uvic.cat\/nitrecerca\/wp-json\/wp\/v2\/pages\/2299","targetHints":{"allow":["GET"]}}],"collection":[{"href":"https:\/\/mon.uvic.cat\/nitrecerca\/wp-json\/wp\/v2\/pages"}],"about":[{"href":"https:\/\/mon.uvic.cat\/nitrecerca\/wp-json\/wp\/v2\/types\/page"}],"author":[{"embeddable":true,"href":"https:\/\/mon.uvic.cat\/nitrecerca\/wp-json\/wp\/v2\/users\/613"}],"replies":[{"embeddable":true,"href":"https:\/\/mon.uvic.cat\/nitrecerca\/wp-json\/wp\/v2\/comments?post=2299"}],"version-history":[{"count":2,"href":"https:\/\/mon.uvic.cat\/nitrecerca\/wp-json\/wp\/v2\/pages\/2299\/revisions"}],"predecessor-version":[{"id":2667,"href":"https:\/\/mon.uvic.cat\/nitrecerca\/wp-json\/wp\/v2\/pages\/2299\/revisions\/2667"}],"wp:attachment":[{"href":"https:\/\/mon.uvic.cat\/nitrecerca\/wp-json\/wp\/v2\/media?parent=2299"}],"curies":[{"name":"wp","href":"https:\/\/api.w.org\/{rel}","templated":true}]}}