{"id":2297,"date":"2024-05-30T11:59:07","date_gmt":"2024-05-30T09:59:07","guid":{"rendered":"https:\/\/mon.uvic.cat\/nitrecerca\/?page_id=2297"},"modified":"2024-05-30T11:59:07","modified_gmt":"2024-05-30T09:59:07","slug":"vehicle","status":"publish","type":"page","link":"https:\/\/mon.uvic.cat\/nitrecerca\/vehicle\/","title":{"rendered":"VEHICLE"},"content":{"rendered":"<div class=\"fusion-fullwidth fullwidth-box fusion-builder-row-1 fusion-flex-container nonhundred-percent-fullwidth non-hundred-percent-height-scrolling\" style=\"--awb-border-radius-top-left:0px;--awb-border-radius-top-right:0px;--awb-border-radius-bottom-right:0px;--awb-border-radius-bottom-left:0px;--awb-flex-wrap:wrap;\" ><div class=\"fusion-builder-row fusion-row fusion-flex-align-items-flex-start fusion-flex-content-wrap\" style=\"max-width:1248px;margin-left: calc(-4% \/ 2 );margin-right: calc(-4% \/ 2 );\"><div class=\"fusion-layout-column fusion_builder_column fusion-builder-column-0 fusion_builder_column_1_1 1_1 fusion-flex-column\" style=\"--awb-bg-size:cover;--awb-width-large:100%;--awb-margin-top-large:0px;--awb-spacing-right-large:1.92%;--awb-margin-bottom-large:0px;--awb-spacing-left-large:1.92%;--awb-width-medium:100%;--awb-spacing-right-medium:1.92%;--awb-spacing-left-medium:1.92%;--awb-width-small:100%;--awb-spacing-right-small:1.92%;--awb-spacing-left-small:1.92%;\"><div class=\"fusion-column-wrapper fusion-flex-justify-content-flex-start fusion-content-layout-column\"><div class=\"fusion-text fusion-text-1\"><h3>Qu\u00e8 \u00e9s VEHICLE?<\/h3>\n<p><a href=\"https:\/\/www.bbi-europe.eu\/projects\/vehicle\">VEHICLE<\/a>, &#8220;Valorise Extensive quantities of HemIcellulosic and Cellulosic sugars from Lignocellulosic biomass into high-value End products&#8221;, \u00e9s projecte europeu, coordinat per <a href=\"https:\/\/www.avantium.com\/\">Avantium<\/a>, que busca la valoritzaci\u00f3 de determinats tipus de residus de poc valor i molt espec\u00edfics de la ind\u00fastria paperera. El projecte tamb\u00e9 vol introduir alternatives i processos innovadors que ajudin a obtenir nous productes d\u2019alt valor afegit a partir de la biomassa forestal, com per exemple biopl\u00e0stics. Els resultats obtinguts han d\u2019acabar impulsant nous models i plans de negoci basats en noves cadenes de valor, considerades molt prometedores per diversos sectors, entre els quals el forestal.<\/p>\n<p>La participaci\u00f3 del CT BETA ser\u00e0 t\u00e8cnica i se centrar\u00e0 en la utilitzaci\u00f3 de metodologies d\u2019an\u00e0lisi de cicles de la vida (LCA) per avaluar els impactes ambientals i econ\u00f2mics dels productes i processos que es vagin desenvolupant en el s\u00ed del VEHICLE. El de la UVic-UCC \u00e9s l\u2019\u00fanic centre de recerca que forma part del consorci d\u2019aquest projecte integrat per set membres. La resta de socis s\u00f3n empreses d\u2019Holanda, Finl\u00e0ndia, It\u00e0lia, Est\u00f2nia i Su\u00e8cia, on precisament va tenir lloc el<em>\u00a0kick of meeting<\/em>\u00a0el 4 i 5 de juny.<\/p>\n<p>El pressupost total \u00e9s de 9,6 milions d\u2019euros, dels quals 376.250 s\u00f3n per a la UVic-UCC.<\/p>\n<p>El finan\u00e7ament d\u2019aquesta iniciativa procedeix de les convocat\u00f2ries de la\u00a0<a href=\"https:\/\/www.bbi-europe.eu\/\">Bio-based Industries Joint Undertaking<\/a>\u00a0(BBI JU), dins el programa H2020. La BBI JU \u00e9s un programa publicoprivat entre la Uni\u00f3 Europea i el\u00a0<a href=\"https:\/\/biconsortium.eu\/about\">Bio-Based Industries Consortium<\/a>\u00a0(BIC), del qual\u00a0<a href=\"https:\/\/mon.uvic.cat\/lapunt\/la-uvic-ucc-sincorpora-al-consorci-europeu-bio-based-industries-a-traves-del-centre-tecnologic-beta\/\">el CT BETA \u00e9s membre des del mar\u00e7 de l\u2019any passat<\/a>. Aquest consorci aplega grans i petites empreses europees en l\u2019\u00e0mbit de les ind\u00fastries de base biol\u00f2gica, aix\u00ed com agrupacions i organitzacions compromeses a invertir en recerca per desenvolupar aquest sector de manera sostenible a Europa. El VEHICLE \u00e9s el primer gran projecte per al centre de recerca sorgit arran de la seva pertinen\u00e7a a la xarxa.<\/p>\n<p>El projecte va comen\u00e7ar el 01\/06\/2019 i finalitzar\u00e0 el 31\/05\/2023.<\/p>\n<h3>Objectius<\/h3>\n<ul>\n<li>Substituir els materials a base d\u2019oli en aplicacions de pasta i paper per pol\u00edmers d\u2019hemicel\u00b7lulosa. Els pol\u00edmers de recanvi seran totalment biodegradables sense competir amb els recursos per a la producci\u00f3 d&#8217;aliments i pinsos.<\/li>\n<li>Convertir una gran part del material org\u00e0nic de les f\u00e0briques de pasta de cel\u00b7lular, que actualment es considera un producte de rebuig, en productes valuosos mitjan\u00e7ant la valoritzaci\u00f3 d\u2019un flux lateral.<\/li>\n<li>Reduir substancialment el consum d\u2019aigua (fins a un 70 per cent) amb les associades millores en el consum d\u2019energia. Aix\u00f2 millorar\u00e0 l\u2019economia del proc\u00e9s i reduir\u00e0 el seu impacte ambiental.<\/li>\n<li>Reduir les emissions de CO2. Les mat\u00e8ries primeres renovables tenen una petjada ambiental m\u00e9s petita i poden substituir la producci\u00f3 de blocs b\u00e0sics basats en f\u00f2ssils per alternatives derivades de l\u2019hemicel\u00b7lulosa i substituir els midons basats en els aliments que s\u2019utilitzen actualment en la fabricaci\u00f3 de paper.<\/li>\n<\/ul>\n<h3>Partners<\/h3>\n<p><img decoding=\"async\" class=\"wp-image-1029 size-full alignnone\" src=\"http:\/\/mon.uvic.cat\/nitrecerca\/files\/2020\/11\/PARTNERS-10.png\" alt=\"\" width=\"1744\" height=\"597\" srcset=\"https:\/\/mon.uvic.cat\/nitrecerca\/files\/2020\/11\/PARTNERS-10-300x103.png 300w, https:\/\/mon.uvic.cat\/nitrecerca\/files\/2020\/11\/PARTNERS-10-768x263.png 768w, https:\/\/mon.uvic.cat\/nitrecerca\/files\/2020\/11\/PARTNERS-10-1024x351.png 1024w, https:\/\/mon.uvic.cat\/nitrecerca\/files\/2020\/11\/PARTNERS-10-1536x526.png 1536w, https:\/\/mon.uvic.cat\/nitrecerca\/files\/2020\/11\/PARTNERS-10.png 1744w\" sizes=\"(max-width: 1744px) 100vw, 1744px\" \/><\/p>\n<h3>Finan\u00e7ament<\/h3>\n<p><img decoding=\"async\" class=\"alignleft wp-image-1030 size-medium\" src=\"http:\/\/mon.uvic.cat\/nitrecerca\/files\/2020\/11\/Screenshot_2020-11-23-VEHICLE-Avantium2-300x59.png\" alt=\"\" width=\"300\" height=\"59\" srcset=\"https:\/\/mon.uvic.cat\/nitrecerca\/files\/2020\/11\/Screenshot_2020-11-23-VEHICLE-Avantium2-300x59.png 300w, https:\/\/mon.uvic.cat\/nitrecerca\/files\/2020\/11\/Screenshot_2020-11-23-VEHICLE-Avantium2.png 698w\" sizes=\"(max-width: 300px) 100vw, 300px\" \/> <img decoding=\"async\" class=\"alignleft wp-image-1031 \" src=\"http:\/\/mon.uvic.cat\/nitrecerca\/files\/2020\/11\/Screenshot_2020-11-23-VEHICLE-Avantium1.png\" alt=\"\" width=\"147\" height=\"136\" \/> <img decoding=\"async\" class=\"alignleft wp-image-1032 size-medium\" src=\"http:\/\/mon.uvic.cat\/nitrecerca\/files\/2020\/11\/Screenshot_2020-11-23-VEHICLE-Avantium-300x62.png\" alt=\"\" width=\"300\" height=\"62\" srcset=\"https:\/\/mon.uvic.cat\/nitrecerca\/files\/2020\/11\/Screenshot_2020-11-23-VEHICLE-Avantium-300x62.png 300w, https:\/\/mon.uvic.cat\/nitrecerca\/files\/2020\/11\/Screenshot_2020-11-23-VEHICLE-Avantium.png 577w\" sizes=\"(max-width: 300px) 100vw, 300px\" \/><\/p>\n<\/div><\/div><\/div><\/div><\/div>\n","protected":false},"excerpt":{"rendered":"","protected":false},"author":613,"featured_media":0,"parent":0,"menu_order":0,"comment_status":"closed","ping_status":"closed","template":"","meta":{"footnotes":""},"class_list":["post-2297","page","type-page","status-publish","hentry"],"jetpack_sharing_enabled":true,"_links":{"self":[{"href":"https:\/\/mon.uvic.cat\/nitrecerca\/wp-json\/wp\/v2\/pages\/2297","targetHints":{"allow":["GET"]}}],"collection":[{"href":"https:\/\/mon.uvic.cat\/nitrecerca\/wp-json\/wp\/v2\/pages"}],"about":[{"href":"https:\/\/mon.uvic.cat\/nitrecerca\/wp-json\/wp\/v2\/types\/page"}],"author":[{"embeddable":true,"href":"https:\/\/mon.uvic.cat\/nitrecerca\/wp-json\/wp\/v2\/users\/613"}],"replies":[{"embeddable":true,"href":"https:\/\/mon.uvic.cat\/nitrecerca\/wp-json\/wp\/v2\/comments?post=2297"}],"version-history":[{"count":2,"href":"https:\/\/mon.uvic.cat\/nitrecerca\/wp-json\/wp\/v2\/pages\/2297\/revisions"}],"predecessor-version":[{"id":2671,"href":"https:\/\/mon.uvic.cat\/nitrecerca\/wp-json\/wp\/v2\/pages\/2297\/revisions\/2671"}],"wp:attachment":[{"href":"https:\/\/mon.uvic.cat\/nitrecerca\/wp-json\/wp\/v2\/media?parent=2297"}],"curies":[{"name":"wp","href":"https:\/\/api.w.org\/{rel}","templated":true}]}}