{"id":2293,"date":"2024-05-30T11:34:55","date_gmt":"2024-05-30T09:34:55","guid":{"rendered":"https:\/\/mon.uvic.cat\/nitrecerca\/?page_id=2293"},"modified":"2024-05-30T11:34:55","modified_gmt":"2024-05-30T09:34:55","slug":"optimism","status":"publish","type":"page","link":"https:\/\/mon.uvic.cat\/nitrecerca\/optimism\/","title":{"rendered":"OPTIMISM"},"content":{"rendered":"<div class=\"fusion-fullwidth fullwidth-box fusion-builder-row-1 fusion-flex-container nonhundred-percent-fullwidth non-hundred-percent-height-scrolling\" style=\"--awb-border-radius-top-left:0px;--awb-border-radius-top-right:0px;--awb-border-radius-bottom-right:0px;--awb-border-radius-bottom-left:0px;--awb-flex-wrap:wrap;\" ><div class=\"fusion-builder-row fusion-row fusion-flex-align-items-flex-start fusion-flex-content-wrap\" style=\"max-width:1248px;margin-left: calc(-4% \/ 2 );margin-right: calc(-4% \/ 2 );\"><div class=\"fusion-layout-column fusion_builder_column fusion-builder-column-0 fusion_builder_column_1_1 1_1 fusion-flex-column\" style=\"--awb-bg-size:cover;--awb-width-large:100%;--awb-margin-top-large:0px;--awb-spacing-right-large:1.92%;--awb-margin-bottom-large:0px;--awb-spacing-left-large:1.92%;--awb-width-medium:100%;--awb-spacing-right-medium:1.92%;--awb-spacing-left-medium:1.92%;--awb-width-small:100%;--awb-spacing-right-small:1.92%;--awb-spacing-left-small:1.92%;\"><div class=\"fusion-column-wrapper fusion-flex-justify-content-flex-start fusion-content-layout-column\"><div class=\"fusion-text fusion-text-1\"><h3>Qu\u00e8 \u00e9s OPTIMISM?<\/h3>\n<p>OPTIMISM, &#8220;Dss to optimize the sustainability of dairy sector&#8221; \u00e9s un projecte europeu finan\u00e7at en el marc de la convocat\u00f2ria MSCA-COFUND\/TecnioSpring+ ACCI\u00d3. L&#8217;IP \u00e9s l&#8217;investigador Joan Col\u00f3n, investigador del <a href=\"https:\/\/www.uvic.cat\/CT_BETA\">Centre Tecnol\u00f2gic en Biodiversitat, Ecologia i Tecnologia i Gesti\u00f3 Ambiental i Aliment\u00e0ria (CT BETA).<\/a><\/p>\n<h3>Objectius<\/h3>\n<p>L\u2019objectiu principal d\u2019OPTIMISM ha estat crear un sistema de suport a la decisi\u00f3 que compleixi la metodologia de la petjada ambiental del producte de la UE (PEF) per millorar la competitivitat industrial del sector l\u00e0ctic promovent la producci\u00f3 eficient de productes lactis segurs i d\u2019alta qualitat, de manera que protegeixi i millori la el medi natural, les condicions econ\u00f2miques i socials dels agricultors, els empleats i les comunitats locals i el benestar de totes les esp\u00e8cies cultivades.<br \/>\nL\u2019enfocament metodol\u00f2gic OPTIMISM se centra en la investigaci\u00f3 qualitativa i quantitativa que inclou cinc \u00e0rees principals: (i) An\u00e0lisi ambiental i petjades, (ii) Modelitzaci\u00f3 i desenvolupament de rutines d\u2019optimitzaci\u00f3, (iii) Desenvolupament de programari, (iv) Validaci\u00f3 i certificaci\u00f3 del programari desenvolupat i (v) difondre, transferir i comercialitzar els resultats de la investigaci\u00f3.<\/p>\n<p>En el marc d&#8217;aquest projecte s&#8217;ha desenvolupat l&#8217;eina CalcPEFdairy, que serveix per avaluar l\u2019impacte mediambiental dels sistemes de producci\u00f3 l\u00e0ctica a partir de la metodologia PEF (Product Environmental Footprint). La PEF \u00e9s una metodologia basada en els cicles de la vida que avalua l\u2019efecte d\u2019un producte determinat sobre el medi ambient. La Uni\u00f3 Europea l\u2019ha escollit com a referent per normalitzar el c\u00e0lcul de la petjada ambiental arreu d\u2019Europa, i l\u2019ha convertida en la base de les futures certificacions que ajudaran els consumidors a identificar millor el comportament ambiental dels productes. En aquest context, OPTIMISM busca millorar i optimitzar la sostenibilitat ambiental de la ind\u00fastria l\u00e0ctica amb, entre d\u2019altres, aquesta eina que ajuda a adequar els productes a la metodologia PEF.<\/p>\n<p><a href=\"https:\/\/docs.google.com\/forms\/d\/e\/1FAIpQLSe3H0FMtU5-aIZ6Z07HmsN4t8SEgBEHKGRKFanB_X93c5o8oQ\/viewform\">Registre i desc\u00e0rrega aqu\u00ed de l&#8217;eina CalcPEFdairy<\/a>.<\/p>\n<p><a href=\"https:\/\/www.ivoox.com\/23328448\">Entrevista a Joan Colon al programa &#8220;Desconeguts,coneguts&#8221; de l&#8217;UDivulga, on explica el projecte.<\/a><\/p>\n<p><a href=\"https:\/\/mon.uvic.cat\/udivulga\/joan-colon-i-daniel-egas-presenten-leina-davaluacio-ambiental-calcpefdairy-en-un-congres-denginyeria-quimica\/\">Not\u00edcia<\/a>.<\/p>\n<p><img decoding=\"async\" class=\"alignleft wp-image-1039 size-full\" src=\"http:\/\/mon.uvic.cat\/nitrecerca\/files\/2020\/11\/FINACIAT.png\" alt=\"\" width=\"1746\" height=\"222\" srcset=\"https:\/\/mon.uvic.cat\/nitrecerca\/files\/2020\/11\/FINACIAT-300x38.png 300w, https:\/\/mon.uvic.cat\/nitrecerca\/files\/2020\/11\/FINACIAT-768x98.png 768w, https:\/\/mon.uvic.cat\/nitrecerca\/files\/2020\/11\/FINACIAT-1024x130.png 1024w, https:\/\/mon.uvic.cat\/nitrecerca\/files\/2020\/11\/FINACIAT-1536x195.png 1536w, https:\/\/mon.uvic.cat\/nitrecerca\/files\/2020\/11\/FINACIAT.png 1746w\" sizes=\"(max-width: 1746px) 100vw, 1746px\" \/><\/p>\n<\/div><\/div><\/div><\/div><\/div>\n","protected":false},"excerpt":{"rendered":"","protected":false},"author":613,"featured_media":0,"parent":0,"menu_order":0,"comment_status":"closed","ping_status":"closed","template":"","meta":{"footnotes":""},"class_list":["post-2293","page","type-page","status-publish","hentry"],"jetpack_sharing_enabled":true,"_links":{"self":[{"href":"https:\/\/mon.uvic.cat\/nitrecerca\/wp-json\/wp\/v2\/pages\/2293","targetHints":{"allow":["GET"]}}],"collection":[{"href":"https:\/\/mon.uvic.cat\/nitrecerca\/wp-json\/wp\/v2\/pages"}],"about":[{"href":"https:\/\/mon.uvic.cat\/nitrecerca\/wp-json\/wp\/v2\/types\/page"}],"author":[{"embeddable":true,"href":"https:\/\/mon.uvic.cat\/nitrecerca\/wp-json\/wp\/v2\/users\/613"}],"replies":[{"embeddable":true,"href":"https:\/\/mon.uvic.cat\/nitrecerca\/wp-json\/wp\/v2\/comments?post=2293"}],"version-history":[{"count":2,"href":"https:\/\/mon.uvic.cat\/nitrecerca\/wp-json\/wp\/v2\/pages\/2293\/revisions"}],"predecessor-version":[{"id":2632,"href":"https:\/\/mon.uvic.cat\/nitrecerca\/wp-json\/wp\/v2\/pages\/2293\/revisions\/2632"}],"wp:attachment":[{"href":"https:\/\/mon.uvic.cat\/nitrecerca\/wp-json\/wp\/v2\/media?parent=2293"}],"curies":[{"name":"wp","href":"https:\/\/api.w.org\/{rel}","templated":true}]}}