{"id":2291,"date":"2024-05-30T11:58:13","date_gmt":"2024-05-30T09:58:13","guid":{"rendered":"https:\/\/mon.uvic.cat\/nitrecerca\/?page_id=2291"},"modified":"2024-05-30T11:58:13","modified_gmt":"2024-05-30T09:58:13","slug":"valora","status":"publish","type":"page","link":"https:\/\/mon.uvic.cat\/nitrecerca\/valora\/","title":{"rendered":"VALORA"},"content":{"rendered":"<div class=\"fusion-fullwidth fullwidth-box fusion-builder-row-1 fusion-flex-container nonhundred-percent-fullwidth non-hundred-percent-height-scrolling\" style=\"--awb-border-radius-top-left:0px;--awb-border-radius-top-right:0px;--awb-border-radius-bottom-right:0px;--awb-border-radius-bottom-left:0px;--awb-flex-wrap:wrap;\" ><div class=\"fusion-builder-row fusion-row fusion-flex-align-items-flex-start fusion-flex-content-wrap\" style=\"max-width:1248px;margin-left: calc(-4% \/ 2 );margin-right: calc(-4% \/ 2 );\"><div class=\"fusion-layout-column fusion_builder_column fusion-builder-column-0 fusion_builder_column_1_1 1_1 fusion-flex-column\" style=\"--awb-bg-size:cover;--awb-width-large:100%;--awb-margin-top-large:0px;--awb-spacing-right-large:1.92%;--awb-margin-bottom-large:0px;--awb-spacing-left-large:1.92%;--awb-width-medium:100%;--awb-spacing-right-medium:1.92%;--awb-spacing-left-medium:1.92%;--awb-width-small:100%;--awb-spacing-right-small:1.92%;--awb-spacing-left-small:1.92%;\"><div class=\"fusion-column-wrapper fusion-flex-justify-content-flex-start fusion-content-layout-column\"><div class=\"fusion-text fusion-text-1\"><h3>Qu\u00e8 \u00e9s VALORA?<\/h3>\n<p><img decoding=\"async\" class=\"alignleft size-full wp-image-1042\" src=\"http:\/\/mon.uvic.cat\/nitrecerca\/files\/2020\/11\/2157-7463-7-272-g001-2-300x156-1.gif\" alt=\"\" width=\"300\" height=\"156\" \/>El projecte<a href=\"https:\/\/mon.uvic.cat\/valora\/\"> VALORA<\/a>, &#8220;Valoritzaci\u00f3 de residus agroindustrials per a la producci\u00f3 de biopl\u00e0stics&#8221;, realitza la valoritzaci\u00f3 de residus agro-industrials mitjan\u00e7ant la producci\u00f3 de biopl\u00e0stics, concretament de polihidroxialcanoats (PHA). A partir de residus agro-industrials (bag\u00e0s de ra\u00efm, bag\u00e0s de cervesa i pinyolada) seleccionats per les seves \u00f2ptimes propietats fisicoqu\u00edmiques (s\u00f2lids rics en carboni org\u00e0nic i deficitaris en nutrients) i la seva rellev\u00e0ncia en el sector agro-industrial espanyol, la primera fase del projecte es centrar\u00e0 en la producci\u00f3 de PHA a partir d\u2019aquests residus mitjan\u00e7ant una fermentaci\u00f3 en estat s\u00f2lid (SSF per les seves sigles en angl\u00e8s) produ\u00efda per ceps microbians purs especialment seleccionats. En l\u2019actualitat, la SSF s\u2019ha aplicat amb \u00e8xit a la producci\u00f3 d\u2019enzims, biocombustibles, biosurfactants i aromes entre d\u2019altres, tanmateix, la SSF amb prou feines ha sigut estudiada per la producci\u00f3 de biopl\u00e0stics.<\/p>\n<p>Des de fa m\u00e9s de 70 anys la societat t\u00e9 total depend\u00e8ncia dels pl\u00e0stics derivats del petroli, ja sigui per \u00fas industrial o particular, i aquesta depend\u00e8ncia no fa m\u00e9s que cr\u00e9ixer. Els pl\u00e0stics derivats del petroli tenen un fort problema mediambiental per la seva baixa biodegradabilitat i en l\u2019actualitat estan buscant alternatives econ\u00f2mica i mediambientalment sostenibles per la substituci\u00f3 d\u2019aquests pl\u00e0stics.<\/p>\n<p>El projecte va comen\u00e7ar el 30\/12\/2016 i finalitzar\u00e0 el 29\/12\/2020.<\/p>\n<p>L&#8217;IP del projecte \u00e9s <a href=\"http:\/\/urecerca.uvic.cat\/CawDOS?id=269cd69da10a140c&amp;idioma=ca&amp;tipo=activ&amp;elmeucv=N\">Sergio Pons\u00e0 Salas<\/a>, director del <a href=\"https:\/\/www.uvic.cat\/CT_BETA\">Centre Tecnol\u00f2gic Biodiversitat, Ecologia, Tecnologia i Gesti\u00f3 Ambiental (CT BETA) &#8211; Centre TECNIO.<\/a><\/p>\n<h3>Objectius<\/h3>\n<p>L\u2019objectiu inicial d\u2019aquesta fase \u00e9s con\u00e8ixer els par\u00e0metres claus per la producci\u00f3 de PHA, l\u2019estudi de les cin\u00e8tiques de producci\u00f3 i el desenvolupament de sistemes de monitoritzaci\u00f3 i control del proc\u00e9s. Per aquest motiu es redissenyar\u00e0 una eina de control de l\u2019activitat microbiol\u00f2gica que el grup ja havia dissenyat i implementat pel control del proc\u00e9s de compostatge de residus s\u00f2lids. La utilitzaci\u00f3 de ceps purs, presenta seriosos problemes (tant operatius com econ\u00f2mics) al plantejar un escalat industrial del proc\u00e9s, amb l\u2019objectiu de superar aquests problemes, en una segona fase de projecte s\u2019utilitzaran cultius microbians mixtes obtinguts de tractaments d\u2019aig\u00fces residuals capaces de produir PHA. La selecci\u00f3 d\u2019aquests microorganismes es realitza sota unes condicions molt concretes alternant per\u00edodes de fest\u00ed i de fam on s\u2019alternen fases de substrat ric en carboni org\u00e0nic i baixes concentracions de nutrients amb fases amb escassetat de carboni. Aix\u00ed, el microorganisme capa\u00e7 d\u2019haver-ho acumulat anteriorment completa el seu metabolisme, eliminant del sistema aquells que no s\u00f3n capa\u00e7os de produir PHA. Un cop estudiades les poblacions microbianes, les seves cin\u00e8tiques i haver desenvolupat un sistema de control, de monitoratge i modelitzaci\u00f3 a escala laboratori, es desenvolupar\u00e0 un protocol d\u2019extracci\u00f3 de PHA en SSF.<\/p>\n<p>Finalment, amb el coneixement adquirit es realitzar\u00e0 un escalat de proc\u00e9s a escala laboratori en reactors de 5L. A m\u00e9s, amb la finalitat que la tecnologia es pugui transferir al sector industrial, s\u2019avaluaran l\u2019impacte ambiental i econ\u00f2mic per determinar la viabilitat global del proc\u00e9s.<\/p>\n<p>Projecte VALORA \u201cCTM2016-81038-R\u201d, finan\u00e7at pel Ministerio de Econom\u00eda, Industria y Competitividad \u2013 Agencia Estatal de Investigaci\u00f3n, i cofinan\u00e7at pel Fons Europeu de Desenvolupament Regional (FEDER). \u201cUna manera de fer Europa\u201d.<\/p>\n<p><img decoding=\"async\" class=\"alignleft wp-image-1043 \" src=\"http:\/\/mon.uvic.cat\/nitrecerca\/files\/2020\/11\/Screenshot_2020-11-23-Valoritzacio-de-residus-agroindustrials-per-a-la-produccio-de-bioplastics-VALORA-UVic.png\" alt=\"\" width=\"693\" height=\"226\" srcset=\"https:\/\/mon.uvic.cat\/nitrecerca\/files\/2020\/11\/Screenshot_2020-11-23-Valoritzacio-de-residus-agroindustrials-per-a-la-produccio-de-bioplastics-VALORA-UVic-300x98.png 300w, https:\/\/mon.uvic.cat\/nitrecerca\/files\/2020\/11\/Screenshot_2020-11-23-Valoritzacio-de-residus-agroindustrials-per-a-la-produccio-de-bioplastics-VALORA-UVic-768x250.png 768w, https:\/\/mon.uvic.cat\/nitrecerca\/files\/2020\/11\/Screenshot_2020-11-23-Valoritzacio-de-residus-agroindustrials-per-a-la-produccio-de-bioplastics-VALORA-UVic.png 883w\" sizes=\"(max-width: 693px) 100vw, 693px\" \/><\/p>\n<\/div><\/div><\/div><\/div><\/div>\n","protected":false},"excerpt":{"rendered":"","protected":false},"author":613,"featured_media":0,"parent":0,"menu_order":0,"comment_status":"closed","ping_status":"closed","template":"","meta":{"footnotes":""},"class_list":["post-2291","page","type-page","status-publish","hentry"],"jetpack_sharing_enabled":true,"_links":{"self":[{"href":"https:\/\/mon.uvic.cat\/nitrecerca\/wp-json\/wp\/v2\/pages\/2291","targetHints":{"allow":["GET"]}}],"collection":[{"href":"https:\/\/mon.uvic.cat\/nitrecerca\/wp-json\/wp\/v2\/pages"}],"about":[{"href":"https:\/\/mon.uvic.cat\/nitrecerca\/wp-json\/wp\/v2\/types\/page"}],"author":[{"embeddable":true,"href":"https:\/\/mon.uvic.cat\/nitrecerca\/wp-json\/wp\/v2\/users\/613"}],"replies":[{"embeddable":true,"href":"https:\/\/mon.uvic.cat\/nitrecerca\/wp-json\/wp\/v2\/comments?post=2291"}],"version-history":[{"count":2,"href":"https:\/\/mon.uvic.cat\/nitrecerca\/wp-json\/wp\/v2\/pages\/2291\/revisions"}],"predecessor-version":[{"id":2669,"href":"https:\/\/mon.uvic.cat\/nitrecerca\/wp-json\/wp\/v2\/pages\/2291\/revisions\/2669"}],"wp:attachment":[{"href":"https:\/\/mon.uvic.cat\/nitrecerca\/wp-json\/wp\/v2\/media?parent=2291"}],"curies":[{"name":"wp","href":"https:\/\/api.w.org\/{rel}","templated":true}]}}