{"id":2289,"date":"2024-05-29T12:48:08","date_gmt":"2024-05-29T10:48:08","guid":{"rendered":"https:\/\/mon.uvic.cat\/nitrecerca\/?page_id=2289"},"modified":"2024-05-29T12:48:08","modified_gmt":"2024-05-29T10:48:08","slug":"araef","status":"publish","type":"page","link":"https:\/\/mon.uvic.cat\/nitrecerca\/araef\/","title":{"rendered":"ARAEF"},"content":{"rendered":"<div class=\"fusion-fullwidth fullwidth-box fusion-builder-row-1 fusion-flex-container nonhundred-percent-fullwidth non-hundred-percent-height-scrolling\" style=\"--awb-border-radius-top-left:0px;--awb-border-radius-top-right:0px;--awb-border-radius-bottom-right:0px;--awb-border-radius-bottom-left:0px;--awb-flex-wrap:wrap;\" ><div class=\"fusion-builder-row fusion-row fusion-flex-align-items-flex-start fusion-flex-content-wrap\" style=\"max-width:1248px;margin-left: calc(-4% \/ 2 );margin-right: calc(-4% \/ 2 );\"><div class=\"fusion-layout-column fusion_builder_column fusion-builder-column-0 fusion_builder_column_1_1 1_1 fusion-flex-column\" style=\"--awb-bg-size:cover;--awb-width-large:100%;--awb-margin-top-large:0px;--awb-spacing-right-large:1.92%;--awb-margin-bottom-large:0px;--awb-spacing-left-large:1.92%;--awb-width-medium:100%;--awb-spacing-right-medium:1.92%;--awb-spacing-left-medium:1.92%;--awb-width-small:100%;--awb-spacing-right-small:1.92%;--awb-spacing-left-small:1.92%;\"><div class=\"fusion-column-wrapper fusion-flex-justify-content-flex-start fusion-content-layout-column\"><div class=\"fusion-text fusion-text-1\" style=\"--awb-text-font-family:&quot;Inter&quot;;--awb-text-font-style:normal;--awb-text-font-weight:400;\"><h3>Qu\u00e8 \u00e9s ARAEF?<\/h3>\n<p>El projecte <a href=\"https:\/\/www.uvic.cat\/museu-virtual\/investigacions\/araef\">ARAEF, <\/a>&#8220;An\u00e0lisi de les representacions audiovisuals de l&#8217;educaci\u00f3 en documentals i noticiaris durant el franquisme&#8221; t\u00e9 com a principal centre d&#8217;atenci\u00f3 analitzar i interpretar les produccions audiovisuals de documentals i noticiaris sobre tem\u00e0tiques educatives produ\u00efdes durant el franquisme. L&#8217;objectiu \u00e9s aprofundir en la comprensi\u00f3 de les representacions audiovisuals que es van produir entre 1940 i 1974 amb la finalitat de revisar el model pedag\u00f2gic que es propagava a trav\u00e9s dels mitjans de comunicaci\u00f3 medi\u00e0tics i detectar aquells aspectes que formen part de la mem\u00f2ria col\u00b7lectiva. Com a principi, el projecte parteix de la idea que la propaganda educativa expressada en els documentals i noticiaris educatius conformen part de la hist\u00f2ria cultural de l&#8217;educaci\u00f3. \u00c9s aix\u00ed que la recerca proposada se centra en analitzar un dels elements configuratius de la mem\u00f2ria a trav\u00e9s de l&#8217;estudi del patrimoni audiovisual que va conformar un model d&#8217;identitat, facilitant amb aix\u00f2, l&#8217;estudi dels elements que encara persisteixen en la societat d&#8217;avui.La recerca segueix en la l\u00ednia de treball iniciada amb el projecte <em>RADAE. Revisi\u00f3 i an\u00e0lisi de documentals propagand\u00edstics i anuncis audiovisuals educatius produ\u00efts entre 1914 i 1940<\/em>\u00a0(ref. EDU2013-48067-R).<\/p>\n<h3>Objectius<\/h3>\n<p>Tenint com a base els resultats de l&#8217;anterior recerca desenvolupada amb \u00e8xit i de les aportacions d&#8217;especialistes espanyols i europeus en la difusi\u00f3 i avaluaci\u00f3 del projecte, el projecte s&#8217;ha dissenyat amb els seg\u00fcents objectius:<\/p>\n<p>1) Recuperar el patrimoni audiovisual de tem\u00e0tica educativa per a promoure la seva difusi\u00f3 i estudi Els resultats poden consultar-se en: .\u00a0<a href=\"https:\/\/www.uvic.cat\/sites\/default\/files\/registro_repnot.pdf\" target=\"_blank\" rel=\"noopener noreferrer\">https:\/\/www.uvic.cat\/sites\/default\/files\/registro_repnot.pdf<i class=\"far fa-file-pdf\"><\/i><\/a><br \/>\n2) Aprofundir en les relacions entre propaganda, ideologies i educaci\u00f3.<br \/>\n3) Analitzar i interpretar el patrimoni audiovisual produ\u00eft durant el franquisme mitjan\u00e7ant an\u00e0lisis qualitatives de les representacions dels seg\u00fcents eixos: propaganda, ideologia i educaci\u00f3; concepci\u00f3 pol\u00edtica de l&#8217;educaci\u00f3; concepci\u00f3 subjectes educatius; i representaci\u00f3 dels coneixements curriculars.<br \/>\n4) Promoure el coneixement del patrimoni audiovisual i de la seva an\u00e0lisi i interpretaci\u00f3 en l&#8217;entorn nacional i europeu.<\/p>\n<p>La metodologia proposada per a la recerca \u00e9s la que correspon a una recerca qualitativa. S&#8217;inicia amb una reflexi\u00f3 te\u00f2ric-cr\u00edtica amb seminaris amb la creaci\u00f3 d&#8217;un grup de treball amb investigadors de la tem\u00e0tica procedents de diferents estats europeus amb un passat autoritari s&#8217;intercanvien els resultats obtinguts a fi d&#8217;analitzar les coincid\u00e8ncies i difer\u00e8ncies entre els models propagats per dictadures. Posteriorment, prossegueix amb l&#8217;an\u00e0lisi de continguts audiovisuals que es desenvolupa amb un registre t\u00e8cnic dels fons patrimonials amb les dades referents a la producci\u00f3. Seguidament, es realitza l&#8217;an\u00e0lisi de les categories i identificadors detectats en els estudis previs com a significatius per a possibilitar una major comprensi\u00f3 de les representacions de l&#8217;educaci\u00f3 en noticiaris i documentals utilitzant les eines d&#8217;an\u00e0lisis de contingut visual i textual. Les an\u00e0lisis s&#8217;organitzen per eixos d&#8217;estudi tem\u00e0tics (propaganda, ideologia, models d&#8217;educadors, aspectes curriculars) i la seva interpretaci\u00f3 va dirigida a identificar els imaginaris educatius que volien implementar-se. Durant tot el proc\u00e9s, es realitzen activitats de comunicaci\u00f3 de resultats i processos per a potenciar una discussi\u00f3 participativa en col\u00b7laboraci\u00f3 amb altres grups de recerca.<\/p>\n<p>El projecte t\u00e9 una durada de 2 anys (2018-2020).<\/p>\n<hr \/>\n<p>Projecte coordinar pel <a href=\"http:\/\/urecerca.uvic.cat\/CawDOS?id=cd48840d65bb3bc0&amp;idioma=ca&amp;tipo=grupo\">Grup de Recerca Educativa de la Universitat de Vic (GREUV)<\/a><\/p>\n<p>Aquest ajut est\u00e0 finan\u00e7at per la convocat\u00f2ria 2015 del programa d\u2019Ajuts Ram\u00f3n i Cajal del MICIU i est\u00e0 cofinan\u00e7at pel Fons Social Europeu.<\/p>\n<p><img decoding=\"async\" class=\"wp-image-1045 alignnone\" src=\"http:\/\/mon.uvic.cat\/nitrecerca\/files\/2020\/11\/fons_europeu-300x255.png\" alt=\"\" width=\"206\" height=\"175\" srcset=\"https:\/\/mon.uvic.cat\/nitrecerca\/files\/2020\/11\/fons_europeu-300x255.png 300w, https:\/\/mon.uvic.cat\/nitrecerca\/files\/2020\/11\/fons_europeu-768x653.png 768w, https:\/\/mon.uvic.cat\/nitrecerca\/files\/2020\/11\/fons_europeu-1024x870.png 1024w, https:\/\/mon.uvic.cat\/nitrecerca\/files\/2020\/11\/fons_europeu.png 1446w\" sizes=\"(max-width: 206px) 100vw, 206px\" \/><\/p>\n<p><img decoding=\"async\" class=\"wp-image-1046 alignnone\" src=\"http:\/\/mon.uvic.cat\/nitrecerca\/files\/2020\/11\/ministerio_agencia-300x63.png\" alt=\"\" width=\"362\" height=\"76\" srcset=\"https:\/\/mon.uvic.cat\/nitrecerca\/files\/2020\/11\/ministerio_agencia-300x63.png 300w, https:\/\/mon.uvic.cat\/nitrecerca\/files\/2020\/11\/ministerio_agencia-768x161.png 768w, https:\/\/mon.uvic.cat\/nitrecerca\/files\/2020\/11\/ministerio_agencia.png 929w\" sizes=\"(max-width: 362px) 100vw, 362px\" \/><\/p>\n<\/div><\/div><\/div><\/div><\/div>\n","protected":false},"excerpt":{"rendered":"","protected":false},"author":613,"featured_media":0,"parent":0,"menu_order":0,"comment_status":"closed","ping_status":"closed","template":"","meta":{"footnotes":""},"class_list":["post-2289","page","type-page","status-publish","hentry"],"jetpack_sharing_enabled":true,"_links":{"self":[{"href":"https:\/\/mon.uvic.cat\/nitrecerca\/wp-json\/wp\/v2\/pages\/2289","targetHints":{"allow":["GET"]}}],"collection":[{"href":"https:\/\/mon.uvic.cat\/nitrecerca\/wp-json\/wp\/v2\/pages"}],"about":[{"href":"https:\/\/mon.uvic.cat\/nitrecerca\/wp-json\/wp\/v2\/types\/page"}],"author":[{"embeddable":true,"href":"https:\/\/mon.uvic.cat\/nitrecerca\/wp-json\/wp\/v2\/users\/613"}],"replies":[{"embeddable":true,"href":"https:\/\/mon.uvic.cat\/nitrecerca\/wp-json\/wp\/v2\/comments?post=2289"}],"version-history":[{"count":2,"href":"https:\/\/mon.uvic.cat\/nitrecerca\/wp-json\/wp\/v2\/pages\/2289\/revisions"}],"predecessor-version":[{"id":2523,"href":"https:\/\/mon.uvic.cat\/nitrecerca\/wp-json\/wp\/v2\/pages\/2289\/revisions\/2523"}],"wp:attachment":[{"href":"https:\/\/mon.uvic.cat\/nitrecerca\/wp-json\/wp\/v2\/media?parent=2289"}],"curies":[{"name":"wp","href":"https:\/\/api.w.org\/{rel}","templated":true}]}}