{"id":2287,"date":"2024-05-29T12:44:31","date_gmt":"2024-05-29T10:44:31","guid":{"rendered":"https:\/\/mon.uvic.cat\/nitrecerca\/?page_id=2287"},"modified":"2024-05-29T12:44:31","modified_gmt":"2024-05-29T10:44:31","slug":"adaptal","status":"publish","type":"page","link":"https:\/\/mon.uvic.cat\/nitrecerca\/adaptal\/","title":{"rendered":"Adaptal"},"content":{"rendered":"<div class=\"fusion-fullwidth fullwidth-box fusion-builder-row-1 fusion-flex-container nonhundred-percent-fullwidth non-hundred-percent-height-scrolling\" style=\"--awb-border-radius-top-left:0px;--awb-border-radius-top-right:0px;--awb-border-radius-bottom-right:0px;--awb-border-radius-bottom-left:0px;--awb-flex-wrap:wrap;\" ><div class=\"fusion-builder-row fusion-row fusion-flex-align-items-flex-start fusion-flex-content-wrap\" style=\"max-width:1248px;margin-left: calc(-4% \/ 2 );margin-right: calc(-4% \/ 2 );\"><div class=\"fusion-layout-column fusion_builder_column fusion-builder-column-0 fusion_builder_column_1_1 1_1 fusion-flex-column\" style=\"--awb-bg-size:cover;--awb-width-large:100%;--awb-margin-top-large:0px;--awb-spacing-right-large:1.92%;--awb-margin-bottom-large:0px;--awb-spacing-left-large:1.92%;--awb-width-medium:100%;--awb-spacing-right-medium:1.92%;--awb-spacing-left-medium:1.92%;--awb-width-small:100%;--awb-spacing-right-small:1.92%;--awb-spacing-left-small:1.92%;\"><div class=\"fusion-column-wrapper fusion-flex-justify-content-flex-start fusion-content-layout-column\"><div class=\"fusion-text fusion-text-1\" style=\"--awb-text-font-family:&quot;Inter&quot;;--awb-text-font-style:normal;--awb-text-font-weight:400;\"><h3>Qu\u00e8 \u00e9s Adaptal?<\/h3>\n<p>El canvi clim\u00e0tic (CC), mitjan\u00e7ant canvis graduals en ecosistemes i esdeveniments extrems, posa en perill la salut humana, la seguretat humana i la seguretat aliment\u00e0ria. La societat necessita solucions col\u00b7lectives de mitigaci\u00f3 i adaptaci\u00f3 al CC. Moltes d&#8217;aquestes solucions s&#8217;han desenvolupat localment a trav\u00e9s de processos d&#8217;innovaci\u00f3 social i adaptaci\u00f3 transformadora, per\u00f2 han rebut poc suport. Tot i aix\u00f2, l\u2019IPCC ha destacat la necessitat de parar m\u00e9s atenci\u00f3 a aquestes experi\u00e8ncies perqu\u00e8 consideren el context en les seves accions proposades. El coneixement local i tradicional, l\u2019aprenentatge social i l\u2019intercanvi de coneixements s\u00f3n exemples d\u2019aquestes adaptacions transformadores.<\/p>\n<p>Els sistemes agroalimentaris (AF) tamb\u00e9 s\u2019han d\u2019adaptar als impactes del canvi clim\u00e0tic. Els reptes anteriors de l\u2019agricultura preindustrial, com les sequeres, les inundacions o l\u2019acc\u00e9s als recursos, tenen paral\u00b7lelisme amb els impactes actuals i previstos de la CC. Per tant, els coneixements del passat, amb prou feines documentats dins de la investigaci\u00f3 CC, tenen un gran potencial per fomentar l\u2019adaptaci\u00f3 al CC. Addicionalment, el paper de les dones en els sistemes AF \u00e9s crucial. Participen a totes les parts dels sistemes i han desenvolupat els seus propis coneixements tradicionals locals en agricultura i alimentaci\u00f3 (LTKAF). De fet, si es tracta d\u2019actors que s\u2019adapten a l\u2019adaptaci\u00f3 al CC, el coneixement de les dones pot tenir un paper important, per\u00f2 la seva contribuci\u00f3 rarament ha estat estudiada o reconeguda. A l&#8217;estudi de l&#8217;agricultura i els processos alimentaris, l&#8217;IPCC planteja la necessitat d&#8217;utilitzar la perspectiva del sistema alimentari (des de la producci\u00f3 fins al consum). Sociologia AF, que t\u00e9 un enfocament sist\u00e8mic i reconeix la complexitat de l\u2019agricultura i la seva interrelaci\u00f3 amb altres sectors i la natura, s\u2019adapta perfectament a aquesta recomanaci\u00f3 i respon a la necessitat d\u2019una recerca amb perspectiva global centrada en contextos locals.<\/p>\n<h3>Objectius<\/h3>\n<p>El projecte &#8220;El rol del coneixement tradicional agrari i alimentari en l&#8217;adaptaci\u00f3 al canvi clim\u00e0tic&#8221; &#8211; Adaptal, est\u00e0 emmarcat dins de la sociologia de l&#8217;AF i amb un enfocament interseccionalitat i perspectiva de g\u00e8nere, estudiem dos elements poc investigats dels sistemes AF europeus:<\/p>\n<p>1) La potencialitat de LTKAF per proporcionar estrat\u00e8gies plausibles per promoure l&#8217;adaptaci\u00f3 al canvi clim\u00e0tic en el context socioecon\u00f2mic actual a partir de una perspectiva del sistema alimentari;<\/p>\n<p>2) El paper diferenciat dels homes i les dones, en la intersecci\u00f3 amb altres variables, en la construcci\u00f3, el manteniment i la transmissi\u00f3 d\u2019aquest coneixement.<\/p>\n<p>La recerca es desenvolupa a tres zones de muntanya de Catalunya i Andalusia. A Catalunya estem analitzant sistemes ramaders extensius al Pallars, al Pirineu. A Andalusia, analitzem ambd\u00f3s horts a la Vall del Genal, a Serrania de Ronda junt amb el projecte AGATA, i una ramaderia extensiva a Pontones (Cazorla), aquest \u00faltim en col\u00b7laboraci\u00f3 amb el projecte Explora HERICCA (Herititzaci\u00f3 Socioecol\u00f2gica d&#8217;ICCAs a Espanya i el Marroc).<\/p>\n<p>El per\u00edode d&#8217;execuci\u00f3 del projecte \u00e9s de 3 anys (2017-2020).<\/p>\n<p><a href=\"https:\/\/mon.uvic.cat\/adaptal\/\">Web del projecte<\/a><\/p>\n<hr \/>\n<p>Projecte coordinat per <a href=\"http:\/\/urecerca.uvic.cat\/CawDOS?id=400d38d9923cce0b&amp;idioma=ca&amp;tipo=activ&amp;elmeucv=N\">Marta G. Rivera Ferr\u00e9<\/a> i <a href=\"https:\/\/www.uvic.cat\/catedra-agroecologia-sistemes-alimentaris\">C\u00e0tedra d&#8217;agroecologia i sistemes alimentaris<\/a><\/p>\n<p>Projecte cofinan\u00e7at pel Fons Europeu de Desenvolupament Regional de la Uni\u00f3 Europea (FEDER) i pel Ministerio de Econom\u00eda, Industria y Competitividad.<\/p>\n<p><img decoding=\"async\" class=\"alignleft wp-image-1049\" src=\"http:\/\/mon.uvic.cat\/nitrecerca\/files\/2020\/11\/logo1-300x255.png\" alt=\"\" width=\"238\" height=\"202\" srcset=\"https:\/\/mon.uvic.cat\/nitrecerca\/files\/2020\/11\/logo1-300x255.png 300w, https:\/\/mon.uvic.cat\/nitrecerca\/files\/2020\/11\/logo1-768x653.png 768w, https:\/\/mon.uvic.cat\/nitrecerca\/files\/2020\/11\/logo1-1024x870.png 1024w, https:\/\/mon.uvic.cat\/nitrecerca\/files\/2020\/11\/logo1.png 1446w\" sizes=\"(max-width: 238px) 100vw, 238px\" \/> <img decoding=\"async\" class=\"alignleft wp-image-1046 \" src=\"http:\/\/mon.uvic.cat\/nitrecerca\/files\/2020\/11\/ministerio_agencia.png\" alt=\"\" width=\"643\" height=\"135\" srcset=\"https:\/\/mon.uvic.cat\/nitrecerca\/files\/2020\/11\/ministerio_agencia-300x63.png 300w, https:\/\/mon.uvic.cat\/nitrecerca\/files\/2020\/11\/ministerio_agencia-768x161.png 768w, https:\/\/mon.uvic.cat\/nitrecerca\/files\/2020\/11\/ministerio_agencia.png 929w\" sizes=\"(max-width: 643px) 100vw, 643px\" \/><\/p>\n<\/div><\/div><\/div><\/div><\/div>\n","protected":false},"excerpt":{"rendered":"","protected":false},"author":613,"featured_media":0,"parent":0,"menu_order":0,"comment_status":"closed","ping_status":"closed","template":"","meta":{"footnotes":""},"class_list":["post-2287","page","type-page","status-publish","hentry"],"jetpack_sharing_enabled":true,"_links":{"self":[{"href":"https:\/\/mon.uvic.cat\/nitrecerca\/wp-json\/wp\/v2\/pages\/2287","targetHints":{"allow":["GET"]}}],"collection":[{"href":"https:\/\/mon.uvic.cat\/nitrecerca\/wp-json\/wp\/v2\/pages"}],"about":[{"href":"https:\/\/mon.uvic.cat\/nitrecerca\/wp-json\/wp\/v2\/types\/page"}],"author":[{"embeddable":true,"href":"https:\/\/mon.uvic.cat\/nitrecerca\/wp-json\/wp\/v2\/users\/613"}],"replies":[{"embeddable":true,"href":"https:\/\/mon.uvic.cat\/nitrecerca\/wp-json\/wp\/v2\/comments?post=2287"}],"version-history":[{"count":2,"href":"https:\/\/mon.uvic.cat\/nitrecerca\/wp-json\/wp\/v2\/pages\/2287\/revisions"}],"predecessor-version":[{"id":2517,"href":"https:\/\/mon.uvic.cat\/nitrecerca\/wp-json\/wp\/v2\/pages\/2287\/revisions\/2517"}],"wp:attachment":[{"href":"https:\/\/mon.uvic.cat\/nitrecerca\/wp-json\/wp\/v2\/media?parent=2287"}],"curies":[{"name":"wp","href":"https:\/\/api.w.org\/{rel}","templated":true}]}}