{"id":2285,"date":"2024-05-29T13:18:58","date_gmt":"2024-05-29T11:18:58","guid":{"rendered":"https:\/\/mon.uvic.cat\/nitrecerca\/?page_id=2285"},"modified":"2024-05-29T13:24:25","modified_gmt":"2024-05-29T11:24:25","slug":"bioachs","status":"publish","type":"page","link":"https:\/\/mon.uvic.cat\/nitrecerca\/bioachs\/","title":{"rendered":"BioACHs"},"content":{"rendered":"<div class=\"fusion-fullwidth fullwidth-box fusion-builder-row-1 fusion-flex-container nonhundred-percent-fullwidth non-hundred-percent-height-scrolling\" style=\"--awb-border-radius-top-left:0px;--awb-border-radius-top-right:0px;--awb-border-radius-bottom-right:0px;--awb-border-radius-bottom-left:0px;--awb-flex-wrap:wrap;\" ><div class=\"fusion-builder-row fusion-row fusion-flex-align-items-flex-start fusion-flex-content-wrap\" style=\"max-width:1248px;margin-left: calc(-4% \/ 2 );margin-right: calc(-4% \/ 2 );\"><div class=\"fusion-layout-column fusion_builder_column fusion-builder-column-0 fusion_builder_column_1_1 1_1 fusion-flex-column\" style=\"--awb-bg-size:cover;--awb-width-large:100%;--awb-margin-top-large:0px;--awb-spacing-right-large:1.92%;--awb-margin-bottom-large:0px;--awb-spacing-left-large:1.92%;--awb-width-medium:100%;--awb-spacing-right-medium:1.92%;--awb-spacing-left-medium:1.92%;--awb-width-small:100%;--awb-spacing-right-small:1.92%;--awb-spacing-left-small:1.92%;\"><div class=\"fusion-column-wrapper fusion-flex-justify-content-flex-start fusion-content-layout-column\"><div class=\"fusion-text fusion-text-1\"><h3>Qu\u00e8 \u00e9s BioACHs?<\/h3>\n<p>BioACHs, &#8220;Biodegradation Assessment for Cultural Heritage&#8221; \u00e9s un projecte que ha rebut finan\u00e7ament del programa Marie Sklodowska-Curie COFUND de la Uni\u00f3 Europea dins del programa TECNIOspring Plus establert per la Generalitat de Catalunya a trav\u00e9s d\u2019ACCI\u00d3. El projecte se centra en el desenvolupament d\u2019un dispositiu de maquinari de codi obert i lliure per a l\u2019an\u00e0lisi i la supervisi\u00f3 no invasives de biofilms que afecten el patrimoni cultural. Basat en el principi de sostenibilitat, el dispositiu integrar\u00e0 tecnologia per permetre an\u00e0lisis t\u00e8rmiques, espectrofotom\u00e8triques i ac\u00fastiques. Aquest dispositiu, que s\u2019espera que pugui arribar a suposar una reducci\u00f3 de costos com a m\u00ednim del 50% en comparaci\u00f3 amb les solucions existents, estar\u00e0 destinat a cient\u00edfics i conservadors de museus, llocs arqueol\u00f2gics i espais monumentals.<\/p>\n<p>El doctor Gaudenzi Asinelli portar\u00e0 el projecte \u2018BioACHs &#8211; Biodegradation Assessment for Cultural Heritage surfaces and substrates\u2019 al <a href=\"https:\/\/mon.uvic.cat\/ct-beta\/\">Centre Tecnol\u00f2gic BETA<\/a> en estreta col\u00b7laboraci\u00f3 amb el Grup de Recerca <a href=\"http:\/\/urecerca.uvic.cat\/CawDOS?id=ea136eb160a8153b&amp;idioma=ca&amp;tipo=grupo\" target=\"_blank\" rel=\"noopener noreferrer\">Mecatr\u00f2nica i Modelitzaci\u00f3 Aplicada a la Tecnologia de Materials (MECAMAT)<\/a>.<\/p>\n<p>El per\u00edode d&#8217;execuci\u00f3 del projecte \u00e9s de 2 anys (19\/07\/2019 &#8211; 18\/07\/2021).<\/p>\n<p><img decoding=\"async\" class=\"alignleft wp-image-1039 size-full\" src=\"http:\/\/mon.uvic.cat\/nitrecerca\/files\/2020\/11\/FINACIAT.png\" alt=\"\" width=\"1746\" height=\"222\" srcset=\"https:\/\/mon.uvic.cat\/nitrecerca\/files\/2020\/11\/FINACIAT-300x38.png 300w, https:\/\/mon.uvic.cat\/nitrecerca\/files\/2020\/11\/FINACIAT-768x98.png 768w, https:\/\/mon.uvic.cat\/nitrecerca\/files\/2020\/11\/FINACIAT-1024x130.png 1024w, https:\/\/mon.uvic.cat\/nitrecerca\/files\/2020\/11\/FINACIAT-1536x195.png 1536w, https:\/\/mon.uvic.cat\/nitrecerca\/files\/2020\/11\/FINACIAT.png 1746w\" sizes=\"(max-width: 1746px) 100vw, 1746px\" \/><\/p>\n<\/div><\/div><\/div><\/div><\/div>\n","protected":false},"excerpt":{"rendered":"","protected":false},"author":613,"featured_media":0,"parent":0,"menu_order":0,"comment_status":"closed","ping_status":"closed","template":"","meta":{"footnotes":""},"class_list":["post-2285","page","type-page","status-publish","hentry"],"jetpack_sharing_enabled":true,"_links":{"self":[{"href":"https:\/\/mon.uvic.cat\/nitrecerca\/wp-json\/wp\/v2\/pages\/2285","targetHints":{"allow":["GET"]}}],"collection":[{"href":"https:\/\/mon.uvic.cat\/nitrecerca\/wp-json\/wp\/v2\/pages"}],"about":[{"href":"https:\/\/mon.uvic.cat\/nitrecerca\/wp-json\/wp\/v2\/types\/page"}],"author":[{"embeddable":true,"href":"https:\/\/mon.uvic.cat\/nitrecerca\/wp-json\/wp\/v2\/users\/613"}],"replies":[{"embeddable":true,"href":"https:\/\/mon.uvic.cat\/nitrecerca\/wp-json\/wp\/v2\/comments?post=2285"}],"version-history":[{"count":2,"href":"https:\/\/mon.uvic.cat\/nitrecerca\/wp-json\/wp\/v2\/pages\/2285\/revisions"}],"predecessor-version":[{"id":2560,"href":"https:\/\/mon.uvic.cat\/nitrecerca\/wp-json\/wp\/v2\/pages\/2285\/revisions\/2560"}],"wp:attachment":[{"href":"https:\/\/mon.uvic.cat\/nitrecerca\/wp-json\/wp\/v2\/media?parent=2285"}],"curies":[{"name":"wp","href":"https:\/\/api.w.org\/{rel}","templated":true}]}}