{"id":2283,"date":"2024-05-29T13:19:26","date_gmt":"2024-05-29T11:19:26","guid":{"rendered":"https:\/\/mon.uvic.cat\/nitrecerca\/?page_id=2283"},"modified":"2024-05-29T13:24:17","modified_gmt":"2024-05-29T11:24:17","slug":"cases","status":"publish","type":"page","link":"https:\/\/mon.uvic.cat\/nitrecerca\/cases\/","title":{"rendered":"CASES"},"content":{"rendered":"<div class=\"fusion-fullwidth fullwidth-box fusion-builder-row-1 fusion-flex-container nonhundred-percent-fullwidth non-hundred-percent-height-scrolling\" style=\"--awb-border-radius-top-left:0px;--awb-border-radius-top-right:0px;--awb-border-radius-bottom-right:0px;--awb-border-radius-bottom-left:0px;--awb-flex-wrap:wrap;\" ><div class=\"fusion-builder-row fusion-row fusion-flex-align-items-flex-start fusion-flex-content-wrap\" style=\"max-width:1248px;margin-left: calc(-4% \/ 2 );margin-right: calc(-4% \/ 2 );\"><div class=\"fusion-layout-column fusion_builder_column fusion-builder-column-0 fusion_builder_column_1_1 1_1 fusion-flex-column\" style=\"--awb-bg-size:cover;--awb-width-large:100%;--awb-margin-top-large:0px;--awb-spacing-right-large:1.92%;--awb-margin-bottom-large:0px;--awb-spacing-left-large:1.92%;--awb-width-medium:100%;--awb-spacing-right-medium:1.92%;--awb-spacing-left-medium:1.92%;--awb-width-small:100%;--awb-spacing-right-small:1.92%;--awb-spacing-left-small:1.92%;\"><div class=\"fusion-column-wrapper fusion-flex-justify-content-flex-start fusion-content-layout-column\"><div class=\"fusion-text fusion-text-1\"><h3>Qu\u00e8 \u00e9s CASES?<\/h3>\n<p><a href=\"https:\/\/ec.europa.eu\/programmes\/erasmus-plus\/projects\/eplus-project-details\/#project\/603014-EPP-1-2018-1-UK-SPO-SCP\">CASES<\/a>, &#8220;Child Abuse in Sport: European Statistics&#8221; \u00e9s un projecte europeu Erasmus+ de col\u00b7laboraci\u00f3 entre 7 universitats europees, 2 organitzacions esportives nacionals i 1 internacional amb experi\u00e8ncia i comprom\u00eds a millorar la seguretat dels nens en l\u2019esport i protegir-los dels abusos. El projecte generar\u00e0 dades crucials sobre el maltractament i el maltractament infantil en l&#8217;esport europeu i produir\u00e0 materials educatius accessibles amb i per al sector de l&#8217;esport.<\/p>\n<p>El projecte presentar\u00e0 un estudi cient\u00edfic que proporcionar\u00e0 una avaluaci\u00f3 s\u00f2lida de fins a quin punt els nens (menors de 18 anys) esportius s\u00f3n sotmesos a explotaci\u00f3 i ab\u00fas en 6 pa\u00efsos de la UE. L\u2019equip tamb\u00e9 col\u00b7laborar\u00e0 amb persones que tinguin experi\u00e8ncia de primera m\u00e0 sobre ab\u00fas esportiu en totes les etapes del projecte. Es tractar\u00e0 de persones amb les quals han establert relacions professionals a trav\u00e9s del seu treball de promoci\u00f3 i implicaci\u00f3 (per exemple, a trav\u00e9s del treball realitzat dins del Projecte <a href=\"http:\/\/voicesfortruthanddignity.eu\/\">VOICE<\/a>).<br \/>\nL&#8217;estudi enquestar\u00e0 una mostra representativa (per regi\u00f3, sexe i edat) de (aproximadament) 2000 individus de m\u00e9s de 18 anys a cada pa\u00eds soci, que han participat en l&#8217;esport durant la inf\u00e0ncia. L&#8217;enquesta se centrar\u00e0 particularment en el context esportiu en relaci\u00f3 amb experi\u00e8ncies d&#8217;explotaci\u00f3 i ab\u00fas. El q\u00fcestionari en l\u00ednia se centrar\u00e0 en l\u2019explotaci\u00f3 i l\u2019ab\u00fas sexual, per\u00f2 tamb\u00e9 s\u2019inclouran altres formes de maltractament i maltractament infantil. Es demana als participants que informin de les seves experi\u00e8ncies de forma retrospectiva. Per tant, s\u00f3n possibles comparacions d\u2019experi\u00e8ncies durant la inf\u00e0ncia i l\u2019edat adulta.<\/p>\n<p>Despr\u00e9s d\u2019una an\u00e0lisi s\u00f2lida de les dades generades, l\u2019equip cient\u00edfic redactar\u00e0 els resultats en una s\u00e8rie d\u2019informes nacionals, que culminar\u00e0 amb un informe de projecte que proporcionar\u00e0 an\u00e0lisis comparatives. A continuaci\u00f3, el projecte desenvolupar\u00e0 recursos educatius per al sector esportiu amb l&#8217;objectiu de millorar la comprensi\u00f3 d&#8217;aquesta q\u00fcesti\u00f3 dins dels seus socis de base i els organismes afiliats i proporcionar al sector evid\u00e8ncia s\u00f2lida.<br \/>\nEn \u00faltima inst\u00e0ncia, l\u2019estudi t\u00e9 com a objectiu recopilar evid\u00e8ncies cient\u00edficament s\u00f2lides que proporcionin informaci\u00f3 pertinent sobre els esfor\u00e7os estrat\u00e8gics per prevenir els abusos en l\u2019esport i desenvolupar recursos per al sector esportiu que donin suport a les organitzacions esportives per salvaguardar el benestar dels nens.<\/p>\n<p>Coordina el projecte la Edge Hill University (UK). Per part de la UVic-UCC hi participa Montse Mart\u00edn, investigadora del <a href=\"http:\/\/urecerca.uvic.cat\/CawDOS?id=ec8b3342c99f03ca&amp;idioma=ca&amp;tipo=grupo\">Grup de Recerca <span id=\"cabeceraFormularioNav:j_id_id1300:grupo\">Esport i activitat f\u00edsica (GREAF)<\/span><\/a>.<\/p>\n<p>El per\u00edode s&#8217;executar\u00e0 entre el 01\/01\/2019 i el 31\/12\/2021.<\/p>\n<h3>Objectius<\/h3>\n<ul>\n<li>Millorar la consci\u00e8ncia i el coneixement sobre la quantitat, les formes i les constel\u00b7lacions de maltractament i maltractament de menors mitjan\u00e7ant la realitzaci\u00f3 d\u2019un estudi cient\u00edfic eficient, robust i robust.<\/li>\n<li>Augmentar els esfor\u00e7os dins de l\u2019esport per prevenir el maltractament i l\u2019ab\u00fas de menors mitjan\u00e7ant la transfer\u00e8ncia de coneixement al sector de l\u2019esport de base.<\/li>\n<\/ul>\n<p>Objectius espec\u00edfics del projecte:<\/p>\n<ul>\n<li>Oferir un projecte eficient, comunicar \u00e0mpliament els resultats i avaluar el grau d\u2019assoliment dels objectius.<\/li>\n<li>Desenvolupar la base d&#8217;evid\u00e8ncies per a l&#8217;esport mitjan\u00e7ant la realitzaci\u00f3 d&#8217;un estudi de prevalen\u00e7a s\u00f2lid sobre l&#8217;explotaci\u00f3 i l&#8217;ab\u00fas infantil en l&#8217;esport europeu en 6 pa\u00efsos.<\/li>\n<li>Facilitar una transfer\u00e8ncia efectiva de coneixement entre la comunitat cient\u00edfica i la comunitat esportiva.<\/li>\n<li>Donar suport al comprom\u00eds de les persones que han estat sotmeses a experi\u00e8ncies abusives en l&#8217;esport.<\/li>\n<li>Difondre els resultats amb i a organitzacions estrat\u00e8giques amb influ\u00e8ncia en els sectors de l&#8217;esport i la joventut.<\/li>\n<\/ul>\n<p><a href=\"https:\/\/www.lep.co.uk\/education\/lancashire-expert-sexual-abuse-leading-european-funded-study-child-abuse-sport-667223\">Not\u00edcia<\/a><\/p>\n<p><img decoding=\"async\" class=\"alignleft size-medium wp-image-839\" src=\"http:\/\/mon.uvic.cat\/nitrecerca\/files\/2020\/11\/cropped-cofunded-erasmus-right_en_0-300x84.jpg\" alt=\"\" width=\"300\" height=\"84\" srcset=\"https:\/\/mon.uvic.cat\/nitrecerca\/files\/2020\/11\/cropped-cofunded-erasmus-right_en_0-300x84.jpg 300w, https:\/\/mon.uvic.cat\/nitrecerca\/files\/2020\/11\/cropped-cofunded-erasmus-right_en_0-768x214.jpg 768w, https:\/\/mon.uvic.cat\/nitrecerca\/files\/2020\/11\/cropped-cofunded-erasmus-right_en_0.jpg 836w\" sizes=\"(max-width: 300px) 100vw, 300px\" \/><\/p>\n<\/div><\/div><\/div><\/div><\/div>\n","protected":false},"excerpt":{"rendered":"","protected":false},"author":613,"featured_media":0,"parent":0,"menu_order":0,"comment_status":"closed","ping_status":"closed","template":"","meta":{"footnotes":""},"class_list":["post-2283","page","type-page","status-publish","hentry"],"jetpack_sharing_enabled":true,"_links":{"self":[{"href":"https:\/\/mon.uvic.cat\/nitrecerca\/wp-json\/wp\/v2\/pages\/2283","targetHints":{"allow":["GET"]}}],"collection":[{"href":"https:\/\/mon.uvic.cat\/nitrecerca\/wp-json\/wp\/v2\/pages"}],"about":[{"href":"https:\/\/mon.uvic.cat\/nitrecerca\/wp-json\/wp\/v2\/types\/page"}],"author":[{"embeddable":true,"href":"https:\/\/mon.uvic.cat\/nitrecerca\/wp-json\/wp\/v2\/users\/613"}],"replies":[{"embeddable":true,"href":"https:\/\/mon.uvic.cat\/nitrecerca\/wp-json\/wp\/v2\/comments?post=2283"}],"version-history":[{"count":2,"href":"https:\/\/mon.uvic.cat\/nitrecerca\/wp-json\/wp\/v2\/pages\/2283\/revisions"}],"predecessor-version":[{"id":2559,"href":"https:\/\/mon.uvic.cat\/nitrecerca\/wp-json\/wp\/v2\/pages\/2283\/revisions\/2559"}],"wp:attachment":[{"href":"https:\/\/mon.uvic.cat\/nitrecerca\/wp-json\/wp\/v2\/media?parent=2283"}],"curies":[{"name":"wp","href":"https:\/\/api.w.org\/{rel}","templated":true}]}}