{"id":2281,"date":"2024-05-29T12:46:22","date_gmt":"2024-05-29T10:46:22","guid":{"rendered":"https:\/\/mon.uvic.cat\/nitrecerca\/?page_id=2281"},"modified":"2024-05-29T12:46:22","modified_gmt":"2024-05-29T10:46:22","slug":"adfree","status":"publish","type":"page","link":"https:\/\/mon.uvic.cat\/nitrecerca\/adfree\/","title":{"rendered":"ADFREE"},"content":{"rendered":"<div class=\"fusion-fullwidth fullwidth-box fusion-builder-row-1 fusion-flex-container nonhundred-percent-fullwidth non-hundred-percent-height-scrolling\" style=\"--awb-border-radius-top-left:0px;--awb-border-radius-top-right:0px;--awb-border-radius-bottom-right:0px;--awb-border-radius-bottom-left:0px;--awb-flex-wrap:wrap;\" ><div class=\"fusion-builder-row fusion-row fusion-flex-align-items-flex-start fusion-flex-content-wrap\" style=\"max-width:1248px;margin-left: calc(-4% \/ 2 );margin-right: calc(-4% \/ 2 );\"><div class=\"fusion-layout-column fusion_builder_column fusion-builder-column-0 fusion_builder_column_1_1 1_1 fusion-flex-column\" style=\"--awb-bg-size:cover;--awb-width-large:100%;--awb-margin-top-large:0px;--awb-spacing-right-large:1.92%;--awb-margin-bottom-large:0px;--awb-spacing-left-large:1.92%;--awb-width-medium:100%;--awb-spacing-right-medium:1.92%;--awb-spacing-left-medium:1.92%;--awb-width-small:100%;--awb-spacing-right-small:1.92%;--awb-spacing-left-small:1.92%;\"><div class=\"fusion-column-wrapper fusion-flex-justify-content-flex-start fusion-content-layout-column\"><div class=\"fusion-text fusion-text-1\" style=\"--awb-text-font-family:&quot;Inter&quot;;--awb-text-font-style:normal;--awb-text-font-weight:400;\"><h3>Qu\u00e8 \u00e9s ADFREE?<\/h3>\n<p>ADFREE, &#8220;Frezze concentration for waste treatment&#8221;, \u00e9s un projecte europeu finan\u00e7at en el marc de la convocat\u00f2ria MSCA-COFUND\/TecnioSpring+ ACCI\u00d3 que vol desenvolupar una nova tecnologia combinant diferents processos de recuperaci\u00f3 d\u2019energia, aigua i nutrients. Aquesta novetat tecnologia combina una primera etapa de digesti\u00f3 anaer\u00f2bica (AD), on es recupera el potencial energ\u00e8tic dels residus (biog\u00e0s), amb una segona etapa per a la valoritzaci\u00f3 de nutrients i aigua a partir de digestius mitjan\u00e7ant una nova tecnologia basada en la concentraci\u00f3 de congelaci\u00f3 (FC). Fins ara, el potencial d\u2019aquests les tecnologies de combinaci\u00f3 no s\u2019han explorat, cosa que el converteix en un tema de recerca molt atractiu per explorar per la comunitat cient\u00edfica. Per tant, s&#8217;espera que tingui una alternativa ambiental i econ\u00f2mica per millorar la gesti\u00f3 dels residus ramaders.<\/p>\n<p>Arezoo Dadrasnia, una investigadora iraniana especialista en bioremediaci\u00f3, s&#8217;ha incorporat al <a href=\"https:\/\/mon.uvic.cat\/ct-beta\/\">CT BETA<\/a> procedent de la University of Malaya a Kuala Lumpur (Mal\u00e0isia). Dadrasnia impulsar\u00e0 el projecte ADFREE, en qu\u00e8 desenvolupar\u00e0 una combinaci\u00f3 innovadora de tecnologies per a recuperar energia, aigua i nutrients a partir de les dejeccions ramaderes. Per fer-ho, combinar\u00e0 diferents processos com ara la digesti\u00f3 anaer\u00f2bia per a la recuperaci\u00f3 d\u2019energia en forma de biog\u00e0s i la concentraci\u00f3 per congelaci\u00f3 per recuperar per una banda els nutrients i per l\u2019altra per produir aigua neta. Aquest projecte es portar\u00e0 a terme en col\u00b7laboraci\u00f3 amb la Universitat de Swansea, a Gal\u00b7les (Regne Unit), on Dadrasnia far\u00e0 una estada de recerca durant el primer any<em>.<\/em><\/p>\n<p>El projecte s&#8217;executa enre el 02\/09\/2019 i el 01\/09\/2021.<\/p>\n<p><img decoding=\"async\" class=\"alignleft wp-image-1039 size-full\" src=\"http:\/\/mon.uvic.cat\/nitrecerca\/files\/2020\/11\/FINACIAT.png\" alt=\"\" width=\"1746\" height=\"222\" srcset=\"https:\/\/mon.uvic.cat\/nitrecerca\/files\/2020\/11\/FINACIAT-300x38.png 300w, https:\/\/mon.uvic.cat\/nitrecerca\/files\/2020\/11\/FINACIAT-768x98.png 768w, https:\/\/mon.uvic.cat\/nitrecerca\/files\/2020\/11\/FINACIAT-1024x130.png 1024w, https:\/\/mon.uvic.cat\/nitrecerca\/files\/2020\/11\/FINACIAT-1536x195.png 1536w, https:\/\/mon.uvic.cat\/nitrecerca\/files\/2020\/11\/FINACIAT.png 1746w\" sizes=\"(max-width: 1746px) 100vw, 1746px\" \/><\/p>\n<\/div><\/div><\/div><\/div><\/div>\n","protected":false},"excerpt":{"rendered":"","protected":false},"author":613,"featured_media":0,"parent":0,"menu_order":0,"comment_status":"closed","ping_status":"closed","template":"","meta":{"footnotes":""},"class_list":["post-2281","page","type-page","status-publish","hentry"],"jetpack_sharing_enabled":true,"_links":{"self":[{"href":"https:\/\/mon.uvic.cat\/nitrecerca\/wp-json\/wp\/v2\/pages\/2281","targetHints":{"allow":["GET"]}}],"collection":[{"href":"https:\/\/mon.uvic.cat\/nitrecerca\/wp-json\/wp\/v2\/pages"}],"about":[{"href":"https:\/\/mon.uvic.cat\/nitrecerca\/wp-json\/wp\/v2\/types\/page"}],"author":[{"embeddable":true,"href":"https:\/\/mon.uvic.cat\/nitrecerca\/wp-json\/wp\/v2\/users\/613"}],"replies":[{"embeddable":true,"href":"https:\/\/mon.uvic.cat\/nitrecerca\/wp-json\/wp\/v2\/comments?post=2281"}],"version-history":[{"count":2,"href":"https:\/\/mon.uvic.cat\/nitrecerca\/wp-json\/wp\/v2\/pages\/2281\/revisions"}],"predecessor-version":[{"id":2519,"href":"https:\/\/mon.uvic.cat\/nitrecerca\/wp-json\/wp\/v2\/pages\/2281\/revisions\/2519"}],"wp:attachment":[{"href":"https:\/\/mon.uvic.cat\/nitrecerca\/wp-json\/wp\/v2\/media?parent=2281"}],"curies":[{"name":"wp","href":"https:\/\/api.w.org\/{rel}","templated":true}]}}