{"id":2279,"date":"2024-05-30T11:19:44","date_gmt":"2024-05-30T09:19:44","guid":{"rendered":"https:\/\/mon.uvic.cat\/nitrecerca\/?page_id=2279"},"modified":"2024-05-30T11:19:48","modified_gmt":"2024-05-30T09:19:48","slug":"implementacio-industrial-del-brunyit-per-a-lacabament-de-superficies-de-motlles-dinjeccio","status":"publish","type":"page","link":"https:\/\/mon.uvic.cat\/nitrecerca\/implementacio-industrial-del-brunyit-per-a-lacabament-de-superficies-de-motlles-dinjeccio\/","title":{"rendered":"Implementaci\u00f3 industrial del brunyit per a l&#8217;acabament de superf\u00edcies de motlles d&#8217;injecci\u00f3"},"content":{"rendered":"<div class=\"fusion-fullwidth fullwidth-box fusion-builder-row-1 fusion-flex-container nonhundred-percent-fullwidth non-hundred-percent-height-scrolling\" style=\"--awb-border-radius-top-left:0px;--awb-border-radius-top-right:0px;--awb-border-radius-bottom-right:0px;--awb-border-radius-bottom-left:0px;--awb-flex-wrap:wrap;\" ><div class=\"fusion-builder-row fusion-row fusion-flex-align-items-flex-start fusion-flex-content-wrap\" style=\"max-width:1248px;margin-left: calc(-4% \/ 2 );margin-right: calc(-4% \/ 2 );\"><div class=\"fusion-layout-column fusion_builder_column fusion-builder-column-0 fusion_builder_column_1_1 1_1 fusion-flex-column\" style=\"--awb-bg-size:cover;--awb-width-large:100%;--awb-margin-top-large:0px;--awb-spacing-right-large:1.92%;--awb-margin-bottom-large:0px;--awb-spacing-left-large:1.92%;--awb-width-medium:100%;--awb-spacing-right-medium:1.92%;--awb-spacing-left-medium:1.92%;--awb-width-small:100%;--awb-spacing-right-small:1.92%;--awb-spacing-left-small:1.92%;\"><div class=\"fusion-column-wrapper fusion-flex-justify-content-flex-start fusion-content-layout-column\"><div class=\"fusion-text fusion-text-1\"><p>Molts elements mec\u00e0nics com els motlles es caracteritzen per tenir en la seva geometr\u00eda diverses superf\u00edcies complexes. De manera general gaireb\u00e9 cada producte comercial, sobretot els fabricats per a les ind\u00fastries de l&#8217;autom\u00f2bil, aeron\u00e0utica i m\u00e8dica, contenen almenys un component cr\u00edtic fet en un motlle. Els tallers trien les seves opcions de mecanitzat per a aquestes peces, per\u00f2 la majoria de processos d&#8217;acabament es realitzen en l&#8217;actualitat per polit manual, la qual cosa consumeix una gran quantitat de temps i requereix de m\u00e0 d&#8217;obra especialitzada, que cada vegada abunda menys. Amb la intenci\u00f3 d&#8217;automatitzar aquest tipus de processos, es proposa utilitzar un proc\u00e9s de Brunyit (BB).<\/p>\n<p>A trav\u00e9s d&#8217;una operaci\u00f3 de BB es poden elaborar superf\u00edcies de configuraci\u00f3 complexa deixant en les mateixes un bon acabat superficial. Aquest proc\u00e9s es desenvolupa mitjan\u00e7ant una eina que est\u00e0 muntada en el cap\u00e7al d\u2019una m\u00e0quina de CNC. Aquest cap\u00e7al aplica certa pressi\u00f3 a una punta en forma esf\u00e8rica, la qual deforma el material de les crestes existents a la topografia superficial deixada pel mecanitzat previ, tornant-la m\u00e9s plana i regular que abans del brunyit. Tamb\u00e9 aquest proc\u00e9s contribueix a l&#8217;augment de la duresa superficial del material de la pe\u00e7a i les tensions residuals compressives. Les empreses motllistes serien les receptores de la soluci\u00f3 proposada. La reducci\u00f3 de temps de polit manual, es tradueix en una reducci\u00f3 de costos. A m\u00e9s, donada l\u2019escassedat de polidors qualificats, el BB seria una bona alternativa per cobrir una necessitat de les empreses dif\u00edcil de solucionar al mercat laboral, especialment per a PIMES.<\/p>\n<p>Mitjan\u00e7ant aquest projecte es formularan aplicacions del BB en superf\u00edcies complexes, i es desenvolupar\u00e0 un estudi de mercat el qual permetr\u00e0 identificar potencials clients per a l&#8217;etapa de comercialitzaci\u00f3.<\/p>\n<p>El projecte comen\u00e7ar\u00e0 el 23-07-2020 i finalitzar\u00e0 el 22-01-2022.<\/p>\n<hr \/>\n<p>En el projecte, coordinat per la UPC, hi participa l&#8217;investigador Ramon Jerez del Grup de Recerca <a href=\"http:\/\/urecerca.uvic.cat\/CawDOS?id=ea136eb160a8153b&amp;idioma=ca&amp;tipo=grupo\" target=\"_blank\" rel=\"noopener noreferrer\">Mecatr\u00f2nica i Modelitzaci\u00f3 Aplicada a la Tecnologia de Materials (MECAMAT) de la UVic-UCC.<\/a><\/p>\n<p>Projecte cofinan\u00e7at pel Departament d\u2019Empresa i Coneixement, Ag\u00e8ncia de Gesti\u00f3 D\u2019ajuts Universitaris i Recerca, Fons Europeu de Desenvolupament Regional (FEDER)<\/p>\n<p><img decoding=\"async\" class=\"alignleft wp-image-1055 size-full\" src=\"http:\/\/mon.uvic.cat\/nitrecerca\/files\/2020\/11\/Screenshot_2020-11-23-Implementacio-industrial-del-brunyit-per-a-lacabament-de-superficies-de-motlles-dinjeccio-UVic.png\" alt=\"\" width=\"1179\" height=\"91\" srcset=\"https:\/\/mon.uvic.cat\/nitrecerca\/files\/2020\/11\/Screenshot_2020-11-23-Implementacio-industrial-del-brunyit-per-a-lacabament-de-superficies-de-motlles-dinjeccio-UVic-300x23.png 300w, https:\/\/mon.uvic.cat\/nitrecerca\/files\/2020\/11\/Screenshot_2020-11-23-Implementacio-industrial-del-brunyit-per-a-lacabament-de-superficies-de-motlles-dinjeccio-UVic-768x59.png 768w, https:\/\/mon.uvic.cat\/nitrecerca\/files\/2020\/11\/Screenshot_2020-11-23-Implementacio-industrial-del-brunyit-per-a-lacabament-de-superficies-de-motlles-dinjeccio-UVic-1024x79.png 1024w, https:\/\/mon.uvic.cat\/nitrecerca\/files\/2020\/11\/Screenshot_2020-11-23-Implementacio-industrial-del-brunyit-per-a-lacabament-de-superficies-de-motlles-dinjeccio-UVic.png 1179w\" sizes=\"(max-width: 1179px) 100vw, 1179px\" \/><\/p>\n<\/div><\/div><\/div><\/div><\/div>\n","protected":false},"excerpt":{"rendered":"","protected":false},"author":613,"featured_media":0,"parent":0,"menu_order":0,"comment_status":"closed","ping_status":"closed","template":"","meta":{"footnotes":""},"class_list":["post-2279","page","type-page","status-publish","hentry"],"jetpack_sharing_enabled":true,"_links":{"self":[{"href":"https:\/\/mon.uvic.cat\/nitrecerca\/wp-json\/wp\/v2\/pages\/2279","targetHints":{"allow":["GET"]}}],"collection":[{"href":"https:\/\/mon.uvic.cat\/nitrecerca\/wp-json\/wp\/v2\/pages"}],"about":[{"href":"https:\/\/mon.uvic.cat\/nitrecerca\/wp-json\/wp\/v2\/types\/page"}],"author":[{"embeddable":true,"href":"https:\/\/mon.uvic.cat\/nitrecerca\/wp-json\/wp\/v2\/users\/613"}],"replies":[{"embeddable":true,"href":"https:\/\/mon.uvic.cat\/nitrecerca\/wp-json\/wp\/v2\/comments?post=2279"}],"version-history":[{"count":2,"href":"https:\/\/mon.uvic.cat\/nitrecerca\/wp-json\/wp\/v2\/pages\/2279\/revisions"}],"predecessor-version":[{"id":2609,"href":"https:\/\/mon.uvic.cat\/nitrecerca\/wp-json\/wp\/v2\/pages\/2279\/revisions\/2609"}],"wp:attachment":[{"href":"https:\/\/mon.uvic.cat\/nitrecerca\/wp-json\/wp\/v2\/media?parent=2279"}],"curies":[{"name":"wp","href":"https:\/\/api.w.org\/{rel}","templated":true}]}}