{"id":2275,"date":"2024-05-29T13:50:09","date_gmt":"2024-05-29T11:50:09","guid":{"rendered":"https:\/\/mon.uvic.cat\/nitrecerca\/?page_id=2275"},"modified":"2024-05-29T13:50:09","modified_gmt":"2024-05-29T11:50:09","slug":"dermis","status":"publish","type":"page","link":"https:\/\/mon.uvic.cat\/nitrecerca\/dermis\/","title":{"rendered":"DERMIS"},"content":{"rendered":"<div class=\"fusion-fullwidth fullwidth-box fusion-builder-row-1 fusion-flex-container nonhundred-percent-fullwidth non-hundred-percent-height-scrolling\" style=\"--awb-border-radius-top-left:0px;--awb-border-radius-top-right:0px;--awb-border-radius-bottom-right:0px;--awb-border-radius-bottom-left:0px;--awb-flex-wrap:wrap;\" ><div class=\"fusion-builder-row fusion-row fusion-flex-align-items-flex-start fusion-flex-content-wrap\" style=\"max-width:1248px;margin-left: calc(-4% \/ 2 );margin-right: calc(-4% \/ 2 );\"><div class=\"fusion-layout-column fusion_builder_column fusion-builder-column-0 fusion_builder_column_1_1 1_1 fusion-flex-column\" style=\"--awb-bg-size:cover;--awb-width-large:100%;--awb-margin-top-large:0px;--awb-spacing-right-large:1.92%;--awb-margin-bottom-large:0px;--awb-spacing-left-large:1.92%;--awb-width-medium:100%;--awb-spacing-right-medium:1.92%;--awb-spacing-left-medium:1.92%;--awb-width-small:100%;--awb-spacing-right-small:1.92%;--awb-spacing-left-small:1.92%;\"><div class=\"fusion-column-wrapper fusion-flex-justify-content-flex-start fusion-content-layout-column\"><div class=\"fusion-text fusion-text-1\"><h3>Qu\u00e8 \u00e9s DERMIS?<\/h3>\n<p>&#8220;Estudi del paper de les integrines en els mecanismes moleculars de la curaci\u00f3 de les ferides a l&#8217;escala nanom\u00e8trica&#8221; &#8211; DERMIS.<\/p>\n<p>L&#8217;envelliment de la poblaci\u00f3 i l&#8217;augment de les malalties cr\u00f2niques han impulsat la incid\u00e8ncia de ferides cut\u00e0nies cr\u00f2niques, que afecten en gran manera el pressupost sanitari dels pa\u00efsos desenvolupats. Malgrat els avan\u00e7os en la recerca, les ferides cr\u00f2niques representen una epid\u00e8mia silenciosa que afecta una gran part de la poblaci\u00f3 mundial. Com a tal, exigeixen una millor comprensi\u00f3 de les seves causes i dels mecanismes subjacents a la cicatritzaci\u00f3. Aquest coneixement b\u00e0sic \u00e9s indispensable per a impulsar el disseny de ter\u00e0pies m\u00e9s efectives, impactant tant en la salut dels pacients com en la sostenibilitat del sistema sanitari.<\/p>\n<p>La cicatritzaci\u00f3 de ferides \u00e9s un proc\u00e9s complex, que involucra una varietat de c\u00e8l\u00b7lules. Aquestes c\u00e8l\u00b7lules interactuen per a proporcionar senyals reguladors cr\u00edtics per a assegurar la reparaci\u00f3 adequada del teixit danyat. Les anomalies en aquesta intricada xarxa deriven en l&#8217;aparici\u00f3 de ferides cr\u00f2niques que, sovint, s\u00f3n com\u00f3rbides amb altres patologies. Els mecanismes de proliferaci\u00f3 cel\u00b7lular, adhesi\u00f3 i migraci\u00f3 estan fortament implicats en totes les etapes de la cicatritzaci\u00f3. A nivell molecular, el control d&#8217;una \u00e0mplia varietat de funcions que regulen aquests processos est\u00e0 mediat per les integrines, uns dels principals receptors de la superf\u00edcie cel\u00b7lular involucrats en l&#8217;adhesi\u00f3. La funci\u00f3 desalineada i\/o l&#8217;expressi\u00f3 anormal de la integrina pot contribuir a patologies de les ferides com una cicatritzaci\u00f3 exuberant o disminu\u00efda.<\/p>\n<p>Les propietats d&#8217;adhesi\u00f3 i senyalitzaci\u00f3 mediades per integrina estan influenciades per la seva organitzaci\u00f3 espai-temporal i per interaccions amb altres components de la membrana, el citoplasma i la matriu extracelul\u00b7lar. En aquest escenari, pretenem disseccionar el paper exercit per les integrines en el mecanisme molecular subjacent a la cicatritzaci\u00f3, mitjan\u00e7ant un enfocament multi-escala que abasti des del nivell multicel\u00b7lular fins al nivell de mol\u00e8cula individual.<\/p>\n<h3>Objectius<\/h3>\n<p>Enfocarem la recerca a tres objectius principals, orientats a caracteritzar:<\/p>\n<p>1) La proliferaci\u00f3, adhesi\u00f3 i migraci\u00f3 cel\u00b7lular durant la cicatritzaci\u00f3 de ferides.<\/p>\n<p>2) Els canvis en la din\u00e0mica de les integrines durant la cicatritzaci\u00f3 de ferides amb rastreig de mol\u00e8cules individuals.<\/p>\n<p>3) L&#8217;organitzaci\u00f3 molecular durant la cicatritzaci\u00f3 de ferides amb microsc\u00f2pia de super-resoluci\u00f3.<\/p>\n<p>Per als nostres experiments, construirem models de ferides in vitro on caracteritzarem determinants biol\u00f2gics i par\u00e0metres biof\u00edsics de queratinocits i fibroblasts en diferents etapes del proc\u00e9s de cicatritzaci\u00f3 i en pres\u00e8ncia de factors que reprodueixen les condicions de les ferides cr\u00f2niques. Tamb\u00e9 desenvoluparem dispositius de baix cost basats en t\u00e8cniques de fabricaci\u00f3 innovadores com la impressi\u00f3 3D i l&#8217;electr\u00f2nica oberta.<\/p>\n<p>Resoldre de manera quantitativa l&#8217;organitzaci\u00f3 molecular de les integrines i les seves interaccions a escala molecular requereix un esfor\u00e7 interdisciplinari, incloent l&#8217;aplicaci\u00f3 de t\u00e8cniques d&#8217;avantguarda i la creaci\u00f3 de nous m\u00e8todes d&#8217;an\u00e0lisis. Per a la rellev\u00e0ncia de la q\u00fcesti\u00f3 biol\u00f2gica en la cicatritzaci\u00f3 o cronicitat de les ferides i la seva relaci\u00f3 amb la salut i l&#8217;envelliment, aquesta proposta est\u00e0 alineada amb el desafiament social &#8220;Salut, canvi demogr\u00e0fic i benestar&#8221; del programa H2020.<\/p>\n<p>Des del punt de vista cient\u00edfic, la nostra investigaci\u00f3 caracteritzar\u00e0 quantitativament els processos fonamentals subjacents a un problema rellevant salut per obtenir informaci\u00f3 multiescala, des del nivell pluricel\u00b7lular fins al nivell molecular. Estem conven\u00e7uts que la rellev\u00e0ncia del el tema i la novetat de l\u2019enfocament, juntament amb els antecedents i l\u2019experi\u00e8ncia dels components de l\u2019equip, proporcionaran s\u00f2lids dades, donant lloc a importants descobriments i publicacions d\u2019alta qualitat, en l\u00ednia amb la nostra producci\u00f3 cient\u00edfica anterior. Tamb\u00e9 implementarem tecnologia d\u2019avantguarda des del punt de vista del programari i el maquinari (inclosos els m\u00e8todes d\u2019\u00faltima generaci\u00f3 de fot\u00f2nica, microsc\u00f2pia i ci\u00e8ncia de dades) que produiran coneixements que poden ser \u00fatils per dissenyar estrat\u00e8gies terap\u00e8utiques o diagn\u00f2stics eines i, per tant, poden ser d\u2019inter\u00e8s per a diverses ind\u00fastries (farmacol\u00f2gica, aliment\u00e0ria, ambiental, agr\u00e0ria). En aquesta l\u00ednia, ho hem fet recentment va presentar dues patents per protegir les propietats intel\u00b7lectuals dels m\u00e8todes d&#8217;imatge i an\u00e0lisi associats a t\u00e8cniques de super resoluci\u00f3.<br \/>\nEl marc que tenim previst desenvolupar per abordar la nostra q\u00fcesti\u00f3 biol\u00f2gica t\u00e9 aplicacions que van molt m\u00e9s enll\u00e0 del tema espec\u00edfic que tenim previst cobrir, i, per tant, pot ajudar a detallar el mecanisme subjacent a una s\u00e8rie de problemes en biologia cel\u00b7lular i biomedicina en qu\u00e8 la senyalitzaci\u00f3 i la funci\u00f3 est\u00e0 controlada per la interacci\u00f3 din\u00e0mica de components moleculars, que condueix a l&#8217;agregaci\u00f3 transit\u00f2ria de mol\u00e8cules espec\u00edfiques i que es produeixen en entorns heterogenis.<\/p>\n<p>A m\u00e9s, el nostre projecte cient\u00edfic tamb\u00e9 inclou l\u2019\u00fas d\u2019impressi\u00f3 tridimensional i electr\u00f2nica oberta per al desenvolupament de la m\u00f2duls d\u2019un microscopi de fluoresc\u00e8ncia de baix cost. La impressi\u00f3 tridimensional representa una nova tecnologia relativa en la fabricaci\u00f3, que gr\u00e0cies al seu baix cost s\u2019associa amb el desenvolupament sostenible. Tenim previst crear tecnologia avan\u00e7ada assequible que en el futur pugui<br \/>\najudar a realitzar investigacions en pa\u00efsos subdesenvolupats i reduir el cost del nou dispositiu de nanodiagn\u00f2stic, per portar-los del laboratori a cap\u00e7alera.<\/p>\n<p>Aquest projecte el coordina l&#8217;investigador Carlo Manzo, coordinador del Grup de Recerca <a href=\"http:\/\/urecerca.uvic.cat\/CawDOS?id=e992542c5013cee0&amp;idioma=ca&amp;tipo=grupo\" target=\"_blank\" rel=\"noopener noreferrer\">Quantitative Biolmaging (QuBI)<\/a>.<\/p>\n<p><img decoding=\"async\" class=\"alignleft wp-image-1070 size-full\" src=\"http:\/\/mon.uvic.cat\/nitrecerca\/files\/2020\/11\/finacia.png\" alt=\"\" width=\"708\" height=\"146\" srcset=\"https:\/\/mon.uvic.cat\/nitrecerca\/files\/2020\/11\/finacia-300x62.png 300w, https:\/\/mon.uvic.cat\/nitrecerca\/files\/2020\/11\/finacia.png 708w\" sizes=\"(max-width: 708px) 100vw, 708px\" \/><\/p>\n<\/div><\/div><\/div><\/div><\/div>\n","protected":false},"excerpt":{"rendered":"","protected":false},"author":613,"featured_media":0,"parent":0,"menu_order":0,"comment_status":"closed","ping_status":"closed","template":"","meta":{"footnotes":""},"class_list":["post-2275","page","type-page","status-publish","hentry"],"jetpack_sharing_enabled":true,"_links":{"self":[{"href":"https:\/\/mon.uvic.cat\/nitrecerca\/wp-json\/wp\/v2\/pages\/2275","targetHints":{"allow":["GET"]}}],"collection":[{"href":"https:\/\/mon.uvic.cat\/nitrecerca\/wp-json\/wp\/v2\/pages"}],"about":[{"href":"https:\/\/mon.uvic.cat\/nitrecerca\/wp-json\/wp\/v2\/types\/page"}],"author":[{"embeddable":true,"href":"https:\/\/mon.uvic.cat\/nitrecerca\/wp-json\/wp\/v2\/users\/613"}],"replies":[{"embeddable":true,"href":"https:\/\/mon.uvic.cat\/nitrecerca\/wp-json\/wp\/v2\/comments?post=2275"}],"version-history":[{"count":2,"href":"https:\/\/mon.uvic.cat\/nitrecerca\/wp-json\/wp\/v2\/pages\/2275\/revisions"}],"predecessor-version":[{"id":2585,"href":"https:\/\/mon.uvic.cat\/nitrecerca\/wp-json\/wp\/v2\/pages\/2275\/revisions\/2585"}],"wp:attachment":[{"href":"https:\/\/mon.uvic.cat\/nitrecerca\/wp-json\/wp\/v2\/media?parent=2275"}],"curies":[{"name":"wp","href":"https:\/\/api.w.org\/{rel}","templated":true}]}}