{"id":2273,"date":"2024-05-29T13:49:41","date_gmt":"2024-05-29T11:49:41","guid":{"rendered":"https:\/\/mon.uvic.cat\/nitrecerca\/?page_id=2273"},"modified":"2024-05-29T13:49:41","modified_gmt":"2024-05-29T11:49:41","slug":"demostracio-de-la-viabilitat-i-de-leficiencia-de-losmosi-inversa-vibrant-pel-tractament-de-purins-obtencio-de-concentrats-rics-en-nutrients-i-aigua-depurada-delevada-qualit","status":"publish","type":"page","link":"https:\/\/mon.uvic.cat\/nitrecerca\/demostracio-de-la-viabilitat-i-de-leficiencia-de-losmosi-inversa-vibrant-pel-tractament-de-purins-obtencio-de-concentrats-rics-en-nutrients-i-aigua-depurada-delevada-qualit\/","title":{"rendered":"Demostraci\u00f3 de la viabilitat i de l\u2019efici\u00e8ncia de l\u2019osmosi inversa vibrant pel tractament de purins, obtenci\u00f3 de concentrats rics en nutrients i aigua depurada d\u2019elevada qualitat"},"content":{"rendered":"<div class=\"fusion-fullwidth fullwidth-box fusion-builder-row-1 fusion-flex-container nonhundred-percent-fullwidth non-hundred-percent-height-scrolling\" style=\"--awb-border-radius-top-left:0px;--awb-border-radius-top-right:0px;--awb-border-radius-bottom-right:0px;--awb-border-radius-bottom-left:0px;--awb-flex-wrap:wrap;\" ><div class=\"fusion-builder-row fusion-row fusion-flex-align-items-flex-start fusion-flex-content-wrap\" style=\"max-width:1248px;margin-left: calc(-4% \/ 2 );margin-right: calc(-4% \/ 2 );\"><div class=\"fusion-layout-column fusion_builder_column fusion-builder-column-0 fusion_builder_column_1_1 1_1 fusion-flex-column\" style=\"--awb-bg-size:cover;--awb-width-large:100%;--awb-margin-top-large:0px;--awb-spacing-right-large:1.92%;--awb-margin-bottom-large:0px;--awb-spacing-left-large:1.92%;--awb-width-medium:100%;--awb-spacing-right-medium:1.92%;--awb-spacing-left-medium:1.92%;--awb-width-small:100%;--awb-spacing-right-small:1.92%;--awb-spacing-left-small:1.92%;\"><div class=\"fusion-column-wrapper fusion-flex-justify-content-flex-start fusion-content-layout-column\"><div class=\"fusion-text fusion-text-1\"><h3>DESCRIPCI\u00d3 DEL PROJECTE<\/h3>\n<p>En tota la cadena de valor del sector ramader es generen una amplia gama de residus l\u00edquids dif\u00edcils de gestionar tant (i) per la seva composici\u00f3 (elevada c\u00e0rrega org\u00e0nica, concentraci\u00f3 de sals i nutrients, etc.) com (ii) per el seu volum (grans volums a baixes concentracions). Entre els efluents m\u00e9s importants en destaquen les dejeccions ramaderes (purins) generades a les granges les quals es caracteritzen per el seu elevat contingut en aigua (85-95%) i de nutrients (principalment f\u00f2sfor i nitrogen).<\/p>\n<p>Tot i que la seva aplicaci\u00f3 al s\u00f2l els converteix en bons fertilitzants, ens trobem davant un escenari on les dejeccions ramaderes han augmentat significativament mentre que la superf\u00edcie d\u2019aplicaci\u00f3 d\u2019aquestes ha disminu\u00eft, donant lloc a un desequilibri entre generaci\u00f3 i aplicaci\u00f3 i generant problem\u00e0tiques associades a les contaminacions de les aig\u00fces subterr\u00e0nies per nitrats. A m\u00e9s, l\u2019elevat contingut d\u2019aigua de les dejeccions ramaderes dificulta el seu transport donat els alts costos associats. Aix\u00f2 demostra la gran necessitat de cercar tecnologies eficients capaces de fer viable econ\u00f2micament el tractament de purins i la possibilitat d\u2019exportar els excedents generats cap a \u00e0rees deficit\u00e0ries de nutrients o amb risc de desertitzaci\u00f3.<\/p>\n<p>Els processos de membranes convencionals emprats per al tractament de purins es troben limitats sobretot per problemes d\u2019embrutiment donat l\u2019alt contingut de mat\u00e8ria en suspensi\u00f3 present en els efluents a tractar. Aquest embrutiment provoca la p\u00e8rdua d\u2019efici\u00e8ncia del sistema aix\u00ed com el requeriment de neteges m\u00e9s freq\u00fcents. La nova tecnologia basada en osmosi inversa vibrant (VSEP) es caracteritza per ser un sistema de membranes d\u2019osmosi inversa altament resistent a l\u2019embrutiment, gr\u00e0cies a un proc\u00e9s vibratori \u00fanic al mercat que fa que la tecnologia no necessiti pre-tractament f\u00edsic ni qu\u00edmic previ a l\u2019etapa de membranes, oferint una separaci\u00f3 eficient i precisa en un sol pas de tractament. Donats aquesta antecedents, es proposa en aquest projecte demostrar la viabilitat i l\u2019efici\u00e8ncia de l\u2019osmosi inversa vibrant per al tractament de purins.<\/p>\n<h3>Objectius<\/h3>\n<p>Els objectius principals d\u2019aquest projecte s\u00f3n:<br \/>\n1. Demostrar la viabilitat d\u2019una tecnologia de membranes d\u2019osmosi inversa pel tractament de la fracci\u00f3 l\u00edquida dels purins per tal de reduir-ne els seus costos de gesti\u00f3.<br \/>\n2. Avaluar l\u2019efici\u00e8ncia del concentrat generat com a possible bio-fertilitzant i valorar els possibles usos de l\u2019aigua neta obtinguda (permeat).<\/p>\n<p><a href=\"http:\/\/mon.uvic.cat\/nitrecerca\/files\/2020\/11\/024_FUBALMES_INICIDEMOS.pdf\">Fitxa<\/a><\/p>\n<hr \/>\n<p>Projecte coordinat pel <a href=\"https:\/\/www.uvic.cat\/CT_BETA\">Centre Tecnol\u00f2gic en Biodiversitat, Ecologia i Tecnologia i Gesti\u00f3 Ambiental i Aliment\u00e0ria (CT BETA)<\/a><\/p>\n<p>Projecte cofinan\u00e7at pel Departament d\u2019Agricultura, Ramaderia, Pesca i Alimentaci\u00f3. Activitat finan\u00e7ada a trav\u00e9s de l\u2019operaci\u00f3 01.02.01 de Transfer\u00e8ncia Tecnol\u00f2gica del Programa de Desenvolupament Rural de Catalunya 2014-2020.<\/p>\n<p><img decoding=\"async\" class=\"alignleft wp-image-1073\" src=\"http:\/\/mon.uvic.cat\/nitrecerca\/files\/2020\/11\/logo_agricultura_h3_0.jpg\" alt=\"\" width=\"420\" height=\"73\" srcset=\"https:\/\/mon.uvic.cat\/nitrecerca\/files\/2020\/11\/logo_agricultura_h3_0-300x52.jpg 300w, https:\/\/mon.uvic.cat\/nitrecerca\/files\/2020\/11\/logo_agricultura_h3_0.jpg 604w\" sizes=\"(max-width: 420px) 100vw, 420px\" \/> <img decoding=\"async\" class=\"alignleft size-full wp-image-1074\" src=\"http:\/\/mon.uvic.cat\/nitrecerca\/files\/2020\/11\/logo_feader_europa_inverteix_en_les_zones_rurals_0.png\" alt=\"\" width=\"480\" height=\"85\" srcset=\"https:\/\/mon.uvic.cat\/nitrecerca\/files\/2020\/11\/logo_feader_europa_inverteix_en_les_zones_rurals_0-300x53.png 300w, https:\/\/mon.uvic.cat\/nitrecerca\/files\/2020\/11\/logo_feader_europa_inverteix_en_les_zones_rurals_0.png 480w\" sizes=\"(max-width: 480px) 100vw, 480px\" \/><\/p>\n<\/div><\/div><\/div><\/div><\/div>\n","protected":false},"excerpt":{"rendered":"","protected":false},"author":613,"featured_media":0,"parent":0,"menu_order":0,"comment_status":"closed","ping_status":"closed","template":"","meta":{"footnotes":""},"class_list":["post-2273","page","type-page","status-publish","hentry"],"jetpack_sharing_enabled":true,"_links":{"self":[{"href":"https:\/\/mon.uvic.cat\/nitrecerca\/wp-json\/wp\/v2\/pages\/2273","targetHints":{"allow":["GET"]}}],"collection":[{"href":"https:\/\/mon.uvic.cat\/nitrecerca\/wp-json\/wp\/v2\/pages"}],"about":[{"href":"https:\/\/mon.uvic.cat\/nitrecerca\/wp-json\/wp\/v2\/types\/page"}],"author":[{"embeddable":true,"href":"https:\/\/mon.uvic.cat\/nitrecerca\/wp-json\/wp\/v2\/users\/613"}],"replies":[{"embeddable":true,"href":"https:\/\/mon.uvic.cat\/nitrecerca\/wp-json\/wp\/v2\/comments?post=2273"}],"version-history":[{"count":2,"href":"https:\/\/mon.uvic.cat\/nitrecerca\/wp-json\/wp\/v2\/pages\/2273\/revisions"}],"predecessor-version":[{"id":2583,"href":"https:\/\/mon.uvic.cat\/nitrecerca\/wp-json\/wp\/v2\/pages\/2273\/revisions\/2583"}],"wp:attachment":[{"href":"https:\/\/mon.uvic.cat\/nitrecerca\/wp-json\/wp\/v2\/media?parent=2273"}],"curies":[{"name":"wp","href":"https:\/\/api.w.org\/{rel}","templated":true}]}}