{"id":2271,"date":"2024-05-29T13:48:31","date_gmt":"2024-05-29T11:48:31","guid":{"rendered":"https:\/\/mon.uvic.cat\/nitrecerca\/?page_id=2271"},"modified":"2024-05-29T13:48:31","modified_gmt":"2024-05-29T11:48:31","slug":"demostracio-de-la-capacitat-deliminacio-dantibiotics-en-tecnologies-de-tractament-de-purins-elaboracio-duna-guia-tecnica-per-lassessorament-del-sector-ramader","status":"publish","type":"page","link":"https:\/\/mon.uvic.cat\/nitrecerca\/demostracio-de-la-capacitat-deliminacio-dantibiotics-en-tecnologies-de-tractament-de-purins-elaboracio-duna-guia-tecnica-per-lassessorament-del-sector-ramader\/","title":{"rendered":"Demostraci\u00f3 de la capacitat d\u2019eliminaci\u00f3 d\u2019antibi\u00f2tics en tecnologies de tractament de purins. Elaboraci\u00f3 d\u2019una guia t\u00e8cnica per l\u2019assessorament del sector ramader"},"content":{"rendered":"<div class=\"fusion-fullwidth fullwidth-box fusion-builder-row-1 fusion-flex-container nonhundred-percent-fullwidth non-hundred-percent-height-scrolling\" style=\"--awb-border-radius-top-left:0px;--awb-border-radius-top-right:0px;--awb-border-radius-bottom-right:0px;--awb-border-radius-bottom-left:0px;--awb-flex-wrap:wrap;\" ><div class=\"fusion-builder-row fusion-row fusion-flex-align-items-flex-start fusion-flex-content-wrap\" style=\"max-width:1248px;margin-left: calc(-4% \/ 2 );margin-right: calc(-4% \/ 2 );\"><div class=\"fusion-layout-column fusion_builder_column fusion-builder-column-0 fusion_builder_column_1_1 1_1 fusion-flex-column\" style=\"--awb-bg-size:cover;--awb-width-large:100%;--awb-margin-top-large:0px;--awb-spacing-right-large:1.92%;--awb-margin-bottom-large:0px;--awb-spacing-left-large:1.92%;--awb-width-medium:100%;--awb-spacing-right-medium:1.92%;--awb-spacing-left-medium:1.92%;--awb-width-small:100%;--awb-spacing-right-small:1.92%;--awb-spacing-left-small:1.92%;\"><div class=\"fusion-column-wrapper fusion-flex-justify-content-flex-start fusion-content-layout-column\"><div class=\"fusion-text fusion-text-1\"><h3>Descripci\u00f3 del projecte<\/h3>\n<p>La valoritzaci\u00f3 dels fems i purins com a biofertilitzants \u00e9s tant ecol\u00f2gicament com econ\u00f2micament interessant per la seva composici\u00f3 rica en nitrogen, f\u00f2sfor, potassi i mat\u00e8ria org\u00e0nica. Malauradament, la intensificaci\u00f3 de la ramaderia ha propiciat la generaci\u00f3 de grans quantitats de dejeccions ramaderes concentrades en \u00e0rees molt concretes, cosa que dificulta la seva gesti\u00f3. Aquesta situaci\u00f3 ha fomentat el desenvolupament de noves tecnologies pel tractament de dejeccions ramaderes amb l\u2019objectiu d&#8217;estabilitzar la mat\u00e8ria org\u00e0nica, concentrar i\/o eliminar nutrients i produir energia.<\/p>\n<p>Fins ara, les tecnologies per al tractament de dejeccions ramaderes s\u2019han enfocat en la reducci\u00f3, eliminaci\u00f3 i concentraci\u00f3 de nutrients per tal de poder-los exportar fora de les zones excedentaries. Tanmateix, el contingut d\u2019antibi\u00f2tics i altres f\u00e0rmacs que contenen aquestes dejeccions s\u00f3n un tema preocupant associat a l\u2019aplicaci\u00f3 de purins al sol i als possibles efectes que poden tenir sobre el medi ambient i sobre la salut de les persones. Tot i que les darreres normatives han obligat a una reducci\u00f3 del suministrament d\u2019antibi\u00f2tics, las seva presencia a les dejeccions segueix sent mesurable. Donat que aquests f\u00e0rmacs no s\u00f3n totalment adsorbits ni metabolitzats per els animals, la majoria s\u2019excreten en l\u2019orina o excrements, inalterats o com a metabolits. Aquests antibi\u00f2tics poden contribuir al desenvolupament de bacteris resistents als antibi\u00f2tics en els fems, els cultius i en les aig\u00fces subterr\u00e0nies que es poden transmetre als humans i animals salvatges. Aquests bacteris, al mateix temps, s\u00f3n portadors de gens de resist\u00e8ncia als antibi\u00f2tics que es poden transferir f\u00e0cilment a pat\u00f2gens bacterians comprometent l&#8217;efectivitat de les ter\u00e0pies antibi\u00f2tiques en medecina humana i veterin\u00e0ria.<\/p>\n<p>Donat aquests antecedents, es requereix en el sector ramader l\u2019elaboraci\u00f3 d\u2019una guia t\u00e8cnica d\u2019assessorament considerant una recopilaci\u00f3 de resultats anteriorment obtinguts en diferents instal\u00b7lacions per al tractament de purins.<\/p>\n<p><strong>Demostraci\u00f3 de la capacitat de reducci\u00f3 d\u2019antibi\u00f2tics en tecnologies de tractament de purins. Guia t\u00e8cnica d\u2019assessorament per al sector ramader.<\/strong><\/p>\n<p><a href=\"https:\/\/drive.google.com\/file\/d\/107q8MnjBc9GLN4i-yP36gNQXAvVhfrHJ\/view?usp=sharing\">Catalan version<\/a><\/p>\n<div class=\"video-shortcode\"><iframe title=\"Demostraci\u00f3 de la capacitat d\u2019eliminaci\u00f3 d\u2019antibi\u00f2tics en tecnologies de tractament de purins\" width=\"1200\" height=\"675\" src=\"https:\/\/www.youtube.com\/embed\/-aVMxT7DNJQ?feature=oembed\" frameborder=\"0\" allow=\"accelerometer; autoplay; clipboard-write; encrypted-media; gyroscope; picture-in-picture; web-share\" referrerpolicy=\"strict-origin-when-cross-origin\" allowfullscreen><\/iframe><\/div>\n<hr \/>\n<p>Projecte coordinar pel <a href=\"https:\/\/www.uvic.cat\/CT_BETA\">Centre Tecnol\u00f2gic en Biodiversitat, Ecologia i Tecnologia i Gesti\u00f3 Ambiental i Aliment\u00e0ria (CT BETA)<\/a><\/p>\n<p>Projecte cofinan\u00e7at pel Departament d\u2019Agricultura, Ramaderia, Pesca i Alimentaci\u00f3.<br \/>\nActivitat finan\u00e7ada a trav\u00e9s de l\u2019operaci\u00f3 01.02.01 de Transfer\u00e8ncia Tecnol\u00f2gica del Programa de Desenvolupament Rural de Catalunya 2014-2020.<\/p>\n<\/div><\/div><\/div><\/div><\/div>\n","protected":false},"excerpt":{"rendered":"","protected":false},"author":613,"featured_media":0,"parent":0,"menu_order":0,"comment_status":"closed","ping_status":"closed","template":"","meta":{"footnotes":""},"class_list":["post-2271","page","type-page","status-publish","hentry"],"jetpack_sharing_enabled":true,"_links":{"self":[{"href":"https:\/\/mon.uvic.cat\/nitrecerca\/wp-json\/wp\/v2\/pages\/2271","targetHints":{"allow":["GET"]}}],"collection":[{"href":"https:\/\/mon.uvic.cat\/nitrecerca\/wp-json\/wp\/v2\/pages"}],"about":[{"href":"https:\/\/mon.uvic.cat\/nitrecerca\/wp-json\/wp\/v2\/types\/page"}],"author":[{"embeddable":true,"href":"https:\/\/mon.uvic.cat\/nitrecerca\/wp-json\/wp\/v2\/users\/613"}],"replies":[{"embeddable":true,"href":"https:\/\/mon.uvic.cat\/nitrecerca\/wp-json\/wp\/v2\/comments?post=2271"}],"version-history":[{"count":2,"href":"https:\/\/mon.uvic.cat\/nitrecerca\/wp-json\/wp\/v2\/pages\/2271\/revisions"}],"predecessor-version":[{"id":2581,"href":"https:\/\/mon.uvic.cat\/nitrecerca\/wp-json\/wp\/v2\/pages\/2271\/revisions\/2581"}],"wp:attachment":[{"href":"https:\/\/mon.uvic.cat\/nitrecerca\/wp-json\/wp\/v2\/media?parent=2271"}],"curies":[{"name":"wp","href":"https:\/\/api.w.org\/{rel}","templated":true}]}}