{"id":2269,"date":"2024-05-29T13:47:56","date_gmt":"2024-05-29T11:47:56","guid":{"rendered":"https:\/\/mon.uvic.cat\/nitrecerca\/?page_id=2269"},"modified":"2024-05-29T13:47:56","modified_gmt":"2024-05-29T11:47:56","slug":"demostracio-de-leficiencia-del-concentrador-de-nutrients-i-viabilitat-daplicacio-en-granges-porcines-de-mares-i-dengreix-per-tal-de-reduir-els-costos-i-millorar-la-gestio-de","status":"publish","type":"page","link":"https:\/\/mon.uvic.cat\/nitrecerca\/demostracio-de-leficiencia-del-concentrador-de-nutrients-i-viabilitat-daplicacio-en-granges-porcines-de-mares-i-dengreix-per-tal-de-reduir-els-costos-i-millorar-la-gestio-de\/","title":{"rendered":"Demostraci\u00f3 de l\u2019efici\u00e8ncia del concentrador de nutrients i viabilitat d\u2019aplicaci\u00f3 en granges porcines de mares i d\u2019engreix per tal de reduir els costos i millorar la gesti\u00f3 de les dejeccions ramaderes"},"content":{"rendered":"<div class=\"fusion-fullwidth fullwidth-box fusion-builder-row-1 fusion-flex-container nonhundred-percent-fullwidth non-hundred-percent-height-scrolling\" style=\"--awb-border-radius-top-left:0px;--awb-border-radius-top-right:0px;--awb-border-radius-bottom-right:0px;--awb-border-radius-bottom-left:0px;--awb-flex-wrap:wrap;\" ><div class=\"fusion-builder-row fusion-row fusion-flex-align-items-flex-start fusion-flex-content-wrap\" style=\"max-width:1248px;margin-left: calc(-4% \/ 2 );margin-right: calc(-4% \/ 2 );\"><div class=\"fusion-layout-column fusion_builder_column fusion-builder-column-0 fusion_builder_column_1_1 1_1 fusion-flex-column\" style=\"--awb-bg-size:cover;--awb-width-large:100%;--awb-margin-top-large:0px;--awb-spacing-right-large:1.92%;--awb-margin-bottom-large:0px;--awb-spacing-left-large:1.92%;--awb-width-medium:100%;--awb-spacing-right-medium:1.92%;--awb-spacing-left-medium:1.92%;--awb-width-small:100%;--awb-spacing-right-small:1.92%;--awb-spacing-left-small:1.92%;\"><div class=\"fusion-column-wrapper fusion-flex-justify-content-flex-start fusion-content-layout-column\"><div class=\"fusion-text fusion-text-1\"><h3>Descripci\u00f3 del projecte<\/h3>\n<p>Les dejeccions ramaderes es caracteritzen per tenir un elevat contingut d\u2019aigua (85-95%) i de nutrients (principalment f\u00f2sfor i nitrogen). La seva aplicaci\u00f3 al s\u00f2l els converteix en fertilitzants adients per retornar aquests nutrients al terra per\u00f2 el seu alt contingut en aigua fa molt cost\u00f3s i poc eficient el seu transport cap s\u00f2ls amb falta de nutrients. Addicionalment, a les principals zones generadores de les dejeccions ramaderes (b\u00e0sicament de ramaderia intensiva) el cens ramader ha augmentat significativament, mentre que la Superf\u00edcie Agr\u00e0ria \u00datil per aplicar aquestes dejeccions localment ha disminu\u00eft donant lloc a un desequilibri entre generaci\u00f3 i aplicaci\u00f3 i generant problem\u00e0tiques associades a les contaminacions de les aig\u00fces subterr\u00e0nies per nitrats amb la conseq\u00fcent declaraci\u00f3 de Zones Vulnerables per Nitrats (ZVN).<\/p>\n<p>La gesti\u00f3 de les dejeccions ramaderes \u00e9s per tant un problema ambiental i econ\u00f2mic important i d\u2019aqu\u00ed sorgeix la necessitat de desenvolupar, validar i aplicar tecnologies innovadores que permetin reduir la pressi\u00f3 ambiental en zones d\u2019alta intensitat ramadera i amb un exc\u00e9s elevat de nutrients. Aquest \u00e9s el cas de la tecnologia innovadora per a la concentraci\u00f3 de nutrients que permet obtenir el 85-95% dels s\u00f2lids totals, 45-55% del nitrogen total i un 85-95% del f\u00f2sfor (inicialment continguts en una unitat de volum de pur\u00ed cru) en un 20-30% del volum inicial tractat i corresponent a la fracci\u00f3 l\u00edquida concentrada. Els nutrients es concentren a un cost baix, sense emissions addicionals i amb consums energ\u00e8tics m\u00ednims. Aix\u00ed, els costos de transport es redueixen i es fa viable econ\u00f2micament l\u2019exportaci\u00f3 de nutrients a zones no vulnerables, a m\u00e9s de ser sostenible ambientalment.<\/p>\n<p>Mitjan\u00e7ant la present Activitat de Demostraci\u00f3 es pret\u00e9n demostrar l\u2019aplicabilitat d\u2019aquesta tecnologia a altres tipus de purins (engreix), validar-la en altres granges de mares i poder disposar d\u2019un manual i protocol de funcionament que, en primer lloc, permeti distribuir la informaci\u00f3 de manera efectiva als ramaders i en segon lloc que promogui i faciliti la seva acceptaci\u00f3 i aplicaci\u00f3 pel sector ramader.<\/p>\n<div class=\"video-shortcode\"><iframe title=\"La concentraci\u00f3 de nutrients com a tecnologia viable per a la gesti\u00f3 de purins\" width=\"1200\" height=\"675\" src=\"https:\/\/www.youtube.com\/embed\/_TdjYEn22co?feature=oembed\" frameborder=\"0\" allow=\"accelerometer; autoplay; clipboard-write; encrypted-media; gyroscope; picture-in-picture; web-share\" referrerpolicy=\"strict-origin-when-cross-origin\" allowfullscreen><\/iframe><\/div>\n<hr \/>\n<p>Projecte coordinar pel <a href=\"https:\/\/www.uvic.cat\/CT_BETA\">Centre Tecnol\u00f2gic en Biodiversitat, Ecologia i Tecnologia i Gesti\u00f3 Ambiental i Aliment\u00e0ria (CT BETA)<\/a><\/p>\n<p>Projecte cofinan\u00e7at pel Departament d\u2019Agricultura, Ramaderia, Pesca i Alimentaci\u00f3.<br \/>\nActivitat finan\u00e7ada a trav\u00e9s de l\u2019operaci\u00f3 01.02.01 de Transfer\u00e8ncia Tecnol\u00f2gica del Programa de Desenvolupament Rural de Catalunya 2014-2020.<\/p>\n<p><img decoding=\"async\" class=\"alignleft size-full wp-image-1074\" src=\"http:\/\/mon.uvic.cat\/nitrecerca\/files\/2020\/11\/logo_feader_europa_inverteix_en_les_zones_rurals_0.png\" alt=\"\" width=\"480\" height=\"85\" srcset=\"https:\/\/mon.uvic.cat\/nitrecerca\/files\/2020\/11\/logo_feader_europa_inverteix_en_les_zones_rurals_0-300x53.png 300w, https:\/\/mon.uvic.cat\/nitrecerca\/files\/2020\/11\/logo_feader_europa_inverteix_en_les_zones_rurals_0.png 480w\" sizes=\"(max-width: 480px) 100vw, 480px\" \/> <img decoding=\"async\" class=\"alignleft size-full wp-image-1073\" src=\"http:\/\/mon.uvic.cat\/nitrecerca\/files\/2020\/11\/logo_agricultura_h3_0.jpg\" alt=\"\" width=\"604\" height=\"105\" srcset=\"https:\/\/mon.uvic.cat\/nitrecerca\/files\/2020\/11\/logo_agricultura_h3_0-300x52.jpg 300w, https:\/\/mon.uvic.cat\/nitrecerca\/files\/2020\/11\/logo_agricultura_h3_0.jpg 604w\" sizes=\"(max-width: 604px) 100vw, 604px\" \/><\/p>\n<\/div><\/div><\/div><\/div><\/div>\n","protected":false},"excerpt":{"rendered":"","protected":false},"author":613,"featured_media":0,"parent":0,"menu_order":0,"comment_status":"closed","ping_status":"closed","template":"","meta":{"footnotes":""},"class_list":["post-2269","page","type-page","status-publish","hentry"],"jetpack_sharing_enabled":true,"_links":{"self":[{"href":"https:\/\/mon.uvic.cat\/nitrecerca\/wp-json\/wp\/v2\/pages\/2269","targetHints":{"allow":["GET"]}}],"collection":[{"href":"https:\/\/mon.uvic.cat\/nitrecerca\/wp-json\/wp\/v2\/pages"}],"about":[{"href":"https:\/\/mon.uvic.cat\/nitrecerca\/wp-json\/wp\/v2\/types\/page"}],"author":[{"embeddable":true,"href":"https:\/\/mon.uvic.cat\/nitrecerca\/wp-json\/wp\/v2\/users\/613"}],"replies":[{"embeddable":true,"href":"https:\/\/mon.uvic.cat\/nitrecerca\/wp-json\/wp\/v2\/comments?post=2269"}],"version-history":[{"count":2,"href":"https:\/\/mon.uvic.cat\/nitrecerca\/wp-json\/wp\/v2\/pages\/2269\/revisions"}],"predecessor-version":[{"id":2579,"href":"https:\/\/mon.uvic.cat\/nitrecerca\/wp-json\/wp\/v2\/pages\/2269\/revisions\/2579"}],"wp:attachment":[{"href":"https:\/\/mon.uvic.cat\/nitrecerca\/wp-json\/wp\/v2\/media?parent=2269"}],"curies":[{"name":"wp","href":"https:\/\/api.w.org\/{rel}","templated":true}]}}