{"id":2258,"date":"2024-05-29T12:49:38","date_gmt":"2024-05-29T10:49:38","guid":{"rendered":"https:\/\/mon.uvic.cat\/nitrecerca\/?page_id=2258"},"modified":"2024-05-29T12:49:38","modified_gmt":"2024-05-29T10:49:38","slug":"asseures-menys-i-moures-mes-en-el-treball-impacte-dun-programa-mhealth-sobre-el-control-glucemic-i-perfil-antropometric-en-personal-doficina-amb-dt2-assaig-clinic-aleatoritzat","status":"publish","type":"page","link":"https:\/\/mon.uvic.cat\/nitrecerca\/asseures-menys-i-moures-mes-en-el-treball-impacte-dun-programa-mhealth-sobre-el-control-glucemic-i-perfil-antropometric-en-personal-doficina-amb-dt2-assaig-clinic-aleatoritzat\/","title":{"rendered":"Asseure&#8217;s menys i moure\u2019s m\u00e9s en el treball: Impacte d&#8217;un programa mHealth sobre el control gluc\u00e8mic i perfil antropom\u00e8tric en personal d&#8217;oficina amb DT2. Assaig Cl\u00ednic Aleatoritzat."},"content":{"rendered":"<div class=\"fusion-fullwidth fullwidth-box fusion-builder-row-1 fusion-flex-container nonhundred-percent-fullwidth non-hundred-percent-height-scrolling\" style=\"--awb-border-radius-top-left:0px;--awb-border-radius-top-right:0px;--awb-border-radius-bottom-right:0px;--awb-border-radius-bottom-left:0px;--awb-flex-wrap:wrap;\" ><div class=\"fusion-builder-row fusion-row fusion-flex-align-items-flex-start fusion-flex-content-wrap\" style=\"max-width:1248px;margin-left: calc(-4% \/ 2 );margin-right: calc(-4% \/ 2 );\"><div class=\"fusion-layout-column fusion_builder_column fusion-builder-column-0 fusion_builder_column_1_1 1_1 fusion-flex-column\" style=\"--awb-bg-size:cover;--awb-width-large:100%;--awb-margin-top-large:0px;--awb-spacing-right-large:1.92%;--awb-margin-bottom-large:0px;--awb-spacing-left-large:1.92%;--awb-width-medium:100%;--awb-spacing-right-medium:1.92%;--awb-spacing-left-medium:1.92%;--awb-width-small:100%;--awb-spacing-right-small:1.92%;--awb-spacing-left-small:1.92%;\"><div class=\"fusion-column-wrapper fusion-flex-justify-content-flex-start fusion-content-layout-column\"><div class=\"fusion-text fusion-text-1\" style=\"--awb-text-font-family:&quot;Inter&quot;;--awb-text-font-style:normal;--awb-text-font-weight:400;\"><h3>Descripci\u00f3 del projecte<\/h3>\n<p>L&#8217;objectiu del projecte Asseure&#8217;s menys i moure\u2019s m\u00e9s en el treball: Impacte d&#8217;un programa mHealth sobre el control gluc\u00e8mic i perfil antropom\u00e8tric en personal d&#8217;oficina amb DT2. Assaig Cl\u00ednic Aleatoritzat. \u00e9s la creaci\u00f3 d&#8217;un programa mHealth per seure menys i moure m\u00e9s en el treball sobre el control gluc\u00e8mic i perfil antropom\u00e8tric en personal d&#8217;oficina amb diabetis tipus 2 (DT2) a curt, mig i llarg termini.<\/p>\n<p>El m\u00e8tode utilitzat \u00e9s un assaig cl\u00ednic controlat a doble cec. Hi participaran 7 centres d&#8217;atenci\u00f3 prim\u00e0ria (5 centres de Catalunya i 2 centres de Madrid), 2 hospitals, (un hospital de Catalunya i un altre de Madrid), dues empreses (una de serveis de medicina laboral; una p\u00fablica i una privada ). A cada centre, metges, infermeres, endocrins i metges laborals reclutaran a pacients amb DT2 que treballin en oficines, romanguin asseguts almenys un 70% de l&#8217;horari laboral (OSPAQ) i disposin d&#8217;un dispositiu smartphone. Segons criteris CONSORT (2010), un proc\u00e9s d&#8217;aleatoritzaci\u00f3 simple -dirigit per l&#8217;equip investigador-assignar\u00e0 als voluntaris a grup control (GC) i intervenci\u00f3 (GI) mitjan\u00e7ant generador computat de nombres aleatoris. S&#8217;estima necessari incloure 184 pacients en cada grup (368 pacients en total). S\u2019analitzaran: gluc\u00e8mia basal, HbA1c, pes, talla, IMC, i per\u00edmetre de cintura. Les variables de sedestaci\u00f3 (hores de temps assegut laboral i nombre d&#8217;interrupcions del temps assegut) es mesuraran mitjan\u00e7ant dispositiu ActivPal. Altres variables: activitat f\u00edsica (IPAQ curt), qualitat de vida (EuroQool), presentisme laboral (WLQ), triglic\u00e8rids, colesterol total (LDL i HDL), pressi\u00f3 arterial i variables sociodemogr\u00e0fiques. Intervenci\u00f3: Basada en un programa mHealth (13 setmanes) que reempla\u00e7a tasques laborals sedent\u00e0ries per actives. El GC rebr\u00e0 consell habitual. Una an\u00e0lisi multivariada estudiar\u00e0 el canvi en el temps de les variables dependents (post intervenci\u00f3, 6 i 12 mesos) i s&#8217;establiran comparacions entre GC i GI. Es realitzaran per intenci\u00f3 de tractar.<\/p>\n<hr \/>\n<p>Projecte coordinat per <a href=\"http:\/\/urecerca.uvic.cat\/CawDOS?id=206168e17fe52a60&amp;idioma=ca&amp;tipo=activ&amp;elmeucv=N\">Anna Maria Puig Rivera<\/a>\/<a href=\"http:\/\/urecerca.uvic.cat\/CawDOS?id=ec8b3342c99f03ca&amp;idioma=ca&amp;tipo=grupo\">Esport i Activitat F\u00edsica (GREAF)<\/a><\/p>\n<p>Projecte cofinan\u00e7at pel <a href=\"http:\/\/ec.europa.eu\/regional_policy\/es\/\">Fons Europeu de Desenvolupament Regional (FEDER)<\/a><\/p>\n<p><img decoding=\"async\" class=\"alignnone size-full\" src=\"https:\/\/www.uvic.cat\/system\/files\/logo_marc_serrra_0.jpg\" width=\"391\" height=\"55\" \/><\/p>\n<\/div><\/div><\/div><\/div><\/div>\n","protected":false},"excerpt":{"rendered":"","protected":false},"author":613,"featured_media":0,"parent":0,"menu_order":0,"comment_status":"closed","ping_status":"closed","template":"","meta":{"footnotes":""},"class_list":["post-2258","page","type-page","status-publish","hentry"],"jetpack_sharing_enabled":true,"_links":{"self":[{"href":"https:\/\/mon.uvic.cat\/nitrecerca\/wp-json\/wp\/v2\/pages\/2258","targetHints":{"allow":["GET"]}}],"collection":[{"href":"https:\/\/mon.uvic.cat\/nitrecerca\/wp-json\/wp\/v2\/pages"}],"about":[{"href":"https:\/\/mon.uvic.cat\/nitrecerca\/wp-json\/wp\/v2\/types\/page"}],"author":[{"embeddable":true,"href":"https:\/\/mon.uvic.cat\/nitrecerca\/wp-json\/wp\/v2\/users\/613"}],"replies":[{"embeddable":true,"href":"https:\/\/mon.uvic.cat\/nitrecerca\/wp-json\/wp\/v2\/comments?post=2258"}],"version-history":[{"count":2,"href":"https:\/\/mon.uvic.cat\/nitrecerca\/wp-json\/wp\/v2\/pages\/2258\/revisions"}],"predecessor-version":[{"id":2524,"href":"https:\/\/mon.uvic.cat\/nitrecerca\/wp-json\/wp\/v2\/pages\/2258\/revisions\/2524"}],"wp:attachment":[{"href":"https:\/\/mon.uvic.cat\/nitrecerca\/wp-json\/wp\/v2\/media?parent=2258"}],"curies":[{"name":"wp","href":"https:\/\/api.w.org\/{rel}","templated":true}]}}