{"id":2255,"date":"2024-05-30T11:32:44","date_gmt":"2024-05-30T09:32:44","guid":{"rendered":"https:\/\/mon.uvic.cat\/nitrecerca\/?page_id=2255"},"modified":"2024-05-30T11:32:44","modified_gmt":"2024-05-30T09:32:44","slug":"loop","status":"publish","type":"page","link":"https:\/\/mon.uvic.cat\/nitrecerca\/loop\/","title":{"rendered":"LOOP"},"content":{"rendered":"<div class=\"fusion-fullwidth fullwidth-box fusion-builder-row-1 fusion-flex-container nonhundred-percent-fullwidth non-hundred-percent-height-scrolling\" style=\"--awb-border-radius-top-left:0px;--awb-border-radius-top-right:0px;--awb-border-radius-bottom-right:0px;--awb-border-radius-bottom-left:0px;--awb-flex-wrap:wrap;\" ><div class=\"fusion-builder-row fusion-row fusion-flex-align-items-flex-start fusion-flex-content-wrap\" style=\"max-width:1248px;margin-left: calc(-4% \/ 2 );margin-right: calc(-4% \/ 2 );\"><div class=\"fusion-layout-column fusion_builder_column fusion-builder-column-0 fusion_builder_column_1_1 1_1 fusion-flex-column\" style=\"--awb-bg-size:cover;--awb-width-large:100%;--awb-margin-top-large:0px;--awb-spacing-right-large:1.92%;--awb-margin-bottom-large:0px;--awb-spacing-left-large:1.92%;--awb-width-medium:100%;--awb-spacing-right-medium:1.92%;--awb-spacing-left-medium:1.92%;--awb-width-small:100%;--awb-spacing-right-small:1.92%;--awb-spacing-left-small:1.92%;\"><div class=\"fusion-column-wrapper fusion-flex-justify-content-flex-start fusion-content-layout-column\"><div class=\"fusion-text fusion-text-1\"><p>LOOP significa potenciar el desenvolupament continu personal, professional i social del professorat a trav\u00e9s de programes innovadors d\u2019iniciaci\u00f3 entre iguals.<\/p>\n<p>El LOOP \u00e9s un projecte d\u2019implementaci\u00f3 de pol\u00edtiques educatives que t\u00e9 com a objectiu contribuir al canvi cap a una pol\u00edtica integral de professi\u00f3 docent que abasta totes les etapes de les seves carreres professionals.<\/p>\n<p>L\u2019expertesa dels mestres s\u00e8niors, amb molts anys d\u2019ofici, pot ser de gran ajuda per als mestres joves i amb poca experi\u00e8ncia en el m\u00f3n de l\u2019educaci\u00f3. Millorar la formaci\u00f3 dels mestres que s\u2019incorporen al sistema educatiu durant els primers anys, de la m\u00e0 de professors experimentats que els facin de mentors, \u00e9s un dels objectius que persegueix el projecte europeu LOOP \u2013<em> Empowering teachers personal, professional and social continuous development through innovative peerinduction programes<\/em>. Mitjan\u00e7ant la creaci\u00f3 de programes d\u2019inducci\u00f3 el projecte vol potenciar aquest acompanyament formatiu organitzat i, alhora, donar suport a les pol\u00edtiques d\u2019educaci\u00f3 de l\u2019administraci\u00f3 p\u00fablica. En aquesta recerca hi participen quatre professors i professores de la Facultat d\u2019Educaci\u00f3, Traducci\u00f3 i Ci\u00e8ncies Humanes (FETCH) de la UVic-UCC: Antoni Tort, coordinador del grup de <a href=\"http:\/\/urecerca.uvic.cat\/CawDOS?id=cd48840d65bb3bc0&amp;idioma=ca&amp;tipo=grupo\" target=\"_blank\" rel=\"noopener\">Recerca Educativa (GREUV)<\/a>, Jordi Collet, membre del GREUV, N\u00faria Sim\u00f3, directora del <a href=\"https:\/\/www.uvic.cat\/recerca\/cred\">Centre d\u2019Estudis i Recerca en Educaci\u00f3 (CRED)<\/a> i membre del GREUV,\u00a0 i Mariona Casas, investigadora del grup de recerca <a href=\"http:\/\/urecerca.uvic.cat\/CawDOS?id=3d46d07cabd74434&amp;idioma=ca&amp;tipo=grupo\">Educaci\u00f3, Llenguatge i Literatura (GRELL)<\/a>.<\/p>\n<div class=\"uk-width-1-2@s uk-width-1-4@m uk-first-column\">\n<div>\n<div class=\"uk-child-width-1-1 uk-grid uk-grid-stack\">\n<div class=\"uk-first-column\">\n<div id=\"widget-text-13\" class=\"uk-panel widget-text\">\n<div class=\"uk-panel textwidget\">\n<p>Projecte LOOP- Potenciar el desenvolupament continuat personal, professional i social del professorat a trav\u00e9s de programes innovadors d\u2019inducci\u00f3 entre iguals (626148-EPP-1- 2020-2- PT-EPPKA3-PI-POLICY), ha estat finan\u00e7at amb el suport de la Comissi\u00f3 Europea.<\/p>\n<\/div>\n<p><img decoding=\"async\" class=\"wp-image-839 alignnone\" src=\"http:\/\/mon.uvic.cat\/nitrecerca\/files\/2020\/11\/cropped-cofunded-erasmus-right_en_0.jpg\" alt=\"\" width=\"395\" height=\"110\" srcset=\"https:\/\/mon.uvic.cat\/nitrecerca\/files\/2020\/11\/cropped-cofunded-erasmus-right_en_0-300x84.jpg 300w, https:\/\/mon.uvic.cat\/nitrecerca\/files\/2020\/11\/cropped-cofunded-erasmus-right_en_0-768x214.jpg 768w, https:\/\/mon.uvic.cat\/nitrecerca\/files\/2020\/11\/cropped-cofunded-erasmus-right_en_0.jpg 836w\" sizes=\"(max-width: 395px) 100vw, 395px\" \/><\/p>\n<p style=\"text-align: right;\"><strong>Xarxes socials:<\/strong><\/p>\n<p><a href=\"https:\/\/twitter.com\/LoopTeachers\"><img decoding=\"async\" class=\"alignright wp-image-90 size-full\" src=\"http:\/\/mon.uvic.cat\/nitrecerca\/files\/2020\/10\/twitter-logo-6-e1602843185286.png\" alt=\"\" width=\"61\" height=\"50\" \/><\/a> <a href=\"https:\/\/www.facebook.com\/LOOPEmpoweringTeachers\/\"><img decoding=\"async\" class=\"alignright wp-image-109 size-full\" src=\"http:\/\/mon.uvic.cat\/nitrecerca\/files\/2020\/10\/kisspng-facebook-inc-logo-computer-icons-facebook-messen-5af555fc052f34.7337436815260277720212-e1603710075588.png\" alt=\"\" width=\"50\" height=\"50\" \/><\/a><a href=\"https:\/\/empowering-teachers.eu\/ca\/\"><img decoding=\"async\" class=\"alignright wp-image-84 size-full\" src=\"http:\/\/mon.uvic.cat\/nitrecerca\/files\/2020\/10\/www-e1602843105399.png\" alt=\"\" width=\"50\" height=\"50\" \/><\/a><\/p>\n<\/div>\n<\/div>\n<\/div>\n<\/div>\n<\/div>\n<\/div><\/div><\/div><\/div><\/div>\n","protected":false},"excerpt":{"rendered":"","protected":false},"author":613,"featured_media":0,"parent":0,"menu_order":0,"comment_status":"closed","ping_status":"closed","template":"","meta":{"footnotes":""},"class_list":["post-2255","page","type-page","status-publish","hentry"],"jetpack_sharing_enabled":true,"_links":{"self":[{"href":"https:\/\/mon.uvic.cat\/nitrecerca\/wp-json\/wp\/v2\/pages\/2255","targetHints":{"allow":["GET"]}}],"collection":[{"href":"https:\/\/mon.uvic.cat\/nitrecerca\/wp-json\/wp\/v2\/pages"}],"about":[{"href":"https:\/\/mon.uvic.cat\/nitrecerca\/wp-json\/wp\/v2\/types\/page"}],"author":[{"embeddable":true,"href":"https:\/\/mon.uvic.cat\/nitrecerca\/wp-json\/wp\/v2\/users\/613"}],"replies":[{"embeddable":true,"href":"https:\/\/mon.uvic.cat\/nitrecerca\/wp-json\/wp\/v2\/comments?post=2255"}],"version-history":[{"count":2,"href":"https:\/\/mon.uvic.cat\/nitrecerca\/wp-json\/wp\/v2\/pages\/2255\/revisions"}],"predecessor-version":[{"id":2628,"href":"https:\/\/mon.uvic.cat\/nitrecerca\/wp-json\/wp\/v2\/pages\/2255\/revisions\/2628"}],"wp:attachment":[{"href":"https:\/\/mon.uvic.cat\/nitrecerca\/wp-json\/wp\/v2\/media?parent=2255"}],"curies":[{"name":"wp","href":"https:\/\/api.w.org\/{rel}","templated":true}]}}