{"id":2253,"date":"2024-05-30T11:24:45","date_gmt":"2024-05-30T09:24:45","guid":{"rendered":"https:\/\/mon.uvic.cat\/nitrecerca\/?page_id=2253"},"modified":"2024-08-30T11:25:54","modified_gmt":"2024-08-30T09:25:54","slug":"join-the-game","status":"publish","type":"page","link":"https:\/\/mon.uvic.cat\/nitrecerca\/join-the-game\/","title":{"rendered":"Join the Game"},"content":{"rendered":"<div class=\"fusion-fullwidth fullwidth-box fusion-builder-row-1 fusion-flex-container nonhundred-percent-fullwidth non-hundred-percent-height-scrolling\" style=\"--awb-border-radius-top-left:0px;--awb-border-radius-top-right:0px;--awb-border-radius-bottom-right:0px;--awb-border-radius-bottom-left:0px;--awb-flex-wrap:wrap;\" ><div class=\"fusion-builder-row fusion-row fusion-flex-align-items-flex-start fusion-flex-content-wrap\" style=\"max-width:1248px;margin-left: calc(-4% \/ 2 );margin-right: calc(-4% \/ 2 );\"><div class=\"fusion-layout-column fusion_builder_column fusion-builder-column-0 fusion_builder_column_1_1 1_1 fusion-flex-column\" style=\"--awb-bg-size:cover;--awb-width-large:100%;--awb-margin-top-large:0px;--awb-spacing-right-large:1.92%;--awb-margin-bottom-large:0px;--awb-spacing-left-large:1.92%;--awb-width-medium:100%;--awb-spacing-right-medium:1.92%;--awb-spacing-left-medium:1.92%;--awb-width-small:100%;--awb-spacing-right-small:1.92%;--awb-spacing-left-small:1.92%;\"><div class=\"fusion-column-wrapper fusion-flex-justify-content-flex-start fusion-content-layout-column\"><div class=\"fusion-text fusion-text-1\"><h3>Qu\u00e8 \u00e9s JOIN THE GAME?<\/h3>\n<p id=\"tw-target-text\" class=\"tw-data-text tw-text-large tw-ta\" dir=\"ltr\" data-placeholder=\"Traducci\u00f3\" aria-label=\"Text tradu\u00eft\" data-ved=\"2ahUKEwiMiriPspyIAxU_Q_EDHRrUE3QQ3ewLegQIChAU\"><span class=\"Y2IQFc\" lang=\"ca\">\u201cJoin the Game\u201d \u00e9s un projecte internacional finan\u00e7at pel programa Erasmus + i coordinat per Fundacja Laboratorium Zmiany. Hi participen organitzacions i universitats de quatre pa\u00efsos: B\u00e8lgica, Cro\u00e0cia, Pol\u00f2nia i Espanya, i pret\u00e9n crear una eina per normalitzar la inclusi\u00f3 de les dones en les professions tradicionalment dominades per homes. El grup objectiu del projecte s\u00f3n dones i noies joves que estan empoderades per intentar revertir els rols de g\u00e8nere que subjauen a les diferents actituds entre les professions escollides per homes i dones. L&#8217;objectiu \u00e9s conscienciar les joves i les nenes dels exemples d&#8217;\u00e8xit en camps dominats per homes com l&#8217;esport o la ci\u00e8ncia. Tamb\u00e9 vol fer visibles exemples que ajudin a trencar els estereotips de g\u00e8nere. El principal resultat del projecte \u00e9s un joc urb\u00e0 que es pot adaptar f\u00e0cilment a diferents contextos. A la web del projecte teniu acc\u00e9s a les instruccions, materials i recursos necessaris per al desenvolupament del joc. A m\u00e9s de les instruccions i tasques per al desenvolupament de la sessi\u00f3, els materials inclouen una llista de control per garantir la seguretat de l&#8217;\u00e0rea de joc.<\/span><\/p>\n<p><a href=\"https:\/\/mon.uvic.cat\/join-the-game\/\">Web del projecte<\/a><\/p>\n<\/div><\/div><\/div><\/div><\/div>\n","protected":false},"excerpt":{"rendered":"","protected":false},"author":613,"featured_media":2827,"parent":0,"menu_order":0,"comment_status":"closed","ping_status":"closed","template":"","meta":{"footnotes":""},"class_list":["post-2253","page","type-page","status-publish","has-post-thumbnail","hentry"],"jetpack_sharing_enabled":true,"_links":{"self":[{"href":"https:\/\/mon.uvic.cat\/nitrecerca\/wp-json\/wp\/v2\/pages\/2253","targetHints":{"allow":["GET"]}}],"collection":[{"href":"https:\/\/mon.uvic.cat\/nitrecerca\/wp-json\/wp\/v2\/pages"}],"about":[{"href":"https:\/\/mon.uvic.cat\/nitrecerca\/wp-json\/wp\/v2\/types\/page"}],"author":[{"embeddable":true,"href":"https:\/\/mon.uvic.cat\/nitrecerca\/wp-json\/wp\/v2\/users\/613"}],"replies":[{"embeddable":true,"href":"https:\/\/mon.uvic.cat\/nitrecerca\/wp-json\/wp\/v2\/comments?post=2253"}],"version-history":[{"count":4,"href":"https:\/\/mon.uvic.cat\/nitrecerca\/wp-json\/wp\/v2\/pages\/2253\/revisions"}],"predecessor-version":[{"id":2830,"href":"https:\/\/mon.uvic.cat\/nitrecerca\/wp-json\/wp\/v2\/pages\/2253\/revisions\/2830"}],"wp:featuredmedia":[{"embeddable":true,"href":"https:\/\/mon.uvic.cat\/nitrecerca\/wp-json\/wp\/v2\/media\/2827"}],"wp:attachment":[{"href":"https:\/\/mon.uvic.cat\/nitrecerca\/wp-json\/wp\/v2\/media?parent=2253"}],"curies":[{"name":"wp","href":"https:\/\/api.w.org\/{rel}","templated":true}]}}