{"id":2251,"date":"2024-05-30T11:15:34","date_gmt":"2024-05-30T09:15:34","guid":{"rendered":"https:\/\/mon.uvic.cat\/nitrecerca\/?page_id=2251"},"modified":"2024-05-30T11:15:34","modified_gmt":"2024-05-30T09:15:34","slug":"i-days","status":"publish","type":"page","link":"https:\/\/mon.uvic.cat\/nitrecerca\/i-days\/","title":{"rendered":"i-Days"},"content":{"rendered":"<div class=\"fusion-fullwidth fullwidth-box fusion-builder-row-1 fusion-flex-container nonhundred-percent-fullwidth non-hundred-percent-height-scrolling\" style=\"--awb-border-radius-top-left:0px;--awb-border-radius-top-right:0px;--awb-border-radius-bottom-right:0px;--awb-border-radius-bottom-left:0px;--awb-flex-wrap:wrap;\" ><div class=\"fusion-builder-row fusion-row fusion-flex-align-items-flex-start fusion-flex-content-wrap\" style=\"max-width:1248px;margin-left: calc(-4% \/ 2 );margin-right: calc(-4% \/ 2 );\"><div class=\"fusion-layout-column fusion_builder_column fusion-builder-column-0 fusion_builder_column_1_1 1_1 fusion-flex-column\" style=\"--awb-bg-size:cover;--awb-width-large:100%;--awb-margin-top-large:0px;--awb-spacing-right-large:1.92%;--awb-margin-bottom-large:0px;--awb-spacing-left-large:1.92%;--awb-width-medium:100%;--awb-spacing-right-medium:1.92%;--awb-spacing-left-medium:1.92%;--awb-width-small:100%;--awb-spacing-right-small:1.92%;--awb-spacing-left-small:1.92%;\"><div class=\"fusion-column-wrapper fusion-flex-justify-content-flex-start fusion-content-layout-column\"><div class=\"fusion-text fusion-text-1\"><h3>Qu\u00e8 s\u00f3n els i-Days?<\/h3>\n<p>I-Days promouen la innovaci\u00f3 sanit\u00e0ria entre els estudiants durant desenes de programes d&#8217;\u201dun dia o dos dies\u201d realitzats en institucions acad\u00e8miques d&#8217;arreu d&#8217;Europa.<br \/>\nEls estudiants de totes les \u00e0rees acad\u00e8miques reben una introducci\u00f3 pr\u00e0ctica a eines d&#8217;innovaci\u00f3 en salut i competeixen en equip per abordar els reptes de salut de la vida real plantejats per EIT Health,<br \/>\norganitzacions locals, corporacions privades o start-ups. Els equips guanaydors de cada i Day assisteix a una competici\u00f3 final que uneix alumnes de arreu d&#8217;Europa.<br \/>\nEl campionat Vic i-Days s\u2019ha posat en marxa en el context d\u2019implementaci\u00f3 del nou grau en Audiologia General \u2014el primer d\u2019aquesta especialitat que s\u2019impartir\u00e0 a l\u2019Estat espanyol\u2014 que la Facultat de Medicina de la UVic-UCC t\u00e9 previst oferir a partir del curs 2023-2024. Des de la Universitat s\u2019estan impulsant projectes d\u2019innovaci\u00f3 i pensament cr\u00edtic que acostin els estudiants a les necessitats socials a les quals donen resposta les noves titulacions universit\u00e0ries i, en aquesta l\u00ednia, s\u2019ha promogut el projecte Innovation Days (i-Days). Es tracta d\u2019un campionat europeu d\u2019innovaci\u00f3 en l\u2019\u00e0mbit de la salut promogut per la xarxa europea EITHealth i que en el cas de Vic est\u00e0 coorganitzat entre la UVic-UCC i l\u2019Institut Catal\u00e0 de Salut.<br \/>\nEls Vic i Days estaran organitzats per un grup de partners que aporten, cadasc\u00fan experteses diferents. El consorci consisteix de un partner acad\u00e8mic UVic UCC), un partner cl\u00ednic (ICS IGTP), un centre tecnol\u00f2gic Eurecat un think tank (Fundaci\u00f3 TIC Salut) i una start up (Kiversal).<\/p>\n<p><a href=\"https:\/\/www.uvic.cat\/recerca\/projectescompetitius_iDays\">+ informaci\u00f3 del projecte<\/a>.<\/p>\n<p><a href=\"https:\/\/eithealth.eu\/programmes\/i-days\/\">I-Days<\/a><\/p>\n<div class=\"video-shortcode\"><iframe title=\"EIT Health- iDays\" width=\"1200\" height=\"675\" src=\"https:\/\/www.youtube.com\/embed\/69y6-7SDefE?feature=oembed\" frameborder=\"0\" allow=\"accelerometer; autoplay; clipboard-write; encrypted-media; gyroscope; picture-in-picture; web-share\" referrerpolicy=\"strict-origin-when-cross-origin\" allowfullscreen><\/iframe><\/div>\n<\/div><\/div><\/div><\/div><\/div>\n","protected":false},"excerpt":{"rendered":"","protected":false},"author":613,"featured_media":0,"parent":0,"menu_order":0,"comment_status":"closed","ping_status":"closed","template":"","meta":{"footnotes":""},"class_list":["post-2251","page","type-page","status-publish","hentry"],"jetpack_sharing_enabled":true,"_links":{"self":[{"href":"https:\/\/mon.uvic.cat\/nitrecerca\/wp-json\/wp\/v2\/pages\/2251","targetHints":{"allow":["GET"]}}],"collection":[{"href":"https:\/\/mon.uvic.cat\/nitrecerca\/wp-json\/wp\/v2\/pages"}],"about":[{"href":"https:\/\/mon.uvic.cat\/nitrecerca\/wp-json\/wp\/v2\/types\/page"}],"author":[{"embeddable":true,"href":"https:\/\/mon.uvic.cat\/nitrecerca\/wp-json\/wp\/v2\/users\/613"}],"replies":[{"embeddable":true,"href":"https:\/\/mon.uvic.cat\/nitrecerca\/wp-json\/wp\/v2\/comments?post=2251"}],"version-history":[{"count":2,"href":"https:\/\/mon.uvic.cat\/nitrecerca\/wp-json\/wp\/v2\/pages\/2251\/revisions"}],"predecessor-version":[{"id":2605,"href":"https:\/\/mon.uvic.cat\/nitrecerca\/wp-json\/wp\/v2\/pages\/2251\/revisions\/2605"}],"wp:attachment":[{"href":"https:\/\/mon.uvic.cat\/nitrecerca\/wp-json\/wp\/v2\/media?parent=2251"}],"curies":[{"name":"wp","href":"https:\/\/api.w.org\/{rel}","templated":true}]}}