{"id":2247,"date":"2024-05-29T13:20:21","date_gmt":"2024-05-29T11:20:21","guid":{"rendered":"https:\/\/mon.uvic.cat\/nitrecerca\/?page_id=2247"},"modified":"2024-05-29T13:24:07","modified_gmt":"2024-05-29T11:24:07","slug":"click2move","status":"publish","type":"page","link":"https:\/\/mon.uvic.cat\/nitrecerca\/click2move\/","title":{"rendered":"CLICK2MOVE"},"content":{"rendered":"<div class=\"fusion-fullwidth fullwidth-box fusion-builder-row-1 fusion-flex-container nonhundred-percent-fullwidth non-hundred-percent-height-scrolling\" style=\"--awb-border-radius-top-left:0px;--awb-border-radius-top-right:0px;--awb-border-radius-bottom-right:0px;--awb-border-radius-bottom-left:0px;--awb-flex-wrap:wrap;\" ><div class=\"fusion-builder-row fusion-row fusion-flex-align-items-flex-start fusion-flex-content-wrap\" style=\"max-width:1248px;margin-left: calc(-4% \/ 2 );margin-right: calc(-4% \/ 2 );\"><div class=\"fusion-layout-column fusion_builder_column fusion-builder-column-0 fusion_builder_column_1_1 1_1 fusion-flex-column\" style=\"--awb-bg-size:cover;--awb-width-large:100%;--awb-margin-top-large:0px;--awb-spacing-right-large:1.92%;--awb-margin-bottom-large:0px;--awb-spacing-left-large:1.92%;--awb-width-medium:100%;--awb-spacing-right-medium:1.92%;--awb-spacing-left-medium:1.92%;--awb-width-small:100%;--awb-spacing-right-small:1.92%;--awb-spacing-left-small:1.92%;\"><div class=\"fusion-column-wrapper fusion-flex-justify-content-flex-start fusion-content-layout-column\"><div class=\"fusion-text fusion-text-1\"><h3>Qu\u00e8 \u00e9s CLICK2MOVE?<\/h3>\n<p>El projecte Supporting Active and Healthy Jobs in Europe: Co-creating digital solutions to reduce home-office sedentarism (CLICK2MOVE)\u00a0\u00e9s una iniciativa europea que vol promoure llocs de teletreball actius i saludables a partir de la creaci\u00f3 de solucions digitals i de la formaci\u00f3 de responsables de recursos humans, especialistes en salut laboral, personal de direcci\u00f3, etc.<\/p>\n<p>Finan\u00e7at pel programa Erasmus+, el projecte de recerca Click2Move compta amb la participaci\u00f3 de diversos socis europeus: la Technological University of Shannon (Irlanda), la Zavod Apga (Eslov\u00e8nia), el Rijksinstituut voor Volksgezondheid en Milieu (Holanda) i la Rete Europea per la Prevenzione della Salute nei Luoghi di Lavoro (ENWHP) (It\u00e0lia).<\/p>\n<p><a href=\"https:\/\/click2moveproject.com\/\">Web del projecte<\/a>.<\/p>\n<\/div><\/div><\/div><\/div><\/div>\n","protected":false},"excerpt":{"rendered":"","protected":false},"author":613,"featured_media":0,"parent":0,"menu_order":0,"comment_status":"closed","ping_status":"closed","template":"","meta":{"footnotes":""},"class_list":["post-2247","page","type-page","status-publish","hentry"],"jetpack_sharing_enabled":true,"_links":{"self":[{"href":"https:\/\/mon.uvic.cat\/nitrecerca\/wp-json\/wp\/v2\/pages\/2247","targetHints":{"allow":["GET"]}}],"collection":[{"href":"https:\/\/mon.uvic.cat\/nitrecerca\/wp-json\/wp\/v2\/pages"}],"about":[{"href":"https:\/\/mon.uvic.cat\/nitrecerca\/wp-json\/wp\/v2\/types\/page"}],"author":[{"embeddable":true,"href":"https:\/\/mon.uvic.cat\/nitrecerca\/wp-json\/wp\/v2\/users\/613"}],"replies":[{"embeddable":true,"href":"https:\/\/mon.uvic.cat\/nitrecerca\/wp-json\/wp\/v2\/comments?post=2247"}],"version-history":[{"count":2,"href":"https:\/\/mon.uvic.cat\/nitrecerca\/wp-json\/wp\/v2\/pages\/2247\/revisions"}],"predecessor-version":[{"id":2558,"href":"https:\/\/mon.uvic.cat\/nitrecerca\/wp-json\/wp\/v2\/pages\/2247\/revisions\/2558"}],"wp:attachment":[{"href":"https:\/\/mon.uvic.cat\/nitrecerca\/wp-json\/wp\/v2\/media?parent=2247"}],"curies":[{"name":"wp","href":"https:\/\/api.w.org\/{rel}","templated":true}]}}