{"id":2237,"date":"2024-05-30T11:25:42","date_gmt":"2024-05-30T09:25:42","guid":{"rendered":"https:\/\/mon.uvic.cat\/nitrecerca\/?page_id=2237"},"modified":"2024-05-30T11:25:42","modified_gmt":"2024-05-30T09:25:42","slug":"join4joy","status":"publish","type":"page","link":"https:\/\/mon.uvic.cat\/nitrecerca\/join4joy\/","title":{"rendered":"JOIN4JOY"},"content":{"rendered":"<div class=\"fusion-fullwidth fullwidth-box fusion-builder-row-1 fusion-flex-container nonhundred-percent-fullwidth non-hundred-percent-height-scrolling\" style=\"--awb-border-radius-top-left:0px;--awb-border-radius-top-right:0px;--awb-border-radius-bottom-right:0px;--awb-border-radius-bottom-left:0px;--awb-flex-wrap:wrap;\" ><div class=\"fusion-builder-row fusion-row fusion-flex-align-items-flex-start fusion-flex-content-wrap\" style=\"max-width:1248px;margin-left: calc(-4% \/ 2 );margin-right: calc(-4% \/ 2 );\"><div class=\"fusion-layout-column fusion_builder_column fusion-builder-column-0 fusion_builder_column_1_1 1_1 fusion-flex-column\" style=\"--awb-bg-size:cover;--awb-width-large:100%;--awb-margin-top-large:0px;--awb-spacing-right-large:1.92%;--awb-margin-bottom-large:0px;--awb-spacing-left-large:1.92%;--awb-width-medium:100%;--awb-spacing-right-medium:1.92%;--awb-spacing-left-medium:1.92%;--awb-width-small:100%;--awb-spacing-right-small:1.92%;--awb-spacing-left-small:1.92%;\"><div class=\"fusion-column-wrapper fusion-flex-justify-content-flex-start fusion-content-layout-column\"><div class=\"fusion-text fusion-text-1\"><h3>Qu\u00e8 \u00e9s JOIN4JOIN?<\/h3>\n<p>El comportament sedentari (SB) i l&#8217;activitat f\u00edsica (AF) insuficient han augmentat substancialment en les \u00faltimes d\u00e8cades i especialment amb les restriccions COVID. El sedentarisme augmenta amb l&#8217;edat i els adults majors s\u00f3n el grup d&#8217;edat menys actiu f\u00edsicament. Existeixen proves s\u00f2lides que demostren els beneficis per a la salut de la AF regular i els perjudicis de nivells elevats de AF al llarg del proc\u00e9s d&#8217;envelliment. A m\u00e9s, gaudir de la AF \u00e9s un element clau per a adherir-se i mantenir aquest comportament saludable. No obstant aix\u00f2, el contingut dels programes ha estat tradicionalment determinat per l&#8217;enfocament en els beneficis funcionals de la AF per a prevenir la discapacitat relacionada amb l&#8217;edat. Per tant, el projecte europeu Erasmus+ JOIN4JOY pret\u00e9n: a) co-crear un programa per a adults majors que viuen en la comunitat (JOIN4JOY-C), i per a residents de cures de llarga durada (JOIN4JOY-LTC), centrat en el gaudi i aplicant una perspectiva d&#8217;inclusi\u00f3 social per a reduir les barreres socioecon\u00f2miques, culturals, sanit\u00e0ries i relacionades amb la discapacitat per a accedir a l&#8217;activitat f\u00edsica; b) crear comunitats virtuals de pr\u00e0ctica locals i globals per a compartir coneixements i experi\u00e8ncies i millorar la sostenibilitat del projecte; c) formar a professionals i estudiants en t\u00e8cniques de canvi de comportament amb una perspectiva d&#8217;inclusi\u00f3 social; d) implementar i avaluar el programa quant a viabilitat, acceptabilitat i impacte; e) replicar la formaci\u00f3 amb la metodologia de formaci\u00f3 de formadors. Per a aix\u00f2, es dur\u00e0 a terme un proc\u00e9s de co-creaci\u00f3 amb els usuaris finals, familiars, professionals, estudiants i responsables pol\u00edtics a trav\u00e9s de grups focals. Un programa basat en la AF refor\u00e7at amb estrat\u00e8gies d&#8217;autogesti\u00f3 per a promoure el canvi de comportament ser\u00e0 la base de la cocreaci\u00f3n. A m\u00e9s, s&#8217;utilitzar\u00e0 el marc de ludificaci\u00f3 octalysis per a definir el component de gaudir. Desenvoluparem una guia del programa i una plataforma de formaci\u00f3 en l\u00ednia vinculada a les comunitats virtuals de pr\u00e0ctica. Esperem arribar a un total de 144 usuaris finals, 9-15 estudiants i &gt;300 professionals i incidir en la recerca, la pol\u00edtica i la pr\u00e0ctica actuals promovent un canvi en la cultura de la AF.<\/p>\n<p><a href=\"https:\/\/www.join4joy.eu\/\">Web del projecte<\/a><\/p>\n<\/div><\/div><\/div><\/div><\/div>\n","protected":false},"excerpt":{"rendered":"","protected":false},"author":613,"featured_media":0,"parent":0,"menu_order":0,"comment_status":"closed","ping_status":"closed","template":"","meta":{"footnotes":""},"class_list":["post-2237","page","type-page","status-publish","hentry"],"jetpack_sharing_enabled":true,"_links":{"self":[{"href":"https:\/\/mon.uvic.cat\/nitrecerca\/wp-json\/wp\/v2\/pages\/2237","targetHints":{"allow":["GET"]}}],"collection":[{"href":"https:\/\/mon.uvic.cat\/nitrecerca\/wp-json\/wp\/v2\/pages"}],"about":[{"href":"https:\/\/mon.uvic.cat\/nitrecerca\/wp-json\/wp\/v2\/types\/page"}],"author":[{"embeddable":true,"href":"https:\/\/mon.uvic.cat\/nitrecerca\/wp-json\/wp\/v2\/users\/613"}],"replies":[{"embeddable":true,"href":"https:\/\/mon.uvic.cat\/nitrecerca\/wp-json\/wp\/v2\/comments?post=2237"}],"version-history":[{"count":2,"href":"https:\/\/mon.uvic.cat\/nitrecerca\/wp-json\/wp\/v2\/pages\/2237\/revisions"}],"predecessor-version":[{"id":2619,"href":"https:\/\/mon.uvic.cat\/nitrecerca\/wp-json\/wp\/v2\/pages\/2237\/revisions\/2619"}],"wp:attachment":[{"href":"https:\/\/mon.uvic.cat\/nitrecerca\/wp-json\/wp\/v2\/media?parent=2237"}],"curies":[{"name":"wp","href":"https:\/\/api.w.org\/{rel}","templated":true}]}}