{"id":2235,"date":"2024-05-30T11:04:49","date_gmt":"2024-05-30T09:04:49","guid":{"rendered":"https:\/\/mon.uvic.cat\/nitrecerca\/?page_id=2235"},"modified":"2025-11-04T11:14:19","modified_gmt":"2025-11-04T09:14:19","slug":"ehecadi","status":"publish","type":"page","link":"https:\/\/mon.uvic.cat\/nitrecerca\/ehecadi\/","title":{"rendered":"EHECADI"},"content":{"rendered":"<div class=\"fusion-fullwidth fullwidth-box fusion-builder-row-1 fusion-flex-container nonhundred-percent-fullwidth non-hundred-percent-height-scrolling\" style=\"--awb-border-radius-top-left:0px;--awb-border-radius-top-right:0px;--awb-border-radius-bottom-right:0px;--awb-border-radius-bottom-left:0px;--awb-flex-wrap:wrap;\" ><div class=\"fusion-builder-row fusion-row fusion-flex-align-items-flex-start fusion-flex-content-wrap\" style=\"max-width:1248px;margin-left: calc(-4% \/ 2 );margin-right: calc(-4% \/ 2 );\"><div class=\"fusion-layout-column fusion_builder_column fusion-builder-column-0 fusion_builder_column_1_1 1_1 fusion-flex-column\" style=\"--awb-bg-size:cover;--awb-width-large:100%;--awb-margin-top-large:0px;--awb-spacing-right-large:1.92%;--awb-margin-bottom-large:0px;--awb-spacing-left-large:1.92%;--awb-width-medium:100%;--awb-spacing-right-medium:1.92%;--awb-spacing-left-medium:1.92%;--awb-width-small:100%;--awb-spacing-right-small:1.92%;--awb-spacing-left-small:1.92%;\"><div class=\"fusion-column-wrapper fusion-flex-justify-content-flex-start fusion-content-layout-column\"><div class=\"fusion-text fusion-text-1\"><h3>Qu\u00e8 \u00e9s EHECADI?<\/h3>\n<p>El projecte Erasmus+ EHECADI (EUROPEAN HEALTH CARE FINAL DISSERTATION) fa costat a estudiants de sanitat de diferents disciplines (infermeria, fisioter\u00e0pia, ter\u00e0pia ocupacional i nutrici\u00f3 i diet\u00e8tica) perqu\u00e8 abordin q\u00fcestions sanit\u00e0ries de gran import\u00e0ncia social, com l&#8217;equitat en l&#8217;atenci\u00f3 sanit\u00e0ria, la preparaci\u00f3 davant epid\u00e8mies, l&#8217;escassa inversi\u00f3 en personal sanitari, les necessitats sanit\u00e0ries de les poblacions migrants, etc., a trav\u00e9s de Tesis Fi de Carrera Internacionals (TFG). Se sensibilitzar\u00e0 a aquesta nova generaci\u00f3 d&#8217;estudiants sobre aquests reptes i se&#8217;ls dotar\u00e0 de les habilitats necess\u00e0ries per a treballar de manera interdisciplin\u00e0ria i basada en l&#8217;evid\u00e8ncia per a assumir els reptes de la seva futura pr\u00e0ctica.<\/p>\n<p><a href=\"https:\/\/ticsalutsocial.cat\/es\/project\/ehecadi\/\">Web del projecte<\/a><\/p>\n<\/div><\/div><\/div><\/div><\/div>\n","protected":false},"excerpt":{"rendered":"","protected":false},"author":613,"featured_media":0,"parent":0,"menu_order":0,"comment_status":"closed","ping_status":"closed","template":"","meta":{"footnotes":""},"class_list":["post-2235","page","type-page","status-publish","hentry"],"jetpack_sharing_enabled":true,"_links":{"self":[{"href":"https:\/\/mon.uvic.cat\/nitrecerca\/wp-json\/wp\/v2\/pages\/2235","targetHints":{"allow":["GET"]}}],"collection":[{"href":"https:\/\/mon.uvic.cat\/nitrecerca\/wp-json\/wp\/v2\/pages"}],"about":[{"href":"https:\/\/mon.uvic.cat\/nitrecerca\/wp-json\/wp\/v2\/types\/page"}],"author":[{"embeddable":true,"href":"https:\/\/mon.uvic.cat\/nitrecerca\/wp-json\/wp\/v2\/users\/613"}],"replies":[{"embeddable":true,"href":"https:\/\/mon.uvic.cat\/nitrecerca\/wp-json\/wp\/v2\/comments?post=2235"}],"version-history":[{"count":3,"href":"https:\/\/mon.uvic.cat\/nitrecerca\/wp-json\/wp\/v2\/pages\/2235\/revisions"}],"predecessor-version":[{"id":3716,"href":"https:\/\/mon.uvic.cat\/nitrecerca\/wp-json\/wp\/v2\/pages\/2235\/revisions\/3716"}],"wp:attachment":[{"href":"https:\/\/mon.uvic.cat\/nitrecerca\/wp-json\/wp\/v2\/media?parent=2235"}],"curies":[{"name":"wp","href":"https:\/\/api.w.org\/{rel}","templated":true}]}}