{"id":8,"date":"2016-02-16T09:32:50","date_gmt":"2016-02-16T09:32:50","guid":{"rendered":"http:\/\/mon.uvic.cat\/caretta-a-la-vista\/?page_id=8"},"modified":"2024-05-31T08:55:05","modified_gmt":"2024-05-31T08:55:05","slug":"col%c2%b7laboradors","status":"publish","type":"page","link":"https:\/\/mon.uvic.cat\/caretta-a-la-vista\/col%c2%b7laboradors\/","title":{"rendered":"Col\u00b7laboradors"},"content":{"rendered":"<div class=\"fusion-fullwidth fullwidth-box fusion-builder-row-1 fusion-flex-container nonhundred-percent-fullwidth non-hundred-percent-height-scrolling\" style=\"--awb-border-radius-top-left:0px;--awb-border-radius-top-right:0px;--awb-border-radius-bottom-right:0px;--awb-border-radius-bottom-left:0px;--awb-flex-wrap:wrap;\" ><div class=\"fusion-builder-row fusion-row fusion-flex-align-items-flex-start fusion-flex-content-wrap\" style=\"max-width:1248px;margin-left: calc(-4% \/ 2 );margin-right: calc(-4% \/ 2 );\"><div class=\"fusion-layout-column fusion_builder_column fusion-builder-column-0 fusion_builder_column_1_1 1_1 fusion-flex-column\" style=\"--awb-bg-size:cover;--awb-width-large:100%;--awb-margin-top-large:0px;--awb-spacing-right-large:1.92%;--awb-margin-bottom-large:0px;--awb-spacing-left-large:1.92%;--awb-width-medium:100%;--awb-spacing-right-medium:1.92%;--awb-spacing-left-medium:1.92%;--awb-width-small:100%;--awb-spacing-right-small:1.92%;--awb-spacing-left-small:1.92%;\"><div class=\"fusion-column-wrapper fusion-flex-justify-content-flex-start fusion-content-layout-column\"><div class=\"fusion-text fusion-text-1\"><h4 style=\"text-align: justify;\"><span style=\"color: #000000;\">Col\u00b7laborad<\/span>ors<\/h4>\n<p style=\"text-align: justify;\">S\u00f3n moltes les entitats i professionals que fan possible el desenvolupament d\u2019aquest projecte.\u00a0El projecte est\u00e0 coordinat des del <a href=\"http:\/\/urecerca.uvic.cat\/CawDOS\/jsf\/seleccionGrupos\/seleccionGrupos.jsf\" target=\"_blank\" rel=\"noopener noreferrer\">Grup de Recerca Biodiversitat, Ecologia i Tecnologia Ambiental i Aliment\u00e0ria (BETA)<\/a> de la UVic-UCC, i hi col\u00b7laboren les seg\u00fcents entitats:<\/p>\n<ul>\n<li style=\"text-align: justify;\"><a href=\"http:\/\/www.bioscaboverde.com\/home-en.php\">Bios CV<\/a><\/li>\n<li style=\"text-align: justify;\"><a href=\"http:\/\/www.diba.cat\/web\/cem\">Centre d\u2019Estudis del Mar<\/a><\/li>\n<li style=\"text-align: justify;\"><a href=\"http:\/\/www.diba.cat\/web\/directori\/gerencia-de-serveis-de-medi-ambient\">Ger\u00e8ncia de Serveis de Medi Ambient\u00a0de la Diputaci\u00f3 de Barcelona<\/a><\/li>\n<li style=\"text-align: justify;\"><a href=\"http:\/\/cram.org\/\">CRAM &#8211; Fundaci\u00f3 per a la Conservaci\u00f3 i Recuperaci\u00f3 d&#8217;Animals Marins\u00a0<span class=\"_eph\">\u2003<\/span><\/a><\/li>\n<li><a href=\"http:\/\/www.cac.es\/es\/oceanografic\/descubre-el-oceanografic.html\">Oceanogr\u00e0fic de la Ciutat de les Arts i les Ci\u00e8ncies\u00a0<\/a><\/li>\n<li><a href=\"http:\/\/www.murcianatural.carm.es\">Direcci\u00f3n General de Medio Natural de la Regi\u00f3n de Murcia<\/a><\/li>\n<li><a href=\"http:\/\/aquariumcapblanc.com\/ca-es\/\">Projecte CREM &#8211; Aquarium Cap Blanc<\/a><\/li>\n<li><a href=\"http:\/\/www.juntadeandalucia.es\/medioambiente\/site\/portalweb\/menuitem.7e1cf46ddf59bb227a9ebe205510e1ca\/?vgnextoid=77f31877c51e5510VgnVCM2000000624e50aRCRD&amp;vgnextchannel=a1bff703e8207310VgnVCM1000001325e50aRCRD\">Junta d&#8217;Andalusia<\/a><\/li>\n<li><a href=\"https:\/\/premiademar.cat\/\">Ajuntament de Premi\u00e0 de Mar<\/a><\/li>\n<li><a href=\"https:\/\/www.mataro.cat\/\">Ajuntament de Matar\u00f3<\/a><\/li>\n<li><a href=\"https:\/\/www.vila-seca.cat\/home\">Ajuntament de Vila-Seca<\/a><\/li>\n<li><a href=\"https:\/\/ajuntament.barcelona.cat\/ca\/\">Ajuntament de Barcelona<\/a><\/li>\n<li><a href=\"https:\/\/ajuntament.barcelona.cat\/ecologiaurbana\/ca\/serveis\/la-ciutat-funciona\/educacio-i-sensibilitzacio\/equipaments-municipals\/centre-de-la-platja\">Centre de la Platja<\/a><\/li>\n<li><a href=\"https:\/\/gepec.cat\/\">GEPEC &#8211;\u00a0Grup d&#8217;Estudi i Protecci\u00f3 dels Ecosistemes Catalans<\/a><\/li>\n<li><a href=\"https:\/\/www.zoobarcelona.cat\/\">Zoo de Barcelona<\/a><\/li>\n<\/ul>\n<p style=\"text-align: justify;\">Ets una entitat ambiental, una ONG, un ajuntament o qualsevol altre instituci\u00f3 i vols col\u00b7laborar amb el projecte? <a href=\"http:\/\/mon.uvic.cat\/caretta-a-la-vista\/contacte-2\/\">Posa&#8217;t en contacte amb nosaltres<\/a> i t&#8217;explicarem qu\u00e8 pots fer!<\/p>\n<\/div><\/div><\/div><\/div><\/div>\n","protected":false},"excerpt":{"rendered":"","protected":false},"author":1,"featured_media":0,"parent":0,"menu_order":0,"comment_status":"closed","ping_status":"closed","template":"","meta":{"jetpack_post_was_ever_published":false,"footnotes":""},"class_list":["post-8","page","type-page","status-publish","hentry"],"jetpack_sharing_enabled":true,"jetpack_shortlink":"https:\/\/wp.me\/P7f8rx-8","_links":{"self":[{"href":"https:\/\/mon.uvic.cat\/caretta-a-la-vista\/wp-json\/wp\/v2\/pages\/8","targetHints":{"allow":["GET"]}}],"collection":[{"href":"https:\/\/mon.uvic.cat\/caretta-a-la-vista\/wp-json\/wp\/v2\/pages"}],"about":[{"href":"https:\/\/mon.uvic.cat\/caretta-a-la-vista\/wp-json\/wp\/v2\/types\/page"}],"author":[{"embeddable":true,"href":"https:\/\/mon.uvic.cat\/caretta-a-la-vista\/wp-json\/wp\/v2\/users\/1"}],"replies":[{"embeddable":true,"href":"https:\/\/mon.uvic.cat\/caretta-a-la-vista\/wp-json\/wp\/v2\/comments?post=8"}],"version-history":[{"count":20,"href":"https:\/\/mon.uvic.cat\/caretta-a-la-vista\/wp-json\/wp\/v2\/pages\/8\/revisions"}],"predecessor-version":[{"id":2366,"href":"https:\/\/mon.uvic.cat\/caretta-a-la-vista\/wp-json\/wp\/v2\/pages\/8\/revisions\/2366"}],"wp:attachment":[{"href":"https:\/\/mon.uvic.cat\/caretta-a-la-vista\/wp-json\/wp\/v2\/media?parent=8"}],"curies":[{"name":"wp","href":"https:\/\/api.w.org\/{rel}","templated":true}]}}