{"id":6,"date":"2016-02-16T09:32:38","date_gmt":"2016-02-16T09:32:38","guid":{"rendered":"http:\/\/mon.uvic.cat\/caretta-a-la-vista\/?page_id=6"},"modified":"2024-05-31T09:16:36","modified_gmt":"2024-05-31T09:16:36","slug":"el-projecte","status":"publish","type":"page","link":"https:\/\/mon.uvic.cat\/caretta-a-la-vista\/el-projecte\/","title":{"rendered":"El projecte"},"content":{"rendered":"<div class=\"fusion-fullwidth fullwidth-box fusion-builder-row-1 fusion-flex-container nonhundred-percent-fullwidth non-hundred-percent-height-scrolling\" style=\"--awb-border-radius-top-left:0px;--awb-border-radius-top-right:0px;--awb-border-radius-bottom-right:0px;--awb-border-radius-bottom-left:0px;--awb-flex-wrap:wrap;\" ><div class=\"fusion-builder-row fusion-row fusion-flex-align-items-flex-start fusion-flex-content-wrap\" style=\"max-width:1248px;margin-left: calc(-4% \/ 2 );margin-right: calc(-4% \/ 2 );\"><div class=\"fusion-layout-column fusion_builder_column fusion-builder-column-0 fusion_builder_column_1_1 1_1 fusion-flex-column\" style=\"--awb-bg-size:cover;--awb-width-large:100%;--awb-margin-top-large:0px;--awb-spacing-right-large:1.92%;--awb-margin-bottom-large:0px;--awb-spacing-left-large:1.92%;--awb-width-medium:100%;--awb-spacing-right-medium:1.92%;--awb-spacing-left-medium:1.92%;--awb-width-small:100%;--awb-spacing-right-small:1.92%;--awb-spacing-left-small:1.92%;\"><div class=\"fusion-column-wrapper fusion-flex-justify-content-flex-start fusion-content-layout-column\"><div class=\"fusion-text fusion-text-1\"><h4 style=\"text-align: justify;\">El Projecte<\/h4>\n<p style=\"text-align: justify;\">La tortuga babaua (<em>Caretta caretta<\/em>) es una esp\u00e8cie amena\u00e7ada, catalogada a nivell mundial com a Vulnerable per la Uni\u00f3 Internacional per la Conservaci\u00f3 de la Naturalesa (IUCN, 2015), i que al Mediterrani normalment fa la posta a les costes orientals (Xipre, Gr\u00e8cia, Turquia, etc.). No obstant aix\u00f2, en els \u00faltims anys s\u2019han detectat postes o intents de postes al Mediterrani occidental, especialment a les costes andaluses, valencianes, balears i catalanes.<\/p>\n<hr \/>\n<p style=\"text-align: justify;\">El projecte <strong>Caretta a la Vista!<\/strong> pret\u00e9n ser un projecte de divulgaci\u00f3 de l\u2019esp\u00e8cie en qu\u00e8 els ciutadans tinguin totes les eines per detectar i recon\u00e8ixer un eventual rastre o niu de tortuga marina a les nostres platges, i poder actuar adequadament davant un possible albirament de tortuga babaua.<\/p>\n<hr \/>\n<h5>Com ho fem?<\/h5>\n<ul>\n<li>Tallers i xerrades divulgatives<\/li>\n<li>Exposici\u00f3 itinerant<\/li>\n<li>Materials did\u00e0ctics<\/li>\n<li>Cartells a platges<\/li>\n<li>V\u00eddeos divulgatius<\/li>\n<\/ul>\n<hr \/>\n<h5 style=\"text-align: center;\"><strong>Qualsevol ciutad\u00e0 pot formar part de la conservaci\u00f3 de les tortugues marines!<\/strong><\/h5>\n<\/div><\/div><\/div><\/div><\/div>\n","protected":false},"excerpt":{"rendered":"","protected":false},"author":1,"featured_media":0,"parent":0,"menu_order":0,"comment_status":"closed","ping_status":"closed","template":"","meta":{"jetpack_post_was_ever_published":false,"footnotes":""},"class_list":["post-6","page","type-page","status-publish","hentry"],"jetpack_sharing_enabled":true,"jetpack_shortlink":"https:\/\/wp.me\/P7f8rx-6","_links":{"self":[{"href":"https:\/\/mon.uvic.cat\/caretta-a-la-vista\/wp-json\/wp\/v2\/pages\/6","targetHints":{"allow":["GET"]}}],"collection":[{"href":"https:\/\/mon.uvic.cat\/caretta-a-la-vista\/wp-json\/wp\/v2\/pages"}],"about":[{"href":"https:\/\/mon.uvic.cat\/caretta-a-la-vista\/wp-json\/wp\/v2\/types\/page"}],"author":[{"embeddable":true,"href":"https:\/\/mon.uvic.cat\/caretta-a-la-vista\/wp-json\/wp\/v2\/users\/1"}],"replies":[{"embeddable":true,"href":"https:\/\/mon.uvic.cat\/caretta-a-la-vista\/wp-json\/wp\/v2\/comments?post=6"}],"version-history":[{"count":13,"href":"https:\/\/mon.uvic.cat\/caretta-a-la-vista\/wp-json\/wp\/v2\/pages\/6\/revisions"}],"predecessor-version":[{"id":2372,"href":"https:\/\/mon.uvic.cat\/caretta-a-la-vista\/wp-json\/wp\/v2\/pages\/6\/revisions\/2372"}],"wp:attachment":[{"href":"https:\/\/mon.uvic.cat\/caretta-a-la-vista\/wp-json\/wp\/v2\/media?parent=6"}],"curies":[{"name":"wp","href":"https:\/\/api.w.org\/{rel}","templated":true}]}}