{"id":36,"date":"2016-02-16T09:37:19","date_gmt":"2016-02-16T09:37:19","guid":{"rendered":"http:\/\/mon.uvic.cat\/caretta-a-la-vista\/?page_id=36"},"modified":"2024-06-03T09:17:26","modified_gmt":"2024-06-03T09:17:26","slug":"noticies","status":"publish","type":"page","link":"https:\/\/mon.uvic.cat\/caretta-a-la-vista\/noticies\/","title":{"rendered":"Not\u00edcies"},"content":{"rendered":"<div class=\"fusion-fullwidth fullwidth-box fusion-builder-row-1 fusion-flex-container nonhundred-percent-fullwidth non-hundred-percent-height-scrolling\" style=\"--awb-border-radius-top-left:0px;--awb-border-radius-top-right:0px;--awb-border-radius-bottom-right:0px;--awb-border-radius-bottom-left:0px;--awb-flex-wrap:wrap;\" ><div class=\"fusion-builder-row fusion-row fusion-flex-align-items-flex-start fusion-flex-content-wrap\" style=\"max-width:1248px;margin-left: calc(-4% \/ 2 );margin-right: calc(-4% \/ 2 );\"><div class=\"fusion-layout-column fusion_builder_column fusion-builder-column-0 fusion_builder_column_1_1 1_1 fusion-flex-column\" style=\"--awb-bg-size:cover;--awb-width-large:100%;--awb-margin-top-large:0px;--awb-spacing-right-large:1.92%;--awb-margin-bottom-large:0px;--awb-spacing-left-large:1.92%;--awb-width-medium:100%;--awb-spacing-right-medium:1.92%;--awb-spacing-left-medium:1.92%;--awb-width-small:100%;--awb-spacing-right-small:1.92%;--awb-spacing-left-small:1.92%;\"><div class=\"fusion-column-wrapper fusion-flex-justify-content-flex-start fusion-content-layout-column\"><div class=\"fusion-recent-posts fusion-recent-posts-1 avada-container layout-default layout-columns-3\"><section class=\"fusion-columns columns fusion-columns-3 columns-3\"><article class=\"post fusion-column column col col-lg-4 col-md-4 col-sm-4\"><div class=\"recent-posts-content\"><span class=\"vcard\" style=\"display: none;\"><span class=\"fn\"><a href=\"https:\/\/mon.uvic.cat\/caretta-a-la-vista\/author\/mireiaaguilera\/\" title=\"Entrades de Caretta a la Vista\" rel=\"author\">Caretta a la Vista<\/a><\/span><\/span><span class=\"updated\" style=\"display:none;\">2024-05-31T10:10:41+00:00<\/span><h4 class=\"entry-title\"><a href=\"https:\/\/mon.uvic.cat\/caretta-a-la-vista\/record-de-nidificacio-de-tortugues-marines-a-les-costes-del-mediterrani-occidental-aquesta-temporada\/\">R\u00e8cord de nidificaci\u00f3 de tortugues marines a les costes del Mediterrani Occidental aquesta temporada<\/a><\/h4><p class=\"meta\"><span class=\"vcard\" style=\"display: none;\"><span class=\"fn\"><a href=\"https:\/\/mon.uvic.cat\/caretta-a-la-vista\/author\/mireiaaguilera\/\" title=\"Entrades de Caretta a la Vista\" rel=\"author\">Caretta a la Vista<\/a><\/span><\/span><span class=\"updated\" style=\"display:none;\">2024-05-31T10:10:41+00:00<\/span><span>18 de juliol de 2023<\/span><span class=\"fusion-inline-sep\">|<\/span><span class=\"fusion-comments\"><a href=\"https:\/\/mon.uvic.cat\/caretta-a-la-vista\/record-de-nidificacio-de-tortugues-marines-a-les-costes-del-mediterrani-occidental-aquesta-temporada\/#respond\">0 Comments<\/a><\/span><\/p><p> 11.07.2023 A l'\u00faltima d\u00e8cada, les platges de la Mediterr\u00e0nia occidental estan experimentant un increment en la freq\u00fc\u00e8ncia de nius de tortuga careta o tortuga babaua (Caretta caretta). Aquest increment pot correspondre a un proc\u00e9s [...]<\/p><\/div><\/article><article class=\"post fusion-column column col col-lg-4 col-md-4 col-sm-4\"><div class=\"recent-posts-content\"><span class=\"vcard\" style=\"display: none;\"><span class=\"fn\"><a href=\"https:\/\/mon.uvic.cat\/caretta-a-la-vista\/author\/mireiaaguilera\/\" title=\"Entrades de Caretta a la Vista\" rel=\"author\">Caretta a la Vista<\/a><\/span><\/span><span class=\"updated\" style=\"display:none;\">2024-05-31T10:11:33+00:00<\/span><h4 class=\"entry-title\"><a href=\"https:\/\/mon.uvic.cat\/caretta-a-la-vista\/es-localitzen-dos-nous-nius-de-tortuga-careta-al-delta-de-lebre-i-a-malgrat-de-mar\/\">Es localitzen dos nous nius de tortuga careta al delta de l&#8217;Ebre i a Malgrat de Mar<\/a><\/h4><p class=\"meta\"><span class=\"vcard\" style=\"display: none;\"><span class=\"fn\"><a href=\"https:\/\/mon.uvic.cat\/caretta-a-la-vista\/author\/mireiaaguilera\/\" title=\"Entrades de Caretta a la Vista\" rel=\"author\">Caretta a la Vista<\/a><\/span><\/span><span class=\"updated\" style=\"display:none;\">2024-05-31T10:11:33+00:00<\/span><span>28 de juny de 2023<\/span><span class=\"fusion-inline-sep\">|<\/span><span class=\"fusion-comments\"><a href=\"https:\/\/mon.uvic.cat\/caretta-a-la-vista\/es-localitzen-dos-nous-nius-de-tortuga-careta-al-delta-de-lebre-i-a-malgrat-de-mar\/#respond\">0 Comments<\/a><\/span><\/p><p> Acci\u00f3 Clim\u00e0tica, Alimentaci\u00f3 i Agenda Rural Aquest cap de setmana s\u2019han localitzat dos nous nius de\u00a0tortuga careta\u00a0(Caretta caretta) a la costa catalana. Amb aquests ja s\u00f3n quatre els nius d\u2019aquesta esp\u00e8cie en perill d\u2019extinci\u00f3 [...]<\/p><\/div><\/article><article class=\"post fusion-column column col col-lg-4 col-md-4 col-sm-4\"><div class=\"fusion-flexslider fusion-flexslider-loading flexslider flexslider-hover-type-none\"><ul class=\"slides\"><li><a href=\"https:\/\/mon.uvic.cat\/caretta-a-la-vista\/nous-videos-al-canal-de-youtube-youtube\/\" aria-label=\"Nous v\u00eddeos al canal de youtube Youtube\" class=\"hover-type-none\"><img decoding=\"async\" width=\"668\" height=\"441\" src=\"https:\/\/mon.uvic.cat\/caretta-a-la-vista\/files\/2021\/09\/Captura-de-pantalla-2021-12-10-a-las-17.31.54.png\" class=\"attachment-recent-posts size-recent-posts\" alt=\"\" srcset=\"https:\/\/mon.uvic.cat\/caretta-a-la-vista\/files\/2021\/09\/Captura-de-pantalla-2021-12-10-a-las-17.31.54-300x198.png 300w, https:\/\/mon.uvic.cat\/caretta-a-la-vista\/files\/2021\/09\/Captura-de-pantalla-2021-12-10-a-las-17.31.54-768x507.png 768w, https:\/\/mon.uvic.cat\/caretta-a-la-vista\/files\/2021\/09\/Captura-de-pantalla-2021-12-10-a-las-17.31.54-1024x676.png 1024w, https:\/\/mon.uvic.cat\/caretta-a-la-vista\/files\/2021\/09\/Captura-de-pantalla-2021-12-10-a-las-17.31.54-1536x1014.png 1536w, https:\/\/mon.uvic.cat\/caretta-a-la-vista\/files\/2021\/09\/Captura-de-pantalla-2021-12-10-a-las-17.31.54.png 1926w\" sizes=\"(max-width: 668px) 100vw, 668px\" \/><\/a><\/li><\/ul><\/div><div class=\"recent-posts-content\"><span class=\"vcard\" style=\"display: none;\"><span class=\"fn\"><a href=\"https:\/\/mon.uvic.cat\/caretta-a-la-vista\/author\/mireiaaguilera\/\" title=\"Entrades de Caretta a la Vista\" rel=\"author\">Caretta a la Vista<\/a><\/span><\/span><span class=\"updated\" style=\"display:none;\">2024-05-31T10:12:17+00:00<\/span><h4 class=\"entry-title\"><a href=\"https:\/\/mon.uvic.cat\/caretta-a-la-vista\/nous-videos-al-canal-de-youtube-youtube\/\">Nous v\u00eddeos al canal de youtube Youtube<\/a><\/h4><p class=\"meta\"><span class=\"vcard\" style=\"display: none;\"><span class=\"fn\"><a href=\"https:\/\/mon.uvic.cat\/caretta-a-la-vista\/author\/mireiaaguilera\/\" title=\"Entrades de Caretta a la Vista\" rel=\"author\">Caretta a la Vista<\/a><\/span><\/span><span class=\"updated\" style=\"display:none;\">2024-05-31T10:12:17+00:00<\/span><span>25 de setembre de 2021<\/span><span class=\"fusion-inline-sep\">|<\/span><span class=\"fusion-comments\"><a href=\"https:\/\/mon.uvic.cat\/caretta-a-la-vista\/nous-videos-al-canal-de-youtube-youtube\/#respond\">0 Comments<\/a><\/span><\/p><p> Dins el marc dels projectes COMING i NIDOS-Caretta hem actualitzat els v\u00eddeos que ten\u00edem explicant qu\u00e8 has de fer si et trobes una tortuga a la platja. En el v\u00eddeo s\u2019explica com s\u2019ha d\u2019actuar [...]<\/p><\/div><\/article><article class=\"post fusion-column column col col-lg-4 col-md-4 col-sm-4\"><div class=\"fusion-flexslider fusion-flexslider-loading flexslider flexslider-hover-type-none\"><ul class=\"slides\"><li><a href=\"https:\/\/mon.uvic.cat\/caretta-a-la-vista\/detectat-el-primer-niu-de-tortuga-careta-de-la-temporada-2021\/\" aria-label=\"Detectat el primer niu de tortuga careta de la temporada 2021\" class=\"hover-type-none\"><img decoding=\"async\" width=\"700\" height=\"394\" src=\"https:\/\/mon.uvic.cat\/caretta-a-la-vista\/files\/2021\/06\/WhatsApp-Image-2021-06-19-at-14.42.02-e1624185870494.jpeg\" class=\"attachment-recent-posts size-recent-posts\" alt=\"\" srcset=\"https:\/\/mon.uvic.cat\/caretta-a-la-vista\/files\/2021\/06\/WhatsApp-Image-2021-06-19-at-14.42.02-e1624185870494-370x208.jpeg 370w, https:\/\/mon.uvic.cat\/caretta-a-la-vista\/files\/2021\/06\/WhatsApp-Image-2021-06-19-at-14.42.02-e1624185870494.jpeg 700w\" sizes=\"(max-width: 700px) 100vw, 700px\" \/><\/a><\/li><\/ul><\/div><div class=\"recent-posts-content\"><span class=\"vcard\" style=\"display: none;\"><span class=\"fn\"><a href=\"https:\/\/mon.uvic.cat\/caretta-a-la-vista\/author\/mireiaaguilera\/\" title=\"Entrades de Caretta a la Vista\" rel=\"author\">Caretta a la Vista<\/a><\/span><\/span><span class=\"updated\" style=\"display:none;\">2024-05-31T10:25:02+00:00<\/span><h4 class=\"entry-title\"><a href=\"https:\/\/mon.uvic.cat\/caretta-a-la-vista\/detectat-el-primer-niu-de-tortuga-careta-de-la-temporada-2021\/\">Detectat el primer niu de tortuga careta de la temporada 2021<\/a><\/h4><p class=\"meta\"><span class=\"vcard\" style=\"display: none;\"><span class=\"fn\"><a href=\"https:\/\/mon.uvic.cat\/caretta-a-la-vista\/author\/mireiaaguilera\/\" title=\"Entrades de Caretta a la Vista\" rel=\"author\">Caretta a la Vista<\/a><\/span><\/span><span class=\"updated\" style=\"display:none;\">2024-05-31T10:25:02+00:00<\/span><span>20 de juny de 2021<\/span><span class=\"fusion-inline-sep\">|<\/span><span class=\"fusion-comments\"><a href=\"https:\/\/mon.uvic.cat\/caretta-a-la-vista\/detectat-el-primer-niu-de-tortuga-careta-de-la-temporada-2021\/#respond\">0 Comments<\/a><\/span><\/p><p> La nit del 19 de juny va sortir una tortuga marina a fer un niu al municipi de Calafell (Tarragona), el primer nou detectat de la temporada en tot el litoral espanyol. A trav\u00e9s [...]<\/p><\/div><\/article><article class=\"post fusion-column column col col-lg-4 col-md-4 col-sm-4\"><div class=\"fusion-flexslider fusion-flexslider-loading flexslider flexslider-hover-type-none\"><ul class=\"slides\"><li><a href=\"https:\/\/mon.uvic.cat\/caretta-a-la-vista\/exit-demergencies-del-niu-de-mar-bella-barcelona\/\" aria-label=\"\u00c8xit d\u2019emerg\u00e8ncies del niu de Mar Bella (Barcelona)\" class=\"hover-type-none\"><img decoding=\"async\" width=\"300\" height=\"225\" src=\"https:\/\/mon.uvic.cat\/caretta-a-la-vista\/files\/2020\/08\/go-pro2-e1598862516261.jpg\" class=\"attachment-recent-posts size-recent-posts\" alt=\"\" \/><\/a><\/li><\/ul><\/div><div class=\"recent-posts-content\"><span class=\"vcard\" style=\"display: none;\"><span class=\"fn\"><a href=\"https:\/\/mon.uvic.cat\/caretta-a-la-vista\/author\/mireiaaguilera\/\" title=\"Entrades de Caretta a la Vista\" rel=\"author\">Caretta a la Vista<\/a><\/span><\/span><span class=\"updated\" style=\"display:none;\">2024-05-31T10:25:45+00:00<\/span><h4 class=\"entry-title\"><a href=\"https:\/\/mon.uvic.cat\/caretta-a-la-vista\/exit-demergencies-del-niu-de-mar-bella-barcelona\/\">\u00c8xit d\u2019emerg\u00e8ncies del niu de Mar Bella (Barcelona)<\/a><\/h4><p class=\"meta\"><span class=\"vcard\" style=\"display: none;\"><span class=\"fn\"><a href=\"https:\/\/mon.uvic.cat\/caretta-a-la-vista\/author\/mireiaaguilera\/\" title=\"Entrades de Caretta a la Vista\" rel=\"author\">Caretta a la Vista<\/a><\/span><\/span><span class=\"updated\" style=\"display:none;\">2024-05-31T10:25:45+00:00<\/span><span>31 d'agost de 2020<\/span><span class=\"fusion-inline-sep\">|<\/span><span class=\"fusion-comments\"><a href=\"https:\/\/mon.uvic.cat\/caretta-a-la-vista\/exit-demergencies-del-niu-de-mar-bella-barcelona\/#respond\">0 Comments<\/a><\/span><\/p><p> El niu de tortuga careta que hi havia a Mar Bella (Barcelona) ha resultat ser un \u00e8xit, doncs dels 60 ous que hi havia, 55 tortugues han emergit del niu naturalment. Al llarg de [...]<\/p><\/div><\/article><article class=\"post fusion-column column col col-lg-4 col-md-4 col-sm-4\"><div class=\"fusion-flexslider fusion-flexslider-loading flexslider flexslider-hover-type-none\"><ul class=\"slides\"><li><a href=\"https:\/\/mon.uvic.cat\/caretta-a-la-vista\/ja-son-cinc-els-esdeveniments-de-nidificacio-de-tortuga-careta-detectats-aquesta-temporada\/\" aria-label=\"Ja s\u00f3n cinc els esdeveniments de nidificaci\u00f3 de tortuga careta detectats aquesta temporada\" class=\"hover-type-none\"><img decoding=\"async\" width=\"300\" height=\"296\" src=\"https:\/\/mon.uvic.cat\/caretta-a-la-vista\/files\/2020\/06\/112-e1593273731713.png\" class=\"attachment-recent-posts size-recent-posts\" alt=\"\" \/><\/a><\/li><\/ul><\/div><div class=\"recent-posts-content\"><span class=\"vcard\" style=\"display: none;\"><span class=\"fn\"><a href=\"https:\/\/mon.uvic.cat\/caretta-a-la-vista\/author\/mireiaaguilera\/\" title=\"Entrades de Caretta a la Vista\" rel=\"author\">Caretta a la Vista<\/a><\/span><\/span><span class=\"updated\" style=\"display:none;\">2024-05-31T10:26:17+00:00<\/span><h4 class=\"entry-title\"><a href=\"https:\/\/mon.uvic.cat\/caretta-a-la-vista\/ja-son-cinc-els-esdeveniments-de-nidificacio-de-tortuga-careta-detectats-aquesta-temporada\/\">Ja s\u00f3n cinc els esdeveniments de nidificaci\u00f3 de tortuga careta detectats aquesta temporada<\/a><\/h4><p class=\"meta\"><span class=\"vcard\" style=\"display: none;\"><span class=\"fn\"><a href=\"https:\/\/mon.uvic.cat\/caretta-a-la-vista\/author\/mireiaaguilera\/\" title=\"Entrades de Caretta a la Vista\" rel=\"author\">Caretta a la Vista<\/a><\/span><\/span><span class=\"updated\" style=\"display:none;\">2024-05-31T10:26:17+00:00<\/span><span>27 de juny de 2020<\/span><span class=\"fusion-inline-sep\">|<\/span><span class=\"fusion-comments\"><a href=\"https:\/\/mon.uvic.cat\/caretta-a-la-vista\/ja-son-cinc-els-esdeveniments-de-nidificacio-de-tortuga-careta-detectats-aquesta-temporada\/#respond\">0 Comments<\/a><\/span><\/p><p> Des de que s'ha iniciat la temporada de nidificaci\u00f3 de la tortuga careta a les costes espanyoles, ja s'han detectat cinc esdeveniments de nidificaci\u00f3 d'aquesta esp\u00e8cie. El primer va tenir lloc el 10 de [...]<\/p><\/div><\/article><\/section><\/div><\/div><\/div><\/div><\/div>\n","protected":false},"excerpt":{"rendered":"","protected":false},"author":1,"featured_media":0,"parent":0,"menu_order":0,"comment_status":"closed","ping_status":"closed","template":"","meta":{"jetpack_post_was_ever_published":false,"footnotes":""},"class_list":["post-36","page","type-page","status-publish","hentry"],"jetpack_sharing_enabled":true,"jetpack_shortlink":"https:\/\/wp.me\/P7f8rx-A","_links":{"self":[{"href":"https:\/\/mon.uvic.cat\/caretta-a-la-vista\/wp-json\/wp\/v2\/pages\/36","targetHints":{"allow":["GET"]}}],"collection":[{"href":"https:\/\/mon.uvic.cat\/caretta-a-la-vista\/wp-json\/wp\/v2\/pages"}],"about":[{"href":"https:\/\/mon.uvic.cat\/caretta-a-la-vista\/wp-json\/wp\/v2\/types\/page"}],"author":[{"embeddable":true,"href":"https:\/\/mon.uvic.cat\/caretta-a-la-vista\/wp-json\/wp\/v2\/users\/1"}],"replies":[{"embeddable":true,"href":"https:\/\/mon.uvic.cat\/caretta-a-la-vista\/wp-json\/wp\/v2\/comments?post=36"}],"version-history":[{"count":6,"href":"https:\/\/mon.uvic.cat\/caretta-a-la-vista\/wp-json\/wp\/v2\/pages\/36\/revisions"}],"predecessor-version":[{"id":2642,"href":"https:\/\/mon.uvic.cat\/caretta-a-la-vista\/wp-json\/wp\/v2\/pages\/36\/revisions\/2642"}],"wp:attachment":[{"href":"https:\/\/mon.uvic.cat\/caretta-a-la-vista\/wp-json\/wp\/v2\/media?parent=36"}],"curies":[{"name":"wp","href":"https:\/\/api.w.org\/{rel}","templated":true}]}}