{"id":26,"date":"2016-02-16T09:36:18","date_gmt":"2016-02-16T09:36:18","guid":{"rendered":"http:\/\/mon.uvic.cat\/caretta-a-la-vista\/?page_id=26"},"modified":"2024-05-31T09:19:09","modified_gmt":"2024-05-31T09:19:09","slug":"galeria","status":"publish","type":"page","link":"https:\/\/mon.uvic.cat\/caretta-a-la-vista\/galeria\/","title":{"rendered":"Galeria"},"content":{"rendered":"<div class=\"fusion-fullwidth fullwidth-box fusion-builder-row-1 fusion-flex-container nonhundred-percent-fullwidth non-hundred-percent-height-scrolling\" style=\"--awb-border-radius-top-left:0px;--awb-border-radius-top-right:0px;--awb-border-radius-bottom-right:0px;--awb-border-radius-bottom-left:0px;--awb-flex-wrap:wrap;\" ><div class=\"fusion-builder-row fusion-row fusion-flex-align-items-flex-start fusion-flex-content-wrap\" style=\"max-width:1248px;margin-left: calc(-4% \/ 2 );margin-right: calc(-4% \/ 2 );\"><div class=\"fusion-layout-column fusion_builder_column fusion-builder-column-0 fusion_builder_column_1_1 1_1 fusion-flex-column\" style=\"--awb-bg-size:cover;--awb-width-large:100%;--awb-margin-top-large:0px;--awb-spacing-right-large:1.92%;--awb-margin-bottom-large:0px;--awb-spacing-left-large:1.92%;--awb-width-medium:100%;--awb-spacing-right-medium:1.92%;--awb-spacing-left-medium:1.92%;--awb-width-small:100%;--awb-spacing-right-small:1.92%;--awb-spacing-left-small:1.92%;\"><div class=\"fusion-column-wrapper fusion-flex-justify-content-flex-start fusion-content-layout-column\"><div class=\"fusion-text fusion-text-1\"><h4>Galeria<\/h4>\n<p><strong>ACTUALITZACI\u00d3 DE L&#8217;EXPOSICI\u00d3!!<\/strong> &#8211;&gt; Consulta-la <strong><a href=\"https:\/\/drive.google.com\/file\/d\/1QZ-M9aDwfHrVELFQjrFxB4IYp-eQ-cCx\/view?usp=sharing\">aqu\u00ed.<\/a><\/strong><\/p>\n<p><em>En el marc del <a href=\"https:\/\/mon.uvic.cat\/caretta-a-la-vista\/coming\/\">Projecte COMING<\/a>, finan\u00e7at per la MAVA Foundation a trav\u00e9s de la convocat\u00f2ria <a href=\"http:\/\/medpan.org\/main_activities\/appels-a-petits-projets\/\">MedPAN Small Projects<\/a><a href=\"http:\/\/medpan.org\/main_activities\/appels-a-petits-projets\/\">, <\/a>s&#8217;ha actualitzat l&#8217;exposici\u00f3 de Caretta a la Vista per fer-ne difusi\u00f3 a nivell europeu.<\/em><\/p>\n<p>Consulta els plafons que configuren l&#8217;exposici\u00f3:<\/p>\n<p><a href=\"http:\/\/mon.uvic.cat\/caretta-a-la-vista\/files\/2016\/02\/Plafo1.jpg\"><img decoding=\"async\" class=\"size-medium wp-image-479 alignleft\" src=\"http:\/\/mon.uvic.cat\/caretta-a-la-vista\/files\/2016\/02\/Plafo1-210x300.jpg\" alt=\"\" width=\"210\" height=\"300\" srcset=\"https:\/\/mon.uvic.cat\/caretta-a-la-vista\/files\/2016\/02\/Plafo1-210x300.jpg 210w, https:\/\/mon.uvic.cat\/caretta-a-la-vista\/files\/2016\/02\/Plafo1-717x1024.jpg 717w, https:\/\/mon.uvic.cat\/caretta-a-la-vista\/files\/2016\/02\/Plafo1-768x1097.jpg 768w, https:\/\/mon.uvic.cat\/caretta-a-la-vista\/files\/2016\/02\/Plafo1.jpg 1984w\" sizes=\"(max-width: 210px) 100vw, 210px\" \/><\/a> <a href=\"http:\/\/mon.uvic.cat\/caretta-a-la-vista\/files\/2016\/02\/Plafo2.jpg\"><img decoding=\"async\" class=\"size-medium wp-image-480 alignleft\" src=\"http:\/\/mon.uvic.cat\/caretta-a-la-vista\/files\/2016\/02\/Plafo2-210x300.jpg\" alt=\"\" width=\"210\" height=\"300\" srcset=\"https:\/\/mon.uvic.cat\/caretta-a-la-vista\/files\/2016\/02\/Plafo2-210x300.jpg 210w, https:\/\/mon.uvic.cat\/caretta-a-la-vista\/files\/2016\/02\/Plafo2-717x1024.jpg 717w, https:\/\/mon.uvic.cat\/caretta-a-la-vista\/files\/2016\/02\/Plafo2-768x1097.jpg 768w, https:\/\/mon.uvic.cat\/caretta-a-la-vista\/files\/2016\/02\/Plafo2.jpg 1984w\" sizes=\"(max-width: 210px) 100vw, 210px\" \/><\/a> <a href=\"http:\/\/mon.uvic.cat\/caretta-a-la-vista\/files\/2016\/02\/Plafo3.jpg\"><img decoding=\"async\" class=\"size-medium wp-image-481 alignleft\" src=\"http:\/\/mon.uvic.cat\/caretta-a-la-vista\/files\/2016\/02\/Plafo3-210x300.jpg\" alt=\"\" width=\"210\" height=\"300\" srcset=\"https:\/\/mon.uvic.cat\/caretta-a-la-vista\/files\/2016\/02\/Plafo3-210x300.jpg 210w, https:\/\/mon.uvic.cat\/caretta-a-la-vista\/files\/2016\/02\/Plafo3-717x1024.jpg 717w, https:\/\/mon.uvic.cat\/caretta-a-la-vista\/files\/2016\/02\/Plafo3-768x1097.jpg 768w, https:\/\/mon.uvic.cat\/caretta-a-la-vista\/files\/2016\/02\/Plafo3.jpg 1984w\" sizes=\"(max-width: 210px) 100vw, 210px\" \/><\/a> <a href=\"http:\/\/mon.uvic.cat\/caretta-a-la-vista\/files\/2016\/02\/Plafo4.jpg\"><img decoding=\"async\" class=\"size-medium wp-image-482 alignleft\" src=\"http:\/\/mon.uvic.cat\/caretta-a-la-vista\/files\/2016\/02\/Plafo4-210x300.jpg\" alt=\"\" width=\"210\" height=\"300\" srcset=\"https:\/\/mon.uvic.cat\/caretta-a-la-vista\/files\/2016\/02\/Plafo4-210x300.jpg 210w, https:\/\/mon.uvic.cat\/caretta-a-la-vista\/files\/2016\/02\/Plafo4-717x1024.jpg 717w, https:\/\/mon.uvic.cat\/caretta-a-la-vista\/files\/2016\/02\/Plafo4-768x1097.jpg 768w, https:\/\/mon.uvic.cat\/caretta-a-la-vista\/files\/2016\/02\/Plafo4.jpg 1984w\" sizes=\"(max-width: 210px) 100vw, 210px\" \/><\/a> <a href=\"http:\/\/mon.uvic.cat\/caretta-a-la-vista\/files\/2016\/02\/Plafo5.jpg\"><img decoding=\"async\" class=\"size-medium wp-image-483 alignleft\" src=\"http:\/\/mon.uvic.cat\/caretta-a-la-vista\/files\/2016\/02\/Plafo5-210x300.jpg\" alt=\"\" width=\"210\" height=\"300\" srcset=\"https:\/\/mon.uvic.cat\/caretta-a-la-vista\/files\/2016\/02\/Plafo5-210x300.jpg 210w, https:\/\/mon.uvic.cat\/caretta-a-la-vista\/files\/2016\/02\/Plafo5-717x1024.jpg 717w, https:\/\/mon.uvic.cat\/caretta-a-la-vista\/files\/2016\/02\/Plafo5-768x1097.jpg 768w, https:\/\/mon.uvic.cat\/caretta-a-la-vista\/files\/2016\/02\/Plafo5.jpg 1984w\" sizes=\"(max-width: 210px) 100vw, 210px\" \/><\/a> <a href=\"http:\/\/mon.uvic.cat\/caretta-a-la-vista\/files\/2016\/02\/Plafo6.jpg\"><img decoding=\"async\" class=\"size-medium wp-image-484 alignleft\" src=\"http:\/\/mon.uvic.cat\/caretta-a-la-vista\/files\/2016\/02\/Plafo6-210x300.jpg\" alt=\"\" width=\"210\" height=\"300\" srcset=\"https:\/\/mon.uvic.cat\/caretta-a-la-vista\/files\/2016\/02\/Plafo6-210x300.jpg 210w, https:\/\/mon.uvic.cat\/caretta-a-la-vista\/files\/2016\/02\/Plafo6-717x1024.jpg 717w, https:\/\/mon.uvic.cat\/caretta-a-la-vista\/files\/2016\/02\/Plafo6-768x1097.jpg 768w, https:\/\/mon.uvic.cat\/caretta-a-la-vista\/files\/2016\/02\/Plafo6.jpg 1984w\" sizes=\"(max-width: 210px) 100vw, 210px\" \/><\/a> <a href=\"http:\/\/mon.uvic.cat\/caretta-a-la-vista\/files\/2016\/02\/Plafo7.jpg\"><img decoding=\"async\" class=\"size-medium wp-image-485 alignleft\" src=\"http:\/\/mon.uvic.cat\/caretta-a-la-vista\/files\/2016\/02\/Plafo7-210x300.jpg\" alt=\"\" width=\"210\" height=\"300\" srcset=\"https:\/\/mon.uvic.cat\/caretta-a-la-vista\/files\/2016\/02\/Plafo7-210x300.jpg 210w, https:\/\/mon.uvic.cat\/caretta-a-la-vista\/files\/2016\/02\/Plafo7-717x1024.jpg 717w, https:\/\/mon.uvic.cat\/caretta-a-la-vista\/files\/2016\/02\/Plafo7-768x1097.jpg 768w, https:\/\/mon.uvic.cat\/caretta-a-la-vista\/files\/2016\/02\/Plafo7.jpg 1984w\" sizes=\"(max-width: 210px) 100vw, 210px\" \/><\/a> <a href=\"http:\/\/mon.uvic.cat\/caretta-a-la-vista\/files\/2016\/02\/Plafo8.jpg\"><img decoding=\"async\" class=\"size-medium wp-image-486 alignleft\" src=\"http:\/\/mon.uvic.cat\/caretta-a-la-vista\/files\/2016\/02\/Plafo8-210x300.jpg\" alt=\"\" width=\"210\" height=\"300\" srcset=\"https:\/\/mon.uvic.cat\/caretta-a-la-vista\/files\/2016\/02\/Plafo8-210x300.jpg 210w, https:\/\/mon.uvic.cat\/caretta-a-la-vista\/files\/2016\/02\/Plafo8-717x1024.jpg 717w, https:\/\/mon.uvic.cat\/caretta-a-la-vista\/files\/2016\/02\/Plafo8-768x1097.jpg 768w, https:\/\/mon.uvic.cat\/caretta-a-la-vista\/files\/2016\/02\/Plafo8.jpg 1984w\" sizes=\"(max-width: 210px) 100vw, 210px\" \/><\/a> <a href=\"http:\/\/mon.uvic.cat\/caretta-a-la-vista\/files\/2016\/02\/Plafo9.jpg\"><img decoding=\"async\" class=\"size-medium wp-image-487 alignleft\" src=\"http:\/\/mon.uvic.cat\/caretta-a-la-vista\/files\/2016\/02\/Plafo9-210x300.jpg\" alt=\"\" width=\"210\" height=\"300\" srcset=\"https:\/\/mon.uvic.cat\/caretta-a-la-vista\/files\/2016\/02\/Plafo9-210x300.jpg 210w, https:\/\/mon.uvic.cat\/caretta-a-la-vista\/files\/2016\/02\/Plafo9-717x1024.jpg 717w, https:\/\/mon.uvic.cat\/caretta-a-la-vista\/files\/2016\/02\/Plafo9-768x1097.jpg 768w, https:\/\/mon.uvic.cat\/caretta-a-la-vista\/files\/2016\/02\/Plafo9.jpg 1984w\" sizes=\"(max-width: 210px) 100vw, 210px\" \/><\/a><\/p>\n<\/div><\/div><\/div><\/div><\/div>\n","protected":false},"excerpt":{"rendered":"","protected":false},"author":1,"featured_media":0,"parent":0,"menu_order":0,"comment_status":"closed","ping_status":"closed","template":"","meta":{"jetpack_post_was_ever_published":false,"footnotes":""},"class_list":["post-26","page","type-page","status-publish","hentry"],"jetpack_sharing_enabled":true,"jetpack_shortlink":"https:\/\/wp.me\/P7f8rx-q","_links":{"self":[{"href":"https:\/\/mon.uvic.cat\/caretta-a-la-vista\/wp-json\/wp\/v2\/pages\/26","targetHints":{"allow":["GET"]}}],"collection":[{"href":"https:\/\/mon.uvic.cat\/caretta-a-la-vista\/wp-json\/wp\/v2\/pages"}],"about":[{"href":"https:\/\/mon.uvic.cat\/caretta-a-la-vista\/wp-json\/wp\/v2\/types\/page"}],"author":[{"embeddable":true,"href":"https:\/\/mon.uvic.cat\/caretta-a-la-vista\/wp-json\/wp\/v2\/users\/1"}],"replies":[{"embeddable":true,"href":"https:\/\/mon.uvic.cat\/caretta-a-la-vista\/wp-json\/wp\/v2\/comments?post=26"}],"version-history":[{"count":16,"href":"https:\/\/mon.uvic.cat\/caretta-a-la-vista\/wp-json\/wp\/v2\/pages\/26\/revisions"}],"predecessor-version":[{"id":2376,"href":"https:\/\/mon.uvic.cat\/caretta-a-la-vista\/wp-json\/wp\/v2\/pages\/26\/revisions\/2376"}],"wp:attachment":[{"href":"https:\/\/mon.uvic.cat\/caretta-a-la-vista\/wp-json\/wp\/v2\/media?parent=26"}],"curies":[{"name":"wp","href":"https:\/\/api.w.org\/{rel}","templated":true}]}}