{"id":20,"date":"2016-02-16T09:34:04","date_gmt":"2016-02-16T09:34:04","guid":{"rendered":"http:\/\/mon.uvic.cat\/caretta-a-la-vista\/?page_id=20"},"modified":"2024-05-31T11:29:45","modified_gmt":"2024-05-31T11:29:45","slug":"per-tots-els-publics","status":"publish","type":"page","link":"https:\/\/mon.uvic.cat\/caretta-a-la-vista\/per-tots-els-publics\/","title":{"rendered":"Per tots els p\u00fablics"},"content":{"rendered":"<div class=\"fusion-fullwidth fullwidth-box fusion-builder-row-1 fusion-flex-container nonhundred-percent-fullwidth non-hundred-percent-height-scrolling\" style=\"--awb-border-radius-top-left:0px;--awb-border-radius-top-right:0px;--awb-border-radius-bottom-right:0px;--awb-border-radius-bottom-left:0px;--awb-flex-wrap:wrap;\" ><div class=\"fusion-builder-row fusion-row fusion-flex-align-items-flex-start fusion-flex-content-wrap\" style=\"max-width:1248px;margin-left: calc(-4% \/ 2 );margin-right: calc(-4% \/ 2 );\"><div class=\"fusion-layout-column fusion_builder_column fusion-builder-column-0 fusion_builder_column_1_1 1_1 fusion-flex-column\" style=\"--awb-bg-size:cover;--awb-width-large:100%;--awb-margin-top-large:0px;--awb-spacing-right-large:1.92%;--awb-margin-bottom-large:0px;--awb-spacing-left-large:1.92%;--awb-width-medium:100%;--awb-spacing-right-medium:1.92%;--awb-spacing-left-medium:1.92%;--awb-width-small:100%;--awb-spacing-right-small:1.92%;--awb-spacing-left-small:1.92%;\"><div class=\"fusion-column-wrapper fusion-flex-justify-content-flex-start fusion-content-layout-column\"><div class=\"fusion-text fusion-text-1\"><h4>Per tots els p\u00fablics<\/h4>\n<p style=\"text-align: justify;\">Des de <strong><span style=\"color: #808000;\">Caretta a la Vista!<\/span><\/strong> posem a la vostra disposici\u00f3 una s\u00e8rie de <strong>materials did\u00e0ctics<\/strong> per ajudar-vos a difondre entre la poblaci\u00f3 en general diferents aspectes relacionats amb la nidificaci\u00f3 de la tortuga babaua: com recon\u00e8ixer un rastre, com actuar en cas de trobar-se una tortuga marina, o qu\u00e8 fer davant una cr\u00eda de tortuga.<\/p>\n<p><em><strong>Cartell general del projecte<\/strong><\/em>\u00a0 <em><strong>Com recon\u00e8ixer un rastre Com actuar si et trobes una tortuga marina\u00a0 Qu\u00e8 fer si et trobes cries de tortugues \u00a0 \u00a0<\/strong><\/em><\/p>\n<p style=\"text-align: justify;\"><span style=\"color: #ffffff;\">x<\/span><\/p>\n<p style=\"text-align: justify;\"><span style=\"color: #ffffff;\">x<em><strong>Cartell general del projecte<\/strong><\/em>\u00a0 \u00a0\u00a0<\/span><\/p>\n<p><a href=\"http:\/\/mon.uvic.cat\/caretta-a-la-vista\/files\/2016\/02\/Cartell-informatiu-Projecte-Caretta-a-la-Vista.pdf\"><img decoding=\"async\" class=\"size-medium wp-image-241 alignleft\" src=\"http:\/\/mon.uvic.cat\/caretta-a-la-vista\/files\/2016\/02\/cartellfinal_1-214x300.jpg\" alt=\"cartellfinal_1\" width=\"214\" height=\"300\" \/><\/a>\u00a0 \u00a0 \u00a0<a href=\"http:\/\/mon.uvic.cat\/caretta-a-la-vista\/files\/2016\/02\/Cartell-informatiu-Com-recon\u00e8ixer-un-rastre-com-actuar.pdf\"><img decoding=\"async\" class=\"size-medium wp-image-244 alignleft\" src=\"http:\/\/mon.uvic.cat\/caretta-a-la-vista\/files\/2016\/02\/fitxa-rastre-2-214x300.jpg\" alt=\"fitxa-rastre-2\" width=\"214\" height=\"300\" srcset=\"https:\/\/mon.uvic.cat\/caretta-a-la-vista\/files\/2016\/02\/fitxa-rastre-2-214x300.jpg 214w, https:\/\/mon.uvic.cat\/caretta-a-la-vista\/files\/2016\/02\/fitxa-rastre-2.jpg 425w\" sizes=\"(max-width: 214px) 100vw, 214px\" \/><\/a><\/p>\n<p><a href=\"http:\/\/mon.uvic.cat\/caretta-a-la-vista\/files\/2016\/02\/Cartell-informatiu-Tortugues-marines-com-actuar.pdf\"><img decoding=\"async\" class=\"alignleft wp-image-245 size-medium\" src=\"http:\/\/mon.uvic.cat\/caretta-a-la-vista\/files\/2016\/02\/fitxa-tortuga-2-214x300.jpg\" alt=\"fitxa-tortuga-2\" width=\"214\" height=\"300\" srcset=\"https:\/\/mon.uvic.cat\/caretta-a-la-vista\/files\/2016\/02\/fitxa-tortuga-2-214x300.jpg 214w, https:\/\/mon.uvic.cat\/caretta-a-la-vista\/files\/2016\/02\/fitxa-tortuga-2.jpg 425w\" sizes=\"(max-width: 214px) 100vw, 214px\" \/><\/a>\u00a0 \u00a0 \u00a0 \u00a0 \u00a0\u00a0<a href=\"http:\/\/mon.uvic.cat\/caretta-a-la-vista\/files\/2016\/02\/fitxa-cries.pdf\"><img decoding=\"async\" class=\"alignleft wp-image-452 size-medium\" src=\"http:\/\/mon.uvic.cat\/caretta-a-la-vista\/files\/2016\/02\/fitxa-cries-2-214x300.jpg\" alt=\"\" width=\"214\" height=\"300\" srcset=\"https:\/\/mon.uvic.cat\/caretta-a-la-vista\/files\/2016\/02\/fitxa-cries-2-214x300.jpg 214w, https:\/\/mon.uvic.cat\/caretta-a-la-vista\/files\/2016\/02\/fitxa-cries-2.jpg 425w\" sizes=\"(max-width: 214px) 100vw, 214px\" \/><\/a><\/p>\n<p><em><strong>\u00a0 \u00a0 \u00a0<\/strong><\/em><\/p>\n<p><em><strong>\u00a0 \u00a0<\/strong><\/em><\/p>\n<\/div><\/div><\/div><\/div><\/div>\n","protected":false},"excerpt":{"rendered":"","protected":false},"author":1,"featured_media":0,"parent":0,"menu_order":0,"comment_status":"closed","ping_status":"closed","template":"","meta":{"jetpack_post_was_ever_published":false,"footnotes":""},"class_list":["post-20","page","type-page","status-publish","hentry"],"jetpack_sharing_enabled":true,"jetpack_shortlink":"https:\/\/wp.me\/P7f8rx-k","_links":{"self":[{"href":"https:\/\/mon.uvic.cat\/caretta-a-la-vista\/wp-json\/wp\/v2\/pages\/20","targetHints":{"allow":["GET"]}}],"collection":[{"href":"https:\/\/mon.uvic.cat\/caretta-a-la-vista\/wp-json\/wp\/v2\/pages"}],"about":[{"href":"https:\/\/mon.uvic.cat\/caretta-a-la-vista\/wp-json\/wp\/v2\/types\/page"}],"author":[{"embeddable":true,"href":"https:\/\/mon.uvic.cat\/caretta-a-la-vista\/wp-json\/wp\/v2\/users\/1"}],"replies":[{"embeddable":true,"href":"https:\/\/mon.uvic.cat\/caretta-a-la-vista\/wp-json\/wp\/v2\/comments?post=20"}],"version-history":[{"count":17,"href":"https:\/\/mon.uvic.cat\/caretta-a-la-vista\/wp-json\/wp\/v2\/pages\/20\/revisions"}],"predecessor-version":[{"id":2381,"href":"https:\/\/mon.uvic.cat\/caretta-a-la-vista\/wp-json\/wp\/v2\/pages\/20\/revisions\/2381"}],"wp:attachment":[{"href":"https:\/\/mon.uvic.cat\/caretta-a-la-vista\/wp-json\/wp\/v2\/media?parent=20"}],"curies":[{"name":"wp","href":"https:\/\/api.w.org\/{rel}","templated":true}]}}