{"id":2,"date":"2016-02-16T09:28:35","date_gmt":"2016-02-16T09:28:35","guid":{"rendered":"http:\/\/mon.uvic.cat\/caretta-a-la-vista\/?page_id=2"},"modified":"2024-06-18T10:09:19","modified_gmt":"2024-06-18T10:09:19","slug":"pagina-exemple","status":"publish","type":"page","link":"https:\/\/mon.uvic.cat\/caretta-a-la-vista\/","title":{"rendered":"Home"},"content":{"rendered":"<div class=\"fusion-fullwidth fullwidth-box fusion-builder-row-1 fusion-flex-container nonhundred-percent-fullwidth non-hundred-percent-height-scrolling\" style=\"--awb-border-radius-top-left:0px;--awb-border-radius-top-right:0px;--awb-border-radius-bottom-right:0px;--awb-border-radius-bottom-left:0px;--awb-flex-wrap:wrap;\" ><div class=\"fusion-builder-row fusion-row fusion-flex-align-items-flex-start fusion-flex-content-wrap\" style=\"max-width:1248px;margin-left: calc(-4% \/ 2 );margin-right: calc(-4% \/ 2 );\"><div class=\"fusion-layout-column fusion_builder_column fusion-builder-column-0 fusion_builder_column_1_1 1_1 fusion-flex-column\" style=\"--awb-bg-size:cover;--awb-width-large:100%;--awb-margin-top-large:0px;--awb-spacing-right-large:1.92%;--awb-margin-bottom-large:0px;--awb-spacing-left-large:1.92%;--awb-width-medium:100%;--awb-spacing-right-medium:1.92%;--awb-spacing-left-medium:1.92%;--awb-width-small:100%;--awb-spacing-right-small:1.92%;--awb-spacing-left-small:1.92%;\"><div class=\"fusion-column-wrapper fusion-flex-justify-content-flex-start fusion-content-layout-column\"><div class=\"fusion-image-element \" style=\"text-align:center;--awb-margin-bottom:30px;--awb-caption-title-font-family:var(--h2_typography-font-family);--awb-caption-title-font-weight:var(--h2_typography-font-weight);--awb-caption-title-font-style:var(--h2_typography-font-style);--awb-caption-title-size:var(--h2_typography-font-size);--awb-caption-title-transform:var(--h2_typography-text-transform);--awb-caption-title-line-height:var(--h2_typography-line-height);--awb-caption-title-letter-spacing:var(--h2_typography-letter-spacing);\"><span class=\" fusion-imageframe imageframe-none imageframe-1 hover-type-none\"><img decoding=\"async\" width=\"1024\" height=\"768\" title=\"DSC00627\" src=\"http:\/\/mon.uvic.cat\/caretta-a-la-vista\/files\/2016\/04\/DSC00627-1024x768.jpg\" alt class=\"img-responsive wp-image-103\" srcset=\"https:\/\/mon.uvic.cat\/caretta-a-la-vista\/files\/2016\/04\/DSC00627-300x225.jpg 300w, https:\/\/mon.uvic.cat\/caretta-a-la-vista\/files\/2016\/04\/DSC00627-768x576.jpg 768w, https:\/\/mon.uvic.cat\/caretta-a-la-vista\/files\/2016\/04\/DSC00627-1024x768.jpg 1024w, https:\/\/mon.uvic.cat\/caretta-a-la-vista\/files\/2016\/04\/DSC00627.jpg 4320w\" sizes=\"(max-width: 1024px) 100vw, 1024px\" \/><\/span><\/div><div class=\"fusion-text fusion-text-1\"><h2 style=\"text-align: center;\"><strong><span style=\"color: #000000;\">Benvinguts\/des a Caretta a la Vista!<\/span><\/strong><\/h2>\n<p style=\"text-align: center;\">Un projecte de divulgaci\u00f3 cient\u00edfica finan\u00e7at per la Fundaci\u00f3n Espa\u00f1ola Para la Ciencia y la Tecnolog\u00eda (<a href=\"http:\/\/www.fecyt.es\/\" target=\"_blank\" rel=\"noopener noreferrer\">FECYT<\/a>) del Ministerio de Econom\u00eda y Competitividad, i la Universitat de Vic &#8211; Universitat Central de Catalunya (<a href=\"http:\/\/www.uvic.cat\/\" target=\"_blank\" rel=\"noopener noreferrer\">UVic-UCC<\/a>), amb el suport del <a href=\"https:\/\/agricultura.gencat.cat\/ca\/inici\/\">Departament d&#8217;Acci\u00f3 Clim\u00e0tica, Alimentaci\u00f3 i Agenda Rural<\/a>, de la Generalitat de Catalunya i l&#8217;Asociaci\u00f3n Herpetol\u00f3gica Espa\u00f1ola (<a href=\"http:\/\/siare.herpetologica.es\/\">AHE<\/a>)<\/p>\n<hr \/>\n<p><a href=\"http:\/\/mon.uvic.cat\/caretta-a-la-vista\/files\/2023\/11\/logos-3.png\"><img decoding=\"async\" class=\"alignnone wp-image-2158 size-full\" src=\"http:\/\/mon.uvic.cat\/caretta-a-la-vista\/files\/2023\/11\/logos-3.png\" alt=\"\" width=\"1262\" height=\"129\" \/><\/a><\/p>\n<\/div><\/div><\/div><\/div><\/div>\n","protected":false},"excerpt":{"rendered":"","protected":false},"author":200,"featured_media":0,"parent":0,"menu_order":0,"comment_status":"closed","ping_status":"closed","template":"","meta":{"jetpack_post_was_ever_published":false,"footnotes":""},"class_list":["post-2","page","type-page","status-publish","hentry"],"jetpack_sharing_enabled":true,"jetpack_shortlink":"https:\/\/wp.me\/P7f8rx-2","_links":{"self":[{"href":"https:\/\/mon.uvic.cat\/caretta-a-la-vista\/wp-json\/wp\/v2\/pages\/2","targetHints":{"allow":["GET"]}}],"collection":[{"href":"https:\/\/mon.uvic.cat\/caretta-a-la-vista\/wp-json\/wp\/v2\/pages"}],"about":[{"href":"https:\/\/mon.uvic.cat\/caretta-a-la-vista\/wp-json\/wp\/v2\/types\/page"}],"author":[{"embeddable":true,"href":"https:\/\/mon.uvic.cat\/caretta-a-la-vista\/wp-json\/wp\/v2\/users\/200"}],"replies":[{"embeddable":true,"href":"https:\/\/mon.uvic.cat\/caretta-a-la-vista\/wp-json\/wp\/v2\/comments?post=2"}],"version-history":[{"count":22,"href":"https:\/\/mon.uvic.cat\/caretta-a-la-vista\/wp-json\/wp\/v2\/pages\/2\/revisions"}],"predecessor-version":[{"id":2661,"href":"https:\/\/mon.uvic.cat\/caretta-a-la-vista\/wp-json\/wp\/v2\/pages\/2\/revisions\/2661"}],"wp:attachment":[{"href":"https:\/\/mon.uvic.cat\/caretta-a-la-vista\/wp-json\/wp\/v2\/media?parent=2"}],"curies":[{"name":"wp","href":"https:\/\/api.w.org\/{rel}","templated":true}]}}