{"id":16,"date":"2016-02-16T09:33:39","date_gmt":"2016-02-16T09:33:39","guid":{"rendered":"http:\/\/mon.uvic.cat\/caretta-a-la-vista\/?page_id=16"},"modified":"2024-05-31T08:53:08","modified_gmt":"2024-05-31T08:53:08","slug":"al-mediterrani","status":"publish","type":"page","link":"https:\/\/mon.uvic.cat\/caretta-a-la-vista\/al-mediterrani\/","title":{"rendered":"Al Mediterrani"},"content":{"rendered":"<div class=\"fusion-fullwidth fullwidth-box fusion-builder-row-1 fusion-flex-container nonhundred-percent-fullwidth non-hundred-percent-height-scrolling\" style=\"--awb-border-radius-top-left:0px;--awb-border-radius-top-right:0px;--awb-border-radius-bottom-right:0px;--awb-border-radius-bottom-left:0px;--awb-flex-wrap:wrap;\" ><div class=\"fusion-builder-row fusion-row fusion-flex-align-items-flex-start fusion-flex-content-wrap\" style=\"max-width:1248px;margin-left: calc(-4% \/ 2 );margin-right: calc(-4% \/ 2 );\"><div class=\"fusion-layout-column fusion_builder_column fusion-builder-column-0 fusion_builder_column_1_1 1_1 fusion-flex-column\" style=\"--awb-bg-size:cover;--awb-width-large:100%;--awb-margin-top-large:0px;--awb-spacing-right-large:1.92%;--awb-margin-bottom-large:0px;--awb-spacing-left-large:1.92%;--awb-width-medium:100%;--awb-spacing-right-medium:1.92%;--awb-spacing-left-medium:1.92%;--awb-width-small:100%;--awb-spacing-right-small:1.92%;--awb-spacing-left-small:1.92%;\"><div class=\"fusion-column-wrapper fusion-flex-justify-content-flex-start fusion-content-layout-column\"><div class=\"fusion-text fusion-text-1\"><h4>Al Mediterrani<\/h4>\n<p style=\"text-align: justify;\">La <strong>tortuga babaua<\/strong> \u00e9s la tortuga marina m\u00e9s abundant al Mediterrani, per\u00f2 tamb\u00e9 hi trobem altres esp\u00e8cies com la tortuga lla\u00fct, la tortuga verda i molt excepcionalment la tortuga Kemp i oliv\u00e0cia. Trobem dues col\u00f2nies diferenciades, l\u2019 oriental on es troben individus juvenils, subadults i adults (amb unes 3.000 femelles reproductores); i l\u2019 occidental, formada b\u00e0sicament per joves i subadults concentrats en zones d\u2019 alimentaci\u00f3, i amb una abund\u00e0ncia estimada d\u2019entre 100.000 i 250.000 individus. La tortuga babaua ha nidificat tradicionalment a la conca Est (Turquia, Gr\u00e8cia, Xipre), per\u00f2 no aix\u00ed a la seva part m\u00e9s occidental. No obstant aix\u00f2, des de l\u2019any 2001 s\u2019han registrat alguns <strong>esdeveniments de nidificaci\u00f3 espor\u00e0dics<\/strong> a Espanya, sud de Fran\u00e7a i It\u00e0lia. Des de 2001 a 2011 es van registrar quatre nius a Espanya. L\u2019estiu de 2014 va suposar un increment de l\u2019activitat, ja que es van detectar v\u00e0ries tortugues marines en platges de diferents punts de la costa catalana i valenciana, i es van confirmar la posta de tres nius. Durant l\u2019estiu de 2015 aquests esdeveniments s\u2019han anat repetint, registrant-se cinc activitats de nidaci\u00f3 de tortugues marines, que han representat dos nius exitosos m\u00e9s durant el juliol de 2015.<\/p>\n<p style=\"text-align: justify;\">Al tractar-se d\u2019una <strong>esp\u00e8cie amena\u00e7ada<\/strong> i catalogada com a Vulnerable per la legislaci\u00f3 espanyola, s\u2019ha de fer tot el possible per protegir tant a les femelles, com els nius i les tortugues que neixin d\u2019aquests nius, aix\u00ed com\u00a0els h\u00e0bitats de nidaci\u00f3. Moltes de les noves platges de la costa ib\u00e8rica mediterr\u00e0nia que han escollit les tortugues marines per pondre els ous tenen bones condicions naturals per la nidaci\u00f3, tant pel present com el futur. Per\u00f2, s\u2019ha comprovat com diferents factors ambientals i socials han comprom\u00e8s o frustrat l\u2019\u00e8xit de molts dels intents de posta. Avui en dia, cal posar esfor\u00e7os per solvatar la falta d\u2019informaci\u00f3 de la societat i les diferents administracions, aix\u00ed com la manca de criteris clars sobre la manera d\u2019 actuar en aquestes situacions, a partir d\u2019un <strong>protocol d\u2019actuaci\u00f3<\/strong> amb una base cient\u00edfica rigorosa que ajudi a prendre les decisions correctes.<\/p>\n<hr \/>\n<h5 style=\"text-align: justify;\">Qu\u00e8 pot haver desencadenat la troballa de nius de tortuga babaua a les nostres costes?<\/h5>\n<p style=\"text-align: justify;\">Aquests nius poder ser fruit d\u2019errors en el comportament i la identificaci\u00f3 de les platges de naixement de les mares, de l\u2019atzar, o tamb\u00e9 respondre a una adaptaci\u00f3 i selecci\u00f3 de les tortugues d\u2019aquestes platges per niar. Aquestes tortugues serien considerades colonitzadores que busquen noves zones per reproduir-se i amplien el rang de distribuci\u00f3 de la nidaci\u00f3 de l\u2019esp\u00e8cie.<\/p>\n<p style=\"text-align: justify;\">Aquest fen\u00f2mens fa que es puguin originar a mig termini noves col\u00f2nies de nidaci\u00f3 en resposta, per exemple, a canvis ambientals. Actualment a quasi totes les poblacions m\u00e9s importants de tortuga babaua neixen moltes m\u00e9s tortugues femelles que mascles. L\u2019escalfament global pot donar lloc a que les tortugues busquin latituds m\u00e9s altes per pondre els ous, i aix\u00ed permetre que la incubaci\u00f3 sigui exitosa i amb una proporci\u00f3 de sexes m\u00e9s equilibrada per mantenir l\u2019 esp\u00e8cie.<\/p>\n<p style=\"text-align: justify;\">\u00c9s molt probable que la troballa de nius de tortuga babaua a les nostres costes es mantingui o augmenti en els pr\u00f2xims anys.<\/p>\n<\/div><\/div><\/div><\/div><\/div>\n","protected":false},"excerpt":{"rendered":"","protected":false},"author":266,"featured_media":0,"parent":0,"menu_order":0,"comment_status":"closed","ping_status":"closed","template":"","meta":{"jetpack_post_was_ever_published":false,"footnotes":""},"class_list":["post-16","page","type-page","status-publish","hentry"],"jetpack_sharing_enabled":true,"jetpack_shortlink":"https:\/\/wp.me\/P7f8rx-g","_links":{"self":[{"href":"https:\/\/mon.uvic.cat\/caretta-a-la-vista\/wp-json\/wp\/v2\/pages\/16","targetHints":{"allow":["GET"]}}],"collection":[{"href":"https:\/\/mon.uvic.cat\/caretta-a-la-vista\/wp-json\/wp\/v2\/pages"}],"about":[{"href":"https:\/\/mon.uvic.cat\/caretta-a-la-vista\/wp-json\/wp\/v2\/types\/page"}],"author":[{"embeddable":true,"href":"https:\/\/mon.uvic.cat\/caretta-a-la-vista\/wp-json\/wp\/v2\/users\/266"}],"replies":[{"embeddable":true,"href":"https:\/\/mon.uvic.cat\/caretta-a-la-vista\/wp-json\/wp\/v2\/comments?post=16"}],"version-history":[{"count":15,"href":"https:\/\/mon.uvic.cat\/caretta-a-la-vista\/wp-json\/wp\/v2\/pages\/16\/revisions"}],"predecessor-version":[{"id":2362,"href":"https:\/\/mon.uvic.cat\/caretta-a-la-vista\/wp-json\/wp\/v2\/pages\/16\/revisions\/2362"}],"wp:attachment":[{"href":"https:\/\/mon.uvic.cat\/caretta-a-la-vista\/wp-json\/wp\/v2\/media?parent=16"}],"curies":[{"name":"wp","href":"https:\/\/api.w.org\/{rel}","templated":true}]}}