{"id":158,"date":"2016-04-11T20:39:11","date_gmt":"2016-04-11T20:39:11","guid":{"rendered":"http:\/\/mon.uvic.cat\/caretta-a-la-vista\/?page_id=158"},"modified":"2024-05-31T08:56:58","modified_gmt":"2024-05-31T08:56:58","slug":"com-reconeixer-rastres-i-nius","status":"publish","type":"page","link":"https:\/\/mon.uvic.cat\/caretta-a-la-vista\/com-reconeixer-rastres-i-nius\/","title":{"rendered":"Com recon\u00e8ixer rastres i nius"},"content":{"rendered":"<div class=\"fusion-fullwidth fullwidth-box fusion-builder-row-1 fusion-flex-container nonhundred-percent-fullwidth non-hundred-percent-height-scrolling\" style=\"--awb-border-radius-top-left:0px;--awb-border-radius-top-right:0px;--awb-border-radius-bottom-right:0px;--awb-border-radius-bottom-left:0px;--awb-flex-wrap:wrap;\" ><div class=\"fusion-builder-row fusion-row fusion-flex-align-items-flex-start fusion-flex-content-wrap\" style=\"max-width:1248px;margin-left: calc(-4% \/ 2 );margin-right: calc(-4% \/ 2 );\"><div class=\"fusion-layout-column fusion_builder_column fusion-builder-column-0 fusion_builder_column_1_1 1_1 fusion-flex-column\" style=\"--awb-bg-size:cover;--awb-width-large:100%;--awb-margin-top-large:0px;--awb-spacing-right-large:1.92%;--awb-margin-bottom-large:0px;--awb-spacing-left-large:1.92%;--awb-width-medium:100%;--awb-spacing-right-medium:1.92%;--awb-spacing-left-medium:1.92%;--awb-width-small:100%;--awb-spacing-right-small:1.92%;--awb-spacing-left-small:1.92%;\"><div class=\"fusion-column-wrapper fusion-flex-justify-content-flex-start fusion-content-layout-column\"><div class=\"fusion-text fusion-text-1\"><h4 style=\"text-align: left;\">Com recon\u00e8ixer un rastre<\/h4>\n<p style=\"text-align: left;\">Les tortugues marines, al seu pas per la platja, deixen un rastre molt caracter\u00edstic. Aquest rastre varia entre esp\u00e8cies, aix\u00ed com en en funci\u00f3 de la mida de l&#8217;animal i les condicions del substrat. En el cas de la tortuga babaua el rastre t\u00e9 una amplada mitjana d&#8217;entre 70 i 80 cm i les marques\u00a0que deixen\u00a0les aletes anteriors\u00a0s\u00f3n asim\u00e8triques.<\/p>\n\n\t\t<style type=\"text\/css\">\n\t\t\t#gallery-1 {\n\t\t\t\tmargin: auto;\n\t\t\t}\n\t\t\t#gallery-1 .gallery-item {\n\t\t\t\tfloat: left;\n\t\t\t\tmargin-top: 10px;\n\t\t\t\ttext-align: center;\n\t\t\t\twidth: 33%;\n\t\t\t}\n\t\t\t#gallery-1 img {\n\t\t\t\tborder: 2px solid #cfcfcf;\n\t\t\t}\n\t\t\t#gallery-1 .gallery-caption {\n\t\t\t\tmargin-left: 0;\n\t\t\t}\n\t\t\t\/* see gallery_shortcode() in wp-includes\/media.php *\/\n\t\t<\/style>\n\t\t<div id='gallery-1' class='gallery galleryid-158 gallery-columns-3 gallery-size-thumbnail'><dl class='gallery-item'>\n\t\t\t<dt class='gallery-icon portrait'>\n\t\t\t\t<a data-rel=\"iLightbox[postimages]\" data-title=\"rastro parcial\" data-caption=\"\" href='https:\/\/mon.uvic.cat\/caretta-a-la-vista\/files\/2016\/04\/rastro-parcial.jpg'><img decoding=\"async\" width=\"150\" height=\"150\" src=\"https:\/\/mon.uvic.cat\/caretta-a-la-vista\/files\/2016\/04\/rastro-parcial-150x150.jpg\" class=\"attachment-thumbnail size-thumbnail\" alt=\"\" srcset=\"https:\/\/mon.uvic.cat\/caretta-a-la-vista\/files\/2016\/04\/rastro-parcial-60x60.jpg 60w, https:\/\/mon.uvic.cat\/caretta-a-la-vista\/files\/2016\/04\/rastro-parcial-150x150.jpg 150w, https:\/\/mon.uvic.cat\/caretta-a-la-vista\/files\/2016\/04\/rastro-parcial-560x560.jpg 560w, https:\/\/mon.uvic.cat\/caretta-a-la-vista\/files\/2016\/04\/rastro-parcial-1120x1120.jpg 1120w\" sizes=\"(max-width: 150px) 100vw, 150px\" \/><\/a>\n\t\t\t<\/dt><\/dl><dl class='gallery-item'>\n\t\t\t<dt class='gallery-icon landscape'>\n\t\t\t\t<a data-rel=\"iLightbox[postimages]\" data-title=\"rastro arena caretta\" data-caption=\"\" href='https:\/\/mon.uvic.cat\/caretta-a-la-vista\/files\/2016\/04\/rastro-arena-caretta-e1471341037716.jpg'><img decoding=\"async\" width=\"150\" height=\"150\" src=\"https:\/\/mon.uvic.cat\/caretta-a-la-vista\/files\/2016\/04\/rastro-arena-caretta-150x150.jpg\" class=\"attachment-thumbnail size-thumbnail\" alt=\"\" srcset=\"https:\/\/mon.uvic.cat\/caretta-a-la-vista\/files\/2016\/04\/rastro-arena-caretta-60x60.jpg 60w, https:\/\/mon.uvic.cat\/caretta-a-la-vista\/files\/2016\/04\/rastro-arena-caretta-150x150.jpg 150w\" sizes=\"(max-width: 150px) 100vw, 150px\" \/><\/a>\n\t\t\t<\/dt><\/dl><dl class='gallery-item'>\n\t\t\t<dt class='gallery-icon landscape'>\n\t\t\t\t<a data-rel=\"iLightbox[postimages]\" data-title=\"Rastres\" data-caption=\"\" href='https:\/\/mon.uvic.cat\/caretta-a-la-vista\/files\/2016\/04\/rastree.png'><img decoding=\"async\" width=\"150\" height=\"150\" src=\"https:\/\/mon.uvic.cat\/caretta-a-la-vista\/files\/2016\/04\/rastree-150x150.png\" class=\"attachment-thumbnail size-thumbnail\" alt=\"\" srcset=\"https:\/\/mon.uvic.cat\/caretta-a-la-vista\/files\/2016\/04\/rastree-60x60.png 60w, https:\/\/mon.uvic.cat\/caretta-a-la-vista\/files\/2016\/04\/rastree-150x150.png 150w\" sizes=\"(max-width: 150px) 100vw, 150px\" \/><\/a>\n\t\t\t<\/dt><\/dl><br style=\"clear: both\" \/><dl class='gallery-item'>\n\t\t\t<dt class='gallery-icon landscape'>\n\t\t\t\t<a data-rel=\"iLightbox[postimages]\" data-title=\"rastreii\" data-caption=\"\" href='https:\/\/mon.uvic.cat\/caretta-a-la-vista\/files\/2016\/04\/rastreii.png'><img decoding=\"async\" width=\"150\" height=\"150\" src=\"https:\/\/mon.uvic.cat\/caretta-a-la-vista\/files\/2016\/04\/rastreii-150x150.png\" class=\"attachment-thumbnail size-thumbnail\" alt=\"\" srcset=\"https:\/\/mon.uvic.cat\/caretta-a-la-vista\/files\/2016\/04\/rastreii-60x60.png 60w, https:\/\/mon.uvic.cat\/caretta-a-la-vista\/files\/2016\/04\/rastreii-150x150.png 150w\" sizes=\"(max-width: 150px) 100vw, 150px\" \/><\/a>\n\t\t\t<\/dt><\/dl>\n\t\t\t<br style='clear: both' \/>\n\t\t<\/div>\n\n<hr \/>\n<p style=\"text-align: left;\">En el cas de les cries que surten del niu, els rastres s\u00f3n molt m\u00e9s petits (3-4 cm d&#8217;amplada) i normalment en trobem m\u00e9s d&#8217;un a la vegada.<\/p>\n\n\t\t<style type=\"text\/css\">\n\t\t\t#gallery-2 {\n\t\t\t\tmargin: auto;\n\t\t\t}\n\t\t\t#gallery-2 .gallery-item {\n\t\t\t\tfloat: left;\n\t\t\t\tmargin-top: 10px;\n\t\t\t\ttext-align: center;\n\t\t\t\twidth: 33%;\n\t\t\t}\n\t\t\t#gallery-2 img {\n\t\t\t\tborder: 2px solid #cfcfcf;\n\t\t\t}\n\t\t\t#gallery-2 .gallery-caption {\n\t\t\t\tmargin-left: 0;\n\t\t\t}\n\t\t\t\/* see gallery_shortcode() in wp-includes\/media.php *\/\n\t\t<\/style>\n\t\t<div id='gallery-2' class='gallery galleryid-158 gallery-columns-3 gallery-size-thumbnail'><dl class='gallery-item'>\n\t\t\t<dt class='gallery-icon landscape'>\n\t\t\t\t<a data-rel=\"iLightbox[postimages]\" data-title=\"crias_almar\" data-caption=\"\" href='https:\/\/mon.uvic.cat\/caretta-a-la-vista\/files\/2016\/04\/crias_almar-1.png'><img decoding=\"async\" width=\"150\" height=\"150\" src=\"https:\/\/mon.uvic.cat\/caretta-a-la-vista\/files\/2016\/04\/crias_almar-1-150x150.png\" class=\"attachment-thumbnail size-thumbnail\" alt=\"\" srcset=\"https:\/\/mon.uvic.cat\/caretta-a-la-vista\/files\/2016\/04\/crias_almar-1-60x60.png 60w, https:\/\/mon.uvic.cat\/caretta-a-la-vista\/files\/2016\/04\/crias_almar-1-150x150.png 150w\" sizes=\"(max-width: 150px) 100vw, 150px\" \/><\/a>\n\t\t\t<\/dt><\/dl><dl class='gallery-item'>\n\t\t\t<dt class='gallery-icon landscape'>\n\t\t\t\t<a data-rel=\"iLightbox[postimages]\" data-title=\"rastro_cria\" data-caption=\"\" href='https:\/\/mon.uvic.cat\/caretta-a-la-vista\/files\/2016\/04\/rastro_cria.jpg'><img decoding=\"async\" width=\"150\" height=\"150\" src=\"https:\/\/mon.uvic.cat\/caretta-a-la-vista\/files\/2016\/04\/rastro_cria-150x150.jpg\" class=\"attachment-thumbnail size-thumbnail\" alt=\"\" srcset=\"https:\/\/mon.uvic.cat\/caretta-a-la-vista\/files\/2016\/04\/rastro_cria-60x60.jpg 60w, https:\/\/mon.uvic.cat\/caretta-a-la-vista\/files\/2016\/04\/rastro_cria-150x150.jpg 150w, https:\/\/mon.uvic.cat\/caretta-a-la-vista\/files\/2016\/04\/rastro_cria.jpg 256w\" sizes=\"(max-width: 150px) 100vw, 150px\" \/><\/a>\n\t\t\t<\/dt><\/dl>\n\t\t\t<br style='clear: both' \/>\n\t\t<\/div>\n\n<hr \/>\n<h4 style=\"text-align: left;\">Com recon\u00e8ixer un niu<\/h4>\n<p style=\"text-align: left;\">Un cop les tortugues marines ponen els ous, comen\u00e7a un proc\u00e8s de camuflatge del niu amb l&#8217;objectiu d&#8217;amagar la posta als possibles predadors. No obstant aix\u00f2, hi ha algunes pistes que ens ajuden a identificar la pres\u00e8ncia d&#8217;un niu a la platja. Observant el rastre, veurem que hi ha una zona amb la sorra remoguda que correspon al &#8220;camuflatge&#8221; del niu, i posteriorment s&#8217;observa un buit a la zona on es trobava la tortuga en el moment de camuflar el niu.<\/p>\n\n\t\t<style type=\"text\/css\">\n\t\t\t#gallery-3 {\n\t\t\t\tmargin: auto;\n\t\t\t}\n\t\t\t#gallery-3 .gallery-item {\n\t\t\t\tfloat: left;\n\t\t\t\tmargin-top: 10px;\n\t\t\t\ttext-align: center;\n\t\t\t\twidth: 33%;\n\t\t\t}\n\t\t\t#gallery-3 img {\n\t\t\t\tborder: 2px solid #cfcfcf;\n\t\t\t}\n\t\t\t#gallery-3 .gallery-caption {\n\t\t\t\tmargin-left: 0;\n\t\t\t}\n\t\t\t\/* see gallery_shortcode() in wp-includes\/media.php *\/\n\t\t<\/style>\n\t\t<div id='gallery-3' class='gallery galleryid-158 gallery-columns-3 gallery-size-thumbnail'><dl class='gallery-item'>\n\t\t\t<dt class='gallery-icon landscape'>\n\t\t\t\t<a data-rel=\"iLightbox[postimages]\" data-title=\"nest\" data-caption=\"\" href='https:\/\/mon.uvic.cat\/caretta-a-la-vista\/files\/2016\/04\/nest.png'><img decoding=\"async\" width=\"150\" height=\"150\" src=\"https:\/\/mon.uvic.cat\/caretta-a-la-vista\/files\/2016\/04\/nest-150x150.png\" class=\"attachment-thumbnail size-thumbnail\" alt=\"\" srcset=\"https:\/\/mon.uvic.cat\/caretta-a-la-vista\/files\/2016\/04\/nest-60x60.png 60w, https:\/\/mon.uvic.cat\/caretta-a-la-vista\/files\/2016\/04\/nest-150x150.png 150w\" sizes=\"(max-width: 150px) 100vw, 150px\" \/><\/a>\n\t\t\t<\/dt><\/dl>\n\t\t\t<br style='clear: both' \/>\n\t\t<\/div>\n\n<\/div><\/div><\/div><\/div><\/div>\n","protected":false},"excerpt":{"rendered":"","protected":false},"author":266,"featured_media":0,"parent":0,"menu_order":0,"comment_status":"closed","ping_status":"closed","template":"","meta":{"jetpack_post_was_ever_published":false,"footnotes":""},"class_list":["post-158","page","type-page","status-publish","hentry"],"jetpack_sharing_enabled":true,"jetpack_shortlink":"https:\/\/wp.me\/P7f8rx-2y","_links":{"self":[{"href":"https:\/\/mon.uvic.cat\/caretta-a-la-vista\/wp-json\/wp\/v2\/pages\/158","targetHints":{"allow":["GET"]}}],"collection":[{"href":"https:\/\/mon.uvic.cat\/caretta-a-la-vista\/wp-json\/wp\/v2\/pages"}],"about":[{"href":"https:\/\/mon.uvic.cat\/caretta-a-la-vista\/wp-json\/wp\/v2\/types\/page"}],"author":[{"embeddable":true,"href":"https:\/\/mon.uvic.cat\/caretta-a-la-vista\/wp-json\/wp\/v2\/users\/266"}],"replies":[{"embeddable":true,"href":"https:\/\/mon.uvic.cat\/caretta-a-la-vista\/wp-json\/wp\/v2\/comments?post=158"}],"version-history":[{"count":89,"href":"https:\/\/mon.uvic.cat\/caretta-a-la-vista\/wp-json\/wp\/v2\/pages\/158\/revisions"}],"predecessor-version":[{"id":2368,"href":"https:\/\/mon.uvic.cat\/caretta-a-la-vista\/wp-json\/wp\/v2\/pages\/158\/revisions\/2368"}],"wp:attachment":[{"href":"https:\/\/mon.uvic.cat\/caretta-a-la-vista\/wp-json\/wp\/v2\/media?parent=158"}],"curies":[{"name":"wp","href":"https:\/\/api.w.org\/{rel}","templated":true}]}}