{"id":1553,"date":"2022-05-19T14:53:54","date_gmt":"2022-05-19T14:53:54","guid":{"rendered":"https:\/\/mon.uvic.cat\/caretta-a-la-vista\/?page_id=1553"},"modified":"2024-05-31T09:18:33","modified_gmt":"2024-05-31T09:18:33","slug":"formacions","status":"publish","type":"page","link":"https:\/\/mon.uvic.cat\/caretta-a-la-vista\/formacions\/","title":{"rendered":"Formacions"},"content":{"rendered":"<div class=\"fusion-fullwidth fullwidth-box fusion-builder-row-1 fusion-flex-container nonhundred-percent-fullwidth non-hundred-percent-height-scrolling\" style=\"--awb-border-radius-top-left:0px;--awb-border-radius-top-right:0px;--awb-border-radius-bottom-right:0px;--awb-border-radius-bottom-left:0px;--awb-flex-wrap:wrap;\" ><div class=\"fusion-builder-row fusion-row fusion-flex-align-items-flex-start fusion-flex-content-wrap\" style=\"max-width:1248px;margin-left: calc(-4% \/ 2 );margin-right: calc(-4% \/ 2 );\"><div class=\"fusion-layout-column fusion_builder_column fusion-builder-column-0 fusion_builder_column_1_1 1_1 fusion-flex-column\" style=\"--awb-bg-size:cover;--awb-width-large:100%;--awb-margin-top-large:0px;--awb-spacing-right-large:1.92%;--awb-margin-bottom-large:0px;--awb-spacing-left-large:1.92%;--awb-width-medium:100%;--awb-spacing-right-medium:1.92%;--awb-spacing-left-medium:1.92%;--awb-width-small:100%;--awb-spacing-right-small:1.92%;--awb-spacing-left-small:1.92%;\"><div class=\"fusion-column-wrapper fusion-flex-justify-content-flex-start fusion-content-layout-column\"><div class=\"fusion-text fusion-text-1\"><h4>Formacions<\/h4>\n<p style=\"text-align: justify;\">Des de\u00a0<strong>Caretta a la Vista!<\/strong> oferim xerrades, tallers i formacions per a qualsevol tipus de p\u00fablic.<\/p>\n<ul style=\"text-align: justify;\">\n<li><em>Xerrades i tallers<\/em> per als usuaris de la platja on expliquem la biologia i amena\u00e7es de la tortuga careta, el seu proc\u00e9s de nidaci\u00f3, l&#8217;augment de nidacions espor\u00e0diques que s&#8217;est\u00e0 donant a la mediterr\u00e0nia occidental, com recon\u00e8ixer un rastre de tortuga marina i, finalment, com actuar en cas de trobar-nos amb una femella adulta o cries.<\/li>\n<\/ul>\n<ul style=\"text-align: justify;\">\n<li><em>Formacions<\/em> tant a voluntaris implicats en la cust\u00f2dia de nius, com a t\u00e8cnics dels ajuntaments, treballadors de la neteja i acondicionament de les platges, cossos de seguretat, socorristes, treballadors de quioscs i xiringuitos, etc.<\/li>\n<\/ul>\n<p style=\"text-align: justify;\">L&#8217;objectiu d&#8217;aquestes accions \u00e9s millorar l&#8217;actuaci\u00f3 davant d&#8217;un esdeveniment de nidaci\u00f3 mitjan\u00e7ant la sensibilitzaci\u00f3 i educaci\u00f3 de la poblaci\u00f3 en general, per tal d&#8217;augmentar el nombre d&#8217;albiraments. D&#8217;aquesta manera es pret\u00e9 millorar la detecci\u00f3 de nius i aix\u00ed poder-ne garantir la seva protecci\u00f3, seguiment i el millor \u00e8xit d&#8217;eclosi\u00f3 possible.<\/p>\n<\/div><\/div><\/div><\/div><\/div>\n","protected":false},"excerpt":{"rendered":"","protected":false},"author":266,"featured_media":0,"parent":0,"menu_order":0,"comment_status":"closed","ping_status":"closed","template":"","meta":{"jetpack_post_was_ever_published":false,"footnotes":""},"class_list":["post-1553","page","type-page","status-publish","hentry"],"jetpack_sharing_enabled":true,"jetpack_shortlink":"https:\/\/wp.me\/P7f8rx-p3","_links":{"self":[{"href":"https:\/\/mon.uvic.cat\/caretta-a-la-vista\/wp-json\/wp\/v2\/pages\/1553","targetHints":{"allow":["GET"]}}],"collection":[{"href":"https:\/\/mon.uvic.cat\/caretta-a-la-vista\/wp-json\/wp\/v2\/pages"}],"about":[{"href":"https:\/\/mon.uvic.cat\/caretta-a-la-vista\/wp-json\/wp\/v2\/types\/page"}],"author":[{"embeddable":true,"href":"https:\/\/mon.uvic.cat\/caretta-a-la-vista\/wp-json\/wp\/v2\/users\/266"}],"replies":[{"embeddable":true,"href":"https:\/\/mon.uvic.cat\/caretta-a-la-vista\/wp-json\/wp\/v2\/comments?post=1553"}],"version-history":[{"count":4,"href":"https:\/\/mon.uvic.cat\/caretta-a-la-vista\/wp-json\/wp\/v2\/pages\/1553\/revisions"}],"predecessor-version":[{"id":2375,"href":"https:\/\/mon.uvic.cat\/caretta-a-la-vista\/wp-json\/wp\/v2\/pages\/1553\/revisions\/2375"}],"wp:attachment":[{"href":"https:\/\/mon.uvic.cat\/caretta-a-la-vista\/wp-json\/wp\/v2\/media?parent=1553"}],"curies":[{"name":"wp","href":"https:\/\/api.w.org\/{rel}","templated":true}]}}