{"id":1231,"date":"2020-06-01T15:58:30","date_gmt":"2020-06-01T15:58:30","guid":{"rendered":"http:\/\/mon.uvic.cat\/caretta-a-la-vista\/?page_id=1231"},"modified":"2024-05-31T08:58:01","modified_gmt":"2024-05-31T08:58:01","slug":"coming","status":"publish","type":"page","link":"https:\/\/mon.uvic.cat\/caretta-a-la-vista\/coming\/","title":{"rendered":"COMING"},"content":{"rendered":"<div class=\"fusion-fullwidth fullwidth-box fusion-builder-row-1 fusion-flex-container nonhundred-percent-fullwidth non-hundred-percent-height-scrolling\" style=\"--awb-border-radius-top-left:0px;--awb-border-radius-top-right:0px;--awb-border-radius-bottom-right:0px;--awb-border-radius-bottom-left:0px;--awb-flex-wrap:wrap;\" ><div class=\"fusion-builder-row fusion-row fusion-flex-align-items-flex-start fusion-flex-content-wrap\" style=\"max-width:1248px;margin-left: calc(-4% \/ 2 );margin-right: calc(-4% \/ 2 );\"><div class=\"fusion-layout-column fusion_builder_column fusion-builder-column-0 fusion_builder_column_1_1 1_1 fusion-flex-column\" style=\"--awb-bg-size:cover;--awb-width-large:100%;--awb-margin-top-large:0px;--awb-spacing-right-large:1.92%;--awb-margin-bottom-large:0px;--awb-spacing-left-large:1.92%;--awb-width-medium:100%;--awb-spacing-right-medium:1.92%;--awb-spacing-left-medium:1.92%;--awb-width-small:100%;--awb-spacing-right-small:1.92%;--awb-spacing-left-small:1.92%;\"><div class=\"fusion-column-wrapper fusion-flex-justify-content-flex-start fusion-content-layout-column\"><div class=\"fusion-text fusion-text-1\"><h4 style=\"text-align: justify;\"><strong>Coordinated monitoring and management of sea turtle nesting activity in the western Mediterranean through MPA (COMING)<\/strong><\/h4>\n<p style=\"text-align: justify;\">El projecte COMING t\u00e9 com a objectiu principal l\u2019\u00fas de les \u00e0rees marines protegides com a punt de partida per la gesti\u00f3 I monitoreig dels esdeveniment de nidaci\u00f3 al Mediterrani occidental.<\/p>\n<p style=\"text-align: justify;\">El Mediterrani occidental s\u2019est\u00e0 convertint en una zona de nidificaci\u00f3 regular per la tortuga <em>Caretta caretta<\/em>, com a resultat d\u2019un proc\u00e9s de colonitzaci\u00f3, potencialment afavorit per l\u2019escalfament global, per part d\u2019individus provinents de zones de nidaci\u00f3 del Mediterrani oriental i de l\u2019Atl\u00e0ntic. La majoria d\u2019aquest esdeveniments tenen lloc en platges amb molta activitat humana. Aix\u00f2, la falta de protocols comuns a aplicar per part de t\u00e8cnics de gesti\u00f3, i la falta de conscienciaci\u00f3 de la ciutadania, es tradueix en danys a ous i cries, mol\u00e8sties a femelles, i la impossibilitat de realitzar les seves postes, aix\u00ed com la p\u00e8rdua d\u2019oportunitats per reunir dades cient\u00edfiques. Per aix\u00f2, \u00e9s crucial establir unes guies comuns de gesti\u00f3 i conservaci\u00f3, millorar la implicaci\u00f3 de la ciutadania en la gesti\u00f3 d\u2019aquestes esdeveniments, i dur a terme un programa de monitoreig cient\u00edfic que permeti l\u2019estabilitzaci\u00f3 d\u2019aquests esdeveniments de nidificaci\u00f3.<\/p>\n<p style=\"text-align: justify;\">En aquest context, les \u00e0rees marines protegides juguen un paper central en la gesti\u00f3 i monitoritzaci\u00f3 d\u2019aquestes esdeveniments, donat que molts es produeixen dintre els seus l\u00edmits. Conseq\u00fcentment, els protocols a elaborar en el marc del projecte permetran prendre decisions de gesti\u00f3 correctes en aquestes \u00e0rees, i que aquestes \u00e0rees a la vegada actu\u00efn com a punts principals des d\u2019on realitzar campanyes de divulgaci\u00f3 i sensibilitzaci\u00f3 per millorar la detecci\u00f3 dels esdeveniments, i la actuaci\u00f3 dels t\u00e8cnics i p\u00fablic en general.<\/p>\n<p style=\"text-align: justify;\">Les activitats del projectes es centren ens tres eixos principals:<\/p>\n<ol style=\"text-align: justify;\">\n<li style=\"list-style-type: none;\">\n<ol>\n<li>El desenvolupament d\u2019una estrat\u00e8gia comuna pel monitoreig i gesti\u00f3 dels esdeveniments de nidificaci\u00f3 al Mediterrani occidental. <a href=\"http:\/\/mon.uvic.cat\/caretta-a-la-vista\/files\/2023\/11\/Guidelines-for-the-management-of-sea-turtle-nesting.pdf\">CONSULTA EL DOCUMENTO AQU\u00cd<\/a><\/li>\n<li>La realitzaci\u00f3 d\u2019estudis cient\u00edfics sobre l\u2019origen i viabilitat d\u2019aquestes esdeveniments, incloent estudis de perfils de temperatures de platja que permetin con\u00e8ixer la viabilitat de les mateixes per acollir postes, i estudis gen\u00e8tics per con\u00e8ixer la regi\u00f3 d\u2019origen dels exemplars reproductors.<\/li>\n<li>L\u2019execuci\u00f3 d\u2019activitats de divulgaci\u00f3 i sensibilitzaci\u00f3 sobre la biologia i el proc\u00e9s de nidificaci\u00f3 de <em>Caretta caretta<\/em> per implicar als ciutadans en la gesti\u00f3 d\u2019aquests esdeveniments.<\/li>\n<\/ol>\n<\/li>\n<\/ol>\n<p style=\"text-align: justify;\">Les \u00e0rees marines protegides inicialment implicades en el projecte s\u00f3n les seg\u00fcents: Costes del Maresme (Catalunya), Delta de l&#8217;Ebre (Catalunya), Costa degli Infreschi e della Masseta (It\u00e0lia), Santa Maria di Castellabate (It\u00e0lia) i Isole Pelagie (It\u00e0lia). Tot i aix\u00ed, els protocols i resultats del projecte COMING es faran extensives a altres \u00e0rees marines protegides a nivell europeu interessades a aplicar-los.<\/p>\n<hr \/>\n<p>Projecte coordinat pel Centre Tecnol\u00f2gic BETA de la Universitat de Vic \u2013 Universitat Central de Catalunya (UVic-UCC).<\/p>\n<p>Socis: Universitat de Barcelona i Stazione Zoologica Anton Dohrn (It\u00e0lia)<\/p>\n<p>Col\u00b7laboradors: Estaci\u00f3n Biol\u00f3gica de Do\u00f1ana (EBD-CSIC).<\/p>\n\n\t\t<style type=\"text\/css\">\n\t\t\t#gallery-1 {\n\t\t\t\tmargin: auto;\n\t\t\t}\n\t\t\t#gallery-1 .gallery-item {\n\t\t\t\tfloat: left;\n\t\t\t\tmargin-top: 10px;\n\t\t\t\ttext-align: center;\n\t\t\t\twidth: 20%;\n\t\t\t}\n\t\t\t#gallery-1 img {\n\t\t\t\tborder: 2px solid #cfcfcf;\n\t\t\t}\n\t\t\t#gallery-1 .gallery-caption {\n\t\t\t\tmargin-left: 0;\n\t\t\t}\n\t\t\t\/* see gallery_shortcode() in wp-includes\/media.php *\/\n\t\t<\/style>\n\t\t<div id='gallery-1' class='gallery galleryid-1231 gallery-columns-5 gallery-size-thumbnail'><dl class='gallery-item'>\n\t\t\t<dt class='gallery-icon landscape'>\n\t\t\t\t<img decoding=\"async\" width=\"150\" height=\"148\" src=\"https:\/\/mon.uvic.cat\/caretta-a-la-vista\/files\/2020\/05\/baixa-2-150x148.png\" class=\"attachment-thumbnail size-thumbnail\" alt=\"\" srcset=\"https:\/\/mon.uvic.cat\/caretta-a-la-vista\/files\/2020\/05\/baixa-2-60x60.png 60w, https:\/\/mon.uvic.cat\/caretta-a-la-vista\/files\/2020\/05\/baixa-2-150x148.png 150w\" sizes=\"(max-width: 150px) 100vw, 150px\" \/>\n\t\t\t<\/dt><\/dl><dl class='gallery-item'>\n\t\t\t<dt class='gallery-icon landscape'>\n\t\t\t\t<img decoding=\"async\" width=\"150\" height=\"123\" src=\"https:\/\/mon.uvic.cat\/caretta-a-la-vista\/files\/2020\/05\/baixa-1-150x123.png\" class=\"attachment-thumbnail size-thumbnail\" alt=\"\" \/>\n\t\t\t<\/dt><\/dl><dl class='gallery-item'>\n\t\t\t<dt class='gallery-icon landscape'>\n\t\t\t\t<img decoding=\"async\" width=\"150\" height=\"150\" src=\"https:\/\/mon.uvic.cat\/caretta-a-la-vista\/files\/2020\/06\/szn-1-150x150.png\" class=\"attachment-thumbnail size-thumbnail\" alt=\"\" srcset=\"https:\/\/mon.uvic.cat\/caretta-a-la-vista\/files\/2020\/06\/szn-1-60x60.png 60w, https:\/\/mon.uvic.cat\/caretta-a-la-vista\/files\/2020\/06\/szn-1-150x150.png 150w, https:\/\/mon.uvic.cat\/caretta-a-la-vista\/files\/2020\/06\/szn-1-e1591026258926-240x240.png 240w, https:\/\/mon.uvic.cat\/caretta-a-la-vista\/files\/2020\/06\/szn-1-300x300.png 300w, https:\/\/mon.uvic.cat\/caretta-a-la-vista\/files\/2020\/06\/szn-1-e1591026258926-480x480.png 480w, https:\/\/mon.uvic.cat\/caretta-a-la-vista\/files\/2020\/06\/szn-1-e1591026258926.png 500w, https:\/\/mon.uvic.cat\/caretta-a-la-vista\/files\/2020\/06\/szn-1-768x768.png 768w\" sizes=\"(max-width: 150px) 100vw, 150px\" \/>\n\t\t\t<\/dt><\/dl>\n\t\t\t<br style='clear: both' \/>\n\t\t<\/div>\n\n<p><em>Projecte finan\u00e7at per la MAVA Foundation en el marc de la convocat\u00f2ria <a href=\"http:\/\/medpan.org\/main_activities\/appels-a-petits-projets\/\">MedPAN Small Projects\u00a0<\/a><\/em><\/p>\n<h6><em>This project is funded by MAVA Foundation in the framework of the <a href=\"http:\/\/medpan.org\/main_activities\/appels-a-petits-projets\/\">MedPAN Small Projects<\/a><\/em><\/h6>\n<p><a href=\"http:\/\/mon.uvic.cat\/caretta-a-la-vista\/files\/2020\/06\/badge-Medpan-APP-2018-MAVA-turtles-en-HD-e1591026414993.png\"><img decoding=\"async\" class=\"alignnone wp-image-1238 size-full\" src=\"http:\/\/mon.uvic.cat\/caretta-a-la-vista\/files\/2020\/06\/badge-Medpan-APP-2018-MAVA-turtles-en-HD-e1591026414993.png\" alt=\"\" width=\"200\" height=\"61\" \/><\/a><\/p>\n<\/div><\/div><\/div><\/div><\/div>\n","protected":false},"excerpt":{"rendered":"","protected":false},"author":266,"featured_media":0,"parent":0,"menu_order":0,"comment_status":"closed","ping_status":"closed","template":"","meta":{"jetpack_post_was_ever_published":false,"footnotes":""},"class_list":["post-1231","page","type-page","status-publish","hentry"],"jetpack_sharing_enabled":true,"jetpack_shortlink":"https:\/\/wp.me\/P7f8rx-jR","_links":{"self":[{"href":"https:\/\/mon.uvic.cat\/caretta-a-la-vista\/wp-json\/wp\/v2\/pages\/1231","targetHints":{"allow":["GET"]}}],"collection":[{"href":"https:\/\/mon.uvic.cat\/caretta-a-la-vista\/wp-json\/wp\/v2\/pages"}],"about":[{"href":"https:\/\/mon.uvic.cat\/caretta-a-la-vista\/wp-json\/wp\/v2\/types\/page"}],"author":[{"embeddable":true,"href":"https:\/\/mon.uvic.cat\/caretta-a-la-vista\/wp-json\/wp\/v2\/users\/266"}],"replies":[{"embeddable":true,"href":"https:\/\/mon.uvic.cat\/caretta-a-la-vista\/wp-json\/wp\/v2\/comments?post=1231"}],"version-history":[{"count":46,"href":"https:\/\/mon.uvic.cat\/caretta-a-la-vista\/wp-json\/wp\/v2\/pages\/1231\/revisions"}],"predecessor-version":[{"id":2369,"href":"https:\/\/mon.uvic.cat\/caretta-a-la-vista\/wp-json\/wp\/v2\/pages\/1231\/revisions\/2369"}],"wp:attachment":[{"href":"https:\/\/mon.uvic.cat\/caretta-a-la-vista\/wp-json\/wp\/v2\/media?parent=1231"}],"curies":[{"name":"wp","href":"https:\/\/api.w.org\/{rel}","templated":true}]}}