{"id":985,"date":"2019-02-06T16:56:44","date_gmt":"2019-02-06T14:56:44","guid":{"rendered":"http:\/\/mon.uvic.cat\/butlleti-recerca\/?page_id=985"},"modified":"2024-03-18T18:19:08","modified_gmt":"2024-03-18T16:19:08","slug":"esdeveniments","status":"publish","type":"page","link":"https:\/\/mon.uvic.cat\/butlleti-recerca\/esdeveniments\/","title":{"rendered":"Esdeveniments"},"content":{"rendered":"<p>L&#8217;agenda Nacional i Internacional recull activitats que poden ser d\u2019inter\u00e8s per a les l\u00ednies de recerca de la instituci\u00f3. A l&#8217;agenda UVic-UCC hi podeu consultar les jornades i altres activitats de recerca de la universitat.<\/p>\n<p>&nbsp;<\/p>\n<div class=\"row\"> <div class=\"col-md-2  \">\n<\/div><div class=\"col-md-3  \">\n<a href=\"https:\/\/mon.uvic.cat\/butlleti-recerca\/agenda\/\" target=\"_self\" class=\"kad-icon-box-94 kad-icon-box\"><i class=\"kt-icon-calendar2\" style=\"color:#ffffff\"><\/i>\n<h4>Agenda Nacional i Internacional<\/h4>\n<\/a><style type=\"text\/css\" media=\"screen\">.kad-icon-box-94 i, .kad-icon-box-94 h4:after  {background:#444444;} .kad-icon-box-94, .kad-icon-box-94 h1, .kad-icon-box-94 h2, .kad-icon-box-94 h3, .kad-icon-box-94 h4, .kad-icon-box-94 h5 {color:#444444 !important;} .kad-icon-box-94:hover i, .kad-icon-box-94:hover h4:after {background:;}<\/style>\n<\/div><div class=\"col-md-4  \">\n<a href=\"https:\/\/udivulga.uvic.cat\/agenda\/\" target=\"_self\" class=\"kad-icon-box-99 kad-icon-box\"><i class=\"kt-icon-calendar2\" style=\"color:#ffffff\"><\/i>\n<h4>Agenda UVic-UCC<\/h4>\n<\/a><style type=\"text\/css\" media=\"screen\">.kad-icon-box-99 i, .kad-icon-box-99 h4:after  {background:#444444;} .kad-icon-box-99, .kad-icon-box-99 h1, .kad-icon-box-99 h2, .kad-icon-box-99 h3, .kad-icon-box-99 h4, .kad-icon-box-99 h5 {color:#444444 !important;} .kad-icon-box-99:hover i, .kad-icon-box-99:hover h4:after {background:;}<\/style>\n<\/div><div class=\"col-md-2  \">\n<\/div><\/div>\n<h4><\/h4>\n","protected":false},"excerpt":{"rendered":"<p>L&#8217;agenda Nacional i Internacional recull activitats que poden ser d\u2019inter\u00e8s per a les l\u00ednies de recerca de la instituci\u00f3. A &hellip; <a href=\"https:\/\/mon.uvic.cat\/butlleti-recerca\/esdeveniments\/\">Read More<\/a><\/p>\n","protected":false},"author":427,"featured_media":0,"parent":0,"menu_order":0,"comment_status":"closed","ping_status":"closed","template":"","meta":{"_price":"","_stock":"","_tribe_ticket_header":"","_tribe_default_ticket_provider":"","_tribe_ticket_capacity":"0","_ticket_start_date":"","_ticket_end_date":"","_tribe_ticket_show_description":"","_tribe_ticket_show_not_going":false,"_tribe_ticket_use_global_stock":"","_tribe_ticket_global_stock_level":"","_global_stock_mode":"","_global_stock_cap":"","_tribe_rsvp_for_event":"","_tribe_ticket_going_count":"","_tribe_ticket_not_going_count":"","_tribe_tickets_list":"[]","_tribe_ticket_has_attendee_info_fields":false,"jetpack_post_was_ever_published":false,"footnotes":"","_tec_slr_enabled":"","_tec_slr_layout":""},"class_list":["post-985","page","type-page","status-publish","hentry"],"jetpack_sharing_enabled":true,"jetpack_shortlink":"https:\/\/wp.me\/PaCdMn-fT","publishpress_future_action":{"enabled":false,"date":"2026-04-28 11:45:31","action":"change-status","newStatus":"draft","terms":[],"taxonomy":"","extraData":[]},"publishpress_future_workflow_manual_trigger":{"enabledWorkflows":[]},"ticketed":false,"_links":{"self":[{"href":"https:\/\/mon.uvic.cat\/butlleti-recerca\/wp-json\/wp\/v2\/pages\/985","targetHints":{"allow":["GET"]}}],"collection":[{"href":"https:\/\/mon.uvic.cat\/butlleti-recerca\/wp-json\/wp\/v2\/pages"}],"about":[{"href":"https:\/\/mon.uvic.cat\/butlleti-recerca\/wp-json\/wp\/v2\/types\/page"}],"author":[{"embeddable":true,"href":"https:\/\/mon.uvic.cat\/butlleti-recerca\/wp-json\/wp\/v2\/users\/427"}],"replies":[{"embeddable":true,"href":"https:\/\/mon.uvic.cat\/butlleti-recerca\/wp-json\/wp\/v2\/comments?post=985"}],"version-history":[{"count":35,"href":"https:\/\/mon.uvic.cat\/butlleti-recerca\/wp-json\/wp\/v2\/pages\/985\/revisions"}],"predecessor-version":[{"id":20014,"href":"https:\/\/mon.uvic.cat\/butlleti-recerca\/wp-json\/wp\/v2\/pages\/985\/revisions\/20014"}],"wp:attachment":[{"href":"https:\/\/mon.uvic.cat\/butlleti-recerca\/wp-json\/wp\/v2\/media?parent=985"}],"curies":[{"name":"wp","href":"https:\/\/api.w.org\/{rel}","templated":true}]}}