{"id":6,"date":"2018-12-19T11:41:33","date_gmt":"2018-12-19T09:41:33","guid":{"rendered":"http:\/\/mon.uvic.cat\/butlleti-recerca\/?page_id=6"},"modified":"2022-09-22T08:11:42","modified_gmt":"2022-09-22T06:11:42","slug":"publicacions","status":"publish","type":"page","link":"https:\/\/mon.uvic.cat\/butlleti-recerca\/publicacions\/","title":{"rendered":"Publicacions dels investigadors de la UVic-UCC"},"content":{"rendered":"<p>El Butllet\u00ed de la Recerca es fa ress\u00f2 de les publicacions indexades a la Web of Science i a Scopus, per\u00f2 tamb\u00e9 podeu fer-nos arribar les vostres publicacions a trav\u00e9s de l\u2019<strong>URecerca \u2013 Gesti\u00f3 de la Producci\u00f3 Cient\u00edfica<\/strong> que trobareu al Campus Virtual.<\/p>\n","protected":false},"excerpt":{"rendered":"<p>El Butllet\u00ed de la Recerca es fa ress\u00f2 de les publicacions indexades a la Web of Science i a Scopus, &hellip; <a href=\"https:\/\/mon.uvic.cat\/butlleti-recerca\/publicacions\/\">Read More<\/a><\/p>\n","protected":false},"author":1,"featured_media":0,"parent":0,"menu_order":0,"comment_status":"closed","ping_status":"closed","template":"template-blog-grid.php","meta":{"_price":"","_stock":"","_tribe_ticket_header":"","_tribe_default_ticket_provider":"","_tribe_ticket_capacity":"0","_ticket_start_date":"","_ticket_end_date":"","_tribe_ticket_show_description":"","_tribe_ticket_show_not_going":false,"_tribe_ticket_use_global_stock":"","_tribe_ticket_global_stock_level":"","_global_stock_mode":"","_global_stock_cap":"","_tribe_rsvp_for_event":"","_tribe_ticket_going_count":"","_tribe_ticket_not_going_count":"","_tribe_tickets_list":"[]","_tribe_ticket_has_attendee_info_fields":false,"jetpack_post_was_ever_published":false,"footnotes":"","_tec_slr_enabled":"","_tec_slr_layout":""},"class_list":["post-6","page","type-page","status-publish","hentry"],"jetpack_sharing_enabled":true,"jetpack_shortlink":"https:\/\/wp.me\/PaCdMn-6","publishpress_future_action":{"enabled":false,"date":"2026-05-04 13:41:14","action":"change-status","newStatus":"draft","terms":[],"taxonomy":"","extraData":[]},"publishpress_future_workflow_manual_trigger":{"enabledWorkflows":[]},"ticketed":false,"_links":{"self":[{"href":"https:\/\/mon.uvic.cat\/butlleti-recerca\/wp-json\/wp\/v2\/pages\/6","targetHints":{"allow":["GET"]}}],"collection":[{"href":"https:\/\/mon.uvic.cat\/butlleti-recerca\/wp-json\/wp\/v2\/pages"}],"about":[{"href":"https:\/\/mon.uvic.cat\/butlleti-recerca\/wp-json\/wp\/v2\/types\/page"}],"author":[{"embeddable":true,"href":"https:\/\/mon.uvic.cat\/butlleti-recerca\/wp-json\/wp\/v2\/users\/1"}],"replies":[{"embeddable":true,"href":"https:\/\/mon.uvic.cat\/butlleti-recerca\/wp-json\/wp\/v2\/comments?post=6"}],"version-history":[{"count":22,"href":"https:\/\/mon.uvic.cat\/butlleti-recerca\/wp-json\/wp\/v2\/pages\/6\/revisions"}],"predecessor-version":[{"id":13218,"href":"https:\/\/mon.uvic.cat\/butlleti-recerca\/wp-json\/wp\/v2\/pages\/6\/revisions\/13218"}],"wp:attachment":[{"href":"https:\/\/mon.uvic.cat\/butlleti-recerca\/wp-json\/wp\/v2\/media?parent=6"}],"curies":[{"name":"wp","href":"https:\/\/api.w.org\/{rel}","templated":true}]}}