{"id":122,"date":"2019-01-16T15:37:15","date_gmt":"2019-01-16T13:37:15","guid":{"rendered":"http:\/\/mon.uvic.cat\/butlleti-recerca\/?page_id=122"},"modified":"2022-09-22T08:17:30","modified_gmt":"2022-09-22T06:17:30","slug":"que-es-el-butlleti","status":"publish","type":"page","link":"https:\/\/mon.uvic.cat\/butlleti-recerca\/que-es-el-butlleti\/","title":{"rendered":"Qu\u00e8 \u00e9s el Butllet\u00ed?"},"content":{"rendered":"<p>Butllet\u00ed electr\u00f2nic setmanal publicat per la <a href=\"https:\/\/www.uvic.cat\/biblioteca\">Biblioteca de la UVic-UCC<\/a>, en col\u00b7laboraci\u00f3 amb l\u2019<a href=\"https:\/\/www.uvic.cat\/oficina-tecnica-de-recerca-i-transferencia-de-coneixement\">OTRI<\/a>, que ofereix als investigadors de la comunitat universit\u00e0ria informaci\u00f3 de convocat\u00f2ries, ajuts i premis de recerca.<\/p>\n<p>El Butllet\u00ed tamb\u00e9 fa difusi\u00f3 de les publicacions dels investigadors de la UVic-UCC indexades a la Web of Science i Scopus, i inclou una secci\u00f3 per destacar algunes informacions sobre el programa de recerca i innovaci\u00f3 de la Uni\u00f3 Europea: Horizon Europe i una agenda cient\u00edfica amb les activitats que poden ser d\u2019inter\u00e8s per a les l\u00ednies de recerca de la instituci\u00f3.<\/p>\n<div class=\"hrule clearfix\" style=\"background:#D6D6D6; height:1px\"><\/div>\n<p><a href=\"https:\/\/www.uvic.cat\/biblioteca\" target=\"_blank\" rel=\"noopener\"><img loading=\"lazy\" decoding=\"async\" class=\"alignleft wp-image-211\" title=\"Biblioteca UVic-UCC\" src=\"https:\/\/mon.uvic.cat\/butlleti-recerca\/files\/2019\/01\/logobiblioteca-300x77.png\" alt=\"\" width=\"95\" height=\"24\" srcset=\"https:\/\/mon.uvic.cat\/butlleti-recerca\/files\/2019\/01\/logobiblioteca-300x77.png 300w, https:\/\/mon.uvic.cat\/butlleti-recerca\/files\/2019\/01\/logobiblioteca-768x196.png 768w, https:\/\/mon.uvic.cat\/butlleti-recerca\/files\/2019\/01\/logobiblioteca-1024x262.png 1024w, https:\/\/mon.uvic.cat\/butlleti-recerca\/files\/2019\/01\/logobiblioteca.png 1166w\" sizes=\"auto, (max-width: 95px) 100vw, 95px\" \/><\/a><\/p>\n<p><a href=\"https:\/\/www.uvic.cat\/oficina-tecnica-de-recerca-i-transferencia-de-coneixement\"><img loading=\"lazy\" decoding=\"async\" class=\"alignnone wp-image-212\" title=\"OTRI\" src=\"https:\/\/mon.uvic.cat\/butlleti-recerca\/files\/2019\/01\/logootri-300x160.png\" alt=\"\" width=\"120\" height=\"64\" srcset=\"https:\/\/mon.uvic.cat\/butlleti-recerca\/files\/2019\/01\/logootri-300x160.png 300w, https:\/\/mon.uvic.cat\/butlleti-recerca\/files\/2019\/01\/logootri-768x410.png 768w, https:\/\/mon.uvic.cat\/butlleti-recerca\/files\/2019\/01\/logootri.png 885w\" sizes=\"auto, (max-width: 120px) 100vw, 120px\" \/><\/a><\/p>\n<p>&nbsp;<\/p>\n","protected":false},"excerpt":{"rendered":"<p>Butllet\u00ed electr\u00f2nic setmanal publicat per la Biblioteca de la UVic-UCC, en col\u00b7laboraci\u00f3 amb l\u2019OTRI, que ofereix als investigadors de la &hellip; <a href=\"https:\/\/mon.uvic.cat\/butlleti-recerca\/que-es-el-butlleti\/\">Read More<\/a><\/p>\n","protected":false},"author":427,"featured_media":0,"parent":0,"menu_order":0,"comment_status":"closed","ping_status":"closed","template":"","meta":{"_price":"","_stock":"","_tribe_ticket_header":"","_tribe_default_ticket_provider":"","_tribe_ticket_capacity":"0","_ticket_start_date":"","_ticket_end_date":"","_tribe_ticket_show_description":"","_tribe_ticket_show_not_going":false,"_tribe_ticket_use_global_stock":"","_tribe_ticket_global_stock_level":"","_global_stock_mode":"","_global_stock_cap":"","_tribe_rsvp_for_event":"","_tribe_ticket_going_count":"","_tribe_ticket_not_going_count":"","_tribe_tickets_list":"[]","_tribe_ticket_has_attendee_info_fields":false,"jetpack_post_was_ever_published":false,"footnotes":"","_tec_slr_enabled":"","_tec_slr_layout":""},"class_list":["post-122","page","type-page","status-publish","hentry"],"jetpack_sharing_enabled":true,"jetpack_shortlink":"https:\/\/wp.me\/PaCdMn-1Y","publishpress_future_action":{"enabled":false,"date":"2026-04-12 21:53:14","action":"change-status","newStatus":"draft","terms":[],"taxonomy":"","extraData":[]},"publishpress_future_workflow_manual_trigger":{"enabledWorkflows":[]},"ticketed":false,"_links":{"self":[{"href":"https:\/\/mon.uvic.cat\/butlleti-recerca\/wp-json\/wp\/v2\/pages\/122","targetHints":{"allow":["GET"]}}],"collection":[{"href":"https:\/\/mon.uvic.cat\/butlleti-recerca\/wp-json\/wp\/v2\/pages"}],"about":[{"href":"https:\/\/mon.uvic.cat\/butlleti-recerca\/wp-json\/wp\/v2\/types\/page"}],"author":[{"embeddable":true,"href":"https:\/\/mon.uvic.cat\/butlleti-recerca\/wp-json\/wp\/v2\/users\/427"}],"replies":[{"embeddable":true,"href":"https:\/\/mon.uvic.cat\/butlleti-recerca\/wp-json\/wp\/v2\/comments?post=122"}],"version-history":[{"count":27,"href":"https:\/\/mon.uvic.cat\/butlleti-recerca\/wp-json\/wp\/v2\/pages\/122\/revisions"}],"predecessor-version":[{"id":229,"href":"https:\/\/mon.uvic.cat\/butlleti-recerca\/wp-json\/wp\/v2\/pages\/122\/revisions\/229"}],"wp:attachment":[{"href":"https:\/\/mon.uvic.cat\/butlleti-recerca\/wp-json\/wp\/v2\/media?parent=122"}],"curies":[{"name":"wp","href":"https:\/\/api.w.org\/{rel}","templated":true}]}}